{"id":898,"date":"2015-01-30T14:26:48","date_gmt":"2015-01-30T14:26:48","guid":{"rendered":"http:\/\/www2.unifap.br\/dace\/?page_id=898"},"modified":"2020-09-20T18:44:53","modified_gmt":"2020-09-20T18:44:53","slug":"pro-estudante","status":"publish","type":"page","link":"https:\/\/www2.unifap.br\/dace\/assistencia-estudantil\/pro-estudante","title":{"rendered":"Legisla\u00e7\u00e3o"},"content":{"rendered":"<p><strong><span style=\"color: #ff0000\"><a href=\"http:\/\/www2.unifap.br\/dace\/files\/2015\/01\/Decreto-PNAES.pdf\"><span style=\"color: #ff0000\">Decreto PNAES<br \/>\n<\/span><\/a> <a href=\"http:\/\/www2.unifap.br\/dace\/files\/2015\/01\/Plano-Nacional-de-Assist\u00eancia-Estudantil-ANDIFES.pdf\"><span style=\"color: #ff0000\">Plano Nacional de Assist\u00eancia Estudantil ANDIFES<br \/>\n<\/span><\/a> <a href=\"http:\/\/www2.unifap.br\/dace\/files\/2015\/01\/Manual-de-Gest\u00e3o-do-Bolsa-Perman\u00eancia.pdf\"><span style=\"color: #ff0000\">Manual de Gest\u00e3o do Bolsa Perman\u00eancia do MEC<br \/>\n<\/span><\/a> <a href=\"http:\/\/www2.unifap.br\/dace\/files\/2015\/01\/portaria_pnaes.pdf\"><span style=\"color: #ff0000\">Portaria PNAES<\/span><\/a><br \/>\n<a href=\"http:\/\/www2.unifap.br\/dace\/files\/2020\/09\/Resolu\u00e7\u00e3o-n\u00ba-14-2017-Aprova-a-Pol\u00edtica-de-Assist\u00eancia-Estudantil-e-seu-Regulamento.pdf\"><span style=\"color: #ff0000\">Resolu\u00e7\u00e3o N\u00ba 14\/2017<\/span><\/a><br \/>\n<a href=\"http:\/\/www2.unifap.br\/dace\/files\/2020\/09\/Portaria-Bolsa-Perman\u00eancia-MEC.pdf\"><span style=\"color: #ff0000\">Portaria N\u00ba389 Bolsa Perman\u00eancia MEC<\/span><\/a><br \/>\n<\/span><\/strong><\/p>\n","protected":false},"excerpt":{"rendered":"<p>Decreto PNAES Plano Nacional de Assist\u00eancia Estudantil ANDIFES Manual de Gest\u00e3o do Bolsa Perman\u00eancia do MEC Portaria PNAES Resolu\u00e7\u00e3o N\u00ba&#8230;<\/p>\n","protected":false},"author":604,"featured_media":0,"parent":892,"menu_order":3,"comment_status":"closed","ping_status":"open","template":"","meta":{"inline_featured_image":false,"site-sidebar-layout":"default","site-content-layout":"","ast-site-content-layout":"default","site-content-style":"default","site-sidebar-style":"default","ast-global-header-display":"","ast-banner-title-visibility":"","ast-main-header-display":"","ast-hfb-above-header-display":"","ast-hfb-below-header-display":"","ast-hfb-mobile-header-display":"","site-post-title":"","ast-breadcrumbs-content":"","ast-featured-img":"","footer-sml-layout":"","theme-transparent-header-meta":"","adv-header-id-meta":"","stick-header-meta":"","header-above-stick-meta":"","header-main-stick-meta":"","header-below-stick-meta":"","astra-migrate-meta-layouts":"default","ast-page-background-enabled":"default","ast-page-background-meta":{"desktop":{"background-color":"var(--ast-global-color-4)","background-image":"","background-repeat":"repeat","background-position":"center center","background-size":"auto","background-attachment":"scroll","background-type":"","background-media":"","overlay-type":"","overlay-color":"","overlay-opacity":"","overlay-gradient":""},"tablet":{"background-color":"","background-image":"","background-repeat":"repeat","background-position":"center center","background-size":"auto","background-attachment":"scroll","background-type":"","background-media":"","overlay-type":"","overlay-color":"","overlay-opacity":"","overlay-gradient":""},"mobile":{"background-color":"","background-image":"","background-repeat":"repeat","background-position":"center center","background-size":"auto","background-attachment":"scroll","background-type":"","background-media":"","overlay-type":"","overlay-color":"","overlay-opacity":"","overlay-gradient":""}},"ast-content-background-meta":{"desktop":{"background-color":"var(--ast-global-color-5)","background-image":"","background-repeat":"repeat","background-position":"center center","background-size":"auto","background-attachment":"scroll","background-type":"","background-media":"","overlay-type":"","overlay-color":"","overlay-opacity":"","overlay-gradient":""},"tablet":{"background-color":"var(--ast-global-color-5)","background-image":"","background-repeat":"repeat","background-position":"center center","background-size":"auto","background-attachment":"scroll","background-type":"","background-media":"","overlay-type":"","overlay-color":"","overlay-opacity":"","overlay-gradient":""},"mobile":{"background-color":"var(--ast-global-color-5)","background-image":"","background-repeat":"repeat","background-position":"center center","background-size":"auto","background-attachment":"scroll","background-type":"","background-media":"","overlay-type":"","overlay-color":"","overlay-opacity":"","overlay-gradient":""}},"ngg_post_thumbnail":0,"footnotes":""},"class_list":["post-898","page","type-page","status-publish","hentry"],"_links":{"self":[{"href":"https:\/\/www2.unifap.br\/dace\/wp-json\/wp\/v2\/pages\/898","targetHints":{"allow":["GET"]}}],"collection":[{"href":"https:\/\/www2.unifap.br\/dace\/wp-json\/wp\/v2\/pages"}],"about":[{"href":"https:\/\/www2.unifap.br\/dace\/wp-json\/wp\/v2\/types\/page"}],"author":[{"embeddable":true,"href":"https:\/\/www2.unifap.br\/dace\/wp-json\/wp\/v2\/users\/604"}],"replies":[{"embeddable":true,"href":"https:\/\/www2.unifap.br\/dace\/wp-json\/wp\/v2\/comments?post=898"}],"version-history":[{"count":10,"href":"https:\/\/www2.unifap.br\/dace\/wp-json\/wp\/v2\/pages\/898\/revisions"}],"predecessor-version":[{"id":4858,"href":"https:\/\/www2.unifap.br\/dace\/wp-json\/wp\/v2\/pages\/898\/revisions\/4858"}],"up":[{"embeddable":true,"href":"https:\/\/www2.unifap.br\/dace\/wp-json\/wp\/v2\/pages\/892"}],"wp:attachment":[{"href":"https:\/\/www2.unifap.br\/dace\/wp-json\/wp\/v2\/media?parent=898"}],"curies":[{"name":"wp","href":"https:\/\/api.w.org\/{rel}","templated":true}]}}