{"id":900,"date":"2015-01-30T14:27:10","date_gmt":"2015-01-30T14:27:10","guid":{"rendered":"http:\/\/www2.unifap.br\/dace\/?page_id=900"},"modified":"2026-03-13T10:46:33","modified_gmt":"2026-03-13T13:46:33","slug":"formularios2","status":"publish","type":"page","link":"https:\/\/www2.unifap.br\/dace\/assistencia-estudantil\/formularios2","title":{"rendered":"Formul\u00e1rios 2"},"content":{"rendered":"<h2 style=\"text-align: left\"><span style=\"color: #008000\"><strong>FORMUL\u00c1RIO DE RECURSO &#8211; Alunos desligados do cadastro de benefici\u00e1rios do PNAES ( ENCERRADO )<\/strong><\/span><\/h2>\n<p><span style=\"color: #000000\"><strong><span style=\"text-decoration: underline\"><span style=\"text-decoration: underline\"><a href=\"http:\/\/www2.unifap.br\/dace\/files\/2015\/01\/Formulario-de-Recurso-Anexo-III.pdf\"><span style=\"color: #000000;text-decoration: underline\">Formul\u00e1rio de Recurso<\/span><\/a><\/span><\/span><\/strong><\/span><span style=\"color: #000000\"><strong><span style=\"color: #000000\">&nbsp;<\/span><\/strong><\/span><span style=\"color: #000000\"><strong>(<\/strong><strong>Para imprimir)<\/strong><\/span><span style=\"color: #000000\"><strong><span style=\"text-decoration: underline\"><span style=\"color: #000000;text-decoration: underline\"><br \/>\n<\/span><\/span><\/strong><\/span><\/p>\n<p><span style=\"text-decoration: underline;color: #000000\"><strong><a href=\"http:\/\/goo.gl\/forms\/ZN9J1ZNZ1u\"><span style=\"color: #000000;text-decoration: underline\">Formul\u00e1rio de recurso online<\/span><\/a><\/strong><\/span><\/p>\n<p>&nbsp;<\/p>\n<h2><strong><span style=\"color: #008000\">PR\u00d3-ESTUDANTE 2015<\/span><\/strong><\/h2>\n<ol>\n<li><span style=\"color: #000000\"><strong>QUESTION\u00c1RIO<\/strong><strong> SOCIOECON\u00d4MICO<\/strong><\/span>&nbsp; (encerrado)<\/li>\n<li><span style=\"text-decoration: underline\"><span style=\"color: #000000;text-decoration: underline\"><strong><a href=\"http:\/\/www2.unifap.br\/proeac\/files\/2015\/03\/Inscritos.pdf\"><span style=\"color: #000000;text-decoration: underline\">Lista de inscritos<\/span><\/a><\/strong><\/span><\/span><\/li>\n<\/ol>\n<p><span style=\"color: #339966\"><strong><a href=\"http:\/\/www2.unifap.br\/proeac\/files\/2015\/03\/Inscritos.pdf\"><span style=\"color: #339966\">FORMUL\u00c1RIOS AUXILIARES<\/span><\/a><\/strong><\/span><\/p>\n<ul>\n<li><span style=\"text-decoration: underline\"><strong><span style=\"color: #800000;text-decoration: underline\"><a href=\"http:\/\/www2.unifap.br\/dace\/files\/2015\/01\/DECLARAC\u00c3O-DE-SITUA\u00c7\u00c3O-DE-DESEMPREGO.pdf\" target=\"_blank\" rel=\"noopener\"><span style=\"color: #800000;text-decoration: underline\">DECLARAC\u00c3O DE SITUA\u00c7\u00c3O DE DESEMPREGO<\/span><\/a><\/span><\/strong><\/span><\/li>\n<li><span style=\"text-decoration: underline\"><strong><span style=\"color: #800000;text-decoration: underline\"><a href=\"http:\/\/www2.unifap.br\/dace\/files\/2015\/01\/DECLARA\u00c7\u00c3O-DE-MORADIA.pdf\" target=\"_blank\" rel=\"noopener\"><span style=\"color: #800000;text-decoration: underline\">DECLARA\u00c7\u00c3O DE MORADIA<\/span><\/a><\/span><\/strong><\/span><\/li>\n<li><span style=\"text-decoration: underline\"><strong><span style=\"color: #800000;text-decoration: underline\"><a href=\"http:\/\/www2.unifap.br\/dace\/files\/2015\/01\/DECLARAC\u00c3O-DE-RENDIMENTO-DE-PROFISSIONAL-AUT\u00d4NOMO.pdf\" target=\"_blank\" rel=\"noopener\"><span style=\"color: #800000;text-decoration: underline\">DECLARAC\u00c3O DE RENDIMENTO DE PROFISSIONAL AUT\u00d4NOMO<\/span><\/a><\/span><\/strong><\/span><\/li>\n<li><span style=\"text-decoration: underline\"><strong><span style=\"color: #800000;text-decoration: underline\"><a href=\"http:\/\/www2.unifap.br\/dace\/files\/2015\/01\/Check-list-revisado.doc\"><span style=\"color: #800000;text-decoration: underline\">CHECK LIST DE DOCUMENTOS<\/span><\/a><\/span><\/strong><\/span><\/li>\n<\/ul>\n","protected":false},"excerpt":{"rendered":"<p>FORMUL\u00c1RIO DE RECURSO &#8211; Alunos desligados do cadastro de benefici\u00e1rios do PNAES ( ENCERRADO ) Formul\u00e1rio de Recurso&nbsp;(Para imprimir) Formul\u00e1rio&#8230;<\/p>\n","protected":false},"author":604,"featured_media":0,"parent":892,"menu_order":4,"comment_status":"closed","ping_status":"open","template":"","meta":{"inline_featured_image":false,"site-sidebar-layout":"default","site-content-layout":"","ast-site-content-layout":"default","site-content-style":"default","site-sidebar-style":"default","ast-global-header-display":"","ast-banner-title-visibility":"","ast-main-header-display":"","ast-hfb-above-header-display":"","ast-hfb-below-header-display":"","ast-hfb-mobile-header-display":"","site-post-title":"","ast-breadcrumbs-content":"","ast-featured-img":"","footer-sml-layout":"","theme-transparent-header-meta":"default","adv-header-id-meta":"","stick-header-meta":"","header-above-stick-meta":"","header-main-stick-meta":"","header-below-stick-meta":"","astra-migrate-meta-layouts":"set","ast-page-background-enabled":"default","ast-page-background-meta":{"desktop":{"background-color":"var(--ast-global-color-4)","background-image":"","background-repeat":"repeat","background-position":"center center","background-size":"auto","background-attachment":"scroll","background-type":"","background-media":"","overlay-type":"","overlay-color":"","overlay-opacity":"","overlay-gradient":""},"tablet":{"background-color":"","background-image":"","background-repeat":"repeat","background-position":"center center","background-size":"auto","background-attachment":"scroll","background-type":"","background-media":"","overlay-type":"","overlay-color":"","overlay-opacity":"","overlay-gradient":""},"mobile":{"background-color":"","background-image":"","background-repeat":"repeat","background-position":"center center","background-size":"auto","background-attachment":"scroll","background-type":"","background-media":"","overlay-type":"","overlay-color":"","overlay-opacity":"","overlay-gradient":""}},"ast-content-background-meta":{"desktop":{"background-color":"var(--ast-global-color-5)","background-image":"","background-repeat":"repeat","background-position":"center center","background-size":"auto","background-attachment":"scroll","background-type":"","background-media":"","overlay-type":"","overlay-color":"","overlay-opacity":"","overlay-gradient":""},"tablet":{"background-color":"var(--ast-global-color-5)","background-image":"","background-repeat":"repeat","background-position":"center center","background-size":"auto","background-attachment":"scroll","background-type":"","background-media":"","overlay-type":"","overlay-color":"","overlay-opacity":"","overlay-gradient":""},"mobile":{"background-color":"var(--ast-global-color-5)","background-image":"","background-repeat":"repeat","background-position":"center center","background-size":"auto","background-attachment":"scroll","background-type":"","background-media":"","overlay-type":"","overlay-color":"","overlay-opacity":"","overlay-gradient":""}},"ngg_post_thumbnail":0,"footnotes":""},"class_list":["post-900","page","type-page","status-publish","hentry"],"_links":{"self":[{"href":"https:\/\/www2.unifap.br\/dace\/wp-json\/wp\/v2\/pages\/900","targetHints":{"allow":["GET"]}}],"collection":[{"href":"https:\/\/www2.unifap.br\/dace\/wp-json\/wp\/v2\/pages"}],"about":[{"href":"https:\/\/www2.unifap.br\/dace\/wp-json\/wp\/v2\/types\/page"}],"author":[{"embeddable":true,"href":"https:\/\/www2.unifap.br\/dace\/wp-json\/wp\/v2\/users\/604"}],"replies":[{"embeddable":true,"href":"https:\/\/www2.unifap.br\/dace\/wp-json\/wp\/v2\/comments?post=900"}],"version-history":[{"count":53,"href":"https:\/\/www2.unifap.br\/dace\/wp-json\/wp\/v2\/pages\/900\/revisions"}],"predecessor-version":[{"id":9091,"href":"https:\/\/www2.unifap.br\/dace\/wp-json\/wp\/v2\/pages\/900\/revisions\/9091"}],"up":[{"embeddable":true,"href":"https:\/\/www2.unifap.br\/dace\/wp-json\/wp\/v2\/pages\/892"}],"wp:attachment":[{"href":"https:\/\/www2.unifap.br\/dace\/wp-json\/wp\/v2\/media?parent=900"}],"curies":[{"name":"wp","href":"https:\/\/api.w.org\/{rel}","templated":true}]}}