{"id":9092,"date":"2026-03-13T10:46:58","date_gmt":"2026-03-13T13:46:58","guid":{"rendered":"https:\/\/www2.unifap.br\/dace\/?page_id=9092"},"modified":"2026-03-23T19:44:18","modified_gmt":"2026-03-23T22:44:18","slug":"formularios","status":"publish","type":"page","link":"https:\/\/www2.unifap.br\/dace\/formularios","title":{"rendered":"Formul\u00e1rios"},"content":{"rendered":"\t\t<div data-elementor-type=\"wp-page\" data-elementor-id=\"9092\" class=\"elementor elementor-9092\">\n\t\t\t\t\t\t<section class=\"elementor-section elementor-top-section elementor-element elementor-element-b56b29c elementor-section-boxed elementor-section-height-default elementor-section-height-default\" data-id=\"b56b29c\" data-element_type=\"section\" data-e-type=\"section\">\n\t\t\t\t\t\t<div class=\"elementor-container elementor-column-gap-default\">\n\t\t\t\t\t<div class=\"elementor-column elementor-col-100 elementor-top-column elementor-element elementor-element-43c1f8f\" data-id=\"43c1f8f\" data-element_type=\"column\" data-e-type=\"column\">\n\t\t\t<div class=\"elementor-widget-wrap elementor-element-populated\">\n\t\t\t\t\t\t<div class=\"elementor-element elementor-element-00f7052 elementor-widget elementor-widget-heading\" data-id=\"00f7052\" data-element_type=\"widget\" data-e-type=\"widget\" data-widget_type=\"heading.default\">\n\t\t\t\t<div class=\"elementor-widget-container\">\n\t\t\t\t\t<h2 class=\"elementor-heading-title elementor-size-default\">Modelos de Formul\u00e1rios<\/h2>\t\t\t\t<\/div>\n\t\t\t\t<\/div>\n\t\t\t\t\t<\/div>\n\t\t<\/div>\n\t\t\t\t\t<\/div>\n\t\t<\/section>\n\t\t\t\t<section class=\"elementor-section elementor-top-section elementor-element elementor-element-275c58b elementor-section-boxed elementor-section-height-default elementor-section-height-default\" data-id=\"275c58b\" data-element_type=\"section\" data-e-type=\"section\">\n\t\t\t\t\t\t<div class=\"elementor-container elementor-column-gap-default\">\n\t\t\t\t\t<div class=\"elementor-column elementor-col-100 elementor-top-column elementor-element elementor-element-a0ecc4f\" data-id=\"a0ecc4f\" data-element_type=\"column\" data-e-type=\"column\">\n\t\t\t<div class=\"elementor-widget-wrap elementor-element-populated\">\n\t\t\t\t\t\t<div class=\"elementor-element elementor-element-1a3d7af elementor-widget elementor-widget-text-editor\" data-id=\"1a3d7af\" data-element_type=\"widget\" data-e-type=\"widget\" data-widget_type=\"text-editor.default\">\n\t\t\t\t<div class=\"elementor-widget-container\">\n\t\t\t\t\t\t\t\t\t<ul><li><a href=\"http:\/\/www2.unifap.br\/dace\/files\/2026\/03\/DECLARACAO_DE-AUSENCIA-DE-DOCUMENTOS-PESSOAIS_MODELO.pdf\">DECLARA\u00c7\u00c3O DE AUS\u00caNCIA DE DOCUMENTOS PESSOAIS_MODELO<\/a><\/li><li><a href=\"http:\/\/www2.unifap.br\/dace\/files\/2026\/03\/DECLARACAO-DE-AUTONOMO_MODELO.pdf\">DECLARA\u00c7\u00c3O DE AUT\u00d4NOMO_MODELO<\/a><\/li><li><a href=\"http:\/\/www2.unifap.br\/dace\/files\/2026\/03\/DECLARACAO-DE-DESEMPREGO_MODELO.pdf\">DECLARA\u00c7\u00c3O DE DESEMPREGO_MODELO<\/a><\/li><li><a href=\"http:\/\/www2.unifap.br\/dace\/files\/2026\/03\/DECLARACAO-DE-RECEBIMENTO-DE-BENEFICIOS-SOCIAIS_MODELO.pdf\">DECLARA\u00c7\u00c3O DE RECEBIMENTO DE BENEF\u00cdCIOS SOCIAIS_MODELO<\/a><\/li><li><a href=\"http:\/\/www2.unifap.br\/dace\/files\/2026\/03\/DECLARACAO-INFORMAL-DE-ALUGUEL.pdf\">DECLARA\u00c7\u00c3O INFORMAL DE ALUGUEL<\/a><\/li><li><a href=\"http:\/\/www2.unifap.br\/dace\/files\/2026\/03\/MORADIA-COMPARTILHADA-REPUBLICA-ESTUDANTIL_MODELO.pdf\">MORADIA COMPARTILHADA &#8211; REP\u00daBLICA ESTUDANTIL_MODELO<\/a><\/li><li><a href=\"https:\/\/www.gov.br\/receitafederal\/pt-br\/centrais-de-conteudo\/formularios\/declaracoes\/dai\/view\">Declara\u00e7\u00e3o de isento de imposto de renda<\/a><\/li><\/ul>\t\t\t\t\t\t\t\t<\/div>\n\t\t\t\t<\/div>\n\t\t\t\t\t<\/div>\n\t\t<\/div>\n\t\t\t\t\t<\/div>\n\t\t<\/section>\n\t\t\t\t<\/div>\n\t\t","protected":false},"excerpt":{"rendered":"<p>Modelos de Formul\u00e1rios DECLARA\u00c7\u00c3O DE AUS\u00caNCIA DE DOCUMENTOS PESSOAIS_MODELO DECLARA\u00c7\u00c3O DE AUT\u00d4NOMO_MODELO DECLARA\u00c7\u00c3O DE DESEMPREGO_MODELO DECLARA\u00c7\u00c3O DE RECEBIMENTO DE BENEF\u00cdCIOS&#8230;<\/p>\n","protected":false},"author":2504,"featured_media":0,"parent":0,"menu_order":0,"comment_status":"closed","ping_status":"closed","template":"","meta":{"inline_featured_image":false,"site-sidebar-layout":"no-sidebar","site-content-layout":"","ast-site-content-layout":"full-width-container","site-content-style":"default","site-sidebar-style":"default","ast-global-header-display":"","ast-banner-title-visibility":"","ast-main-header-display":"","ast-hfb-above-header-display":"","ast-hfb-below-header-display":"","ast-hfb-mobile-header-display":"","site-post-title":"disabled","ast-breadcrumbs-content":"","ast-featured-img":"disabled","footer-sml-layout":"","theme-transparent-header-meta":"","adv-header-id-meta":"","stick-header-meta":"","header-above-stick-meta":"","header-main-stick-meta":"","header-below-stick-meta":"","astra-migrate-meta-layouts":"default","ast-page-background-enabled":"default","ast-page-background-meta":{"desktop":{"background-color":"var(--ast-global-color-4)","background-image":"","background-repeat":"repeat","background-position":"center center","background-size":"auto","background-attachment":"scroll","background-type":"","background-media":"","overlay-type":"","overlay-color":"","overlay-opacity":"","overlay-gradient":""},"tablet":{"background-color":"","background-image":"","background-repeat":"repeat","background-position":"center center","background-size":"auto","background-attachment":"scroll","background-type":"","background-media":"","overlay-type":"","overlay-color":"","overlay-opacity":"","overlay-gradient":""},"mobile":{"background-color":"","background-image":"","background-repeat":"repeat","background-position":"center center","background-size":"auto","background-attachment":"scroll","background-type":"","background-media":"","overlay-type":"","overlay-color":"","overlay-opacity":"","overlay-gradient":""}},"ast-content-background-meta":{"desktop":{"background-color":"var(--ast-global-color-5)","background-image":"","background-repeat":"repeat","background-position":"center center","background-size":"auto","background-attachment":"scroll","background-type":"","background-media":"","overlay-type":"","overlay-color":"","overlay-opacity":"","overlay-gradient":""},"tablet":{"background-color":"var(--ast-global-color-5)","background-image":"","background-repeat":"repeat","background-position":"center center","background-size":"auto","background-attachment":"scroll","background-type":"","background-media":"","overlay-type":"","overlay-color":"","overlay-opacity":"","overlay-gradient":""},"mobile":{"background-color":"var(--ast-global-color-5)","background-image":"","background-repeat":"repeat","background-position":"center center","background-size":"auto","background-attachment":"scroll","background-type":"","background-media":"","overlay-type":"","overlay-color":"","overlay-opacity":"","overlay-gradient":""}},"ngg_post_thumbnail":0,"footnotes":""},"class_list":["post-9092","page","type-page","status-publish","hentry"],"_links":{"self":[{"href":"https:\/\/www2.unifap.br\/dace\/wp-json\/wp\/v2\/pages\/9092","targetHints":{"allow":["GET"]}}],"collection":[{"href":"https:\/\/www2.unifap.br\/dace\/wp-json\/wp\/v2\/pages"}],"about":[{"href":"https:\/\/www2.unifap.br\/dace\/wp-json\/wp\/v2\/types\/page"}],"author":[{"embeddable":true,"href":"https:\/\/www2.unifap.br\/dace\/wp-json\/wp\/v2\/users\/2504"}],"replies":[{"embeddable":true,"href":"https:\/\/www2.unifap.br\/dace\/wp-json\/wp\/v2\/comments?post=9092"}],"version-history":[{"count":9,"href":"https:\/\/www2.unifap.br\/dace\/wp-json\/wp\/v2\/pages\/9092\/revisions"}],"predecessor-version":[{"id":9212,"href":"https:\/\/www2.unifap.br\/dace\/wp-json\/wp\/v2\/pages\/9092\/revisions\/9212"}],"wp:attachment":[{"href":"https:\/\/www2.unifap.br\/dace\/wp-json\/wp\/v2\/media?parent=9092"}],"curies":[{"name":"wp","href":"https:\/\/api.w.org\/{rel}","templated":true}]}}