{"id":109,"date":"2017-04-24T12:56:10","date_gmt":"2017-04-24T12:56:10","guid":{"rendered":"http:\/\/www2.unifap.br\/dad\/?page_id=109"},"modified":"2017-04-24T12:57:25","modified_gmt":"2017-04-24T12:57:25","slug":"estagio-probatorio","status":"publish","type":"page","link":"https:\/\/www2.unifap.br\/dad\/estagio-probatorio\/","title":{"rendered":"Est\u00e1gio Probat\u00f3rio"},"content":{"rendered":"<p style=\"text-align: justify\">Com o fito de facilitar \u00e0 busca pelos modelos de documentos necess\u00e1rios para a abertura do Est\u00e1gio Probat\u00f3rio dos docentes da Universidade Federal do Amap\u00e1, \u00a0a DAD \u00a0traz os modelos de: PAID, Plano de Ensino e Plano de Trabalho de Est\u00e1gio Probat\u00f3rio.<\/p>\n<p>&nbsp;<\/p>\n<p><a href=\"http:\/\/www2.unifap.br\/dad\/files\/2017\/04\/PAID_formato-f\u00edsico_padr\u00e3o-11.doc\">PAID_formato-f\u00edsico_padr\u00e3o-11<\/a><\/p>\n<p><a href=\"http:\/\/www2.unifap.br\/dad\/files\/2017\/04\/Plano-de-Ensino.doc\">Plano de Ensino<\/a><\/p>\n<p><a href=\"http:\/\/www2.unifap.br\/dad\/files\/2017\/04\/Plano-de-Trabalho-de-est\u00e1gio-Probat\u00f3rio.doc\">Plano de Trabalho de est\u00e1gio Probat\u00f3rio<\/a><\/p>\n","protected":false},"excerpt":{"rendered":"<p>Com o fito de facilitar \u00e0 busca pelos modelos de documentos necess\u00e1rios para a abertura do Est\u00e1gio Probat\u00f3rio dos docentes da Universidade Federal do Amap\u00e1, \u00a0a DAD \u00a0traz os modelos de: PAID, Plano de Ensino e Plano de Trabalho de&hellip; <\/p>\n<p><a href=\"https:\/\/www2.unifap.br\/dad\/estagio-probatorio\/\" class=\"readmore-button\">Continue Reading<\/a><\/p>\n","protected":false},"author":769,"featured_media":0,"parent":0,"menu_order":0,"comment_status":"open","ping_status":"open","template":"","meta":{"inline_featured_image":false,"ngg_post_thumbnail":0,"footnotes":""},"class_list":["post-109","page","type-page","status-publish","hentry"],"_links":{"self":[{"href":"https:\/\/www2.unifap.br\/dad\/wp-json\/wp\/v2\/pages\/109","targetHints":{"allow":["GET"]}}],"collection":[{"href":"https:\/\/www2.unifap.br\/dad\/wp-json\/wp\/v2\/pages"}],"about":[{"href":"https:\/\/www2.unifap.br\/dad\/wp-json\/wp\/v2\/types\/page"}],"author":[{"embeddable":true,"href":"https:\/\/www2.unifap.br\/dad\/wp-json\/wp\/v2\/users\/769"}],"replies":[{"embeddable":true,"href":"https:\/\/www2.unifap.br\/dad\/wp-json\/wp\/v2\/comments?post=109"}],"version-history":[{"count":4,"href":"https:\/\/www2.unifap.br\/dad\/wp-json\/wp\/v2\/pages\/109\/revisions"}],"predecessor-version":[{"id":116,"href":"https:\/\/www2.unifap.br\/dad\/wp-json\/wp\/v2\/pages\/109\/revisions\/116"}],"wp:attachment":[{"href":"https:\/\/www2.unifap.br\/dad\/wp-json\/wp\/v2\/media?parent=109"}],"curies":[{"name":"wp","href":"https:\/\/api.w.org\/{rel}","templated":true}]}}