{"id":38,"date":"2016-09-05T13:45:36","date_gmt":"2016-09-05T13:45:36","guid":{"rendered":"http:\/\/www2.unifap.br\/dad\/?page_id=38"},"modified":"2017-11-17T12:34:13","modified_gmt":"2017-11-17T12:34:13","slug":"legislacao-nacional","status":"publish","type":"page","link":"https:\/\/www2.unifap.br\/dad\/legislacao-nacional\/","title":{"rendered":"LEGISLA\u00c7\u00c3O NACIONAL"},"content":{"rendered":"<p><strong style=\"line-height: 1.5em\"><a href=\"http:\/\/www.planalto.gov.br\/ccivil_03\/_Ato2015-2018\/2016\/Lei\/L13325.htm\" target=\"_blank\"><span style=\"color: #ff0000\"><span style=\"color: #ff0000\">LEI N\u00ba 13.325, de 29 de Julho de 2016<\/span><\/span><\/a>\u00a0&#8211; Altera a remunera\u00e7\u00e3o &#8230; \u00a0de servidores p\u00fablicos da \u00e1rea da educa\u00e7\u00e3o, e d\u00e1 outras provid\u00eancias.<\/strong><\/p>\n<p><strong><span style=\"color: #ff0000\"><a title=\"LEI 12772\/2012\" href=\"http:\/\/www.planalto.gov.br\/ccivil_03\/_ato2011-2014\/2012\/lei\/l12772.htm\" target=\"_blank\"><span style=\"color: #ff0000\">LEI N\u00ba 12.772\/2012<\/span><\/a><\/span>\u00a0&#8211; Lei do Magist\u00e9rio Superior.<\/strong><\/p>\n<p><strong><span style=\"color: #ff0000\"><a href=\"http:\/\/www.planalto.gov.br\/ccivil_03\/decreto\/d1867.htm\" target=\"_blank\"><span style=\"color: #ff0000\">DECRETO n\u00ba 1.867<\/span><\/a><\/span><\/strong>\u00a0&#8211;\u00a0<strong>Disp\u00f5e sobre instrumento de registro de assiduidade e pontualidade dos servidores p\u00fablicos federais&#8230;<\/strong><\/p>\n<p><a href=\"http:\/\/www.planalto.gov.br\/ccivil_03\/leis\/L8745compilada.htm\" target=\"_blank\"><span style=\"color: #0000ff\"><span style=\"color: #ff0000\"><strong>LEI N\u00ba 8745\/1993<\/strong> <\/span><\/span><\/a><a href=\"http:\/\/http:\/\/www.planalto.gov.br\/ccivil_03\/leis\/L8745compilada.htm\" target=\"_blank\">\u00a0<\/a>&#8211;<strong>Disp\u00f5e sobre a contrata\u00e7\u00e3o por tempo determinado para atender a necessidade tempor\u00e1ria&#8230;<\/strong><\/p>\n<p><strong><a href=\"http:\/\/www.planalto.gov.br\/ccivil_03\/leis\/L8112cons.htm\" target=\"_blank\"><span style=\"color: #ff0000\">LEI N\u00ba 8112\/1990<\/span><\/a> &#8211;\u00a0Disp\u00f5e sobre o regime jur\u00eddico dos servidores p\u00fablicos civis da Uni\u00e3o, das autarquias e das funda\u00e7\u00f5es p\u00fablicas federais.<\/strong><\/p>\n","protected":false},"excerpt":{"rendered":"<p>LEI N\u00ba 13.325, de 29 de Julho de 2016\u00a0&#8211; Altera a remunera\u00e7\u00e3o &#8230; \u00a0de servidores p\u00fablicos da \u00e1rea da educa\u00e7\u00e3o, e d\u00e1 outras provid\u00eancias. LEI N\u00ba 12.772\/2012\u00a0&#8211; Lei do Magist\u00e9rio Superior. DECRETO n\u00ba 1.867\u00a0&#8211;\u00a0Disp\u00f5e sobre instrumento de registro de assiduidade&hellip; <\/p>\n<p><a href=\"https:\/\/www2.unifap.br\/dad\/legislacao-nacional\/\" class=\"readmore-button\">Continue Reading<\/a><\/p>\n","protected":false},"author":769,"featured_media":0,"parent":0,"menu_order":0,"comment_status":"open","ping_status":"open","template":"","meta":{"inline_featured_image":false,"ngg_post_thumbnail":0,"footnotes":""},"class_list":["post-38","page","type-page","status-publish","hentry"],"_links":{"self":[{"href":"https:\/\/www2.unifap.br\/dad\/wp-json\/wp\/v2\/pages\/38","targetHints":{"allow":["GET"]}}],"collection":[{"href":"https:\/\/www2.unifap.br\/dad\/wp-json\/wp\/v2\/pages"}],"about":[{"href":"https:\/\/www2.unifap.br\/dad\/wp-json\/wp\/v2\/types\/page"}],"author":[{"embeddable":true,"href":"https:\/\/www2.unifap.br\/dad\/wp-json\/wp\/v2\/users\/769"}],"replies":[{"embeddable":true,"href":"https:\/\/www2.unifap.br\/dad\/wp-json\/wp\/v2\/comments?post=38"}],"version-history":[{"count":11,"href":"https:\/\/www2.unifap.br\/dad\/wp-json\/wp\/v2\/pages\/38\/revisions"}],"predecessor-version":[{"id":127,"href":"https:\/\/www2.unifap.br\/dad\/wp-json\/wp\/v2\/pages\/38\/revisions\/127"}],"wp:attachment":[{"href":"https:\/\/www2.unifap.br\/dad\/wp-json\/wp\/v2\/media?parent=38"}],"curies":[{"name":"wp","href":"https:\/\/api.w.org\/{rel}","templated":true}]}}