{"id":41,"date":"2016-09-05T13:27:20","date_gmt":"2016-09-05T13:27:20","guid":{"rendered":"http:\/\/www2.unifap.br\/dad\/?page_id=41"},"modified":"2025-08-19T12:41:59","modified_gmt":"2025-08-19T12:41:59","slug":"resolucoes-internas","status":"publish","type":"page","link":"https:\/\/www2.unifap.br\/dad\/resolucoes-internas\/","title":{"rendered":"RESOLU\u00c7\u00d5ES INTERNAS"},"content":{"rendered":"<p><span style=\"color: #000000\">A Divis\u00e3o de Acompanhamento Docente &nbsp;disponibiliza normas relativas \u00e0s atividades Docentes, a Saber:<\/span><\/p>\n<p><span style=\"color: #ff0000\"><a style=\"line-height: 1.5em\" href=\"http:\/\/www2.unifap.br\/consu\/files\/2016\/04\/Resolu%C3%A7%C3%A3o-n%C2%BA-06-2016-Aprova-altera%C3%A7%C3%A3o-na-Res.-020-2015.pdf\" target=\"_blank\" rel=\"noopener\"><span style=\"color: #ff0000\"><strong>RESOLU\u00c7\u00c3O N\u00ba 06-2016<\/strong> <\/span><\/a><\/span><span style=\"line-height: 1.5em\">\u2013&nbsp;<\/span><span style=\"color: #000000\"><span style=\"line-height: 1.5em\">Aprova altera\u00e7\u00e3o na Res. 020-2015<\/span><\/span><\/p>\n<p><span style=\"color: #ff0000\"><strong><a href=\"http:\/\/www2.unifap.br\/dad\/files\/2015\/05\/Resolu\u00e7\u00e3o-n\u00ba-020-2015-Estabelece-as-diretrizes-do-PAID.-Revoga-a-resolu\u00e7\u00e3o-07-2015.pdf\" target=\"_blank\" rel=\"noopener\"><span style=\"color: #ff0000\">RESOLU\u00c7\u00c3O N\u00ba-020-2015<\/span><\/a><\/strong><\/span>&nbsp;&#8211; Estabelece as diretrizes que regulamentam o preenchimento do Plano de Atividades Individuais do Docente (PAID)<\/p>\n<p><strong><a href=\"https:\/\/www2.unifap.br\/dpg\/files\/2014\/02\/Resolu%C3%A7%C3%A3o.pdf\">RESOLU\u00c7\u00c3O N\u00ba 022\/2010-CONSU<\/a><\/strong> &#8211; Revoga a Resolu\u00e7\u00e3o n\u00ba 020\/06-CONSU e Normatiza os afastamentos de docentes para participa\u00e7\u00e3o em Programa de P\u00f3sGradua\u00e7\u00e3o Stricto Sensu no Brasil e no Exterior<\/p>\n<p>&nbsp;<\/p>\n","protected":false},"excerpt":{"rendered":"<p>A Divis\u00e3o de Acompanhamento Docente &nbsp;disponibiliza normas relativas \u00e0s atividades Docentes, a Saber: RESOLU\u00c7\u00c3O N\u00ba 06-2016 \u2013&nbsp;Aprova altera\u00e7\u00e3o na Res. 020-2015 RESOLU\u00c7\u00c3O N\u00ba-020-2015&nbsp;&#8211; Estabelece as diretrizes que regulamentam o preenchimento do Plano de Atividades Individuais do Docente (PAID) RESOLU\u00c7\u00c3O N\u00ba&hellip; <\/p>\n<p><a href=\"https:\/\/www2.unifap.br\/dad\/resolucoes-internas\/\" class=\"readmore-button\">Continue Reading<\/a><\/p>\n","protected":false},"author":769,"featured_media":0,"parent":0,"menu_order":0,"comment_status":"open","ping_status":"open","template":"","meta":{"inline_featured_image":false,"ngg_post_thumbnail":0,"footnotes":""},"class_list":["post-41","page","type-page","status-publish","hentry"],"_links":{"self":[{"href":"https:\/\/www2.unifap.br\/dad\/wp-json\/wp\/v2\/pages\/41","targetHints":{"allow":["GET"]}}],"collection":[{"href":"https:\/\/www2.unifap.br\/dad\/wp-json\/wp\/v2\/pages"}],"about":[{"href":"https:\/\/www2.unifap.br\/dad\/wp-json\/wp\/v2\/types\/page"}],"author":[{"embeddable":true,"href":"https:\/\/www2.unifap.br\/dad\/wp-json\/wp\/v2\/users\/769"}],"replies":[{"embeddable":true,"href":"https:\/\/www2.unifap.br\/dad\/wp-json\/wp\/v2\/comments?post=41"}],"version-history":[{"count":16,"href":"https:\/\/www2.unifap.br\/dad\/wp-json\/wp\/v2\/pages\/41\/revisions"}],"predecessor-version":[{"id":144,"href":"https:\/\/www2.unifap.br\/dad\/wp-json\/wp\/v2\/pages\/41\/revisions\/144"}],"wp:attachment":[{"href":"https:\/\/www2.unifap.br\/dad\/wp-json\/wp\/v2\/media?parent=41"}],"curies":[{"name":"wp","href":"https:\/\/api.w.org\/{rel}","templated":true}]}}