{"id":4413,"date":"2022-12-02T01:05:36","date_gmt":"2022-12-02T01:05:36","guid":{"rendered":"https:\/\/www2.unifap.br\/dcbs\/?page_id=4413"},"modified":"2022-12-22T17:19:18","modified_gmt":"2022-12-22T17:19:18","slug":"2-1-4-plano-diretor","status":"publish","type":"page","link":"https:\/\/www2.unifap.br\/dcbs\/2-1-4-plano-diretor\/","title":{"rendered":"2.1.4 &#8211; PLANO DIRETOR"},"content":{"rendered":"\t\t<div data-elementor-type=\"wp-page\" data-elementor-id=\"4413\" class=\"elementor elementor-4413\">\n\t\t\t\t\t\t<section class=\"elementor-section elementor-top-section elementor-element elementor-element-02c179f elementor-section-full_width elementor-section-height-default elementor-section-height-default\" data-id=\"02c179f\" data-element_type=\"section\" data-e-type=\"section\">\n\t\t\t\t\t\t<div class=\"elementor-container elementor-column-gap-default\">\n\t\t\t\t\t<div class=\"elementor-column elementor-col-33 elementor-top-column elementor-element elementor-element-edb01b5\" data-id=\"edb01b5\" data-element_type=\"column\" data-e-type=\"column\">\n\t\t\t<div class=\"elementor-widget-wrap elementor-element-populated\">\n\t\t\t\t\t\t<div class=\"elementor-element elementor-element-6dd40ad elementor-widget elementor-widget-spacer\" data-id=\"6dd40ad\" data-element_type=\"widget\" data-e-type=\"widget\" data-widget_type=\"spacer.default\">\n\t\t\t\t<div class=\"elementor-widget-container\">\n\t\t\t\t\t\t\t<div class=\"elementor-spacer\">\n\t\t\t<div class=\"elementor-spacer-inner\"><\/div>\n\t\t<\/div>\n\t\t\t\t\t\t<\/div>\n\t\t\t\t<\/div>\n\t\t\t\t\t<\/div>\n\t\t<\/div>\n\t\t\t\t<div class=\"elementor-column elementor-col-33 elementor-top-column elementor-element elementor-element-e16639c\" data-id=\"e16639c\" data-element_type=\"column\" data-e-type=\"column\">\n\t\t\t<div class=\"elementor-widget-wrap elementor-element-populated\">\n\t\t\t\t\t\t<div class=\"elementor-element elementor-element-6147a90 elementor-widget elementor-widget-heading\" data-id=\"6147a90\" data-element_type=\"widget\" data-e-type=\"widget\" data-widget_type=\"heading.default\">\n\t\t\t\t<div class=\"elementor-widget-container\">\n\t\t\t\t\t<h2 class=\"elementor-heading-title elementor-size-default\">Conhe\u00e7a o Plano Diretor Participativo !<\/h2>\t\t\t\t<\/div>\n\t\t\t\t<\/div>\n\t\t\t\t<div class=\"elementor-element elementor-element-702c4e9 elementor-widget elementor-widget-heading\" data-id=\"702c4e9\" data-element_type=\"widget\" data-e-type=\"widget\" data-widget_type=\"heading.default\">\n\t\t\t\t<div class=\"elementor-widget-container\">\n\t\t\t\t\t<h2 class=\"elementor-heading-title elementor-size-default\">Um projeto que visa a Universidade atual e futura, refletindo sempre acerca do Campus que temos hoje e do Campus que queremos para os pr\u00f3ximos 15 anos!<\/h2>\t\t\t\t<\/div>\n\t\t\t\t<\/div>\n\t\t\t\t\t<\/div>\n\t\t<\/div>\n\t\t\t\t<div class=\"elementor-column elementor-col-33 elementor-top-column elementor-element elementor-element-a4fafa4\" data-id=\"a4fafa4\" data-element_type=\"column\" data-e-type=\"column\">\n\t\t\t<div class=\"elementor-widget-wrap\">\n\t\t\t\t\t\t\t<\/div>\n\t\t<\/div>\n\t\t\t\t\t<\/div>\n\t\t<\/section>\n\t\t\t\t<section class=\"elementor-section elementor-top-section elementor-element elementor-element-f79ad75 elementor-section-boxed elementor-section-height-default elementor-section-height-default\" data-id=\"f79ad75\" data-element_type=\"section\" data-e-type=\"section\">\n\t\t\t\t\t\t<div class=\"elementor-container elementor-column-gap-default\">\n\t\t\t\t\t<div class=\"elementor-column elementor-col-100 elementor-top-column elementor-element elementor-element-2da5acb\" data-id=\"2da5acb\" data-element_type=\"column\" data-e-type=\"column\">\n\t\t\t<div class=\"elementor-widget-wrap elementor-element-populated\">\n\t\t\t\t\t\t<section class=\"elementor-section elementor-inner-section elementor-element elementor-element-3749da1 elementor-section-full_width elementor-section-height-default elementor-section-height-default\" data-id=\"3749da1\" data-element_type=\"section\" data-e-type=\"section\">\n\t\t\t\t\t\t<div class=\"elementor-container elementor-column-gap-default\">\n\t\t\t\t\t<div class=\"elementor-column elementor-col-33 elementor-inner-column elementor-element elementor-element-62b60ed\" data-id=\"62b60ed\" data-element_type=\"column\" data-e-type=\"column\">\n\t\t\t<div class=\"elementor-widget-wrap elementor-element-populated\">\n\t\t\t\t\t\t<div class=\"elementor-element elementor-element-8af2581 elementor-widget elementor-widget-heading\" data-id=\"8af2581\" data-element_type=\"widget\" data-e-type=\"widget\" data-widget_type=\"heading.default\">\n\t\t\t\t<div class=\"elementor-widget-container\">\n\t\t\t\t\t<h2 class=\"elementor-heading-title elementor-size-default\">Uma universidade, pelas suas dimens\u00f5es e quantidade de atividades e pessoas que recebe diariamente, precisa receber um tratamento similar ao que se d\u00e1 \u00e0s cidades. Por esse motivo, as universidades p\u00fablicas brasileiras t\u00eam incorporado h\u00e1 d\u00e9cadas planos diretores na gest\u00e3o dos seus campus. O Plano Diretor Participativo (PDP) do campus de uma universidade deve estabelecer e organizar o funcionamento e o planejamento do seu territ\u00f3rio, contribuindo para a orienta\u00e7\u00e3o de prioridades e necessidades de investimento na \u00e1rea.<\/h2>\t\t\t\t<\/div>\n\t\t\t\t<\/div>\n\t\t\t\t<div class=\"elementor-element elementor-element-ae4259d elementor-align-center elementor-widget__width-initial elementor-widget elementor-widget-button\" data-id=\"ae4259d\" data-element_type=\"widget\" data-e-type=\"widget\" data-widget_type=\"button.default\">\n\t\t\t\t<div class=\"elementor-widget-container\">\n\t\t\t\t\t\t\t\t\t<div class=\"elementor-button-wrapper\">\n\t\t\t\t\t<a class=\"elementor-button elementor-button-link elementor-size-sm\" href=\"http:\/\/sites.unifap.br\/planodiretor\/\">\n\t\t\t\t\t\t<span class=\"elementor-button-content-wrapper\">\n\t\t\t\t\t\t\t\t\t<span class=\"elementor-button-text\">Saiba Mais<\/span>\n\t\t\t\t\t<\/span>\n\t\t\t\t\t<\/a>\n\t\t\t\t<\/div>\n\t\t\t\t\t\t\t\t<\/div>\n\t\t\t\t<\/div>\n\t\t\t\t\t<\/div>\n\t\t<\/div>\n\t\t\t\t<div class=\"elementor-column elementor-col-33 elementor-inner-column elementor-element elementor-element-83fa481\" data-id=\"83fa481\" data-element_type=\"column\" data-e-type=\"column\">\n\t\t\t<div class=\"elementor-widget-wrap elementor-element-populated\">\n\t\t\t\t\t\t<div class=\"elementor-element elementor-element-c575f78 elementor-widget elementor-widget-image\" data-id=\"c575f78\" data-element_type=\"widget\" data-e-type=\"widget\" data-widget_type=\"image.default\">\n\t\t\t\t<div class=\"elementor-widget-container\">\n\t\t\t\t\t\t\t\t\t\t\t\t\t\t\t\t<a href=\"http:\/\/sites.unifap.br\/planodiretor\/\">\n\t\t\t\t\t\t\t<img fetchpriority=\"high\" decoding=\"async\" width=\"300\" height=\"300\" src=\"https:\/\/www2.unifap.br\/dcbs\/files\/2022\/11\/Plano-Diretor-Unifap_Logo-sem-fundo2-1-300x300-1.png\" class=\"attachment-large size-large wp-image-4415\" alt=\"\" \/>\t\t\t\t\t\t\t\t<\/a>\n\t\t\t\t\t\t\t\t\t\t\t\t\t\t\t<\/div>\n\t\t\t\t<\/div>\n\t\t\t\t\t<\/div>\n\t\t<\/div>\n\t\t\t\t<div class=\"elementor-column elementor-col-33 elementor-inner-column elementor-element elementor-element-ed01e9c\" data-id=\"ed01e9c\" data-element_type=\"column\" data-e-type=\"column\">\n\t\t\t<div class=\"elementor-widget-wrap\">\n\t\t\t\t\t\t\t<\/div>\n\t\t<\/div>\n\t\t\t\t\t<\/div>\n\t\t<\/section>\n\t\t\t\t\t<\/div>\n\t\t<\/div>\n\t\t\t\t\t<\/div>\n\t\t<\/section>\n\t\t\t\t<section class=\"elementor-section elementor-top-section elementor-element elementor-element-c977859 elementor-section-full_width elementor-section-height-default elementor-section-height-default\" data-id=\"c977859\" data-element_type=\"section\" data-e-type=\"section\">\n\t\t\t\t\t\t<div class=\"elementor-container elementor-column-gap-default\">\n\t\t\t\t\t<div class=\"elementor-column elementor-col-50 elementor-top-column elementor-element elementor-element-780368f\" data-id=\"780368f\" data-element_type=\"column\" data-e-type=\"column\">\n\t\t\t<div class=\"elementor-widget-wrap\">\n\t\t\t\t\t\t\t<\/div>\n\t\t<\/div>\n\t\t\t\t<div class=\"elementor-column elementor-col-50 elementor-top-column elementor-element elementor-element-f75ad9c\" data-id=\"f75ad9c\" data-element_type=\"column\" data-e-type=\"column\" data-settings=\"{&quot;background_background&quot;:&quot;classic&quot;}\">\n\t\t\t<div class=\"elementor-widget-wrap elementor-element-populated\">\n\t\t\t\t\t\t<div class=\"elementor-element elementor-element-a745f7a elementor-view-framed elementor-shape-circle elementor-widget elementor-widget-icon\" data-id=\"a745f7a\" data-element_type=\"widget\" data-e-type=\"widget\" data-widget_type=\"icon.default\">\n\t\t\t\t<div class=\"elementor-widget-container\">\n\t\t\t\t\t\t\t<div class=\"elementor-icon-wrapper\">\n\t\t\t<a class=\"elementor-icon\" href=\"https:\/\/www2.unifap.br\/dcbs\/?page_id=3937&#038;preview=true\">\n\t\t\t<i aria-hidden=\"true\" class=\"far fa-envelope\"><\/i>\t\t\t<\/a>\n\t\t<\/div>\n\t\t\t\t\t\t<\/div>\n\t\t\t\t<\/div>\n\t\t\t\t<div class=\"elementor-element elementor-element-b7490af elementor-absolute elementor-widget elementor-widget-heading\" data-id=\"b7490af\" data-element_type=\"widget\" data-e-type=\"widget\" data-settings=\"{&quot;_position&quot;:&quot;absolute&quot;}\" data-widget_type=\"heading.default\">\n\t\t\t\t<div class=\"elementor-widget-container\">\n\t\t\t\t\t<h2 class=\"elementor-heading-title elementor-size-default\"><a href=\"https:\/\/www2.unifap.br\/dcbs\/?page_id=3937&#038;preview=true\">Fale Conosco<\/a><\/h2>\t\t\t\t<\/div>\n\t\t\t\t<\/div>\n\t\t\t\t\t<\/div>\n\t\t<\/div>\n\t\t\t\t\t<\/div>\n\t\t<\/section>\n\t\t\t\t<section class=\"elementor-section elementor-top-section elementor-element elementor-element-740ca8a elementor-section-height-min-height elementor-section-full_width elementor-section-height-default elementor-section-items-middle\" data-id=\"740ca8a\" data-element_type=\"section\" data-e-type=\"section\" data-settings=\"{&quot;background_background&quot;:&quot;classic&quot;}\">\n\t\t\t\t\t\t\t<div class=\"elementor-background-overlay\"><\/div>\n\t\t\t\t\t\t\t<div class=\"elementor-container elementor-column-gap-default\">\n\t\t\t\t\t<div class=\"elementor-column elementor-col-25 elementor-top-column elementor-element elementor-element-7fe6113\" data-id=\"7fe6113\" data-element_type=\"column\" data-e-type=\"column\">\n\t\t\t<div class=\"elementor-widget-wrap elementor-element-populated\">\n\t\t\t\t\t\t<div class=\"elementor-element elementor-element-a3561d5 elementor-widget elementor-widget-heading\" data-id=\"a3561d5\" data-element_type=\"widget\" data-e-type=\"widget\" data-widget_type=\"heading.default\">\n\t\t\t\t<div class=\"elementor-widget-container\">\n\t\t\t\t\t<h2 class=\"elementor-heading-title elementor-size-default\">Links<\/h2>\t\t\t\t<\/div>\n\t\t\t\t<\/div>\n\t\t\t\t<div class=\"elementor-element elementor-element-e4bb307 elementor-widget elementor-widget-text-editor\" data-id=\"e4bb307\" data-element_type=\"widget\" data-e-type=\"widget\" data-widget_type=\"text-editor.default\">\n\t\t\t\t<div class=\"elementor-widget-container\">\n\t\t\t\t\t\t\t\t\t<p><span style=\"color: #ffffff\"><a style=\"color: #ffffff\" href=\"https:\/\/sigrh.unifap.br\/sigrh\/public\/colegiados\/anexos\/Regimento_Geral_Unifap.pdf\">Regimento Geral<\/a><\/span><\/p><p><span style=\"color: #ffffff\"><a style=\"color: #ffffff\" href=\"https:\/\/www2.unifap.br\/biblioteca\/\">Biblioteca Central<\/a><\/span><\/p><p><span style=\"color: #ffffff\"><a style=\"color: #ffffff\" href=\"http:\/\/www.unifap.br\/novo-calendario-academico-e-aprovado-2\/\">Calend\u00e1rio Acad\u00eamico<\/a><\/span><\/p><p><span style=\"color: #ffffff\"><a style=\"color: #ffffff\" href=\"https:\/\/www2.unifap.br\/nai\/\">N\u00facleo de Acessibilidade e Inclus\u00e3o &#8211; NAI<\/a><\/span><\/p>\t\t\t\t\t\t\t\t<\/div>\n\t\t\t\t<\/div>\n\t\t\t\t\t<\/div>\n\t\t<\/div>\n\t\t\t\t<div class=\"elementor-column elementor-col-25 elementor-top-column elementor-element elementor-element-4f49601\" data-id=\"4f49601\" data-element_type=\"column\" data-e-type=\"column\">\n\t\t\t<div class=\"elementor-widget-wrap elementor-element-populated\">\n\t\t\t\t\t\t<div class=\"elementor-element elementor-element-55ec37f elementor-widget elementor-widget-spacer\" data-id=\"55ec37f\" data-element_type=\"widget\" data-e-type=\"widget\" data-widget_type=\"spacer.default\">\n\t\t\t\t<div class=\"elementor-widget-container\">\n\t\t\t\t\t\t\t<div class=\"elementor-spacer\">\n\t\t\t<div class=\"elementor-spacer-inner\"><\/div>\n\t\t<\/div>\n\t\t\t\t\t\t<\/div>\n\t\t\t\t<\/div>\n\t\t\t\t<div class=\"elementor-element elementor-element-2075ea7 elementor-widget elementor-widget-text-editor\" data-id=\"2075ea7\" data-element_type=\"widget\" data-e-type=\"widget\" data-widget_type=\"text-editor.default\">\n\t\t\t\t<div class=\"elementor-widget-container\">\n\t\t\t\t\t\t\t\t\t<p><span style=\"color: #ffffff\"><a style=\"color: #ffffff\" href=\"https:\/\/www2.unifap.br\/ouvidoria\/fale-com-a-ouvidoria\/\">Ouvidoria<\/a><\/span><\/p><p><span style=\"color: #ffffff\"><a style=\"color: #ffffff\" href=\"https:\/\/www2.unifap.br\/editora\/\">Editora Universit\u00e1ria<\/a><\/span><\/p><p><span style=\"color: #ffffff\"><a style=\"color: #ffffff\" href=\"https:\/\/periodicos.unifap.br\/\">Portal de <span style=\"color: #ffffff\">Peri\u00f3dicos<\/span><\/a><\/span><\/p><p><span style=\"color: #ffffff\"><a style=\"color: #ffffff\" href=\"https:\/\/www2.unifap.br\/dace\/restaurante-universitario\">Restaurante Universit\u00e1rio<\/a><\/span><\/p><p>\u00a0<\/p>\t\t\t\t\t\t\t\t<\/div>\n\t\t\t\t<\/div>\n\t\t\t\t\t<\/div>\n\t\t<\/div>\n\t\t\t\t<div class=\"elementor-column elementor-col-25 elementor-top-column elementor-element elementor-element-8e598bf\" data-id=\"8e598bf\" data-element_type=\"column\" data-e-type=\"column\">\n\t\t\t<div class=\"elementor-widget-wrap elementor-element-populated\">\n\t\t\t\t\t\t<div class=\"elementor-element elementor-element-8dea364 elementor-widget elementor-widget-heading\" data-id=\"8dea364\" data-element_type=\"widget\" data-e-type=\"widget\" data-widget_type=\"heading.default\">\n\t\t\t\t<div class=\"elementor-widget-container\">\n\t\t\t\t\t<h2 class=\"elementor-heading-title elementor-size-default\">Sistemas<\/h2>\t\t\t\t<\/div>\n\t\t\t\t<\/div>\n\t\t\t\t<div class=\"elementor-element elementor-element-32f8846 elementor-widget elementor-widget-text-editor\" data-id=\"32f8846\" data-element_type=\"widget\" data-e-type=\"widget\" data-widget_type=\"text-editor.default\">\n\t\t\t\t<div class=\"elementor-widget-container\">\n\t\t\t\t\t\t\t\t\t<p><span style=\"color: #ffffff\"><a style=\"color: #ffffff\" href=\"https:\/\/sigaa.unifap.br\/sigaa\/public\/home.jsf\">SIGAA<\/a><\/span><\/p><p><span style=\"color: #ffffff\"><a style=\"color: #ffffff\" href=\"https:\/\/sipac.unifap.br\/public\/jsp\/portal.jsf\">SIPAC<\/a><\/span><\/p><p><span style=\"color: #ffffff\"><a style=\"color: #ffffff\" href=\"https:\/\/sigrh.unifap.br\/sigrh\/public\/home.jsf\">SIGRH<\/a><\/span><\/p><p><span style=\"color: #ffffff\"><a style=\"color: #ffffff\" href=\"https:\/\/suportenti.unifap.br\/\">Suporte NTI<\/a><\/span><\/p>\t\t\t\t\t\t\t\t<\/div>\n\t\t\t\t<\/div>\n\t\t\t\t\t<\/div>\n\t\t<\/div>\n\t\t\t\t<div class=\"elementor-column elementor-col-25 elementor-top-column elementor-element elementor-element-5f0dadc\" data-id=\"5f0dadc\" data-element_type=\"column\" data-e-type=\"column\">\n\t\t\t<div class=\"elementor-widget-wrap elementor-element-populated\">\n\t\t\t\t\t\t<div class=\"elementor-element elementor-element-ceea414 elementor-widget elementor-widget-image\" data-id=\"ceea414\" data-element_type=\"widget\" data-e-type=\"widget\" data-widget_type=\"image.default\">\n\t\t\t\t<div class=\"elementor-widget-container\">\n\t\t\t\t\t\t\t\t\t\t\t\t<figure class=\"wp-caption\">\n\t\t\t\t\t\t\t\t\t\t<img decoding=\"async\" width=\"92\" height=\"150\" src=\"https:\/\/www2.unifap.br\/dcbs\/files\/2022\/04\/logo-oficial-unifap4.png\" class=\"attachment-thumbnail size-thumbnail wp-image-722\" alt=\"\" \/>\t\t\t\t\t\t\t\t\t\t\t<figcaption class=\"widget-image-caption wp-caption-text\">Universidade Federal do Amap\u00e1 - UNIFAP                                              <\/figcaption>\n\t\t\t\t\t\t\t\t\t\t<\/figure>\n\t\t\t\t\t\t\t\t\t<\/div>\n\t\t\t\t<\/div>\n\t\t\t\t<div class=\"elementor-element elementor-element-071d02c elementor-widget elementor-widget-spacer\" data-id=\"071d02c\" data-element_type=\"widget\" data-e-type=\"widget\" data-widget_type=\"spacer.default\">\n\t\t\t\t<div class=\"elementor-widget-container\">\n\t\t\t\t\t\t\t<div class=\"elementor-spacer\">\n\t\t\t<div class=\"elementor-spacer-inner\"><\/div>\n\t\t<\/div>\n\t\t\t\t\t\t<\/div>\n\t\t\t\t<\/div>\n\t\t\t\t\t<\/div>\n\t\t<\/div>\n\t\t\t\t\t<\/div>\n\t\t<\/section>\n\t\t\t\t<\/div>\n\t\t","protected":false},"excerpt":{"rendered":"<p>Conhe\u00e7a o Plano Diretor Participativo ! Um projeto que visa a Universidade atual e futura, refletindo sempre acerca do Campus que temos hoje e do Campus que queremos para os pr\u00f3ximos 15 anos! Uma universidade, pelas suas dimens\u00f5es e quantidade de atividades e pessoas que recebe diariamente, precisa receber um tratamento similar ao que se&#8230;<\/p>\n","protected":false},"author":3960,"featured_media":0,"parent":0,"menu_order":0,"comment_status":"closed","ping_status":"closed","template":"elementor_header_footer","meta":{"inline_featured_image":false,"site-sidebar-layout":"default","site-content-layout":"","ast-site-content-layout":"default","site-content-style":"default","site-sidebar-style":"default","ast-global-header-display":"","ast-banner-title-visibility":"","ast-main-header-display":"","ast-hfb-above-header-display":"","ast-hfb-below-header-display":"","ast-hfb-mobile-header-display":"","site-post-title":"","ast-breadcrumbs-content":"","ast-featured-img":"","footer-sml-layout":"","theme-transparent-header-meta":"","adv-header-id-meta":"","stick-header-meta":"","header-above-stick-meta":"","header-main-stick-meta":"","header-below-stick-meta":"","astra-migrate-meta-layouts":"default","ast-page-background-enabled":"default","ast-page-background-meta":{"desktop":{"background-color":"var(--ast-global-color-4)","background-image":"","background-repeat":"repeat","background-position":"center center","background-size":"auto","background-attachment":"scroll","background-type":"","background-media":"","overlay-type":"","overlay-color":"","overlay-opacity":"","overlay-gradient":""},"tablet":{"background-color":"","background-image":"","background-repeat":"repeat","background-position":"center center","background-size":"auto","background-attachment":"scroll","background-type":"","background-media":"","overlay-type":"","overlay-color":"","overlay-opacity":"","overlay-gradient":""},"mobile":{"background-color":"","background-image":"","background-repeat":"repeat","background-position":"center center","background-size":"auto","background-attachment":"scroll","background-type":"","background-media":"","overlay-type":"","overlay-color":"","overlay-opacity":"","overlay-gradient":""}},"ast-content-background-meta":{"desktop":{"background-color":"var(--ast-global-color-5)","background-image":"","background-repeat":"repeat","background-position":"center center","background-size":"auto","background-attachment":"scroll","background-type":"","background-media":"","overlay-type":"","overlay-color":"","overlay-opacity":"","overlay-gradient":""},"tablet":{"background-color":"var(--ast-global-color-5)","background-image":"","background-repeat":"repeat","background-position":"center center","background-size":"auto","background-attachment":"scroll","background-type":"","background-media":"","overlay-type":"","overlay-color":"","overlay-opacity":"","overlay-gradient":""},"mobile":{"background-color":"var(--ast-global-color-5)","background-image":"","background-repeat":"repeat","background-position":"center center","background-size":"auto","background-attachment":"scroll","background-type":"","background-media":"","overlay-type":"","overlay-color":"","overlay-opacity":"","overlay-gradient":""}},"footnotes":""},"class_list":["post-4413","page","type-page","status-publish","hentry"],"_links":{"self":[{"href":"https:\/\/www2.unifap.br\/dcbs\/wp-json\/wp\/v2\/pages\/4413","targetHints":{"allow":["GET"]}}],"collection":[{"href":"https:\/\/www2.unifap.br\/dcbs\/wp-json\/wp\/v2\/pages"}],"about":[{"href":"https:\/\/www2.unifap.br\/dcbs\/wp-json\/wp\/v2\/types\/page"}],"author":[{"embeddable":true,"href":"https:\/\/www2.unifap.br\/dcbs\/wp-json\/wp\/v2\/users\/3960"}],"replies":[{"embeddable":true,"href":"https:\/\/www2.unifap.br\/dcbs\/wp-json\/wp\/v2\/comments?post=4413"}],"version-history":[{"count":73,"href":"https:\/\/www2.unifap.br\/dcbs\/wp-json\/wp\/v2\/pages\/4413\/revisions"}],"predecessor-version":[{"id":6397,"href":"https:\/\/www2.unifap.br\/dcbs\/wp-json\/wp\/v2\/pages\/4413\/revisions\/6397"}],"wp:attachment":[{"href":"https:\/\/www2.unifap.br\/dcbs\/wp-json\/wp\/v2\/media?parent=4413"}],"curies":[{"name":"wp","href":"https:\/\/api.w.org\/{rel}","templated":true}]}}