{"id":6059,"date":"2022-12-15T17:21:13","date_gmt":"2022-12-15T17:21:13","guid":{"rendered":"https:\/\/www2.unifap.br\/dcbs\/?page_id=6059"},"modified":"2024-04-04T17:05:38","modified_gmt":"2024-04-04T17:05:38","slug":"5-1-direcao-dcbs","status":"publish","type":"page","link":"https:\/\/www2.unifap.br\/dcbs\/5-1-direcao-dcbs\/","title":{"rendered":"5.1 &#8211; DIRE\u00c7\u00c3O DCBS"},"content":{"rendered":"\t\t<div data-elementor-type=\"wp-page\" data-elementor-id=\"6059\" class=\"elementor elementor-6059\">\n\t\t\t\t\t\t<section class=\"elementor-section elementor-top-section elementor-element elementor-element-271de6b elementor-section-boxed elementor-section-height-default elementor-section-height-default\" data-id=\"271de6b\" data-element_type=\"section\" data-e-type=\"section\">\n\t\t\t\t\t\t<div class=\"elementor-container elementor-column-gap-default\">\n\t\t\t\t\t<div class=\"elementor-column elementor-col-100 elementor-top-column elementor-element elementor-element-0fffce2\" data-id=\"0fffce2\" data-element_type=\"column\" data-e-type=\"column\">\n\t\t\t<div class=\"elementor-widget-wrap elementor-element-populated\">\n\t\t\t\t\t\t<section class=\"elementor-section elementor-inner-section elementor-element elementor-element-5335b18 elementor-section-full_width elementor-section-content-bottom elementor-section-height-default elementor-section-height-default\" data-id=\"5335b18\" data-element_type=\"section\" data-e-type=\"section\">\n\t\t\t\t\t\t<div class=\"elementor-container elementor-column-gap-default\">\n\t\t\t\t\t<div class=\"elementor-column elementor-col-100 elementor-inner-column elementor-element elementor-element-c5086ea\" data-id=\"c5086ea\" data-element_type=\"column\" data-e-type=\"column\">\n\t\t\t<div class=\"elementor-widget-wrap elementor-element-populated\">\n\t\t\t\t\t\t<div class=\"elementor-element elementor-element-385a655 elementor-widget elementor-widget-heading\" data-id=\"385a655\" data-element_type=\"widget\" data-e-type=\"widget\" data-widget_type=\"heading.default\">\n\t\t\t\t<div class=\"elementor-widget-container\">\n\t\t\t\t\t<h2 class=\"elementor-heading-title elementor-size-default\">Dire\u00e7\u00e3o DCBS<\/h2>\t\t\t\t<\/div>\n\t\t\t\t<\/div>\n\t\t\t\t<div class=\"elementor-element elementor-element-9244ead elementor-widget__width-initial elementor-widget elementor-widget-text-editor\" data-id=\"9244ead\" data-element_type=\"widget\" data-e-type=\"widget\" data-widget_type=\"text-editor.default\">\n\t\t\t\t<div class=\"elementor-widget-container\">\n\t\t\t\t\t\t\t\t\t<blockquote><p><img decoding=\"async\" class=\"wp-image-8462 alignleft\" src=\"http:\/\/www2.unifap.br\/dcbs\/files\/2024\/04\/FOTO-SANDRA-MOTA.jpg\" alt=\"\" width=\"124\" height=\"124\" srcset=\"https:\/\/www2.unifap.br\/dcbs\/files\/2024\/04\/FOTO-SANDRA-MOTA.jpg 640w, https:\/\/www2.unifap.br\/dcbs\/files\/2024\/04\/FOTO-SANDRA-MOTA-300x300.jpg 300w, https:\/\/www2.unifap.br\/dcbs\/files\/2024\/04\/FOTO-SANDRA-MOTA-150x150.jpg 150w, https:\/\/www2.unifap.br\/dcbs\/files\/2024\/04\/FOTO-SANDRA-MOTA-600x600.jpg 600w\" sizes=\"(max-width: 124px) 100vw, 124px\" \/><\/p><p>\u00a0<\/p><p style=\"text-align: left\"><strong>Diretora:<\/strong> Sandra Mota Rodrigues (Portaria n\u00ba 2148\/2023)<br \/><strong>Email:<\/strong><span style=\"color: #3366ff\"><a style=\"color: #3366ff\" href=\"mailto:dcbs@unifap.br\">dcbs@unifap.br<\/a><\/span><\/p><p>Mestrado em Direito Ambiental e Pol\u00edticas P\u00fablicas pela Universidade Federal do Amap\u00e1 (UNIFAP). Especializa\u00e7\u00e3o em Gest\u00e3o e Doc\u00eancia no Ensino Superior pela Faculdade de Teologia e Ci\u00eancias Humanas -Amap\u00e1. Gradua\u00e7\u00e3o em Pedagogia pela UNIFAP. Trabalha na UNIFAP no cargo de T\u00e9cnica em Assuntos Educacionais. Exerceu as fun\u00e7\u00f5es: Coordenadora de Ensino de Gradua\u00e7\u00e3o, Assessora da Pr\u00f3-Reitoria de Ensino de Gradua\u00e7\u00e3o, Chefe da Divis\u00e3o de Est\u00e1gio, Ouvidora. Atualmente \u00e9 Diretora do Departamento de Ci\u00eancias Biol\u00f3gicas e da Sa\u00fade, reeleita para mandato at\u00e9 dezembro de 2025. Tem experi\u00eancia na \u00e1rea de Educa\u00e7\u00e3o, gest\u00e3o com \u00eanfase em Educa\u00e7\u00e3o.<\/p><\/blockquote><blockquote><p><img decoding=\"async\" class=\" wp-image-8460 alignleft\" src=\"http:\/\/www2.unifap.br\/dcbs\/files\/2024\/04\/FOTO-VIVIANE.jpg\" alt=\"\" width=\"103\" height=\"144\" \/><\/p><p>\u00a0<\/p><p>\u00a0<\/p><p>\u00a0<\/p><p>\u00a0<\/p><p style=\"text-align: left\"><strong>Vice-Diretora:<\/strong> Viviane Cristina Cardoso Francisco (Portaria n\u00ba 2156\/2023)<br \/><strong>Email:<\/strong><span style=\"color: #3366ff\"><a style=\"color: #3366ff\" href=\"mailto:dcbs@unifap.br\">dcbs@unifap.br<\/a><\/span><\/p><p>Gradua\u00e7\u00e3o em Enfermagem pela Universidade Federal do Mato Grosso do Sul &#8211; UFMS em 2005, doutoranda no Programa de P\u00f3s Gradua\u00e7\u00e3o em Inova\u00e7\u00e3o Farmac\u00eautica, Mestre em Ci\u00eancias da Sa\u00fade pela Universidade Federal do Amap\u00e1 &#8211; UNIFAP em 2014, Professora Adjunta do Curso de Medicina da Universidade Federal do Amap\u00e1 &#8211; UNIFAP (Campus Marco Zero), Vice-Diretora do Departamento de Ci\u00eancias Biol\u00f3gicas e da Sa\u00fade &#8211; DCBS (bi\u00eanio 2023-2025); Coordenadora do Eixo IESC &#8211; Pr\u00e1tica de Intera\u00e7\u00e3o Ensino, Servi\u00e7o e Comunidade; Coordenadora do Projeto de Extens\u00e3o Medicina no Meio do Mundo e Coordenadora Adjunta do Projeto Reviver; Especialista em Enfermagem em Urg\u00eancia e Emerg\u00eancia pela Faculdade de Medicina de S\u00e3o Jos\u00e9 do Rio Preto &#8211; FAMERP em 2008; Especialista em Doc\u00eancia no Ensino M\u00e9dio e Superior pela Funda\u00e7\u00e3o Educacional de Fernand\u00f3polis &#8211; FEF em 2009.<\/p><\/blockquote>\t\t\t\t\t\t\t\t<\/div>\n\t\t\t\t<\/div>\n\t\t\t\t\t<\/div>\n\t\t<\/div>\n\t\t\t\t\t<\/div>\n\t\t<\/section>\n\t\t\t\t\t<\/div>\n\t\t<\/div>\n\t\t\t\t\t<\/div>\n\t\t<\/section>\n\t\t\t\t<section class=\"elementor-section elementor-top-section elementor-element elementor-element-c977859 elementor-section-full_width elementor-section-height-default elementor-section-height-default\" data-id=\"c977859\" data-element_type=\"section\" data-e-type=\"section\">\n\t\t\t\t\t\t<div class=\"elementor-container elementor-column-gap-default\">\n\t\t\t\t\t<div class=\"elementor-column elementor-col-50 elementor-top-column elementor-element elementor-element-780368f\" data-id=\"780368f\" data-element_type=\"column\" data-e-type=\"column\">\n\t\t\t<div class=\"elementor-widget-wrap\">\n\t\t\t\t\t\t\t<\/div>\n\t\t<\/div>\n\t\t\t\t<div class=\"elementor-column elementor-col-50 elementor-top-column elementor-element elementor-element-f75ad9c\" data-id=\"f75ad9c\" data-element_type=\"column\" data-e-type=\"column\" data-settings=\"{&quot;background_background&quot;:&quot;classic&quot;}\">\n\t\t\t<div class=\"elementor-widget-wrap elementor-element-populated\">\n\t\t\t\t\t\t<div class=\"elementor-element elementor-element-a745f7a elementor-view-framed elementor-shape-circle elementor-widget elementor-widget-icon\" data-id=\"a745f7a\" data-element_type=\"widget\" data-e-type=\"widget\" data-widget_type=\"icon.default\">\n\t\t\t\t<div class=\"elementor-widget-container\">\n\t\t\t\t\t\t\t<div class=\"elementor-icon-wrapper\">\n\t\t\t<a class=\"elementor-icon\" href=\"https:\/\/www2.unifap.br\/dcbs\/?page_id=3937&#038;preview=true\">\n\t\t\t<i aria-hidden=\"true\" class=\"far fa-envelope\"><\/i>\t\t\t<\/a>\n\t\t<\/div>\n\t\t\t\t\t\t<\/div>\n\t\t\t\t<\/div>\n\t\t\t\t<div class=\"elementor-element elementor-element-b7490af elementor-absolute elementor-widget elementor-widget-heading\" data-id=\"b7490af\" data-element_type=\"widget\" data-e-type=\"widget\" data-settings=\"{&quot;_position&quot;:&quot;absolute&quot;}\" data-widget_type=\"heading.default\">\n\t\t\t\t<div class=\"elementor-widget-container\">\n\t\t\t\t\t<h2 class=\"elementor-heading-title elementor-size-default\"><a href=\"https:\/\/www2.unifap.br\/dcbs\/?page_id=3937&#038;preview=true\">Fale Conosco<\/a><\/h2>\t\t\t\t<\/div>\n\t\t\t\t<\/div>\n\t\t\t\t\t<\/div>\n\t\t<\/div>\n\t\t\t\t\t<\/div>\n\t\t<\/section>\n\t\t\t\t<section class=\"elementor-section elementor-top-section elementor-element elementor-element-d6cee06 elementor-section-height-min-height elementor-section-full_width elementor-section-height-default elementor-section-items-middle\" data-id=\"d6cee06\" data-element_type=\"section\" data-e-type=\"section\" data-settings=\"{&quot;background_background&quot;:&quot;classic&quot;}\">\n\t\t\t\t\t\t\t<div class=\"elementor-background-overlay\"><\/div>\n\t\t\t\t\t\t\t<div class=\"elementor-container elementor-column-gap-default\">\n\t\t\t\t\t<div class=\"elementor-column elementor-col-25 elementor-top-column elementor-element elementor-element-eacc6ff\" data-id=\"eacc6ff\" data-element_type=\"column\" data-e-type=\"column\">\n\t\t\t<div class=\"elementor-widget-wrap elementor-element-populated\">\n\t\t\t\t\t\t<div class=\"elementor-element elementor-element-9960214 elementor-widget elementor-widget-heading\" data-id=\"9960214\" data-element_type=\"widget\" data-e-type=\"widget\" data-widget_type=\"heading.default\">\n\t\t\t\t<div class=\"elementor-widget-container\">\n\t\t\t\t\t<h2 class=\"elementor-heading-title elementor-size-default\">Links<\/h2>\t\t\t\t<\/div>\n\t\t\t\t<\/div>\n\t\t\t\t<div class=\"elementor-element elementor-element-3e2c3e9 elementor-widget elementor-widget-text-editor\" data-id=\"3e2c3e9\" data-element_type=\"widget\" data-e-type=\"widget\" data-widget_type=\"text-editor.default\">\n\t\t\t\t<div class=\"elementor-widget-container\">\n\t\t\t\t\t\t\t\t\t<p><span style=\"color: #ffffff\"><a style=\"color: #ffffff\" href=\"https:\/\/sigrh.unifap.br\/sigrh\/public\/colegiados\/anexos\/Regimento_Geral_Unifap.pdf\">Regimento Geral<\/a><\/span><\/p><p><span style=\"color: #ffffff\"><a style=\"color: #ffffff\" href=\"https:\/\/www2.unifap.br\/biblioteca\/\">Biblioteca Central<\/a><\/span><\/p><p><span style=\"color: #ffffff\"><a style=\"color: #ffffff\" href=\"http:\/\/www.unifap.br\/novo-calendario-academico-e-aprovado-2\/\">Calend\u00e1rio Acad\u00eamico<\/a><\/span><\/p><p><span style=\"color: #ffffff\"><a style=\"color: #ffffff\" href=\"https:\/\/www2.unifap.br\/nai\/\">N\u00facleo de Acessibilidade e Inclus\u00e3o &#8211; NAI<\/a><\/span><\/p>\t\t\t\t\t\t\t\t<\/div>\n\t\t\t\t<\/div>\n\t\t\t\t\t<\/div>\n\t\t<\/div>\n\t\t\t\t<div class=\"elementor-column elementor-col-25 elementor-top-column elementor-element elementor-element-e5882c8\" data-id=\"e5882c8\" data-element_type=\"column\" data-e-type=\"column\">\n\t\t\t<div class=\"elementor-widget-wrap elementor-element-populated\">\n\t\t\t\t\t\t<div class=\"elementor-element elementor-element-c702ae3 elementor-widget elementor-widget-spacer\" data-id=\"c702ae3\" data-element_type=\"widget\" data-e-type=\"widget\" data-widget_type=\"spacer.default\">\n\t\t\t\t<div class=\"elementor-widget-container\">\n\t\t\t\t\t\t\t<div class=\"elementor-spacer\">\n\t\t\t<div class=\"elementor-spacer-inner\"><\/div>\n\t\t<\/div>\n\t\t\t\t\t\t<\/div>\n\t\t\t\t<\/div>\n\t\t\t\t<div class=\"elementor-element elementor-element-b401c52 elementor-widget elementor-widget-text-editor\" data-id=\"b401c52\" data-element_type=\"widget\" data-e-type=\"widget\" data-widget_type=\"text-editor.default\">\n\t\t\t\t<div class=\"elementor-widget-container\">\n\t\t\t\t\t\t\t\t\t<p><span style=\"color: #ffffff\"><a style=\"color: #ffffff\" href=\"https:\/\/www2.unifap.br\/ouvidoria\/fale-com-a-ouvidoria\/\">Ouvidoria<\/a><\/span><\/p><p><span style=\"color: #ffffff\"><a style=\"color: #ffffff\" href=\"https:\/\/www2.unifap.br\/editora\/\">Editora Universit\u00e1ria<\/a><\/span><\/p><p><span style=\"color: #ffffff\"><a style=\"color: #ffffff\" href=\"https:\/\/periodicos.unifap.br\/\">Portal de <span style=\"color: #ffffff\">Peri\u00f3dicos<\/span><\/a><\/span><\/p><p><span style=\"color: #ffffff\"><a style=\"color: #ffffff\" href=\"https:\/\/www2.unifap.br\/dace\/restaurante-universitario\">Restaurante Universit\u00e1rio<\/a><\/span><\/p><p>\u00a0<\/p>\t\t\t\t\t\t\t\t<\/div>\n\t\t\t\t<\/div>\n\t\t\t\t\t<\/div>\n\t\t<\/div>\n\t\t\t\t<div class=\"elementor-column elementor-col-25 elementor-top-column elementor-element elementor-element-f70e030\" data-id=\"f70e030\" data-element_type=\"column\" data-e-type=\"column\">\n\t\t\t<div class=\"elementor-widget-wrap elementor-element-populated\">\n\t\t\t\t\t\t<div class=\"elementor-element elementor-element-f141476 elementor-widget elementor-widget-heading\" data-id=\"f141476\" data-element_type=\"widget\" data-e-type=\"widget\" data-widget_type=\"heading.default\">\n\t\t\t\t<div class=\"elementor-widget-container\">\n\t\t\t\t\t<h2 class=\"elementor-heading-title elementor-size-default\">Sistemas<\/h2>\t\t\t\t<\/div>\n\t\t\t\t<\/div>\n\t\t\t\t<div class=\"elementor-element elementor-element-8099430 elementor-widget elementor-widget-text-editor\" data-id=\"8099430\" data-element_type=\"widget\" data-e-type=\"widget\" data-widget_type=\"text-editor.default\">\n\t\t\t\t<div class=\"elementor-widget-container\">\n\t\t\t\t\t\t\t\t\t<p><span style=\"color: #ffffff\"><a style=\"color: #ffffff\" href=\"https:\/\/sigaa.unifap.br\/sigaa\/public\/home.jsf\">SIGAA<\/a><\/span><\/p><p><span style=\"color: #ffffff\"><a style=\"color: #ffffff\" href=\"https:\/\/sipac.unifap.br\/public\/jsp\/portal.jsf\">SIPAC<\/a><\/span><\/p><p><span style=\"color: #ffffff\"><a style=\"color: #ffffff\" href=\"https:\/\/sigrh.unifap.br\/sigrh\/public\/home.jsf\">SIGRH<\/a><\/span><\/p><p><span style=\"color: #ffffff\"><a style=\"color: #ffffff\" href=\"https:\/\/suportenti.unifap.br\/\">Suporte NTI<\/a><\/span><\/p>\t\t\t\t\t\t\t\t<\/div>\n\t\t\t\t<\/div>\n\t\t\t\t\t<\/div>\n\t\t<\/div>\n\t\t\t\t<div class=\"elementor-column elementor-col-25 elementor-top-column elementor-element elementor-element-f213990\" data-id=\"f213990\" data-element_type=\"column\" data-e-type=\"column\">\n\t\t\t<div class=\"elementor-widget-wrap elementor-element-populated\">\n\t\t\t\t\t\t<div class=\"elementor-element elementor-element-cef42d7 elementor-widget elementor-widget-image\" data-id=\"cef42d7\" data-element_type=\"widget\" data-e-type=\"widget\" data-widget_type=\"image.default\">\n\t\t\t\t<div class=\"elementor-widget-container\">\n\t\t\t\t\t\t\t\t\t\t\t\t<figure class=\"wp-caption\">\n\t\t\t\t\t\t\t\t\t\t<img decoding=\"async\" width=\"92\" height=\"150\" src=\"https:\/\/www2.unifap.br\/dcbs\/files\/2022\/04\/logo-oficial-unifap4.png\" class=\"attachment-thumbnail size-thumbnail wp-image-722\" alt=\"\" \/>\t\t\t\t\t\t\t\t\t\t\t<figcaption class=\"widget-image-caption wp-caption-text\">Universidade Federal do Amap\u00e1 - UNIFAP                                              <\/figcaption>\n\t\t\t\t\t\t\t\t\t\t<\/figure>\n\t\t\t\t\t\t\t\t\t<\/div>\n\t\t\t\t<\/div>\n\t\t\t\t<div class=\"elementor-element elementor-element-6a7ee14 elementor-widget elementor-widget-spacer\" data-id=\"6a7ee14\" data-element_type=\"widget\" data-e-type=\"widget\" data-widget_type=\"spacer.default\">\n\t\t\t\t<div class=\"elementor-widget-container\">\n\t\t\t\t\t\t\t<div class=\"elementor-spacer\">\n\t\t\t<div class=\"elementor-spacer-inner\"><\/div>\n\t\t<\/div>\n\t\t\t\t\t\t<\/div>\n\t\t\t\t<\/div>\n\t\t\t\t\t<\/div>\n\t\t<\/div>\n\t\t\t\t\t<\/div>\n\t\t<\/section>\n\t\t\t\t<\/div>\n\t\t","protected":false},"excerpt":{"rendered":"<p>Dire\u00e7\u00e3o DCBS \u00a0 Diretora: Sandra Mota Rodrigues (Portaria n\u00ba 2148\/2023)Email:dcbs@unifap.br Mestrado em Direito Ambiental e Pol\u00edticas P\u00fablicas pela Universidade Federal do Amap\u00e1 (UNIFAP). Especializa\u00e7\u00e3o em Gest\u00e3o e Doc\u00eancia no Ensino Superior pela Faculdade de Teologia e Ci\u00eancias Humanas -Amap\u00e1. Gradua\u00e7\u00e3o em Pedagogia pela UNIFAP. Trabalha na UNIFAP no cargo de T\u00e9cnica em Assuntos Educacionais. Exerceu&#8230;<\/p>\n","protected":false},"author":3849,"featured_media":0,"parent":0,"menu_order":0,"comment_status":"closed","ping_status":"closed","template":"elementor_header_footer","meta":{"inline_featured_image":false,"site-sidebar-layout":"default","site-content-layout":"","ast-site-content-layout":"default","site-content-style":"default","site-sidebar-style":"default","ast-global-header-display":"","ast-banner-title-visibility":"","ast-main-header-display":"","ast-hfb-above-header-display":"","ast-hfb-below-header-display":"","ast-hfb-mobile-header-display":"","site-post-title":"","ast-breadcrumbs-content":"","ast-featured-img":"","footer-sml-layout":"","theme-transparent-header-meta":"","adv-header-id-meta":"","stick-header-meta":"","header-above-stick-meta":"","header-main-stick-meta":"","header-below-stick-meta":"","astra-migrate-meta-layouts":"default","ast-page-background-enabled":"default","ast-page-background-meta":{"desktop":{"background-color":"var(--ast-global-color-4)","background-image":"","background-repeat":"repeat","background-position":"center center","background-size":"auto","background-attachment":"scroll","background-type":"","background-media":"","overlay-type":"","overlay-color":"","overlay-opacity":"","overlay-gradient":""},"tablet":{"background-color":"","background-image":"","background-repeat":"repeat","background-position":"center center","background-size":"auto","background-attachment":"scroll","background-type":"","background-media":"","overlay-type":"","overlay-color":"","overlay-opacity":"","overlay-gradient":""},"mobile":{"background-color":"","background-image":"","background-repeat":"repeat","background-position":"center center","background-size":"auto","background-attachment":"scroll","background-type":"","background-media":"","overlay-type":"","overlay-color":"","overlay-opacity":"","overlay-gradient":""}},"ast-content-background-meta":{"desktop":{"background-color":"var(--ast-global-color-5)","background-image":"","background-repeat":"repeat","background-position":"center center","background-size":"auto","background-attachment":"scroll","background-type":"","background-media":"","overlay-type":"","overlay-color":"","overlay-opacity":"","overlay-gradient":""},"tablet":{"background-color":"var(--ast-global-color-5)","background-image":"","background-repeat":"repeat","background-position":"center center","background-size":"auto","background-attachment":"scroll","background-type":"","background-media":"","overlay-type":"","overlay-color":"","overlay-opacity":"","overlay-gradient":""},"mobile":{"background-color":"var(--ast-global-color-5)","background-image":"","background-repeat":"repeat","background-position":"center center","background-size":"auto","background-attachment":"scroll","background-type":"","background-media":"","overlay-type":"","overlay-color":"","overlay-opacity":"","overlay-gradient":""}},"footnotes":""},"class_list":["post-6059","page","type-page","status-publish","hentry"],"_links":{"self":[{"href":"https:\/\/www2.unifap.br\/dcbs\/wp-json\/wp\/v2\/pages\/6059","targetHints":{"allow":["GET"]}}],"collection":[{"href":"https:\/\/www2.unifap.br\/dcbs\/wp-json\/wp\/v2\/pages"}],"about":[{"href":"https:\/\/www2.unifap.br\/dcbs\/wp-json\/wp\/v2\/types\/page"}],"author":[{"embeddable":true,"href":"https:\/\/www2.unifap.br\/dcbs\/wp-json\/wp\/v2\/users\/3849"}],"replies":[{"embeddable":true,"href":"https:\/\/www2.unifap.br\/dcbs\/wp-json\/wp\/v2\/comments?post=6059"}],"version-history":[{"count":55,"href":"https:\/\/www2.unifap.br\/dcbs\/wp-json\/wp\/v2\/pages\/6059\/revisions"}],"predecessor-version":[{"id":8474,"href":"https:\/\/www2.unifap.br\/dcbs\/wp-json\/wp\/v2\/pages\/6059\/revisions\/8474"}],"wp:attachment":[{"href":"https:\/\/www2.unifap.br\/dcbs\/wp-json\/wp\/v2\/media?parent=6059"}],"curies":[{"name":"wp","href":"https:\/\/api.w.org\/{rel}","templated":true}]}}