{"id":1000,"date":"2017-12-12T19:54:07","date_gmt":"2017-12-12T19:54:07","guid":{"rendered":"http:\/\/www2.unifap.br\/dcet\/?page_id=1000"},"modified":"2025-10-29T13:48:27","modified_gmt":"2025-10-29T16:48:27","slug":"frequenciademonitoria","status":"publish","type":"page","link":"https:\/\/www2.unifap.br\/dcet\/portal-academico\/monitoria\/frequenciademonitoria\/","title":{"rendered":"Controle de Frequ\u00eancia"},"content":{"rendered":"\t\t<div data-elementor-type=\"wp-page\" data-elementor-id=\"1000\" class=\"elementor elementor-1000\">\n\t\t\t\t\t\t<section class=\"elementor-section elementor-top-section elementor-element elementor-element-50765af elementor-section-height-min-height elementor-section-boxed elementor-section-height-default elementor-section-items-middle\" data-id=\"50765af\" data-element_type=\"section\" data-e-type=\"section\" data-settings=\"{&quot;background_background&quot;:&quot;classic&quot;}\">\n\t\t\t\t\t\t\t<div class=\"elementor-background-overlay\"><\/div>\n\t\t\t\t\t\t\t<div class=\"elementor-container elementor-column-gap-no\">\n\t\t\t\t\t<div class=\"elementor-column elementor-col-100 elementor-top-column elementor-element elementor-element-3b97e7a\" data-id=\"3b97e7a\" data-element_type=\"column\" data-e-type=\"column\">\n\t\t\t<div class=\"elementor-widget-wrap elementor-element-populated\">\n\t\t\t\t\t\t<div class=\"elementor-element elementor-element-b5086fb elementor-widget-divider--view-line elementor-widget elementor-widget-divider\" data-id=\"b5086fb\" data-element_type=\"widget\" data-e-type=\"widget\" data-widget_type=\"divider.default\">\n\t\t\t\t<div class=\"elementor-widget-container\">\n\t\t\t\t\t\t\t<div class=\"elementor-divider\">\n\t\t\t<span class=\"elementor-divider-separator\">\n\t\t\t\t\t\t<\/span>\n\t\t<\/div>\n\t\t\t\t\t\t<\/div>\n\t\t\t\t<\/div>\n\t\t\t\t<div class=\"elementor-element elementor-element-01b31d1 elementor-widget elementor-widget-heading\" data-id=\"01b31d1\" data-element_type=\"widget\" data-e-type=\"widget\" data-widget_type=\"heading.default\">\n\t\t\t\t<div class=\"elementor-widget-container\">\n\t\t\t\t\t<h1 class=\"elementor-heading-title elementor-size-xxl\"><span style=\"font-weight: inherit\">Controle de Frequ\u00eancia<\/span><\/h1>\t\t\t\t<\/div>\n\t\t\t\t<\/div>\n\t\t\t\t\t<\/div>\n\t\t<\/div>\n\t\t\t\t\t<\/div>\n\t\t<\/section>\n\t\t\t\t<section class=\"elementor-section elementor-top-section elementor-element elementor-element-1ca76123 elementor-section-boxed elementor-section-height-default elementor-section-height-default\" data-id=\"1ca76123\" data-element_type=\"section\" data-e-type=\"section\">\n\t\t\t\t\t\t<div class=\"elementor-container elementor-column-gap-default\">\n\t\t\t\t\t<div class=\"elementor-column elementor-col-100 elementor-top-column elementor-element elementor-element-6332bb7e\" data-id=\"6332bb7e\" data-element_type=\"column\" data-e-type=\"column\">\n\t\t\t<div class=\"elementor-widget-wrap elementor-element-populated\">\n\t\t\t\t\t\t<div class=\"elementor-element elementor-element-bc357ad elementor-widget elementor-widget-spacer\" data-id=\"bc357ad\" data-element_type=\"widget\" data-e-type=\"widget\" data-widget_type=\"spacer.default\">\n\t\t\t\t<div class=\"elementor-widget-container\">\n\t\t\t\t\t\t\t<div class=\"elementor-spacer\">\n\t\t\t<div class=\"elementor-spacer-inner\"><\/div>\n\t\t<\/div>\n\t\t\t\t\t\t<\/div>\n\t\t\t\t<\/div>\n\t\t\t\t<div class=\"elementor-element elementor-element-da5b661 elementor-widget elementor-widget-text-editor\" data-id=\"da5b661\" data-element_type=\"widget\" data-e-type=\"widget\" data-widget_type=\"text-editor.default\">\n\t\t\t\t<div class=\"elementor-widget-container\">\n\t\t\t\t\t\t\t\t\t<p style=\"text-align: justify\"><span style=\"color: #000000\"><strong>Controle de frequ\u00eancia da Bolsa Monitoria 2025.2<\/strong><\/span><\/p><p style=\"font-weight: 400;text-align: justify\"><span style=\"color: #000000\">1) A frequ\u00eancia de cada m\u00eas dever\u00e1 ser registrada pelo professor-orientador do bolsista via formul\u00e1rio eletr\u00f4nico:<a href=\"https:\/\/forms.gle\/yevdHtfgDxZQPTV28\"><strong> https:\/\/forms.gle\/yevdHtfgDxZQPTV28<\/strong><\/a><\/span><\/p><p style=\"font-weight: 400;text-align: justify\"><span style=\"color: #000000\">2)\u00a0O formul\u00e1rio s\u00f3 aceita o e-mail institucional (de dom\u00ednio da Unifap).<\/span><\/p><p style=\"font-weight: 400;text-align: justify\"><span style=\"color: #000000\">3) O prazo para envio do formul\u00e1rio \u00e9 at\u00e9 o terceiro dia \u00fatil do m\u00eas seguinte ao de refer\u00eancia, conforme quadro abaixo.<\/span><\/p><table><tbody><tr><td width=\"283\"><p style=\"text-align: center\"><strong>M\u00eas de refer\u00eancia<\/strong><\/p><\/td><td style=\"text-align: center\" width=\"283\"><strong>Prazo para envio<\/strong><\/td><\/tr><tr><td width=\"283\"><p style=\"text-align: center\">Outubro<\/p><\/td><td style=\"text-align: center\" width=\"283\"><span style=\"font-weight: 400\">05\/11\/25<\/span><\/td><\/tr><tr><td width=\"283\"><p style=\"text-align: center\">Novembro<\/p><\/td><td width=\"283\"><p style=\"text-align: center\"><span style=\"font-weight: 400\">03\/12\/25<\/span><\/p><\/td><\/tr><tr><td width=\"283\"><p style=\"text-align: center\">Dezembro<\/p><\/td><td width=\"283\"><p style=\"text-align: center\"><span style=\"font-weight: 400\">07\/01\/26<\/span><\/p><\/td><\/tr><tr><td width=\"283\"><p style=\"text-align: center\">Janeiro<\/p><\/td><td width=\"283\"><p style=\"text-align: center\"><span style=\"font-weight: 400\">04\/02\/26<\/span><\/p><\/td><\/tr><tr><td style=\"text-align: center\" width=\"283\">Fevereiro<\/td><td width=\"283\"><p style=\"text-align: center\"><span style=\"font-weight: 400\">04\/03\/26<\/span><\/p><\/td><\/tr><\/tbody><\/table><p style=\"text-align: justify\"><span style=\"color: #000000\"><strong>Controle de frequ\u00eancia da Bolsa Monitoria 2025.1<\/strong><\/span><\/p><p style=\"font-weight: 400;text-align: justify\"><span style=\"color: #000000\">1) A frequ\u00eancia de cada m\u00eas dever\u00e1 ser registrada pelo professor-orientador do bolsista via formul\u00e1rio eletr\u00f4nico:<strong> <a href=\"https:\/\/forms.gle\/3UwRZ5PkK9FzUJAZ9\">https:\/\/forms.gle\/3UwRZ5PkK9FzUJAZ9<\/a>\u00a0<\/strong><\/span><\/p><p style=\"font-weight: 400;text-align: justify\"><span style=\"color: #000000\">2)\u00a0O formul\u00e1rio s\u00f3 aceita o e-mail institucional (de dom\u00ednio da Unifap).<\/span><\/p><p style=\"font-weight: 400;text-align: justify\"><span style=\"color: #000000\">3) O prazo para envio do formul\u00e1rio \u00e9 at\u00e9 o terceiro dia \u00fatil do m\u00eas seguinte ao de refer\u00eancia, conforme quadro abaixo.<\/span><\/p><table><tbody><tr><td width=\"283\"><p style=\"text-align: center\"><strong>M\u00eas de refer\u00eancia<\/strong><\/p><\/td><td style=\"text-align: center\" width=\"283\"><strong>Prazo para envio<\/strong><\/td><\/tr><tr><td width=\"283\"><p style=\"text-align: center\">Maio<\/p><\/td><td style=\"text-align: center\" width=\"283\"><span style=\"font-weight: 400\">04\/06\/25<\/span><\/td><\/tr><tr><td width=\"283\"><p style=\"text-align: center\">Junho<\/p><\/td><td width=\"283\"><p style=\"text-align: center\"><span style=\"font-weight: 400\">03\/07\/25<\/span><\/p><\/td><\/tr><tr><td width=\"283\"><p style=\"text-align: center\">Julho<\/p><\/td><td width=\"283\"><p style=\"text-align: center\"><span style=\"font-weight: 400\">05\/08\/25<\/span><\/p><\/td><\/tr><tr><td width=\"283\"><p style=\"text-align: center\">Agosto<\/p><\/td><td width=\"283\"><p style=\"text-align: center\"><span style=\"font-weight: 400\">03\/09\/25<\/span><\/p><\/td><\/tr><tr><td style=\"text-align: center\" width=\"283\">Setembro<\/td><td width=\"283\"><p style=\"text-align: center\"><span style=\"font-weight: 400\">03\/10\/25<\/span><\/p><\/td><\/tr><\/tbody><\/table><p style=\"text-align: justify\"><span style=\"color: #000000\"><strong>Controle de frequ\u00eancia da Bolsa Monitoria 2024.2<\/strong><\/span><\/p><p style=\"font-weight: 400;text-align: justify\"><span style=\"color: #000000\">1) A frequ\u00eancia de cada m\u00eas dever\u00e1 ser registrada pelo professor-orientador do bolsista via formul\u00e1rio eletr\u00f4nico:<strong> <a href=\"https:\/\/forms.gle\/3UwRZ5PkK9FzUJAZ9\">https:\/\/forms.gle\/3UwRZ5PkK9FzUJAZ9<\/a>\u00a0<\/strong><\/span><\/p><p style=\"font-weight: 400;text-align: justify\"><span style=\"color: #000000\">2)\u00a0O formul\u00e1rio s\u00f3 aceita o e-mail institucional (de dom\u00ednio da Unifap).<\/span><\/p><p style=\"font-weight: 400;text-align: justify\"><span style=\"color: #000000\">3) O prazo para envio do formul\u00e1rio \u00e9 at\u00e9 o terceiro dia \u00fatil do m\u00eas seguinte ao de refer\u00eancia, conforme quadro abaixo.<\/span><\/p><table><tbody><tr><td width=\"283\"><p style=\"text-align: center\"><strong>M\u00eas de refer\u00eancia<\/strong><\/p><\/td><td style=\"text-align: center\" width=\"283\"><strong>Prazo para envio<\/strong><\/td><\/tr><tr><td width=\"283\"><p style=\"text-align: center\">Dezembro<\/p><\/td><td style=\"text-align: center\" width=\"283\"><span style=\"font-weight: 400\">06\/01\/25<\/span><\/td><\/tr><tr><td width=\"283\"><p style=\"text-align: center\">Janeiro<\/p><\/td><td width=\"283\"><p style=\"text-align: center\"><span style=\"font-weight: 400\">05\/02\/25<\/span><\/p><\/td><\/tr><tr><td width=\"283\"><p style=\"text-align: center\">Fevereiro<\/p><\/td><td width=\"283\"><p style=\"text-align: center\"><span style=\"font-weight: 400\">10\/03\/25<\/span><\/p><\/td><\/tr><tr><td width=\"283\"><p style=\"text-align: center\">Mar\u00e7o<\/p><\/td><td width=\"283\"><p style=\"text-align: center\"><span style=\"font-weight: 400\">03\/04\/25<\/span><\/p><\/td><\/tr><tr><td style=\"text-align: center\" width=\"283\">Abril<\/td><td width=\"283\"><p style=\"text-align: center\"><span style=\"font-weight: 400\">06\/05\/25<\/span><\/p><\/td><\/tr><\/tbody><\/table><p style=\"text-align: justify\"><span style=\"color: #000000\"><strong>Controle de frequ\u00eancia da Bolsa Monitoria 2024.1<\/strong><\/span><\/p><p style=\"font-weight: 400;text-align: justify\"><span style=\"color: #000000\">1) A frequ\u00eancia de cada m\u00eas dever\u00e1 ser registrada pelo professor-orientador do bolsista via formul\u00e1rio eletr\u00f4nico: <a href=\"https:\/\/forms.gle\/79ivRUCJ2KjXyow49\"><span style=\"color: #0000ff\"><strong>https:\/\/forms.gle\/79ivRUCJ2KjXyow49<\/strong><\/span><\/a><\/span><\/p><p style=\"font-weight: 400;text-align: justify\"><span style=\"color: #000000\">2)\u00a0O formul\u00e1rio s\u00f3 aceita o e-mail institucional (de dom\u00ednio da Unifap).<\/span><\/p><p style=\"font-weight: 400;text-align: justify\"><span style=\"color: #000000\">3) O prazo para envio do formul\u00e1rio \u00e9 at\u00e9 o terceiro dia \u00fatil do m\u00eas seguinte ao de refer\u00eancia, conforme quadro abaixo.<\/span><\/p><table><tbody><tr><td width=\"283\"><p style=\"text-align: center\"><strong>M\u00eas de refer\u00eancia<\/strong><\/p><\/td><td style=\"text-align: center\" width=\"283\"><strong>Prazo para envio<\/strong><\/td><\/tr><tr><td width=\"283\"><p style=\"text-align: center\">Maio<\/p><\/td><td style=\"text-align: center\" width=\"283\"><span style=\"font-weight: 400\">05\/06\/24<\/span><\/td><\/tr><tr><td width=\"283\"><p style=\"text-align: center\">Junho<\/p><\/td><td width=\"283\"><p style=\"text-align: center\"><span style=\"font-weight: 400\">03\/07\/24<\/span><\/p><\/td><\/tr><tr><td width=\"283\"><p style=\"text-align: center\">Julho<\/p><\/td><td width=\"283\"><p style=\"text-align: center\"><span style=\"font-weight: 400\">05\/08\/24<\/span><\/p><\/td><\/tr><tr><td width=\"283\"><p style=\"text-align: center\">Agosto<\/p><\/td><td width=\"283\"><p style=\"text-align: center\"><span style=\"font-weight: 400\">04\/09\/24<\/span><\/p><\/td><\/tr><tr><td style=\"text-align: center\" width=\"283\">Setembro<\/td><td width=\"283\"><p style=\"text-align: center\"><span style=\"font-weight: 400\">03\/10\/24<\/span><\/p><\/td><\/tr><\/tbody><\/table><p style=\"text-align: justify\"><span style=\"color: #000000\"><strong>Controle de frequ\u00eancia da Bolsa Monitoria 2023.2<\/strong><\/span><\/p><p style=\"font-weight: 400;text-align: justify\"><span style=\"color: #000000\">1) A frequ\u00eancia de cada m\u00eas dever\u00e1 ser registrada pelo professor-orientador do bolsista via formul\u00e1rio eletr\u00f4nico: <a href=\"https:\/\/forms.gle\/B72Trz9ySDJqY7Fu7\"><span style=\"color: #0000ff\"><strong>https:\/\/forms.gle\/B72Trz9ySDJqY7Fu7<\/strong><\/span><\/a><\/span><\/p><p style=\"font-weight: 400;text-align: justify\"><span style=\"color: #000000\">2)\u00a0O formul\u00e1rio s\u00f3 aceita o e-mail institucional (de dom\u00ednio da Unifap).<\/span><\/p><p style=\"font-weight: 400;text-align: justify\"><span style=\"color: #000000\">3) O prazo para envio do formul\u00e1rio \u00e9 at\u00e9 o terceiro dia \u00fatil do m\u00eas seguinte ao de refer\u00eancia, conforme quadro abaixo.<\/span><\/p><table><tbody><tr><td width=\"283\"><p style=\"text-align: center\"><strong>M\u00eas de refer\u00eancia<\/strong><\/p><\/td><td style=\"text-align: center\" width=\"283\"><strong>Prazo para envio<\/strong><\/td><\/tr><tr><td width=\"283\"><p style=\"text-align: center\">Novembro<\/p><\/td><td style=\"text-align: center\" width=\"283\">05\/12\/23<\/td><\/tr><tr><td width=\"283\"><p style=\"text-align: center\">Dezembro<\/p><\/td><td width=\"283\"><p style=\"text-align: center\">04\/01\/24<\/p><\/td><\/tr><tr><td width=\"283\"><p style=\"text-align: center\">Janeiro<\/p><\/td><td width=\"283\"><p style=\"text-align: center\">05\/02\/24<\/p><\/td><\/tr><tr><td width=\"283\"><p style=\"text-align: center\">Fevereiro<\/p><\/td><td width=\"283\"><p style=\"text-align: center\">05\/03\/24<\/p><\/td><\/tr><tr><td style=\"text-align: center\" width=\"283\">Mar\u00e7o<\/td><td width=\"283\"><p style=\"text-align: center\">03\/04\/24<\/p><\/td><\/tr><\/tbody><\/table><p style=\"text-align: justify\"><span style=\"color: #000000\"><strong>Controle de frequ\u00eancia da Bolsa Monitoria 2023.1<\/strong><\/span><\/p><p style=\"font-weight: 400;text-align: justify\"><span style=\"color: #000000\">1) A frequ\u00eancia de cada m\u00eas dever\u00e1 ser registrada pelo professor-orientador do bolsista via formul\u00e1rio eletr\u00f4nico: <span style=\"color: #0000ff\"><strong><a style=\"color: #0000ff\" href=\"https:\/\/forms.gle\/iUHq6pYD8Xci78gR6\">https:\/\/forms.gle\/iUHq6pYD8Xci78gR6<\/a><\/strong><\/span><\/span><\/p><p style=\"font-weight: 400;text-align: justify\"><span style=\"color: #000000\">2)\u00a0O formul\u00e1rio s\u00f3 aceita o e-mail institucional (de dom\u00ednio da Unifap).<\/span><\/p><p style=\"font-weight: 400;text-align: justify\"><span style=\"color: #000000\">3) O prazo para envio do formul\u00e1rio \u00e9 at\u00e9 o terceiro dia \u00fatil do m\u00eas seguinte ao de refer\u00eancia, conforme quadro abaixo.<\/span><\/p><table><tbody><tr><td width=\"283\"><p style=\"text-align: center\"><strong>M\u00eas de refer\u00eancia<\/strong><\/p><\/td><td style=\"text-align: center\" width=\"283\"><strong>Prazo para envio<\/strong><\/td><\/tr><tr><td width=\"283\"><p style=\"text-align: center\">Junho<\/p><\/td><td style=\"text-align: center\" width=\"283\">05\/07<\/td><\/tr><tr><td width=\"283\"><p style=\"text-align: center\">Julho<\/p><\/td><td width=\"283\"><p style=\"text-align: center\">03\/08<\/p><\/td><\/tr><tr><td width=\"283\"><p style=\"text-align: center\">Agosto<\/p><\/td><td width=\"283\"><p style=\"text-align: center\">05\/09<\/p><\/td><\/tr><tr><td width=\"283\"><p style=\"text-align: center\">Setembro<\/p><\/td><td width=\"283\"><p style=\"text-align: center\">04\/10<\/p><\/td><\/tr><tr><td style=\"text-align: center\" width=\"283\">Outubro<\/td><td width=\"283\"><p style=\"text-align: center\">03\/11<\/p><\/td><\/tr><\/tbody><\/table><p style=\"text-align: justify\"><span style=\"color: #000000\"><strong>Controle de frequ\u00eancia da Bolsa Monitoria 2022.2<\/strong><\/span><\/p><p style=\"font-weight: 400;text-align: justify\"><span style=\"color: #000000\">1) A frequ\u00eancia de cada m\u00eas dever\u00e1 ser registrada pelo professor-orientador do bolsista via formul\u00e1rio eletr\u00f4nico: <span style=\"color: #0000ff\"><strong><a style=\"color: #0000ff\" href=\"https:\/\/forms.gle\/ZPPHMj2fB5eLDNsdA\">https:\/\/forms.gle\/ZPPHMj2fB5eLDNsdA<\/a><\/strong><\/span><\/span><\/p><p style=\"font-weight: 400;text-align: justify\"><span style=\"color: #000000\">2)\u00a0O formul\u00e1rio s\u00f3 aceita o e-mail institucional (de dom\u00ednio da Unifap).<\/span><\/p><p style=\"font-weight: 400;text-align: justify\"><span style=\"color: #000000\">3) O prazo para envio do formul\u00e1rio \u00e9 at\u00e9 o terceiro dia \u00fatil do m\u00eas seguinte ao de refer\u00eancia, conforme quadro abaixo.<\/span><\/p><table><tbody><tr><td width=\"283\"><p style=\"text-align: center\"><strong>M\u00eas de refer\u00eancia<\/strong><\/p><\/td><td style=\"text-align: center\" width=\"283\"><strong>Prazo para envio<\/strong><\/td><\/tr><tr><td width=\"283\"><p style=\"text-align: center\">Janeiro<\/p><\/td><td style=\"text-align: center\" width=\"283\">03\/02<\/td><\/tr><tr><td width=\"283\"><p style=\"text-align: center\">Fevereiro<\/p><\/td><td width=\"283\"><p style=\"text-align: center\">03\/03<\/p><\/td><\/tr><tr><td width=\"283\"><p style=\"text-align: center\">Mar\u00e7o<\/p><\/td><td width=\"283\"><p style=\"text-align: center\">05\/04<\/p><\/td><\/tr><tr><td width=\"283\"><p style=\"text-align: center\">Abril<\/p><\/td><td width=\"283\"><p style=\"text-align: center\">04\/05<\/p><\/td><\/tr><tr><td style=\"text-align: center\" width=\"283\">Maio<\/td><td width=\"283\"><p style=\"text-align: center\">05\/06<\/p><\/td><\/tr><\/tbody><\/table>\t\t\t\t\t\t\t\t<\/div>\n\t\t\t\t<\/div>\n\t\t\t\t\t<\/div>\n\t\t<\/div>\n\t\t\t\t\t<\/div>\n\t\t<\/section>\n\t\t\t\t<\/div>\n\t\t","protected":false},"excerpt":{"rendered":"<p>Controle de Frequ\u00eancia Controle de frequ\u00eancia da Bolsa Monitoria 2025.2 1) A frequ\u00eancia de cada m\u00eas dever\u00e1 ser registrada pelo professor-orientador do bolsista via formul\u00e1rio eletr\u00f4nico: https:\/\/forms.gle\/yevdHtfgDxZQPTV28 2)\u00a0O formul\u00e1rio s\u00f3 aceita o e-mail institucional (de dom\u00ednio da Unifap). 3) O prazo para envio do formul\u00e1rio \u00e9 at\u00e9 o terceiro dia \u00fatil do m\u00eas seguinte ao&#8230;<\/p>\n","protected":false},"author":521,"featured_media":0,"parent":9612,"menu_order":0,"comment_status":"open","ping_status":"open","template":"elementor_header_footer","meta":{"inline_featured_image":false,"site-sidebar-layout":"default","site-content-layout":"","ast-site-content-layout":"default","site-content-style":"default","site-sidebar-style":"default","ast-global-header-display":"","ast-banner-title-visibility":"","ast-main-header-display":"","ast-hfb-above-header-display":"","ast-hfb-below-header-display":"","ast-hfb-mobile-header-display":"","site-post-title":"","ast-breadcrumbs-content":"","ast-featured-img":"","footer-sml-layout":"","theme-transparent-header-meta":"default","adv-header-id-meta":"","stick-header-meta":"","header-above-stick-meta":"","header-main-stick-meta":"","header-below-stick-meta":"","astra-migrate-meta-layouts":"set","ast-page-background-enabled":"default","ast-page-background-meta":{"desktop":{"background-color":"var(--ast-global-color-4)","background-image":"","background-repeat":"repeat","background-position":"center center","background-size":"auto","background-attachment":"scroll","background-type":"","background-media":"","overlay-type":"","overlay-color":"","overlay-opacity":"","overlay-gradient":""},"tablet":{"background-color":"","background-image":"","background-repeat":"repeat","background-position":"center center","background-size":"auto","background-attachment":"scroll","background-type":"","background-media":"","overlay-type":"","overlay-color":"","overlay-opacity":"","overlay-gradient":""},"mobile":{"background-color":"","background-image":"","background-repeat":"repeat","background-position":"center center","background-size":"auto","background-attachment":"scroll","background-type":"","background-media":"","overlay-type":"","overlay-color":"","overlay-opacity":"","overlay-gradient":""}},"ast-content-background-meta":{"desktop":{"background-color":"var(--ast-global-color-5)","background-image":"","background-repeat":"repeat","background-position":"center center","background-size":"auto","background-attachment":"scroll","background-type":"","background-media":"","overlay-type":"","overlay-color":"","overlay-opacity":"","overlay-gradient":""},"tablet":{"background-color":"var(--ast-global-color-5)","background-image":"","background-repeat":"repeat","background-position":"center center","background-size":"auto","background-attachment":"scroll","background-type":"","background-media":"","overlay-type":"","overlay-color":"","overlay-opacity":"","overlay-gradient":""},"mobile":{"background-color":"var(--ast-global-color-5)","background-image":"","background-repeat":"repeat","background-position":"center center","background-size":"auto","background-attachment":"scroll","background-type":"","background-media":"","overlay-type":"","overlay-color":"","overlay-opacity":"","overlay-gradient":""}},"ngg_post_thumbnail":0,"footnotes":""},"class_list":["post-1000","page","type-page","status-publish","hentry"],"_links":{"self":[{"href":"https:\/\/www2.unifap.br\/dcet\/wp-json\/wp\/v2\/pages\/1000","targetHints":{"allow":["GET"]}}],"collection":[{"href":"https:\/\/www2.unifap.br\/dcet\/wp-json\/wp\/v2\/pages"}],"about":[{"href":"https:\/\/www2.unifap.br\/dcet\/wp-json\/wp\/v2\/types\/page"}],"author":[{"embeddable":true,"href":"https:\/\/www2.unifap.br\/dcet\/wp-json\/wp\/v2\/users\/521"}],"replies":[{"embeddable":true,"href":"https:\/\/www2.unifap.br\/dcet\/wp-json\/wp\/v2\/comments?post=1000"}],"version-history":[{"count":47,"href":"https:\/\/www2.unifap.br\/dcet\/wp-json\/wp\/v2\/pages\/1000\/revisions"}],"predecessor-version":[{"id":11411,"href":"https:\/\/www2.unifap.br\/dcet\/wp-json\/wp\/v2\/pages\/1000\/revisions\/11411"}],"up":[{"embeddable":true,"href":"https:\/\/www2.unifap.br\/dcet\/wp-json\/wp\/v2\/pages\/9612"}],"wp:attachment":[{"href":"https:\/\/www2.unifap.br\/dcet\/wp-json\/wp\/v2\/media?parent=1000"}],"curies":[{"name":"wp","href":"https:\/\/api.w.org\/{rel}","templated":true}]}}