{"id":1184,"date":"2018-02-02T12:08:34","date_gmt":"2018-02-02T12:08:34","guid":{"rendered":"http:\/\/www2.unifap.br\/dcet\/?page_id=1184"},"modified":"2023-11-24T10:09:29","modified_gmt":"2023-11-24T13:09:29","slug":"portarias","status":"publish","type":"page","link":"https:\/\/www2.unifap.br\/dcet\/conselho-departamental\/portarias\/","title":{"rendered":"Portarias"},"content":{"rendered":"<p><strong><span style=\"color: #0000ff\"><a style=\"color: #0000ff\" href=\"http:\/\/www2.unifap.br\/dcet\/files\/2023\/11\/portaria_CONSELHO.pdf\">Conselho Departamental do DCET &#8211; \u00daltima atualiza\u00e7\u00e3o: 26 de setembro de 2023<\/a><\/span><\/strong><\/p>\n<p><strong><span style=\"color: #0000ff\"><a style=\"color: #0000ff\" href=\"http:\/\/www2.unifap.br\/dcet\/files\/2023\/09\/Comite-Interno-de-Infraestrutura_2023.pdf\">Comit\u00ea Interno de Infraestrutura &#8211; 2023<\/a><\/span><\/strong><\/p>\n<p><strong><span style=\"color: #0000ff\"> <a style=\"color: #0000ff\" href=\"http:\/\/www2.unifap.br\/dcet\/files\/2023\/09\/Camara-de-Extensao_2023.pdf\">C\u00e2mara de Extens\u00e3o &#8211; 2023<\/a><\/span><\/strong><\/p>\n<p><strong><span style=\"color: #0000ff\"> <a style=\"color: #0000ff\" href=\"http:\/\/www2.unifap.br\/dcet\/files\/2023\/09\/Camara-de-Ensino_2023.pdf\">C\u00e2mara de Ensino &#8211; 2023<\/a> <\/span><\/strong><\/p>\n<p><strong><span style=\"color: #0000ff\"><a style=\"color: #0000ff\" href=\"http:\/\/www2.unifap.br\/dcet\/files\/2023\/09\/Comissao-de-Criacao-e-Implantacao-da-Revista-Cientifica_2023.pdf\">Comiss\u00e3o de Cria\u00e7\u00e3o e Implanta\u00e7\u00e3o da Revista Cient\u00edfica &#8211; 2023<\/a><\/span><\/strong><\/p>\n<p><strong><span style=\"color: #0000ff\"> <a style=\"color: #0000ff\" href=\"http:\/\/www2.unifap.br\/dcet\/files\/2023\/09\/Comissao-de-Levantamento-de-Necessidade-de-Docentes_2023.pdf\">Comiss\u00e3o de Levantamento de Necessidade de Docentes &#8211; 2023<\/a><\/span><\/strong><\/p>\n<p><strong><span style=\"color: #0000ff\"><a style=\"color: #0000ff\" href=\"http:\/\/www2.unifap.br\/dcet\/files\/2023\/11\/portaria_PESQUISA.pdf\">C\u00e2mara de Pesquisa e P\u00f3s-gradua\u00e7\u00e3o &#8211; 2023<\/a><\/span><\/strong><\/p>\n","protected":false},"excerpt":{"rendered":"<p>Conselho Departamental do DCET &#8211; \u00daltima atualiza\u00e7\u00e3o: 26 de setembro de 2023 Comit\u00ea Interno de Infraestrutura &#8211; 2023 C\u00e2mara de Extens\u00e3o &#8211; 2023 C\u00e2mara de Ensino &#8211; 2023 Comiss\u00e3o de Cria\u00e7\u00e3o e Implanta\u00e7\u00e3o da Revista Cient\u00edfica &#8211; 2023 Comiss\u00e3o de Levantamento de Necessidade de Docentes &#8211; 2023 C\u00e2mara de Pesquisa e P\u00f3s-gradua\u00e7\u00e3o &#8211; 2023<\/p>\n","protected":false},"author":521,"featured_media":0,"parent":1181,"menu_order":0,"comment_status":"open","ping_status":"open","template":"","meta":{"inline_featured_image":false,"site-sidebar-layout":"default","site-content-layout":"","ast-site-content-layout":"default","site-content-style":"default","site-sidebar-style":"default","ast-global-header-display":"","ast-banner-title-visibility":"","ast-main-header-display":"","ast-hfb-above-header-display":"","ast-hfb-below-header-display":"","ast-hfb-mobile-header-display":"","site-post-title":"","ast-breadcrumbs-content":"","ast-featured-img":"","footer-sml-layout":"","theme-transparent-header-meta":"","adv-header-id-meta":"","stick-header-meta":"","header-above-stick-meta":"","header-main-stick-meta":"","header-below-stick-meta":"","astra-migrate-meta-layouts":"default","ast-page-background-enabled":"default","ast-page-background-meta":{"desktop":{"background-color":"var(--ast-global-color-4)","background-image":"","background-repeat":"repeat","background-position":"center center","background-size":"auto","background-attachment":"scroll","background-type":"","background-media":"","overlay-type":"","overlay-color":"","overlay-opacity":"","overlay-gradient":""},"tablet":{"background-color":"","background-image":"","background-repeat":"repeat","background-position":"center center","background-size":"auto","background-attachment":"scroll","background-type":"","background-media":"","overlay-type":"","overlay-color":"","overlay-opacity":"","overlay-gradient":""},"mobile":{"background-color":"","background-image":"","background-repeat":"repeat","background-position":"center center","background-size":"auto","background-attachment":"scroll","background-type":"","background-media":"","overlay-type":"","overlay-color":"","overlay-opacity":"","overlay-gradient":""}},"ast-content-background-meta":{"desktop":{"background-color":"var(--ast-global-color-5)","background-image":"","background-repeat":"repeat","background-position":"center center","background-size":"auto","background-attachment":"scroll","background-type":"","background-media":"","overlay-type":"","overlay-color":"","overlay-opacity":"","overlay-gradient":""},"tablet":{"background-color":"var(--ast-global-color-5)","background-image":"","background-repeat":"repeat","background-position":"center center","background-size":"auto","background-attachment":"scroll","background-type":"","background-media":"","overlay-type":"","overlay-color":"","overlay-opacity":"","overlay-gradient":""},"mobile":{"background-color":"var(--ast-global-color-5)","background-image":"","background-repeat":"repeat","background-position":"center center","background-size":"auto","background-attachment":"scroll","background-type":"","background-media":"","overlay-type":"","overlay-color":"","overlay-opacity":"","overlay-gradient":""}},"ngg_post_thumbnail":0,"footnotes":""},"class_list":["post-1184","page","type-page","status-publish","hentry"],"_links":{"self":[{"href":"https:\/\/www2.unifap.br\/dcet\/wp-json\/wp\/v2\/pages\/1184","targetHints":{"allow":["GET"]}}],"collection":[{"href":"https:\/\/www2.unifap.br\/dcet\/wp-json\/wp\/v2\/pages"}],"about":[{"href":"https:\/\/www2.unifap.br\/dcet\/wp-json\/wp\/v2\/types\/page"}],"author":[{"embeddable":true,"href":"https:\/\/www2.unifap.br\/dcet\/wp-json\/wp\/v2\/users\/521"}],"replies":[{"embeddable":true,"href":"https:\/\/www2.unifap.br\/dcet\/wp-json\/wp\/v2\/comments?post=1184"}],"version-history":[{"count":16,"href":"https:\/\/www2.unifap.br\/dcet\/wp-json\/wp\/v2\/pages\/1184\/revisions"}],"predecessor-version":[{"id":10023,"href":"https:\/\/www2.unifap.br\/dcet\/wp-json\/wp\/v2\/pages\/1184\/revisions\/10023"}],"up":[{"embeddable":true,"href":"https:\/\/www2.unifap.br\/dcet\/wp-json\/wp\/v2\/pages\/1181"}],"wp:attachment":[{"href":"https:\/\/www2.unifap.br\/dcet\/wp-json\/wp\/v2\/media?parent=1184"}],"curies":[{"name":"wp","href":"https:\/\/api.w.org\/{rel}","templated":true}]}}