{"id":167,"date":"2014-08-05T14:40:25","date_gmt":"2014-08-05T14:40:25","guid":{"rendered":"http:\/\/www2.unifap.br\/dcet\/?page_id=167"},"modified":"2021-03-15T15:53:36","modified_gmt":"2021-03-15T18:53:36","slug":"edital-dcet-n-022014-unifap-programa-de-bolsas-de-iniciacao-cientifica","status":"publish","type":"page","link":"https:\/\/www2.unifap.br\/dcet\/editais\/editais-do-dcet\/encerrados\/edital-dcet-n-022014-unifap-programa-de-bolsas-de-iniciacao-cientifica\/","title":{"rendered":"EDITAL DCET N\u00b0 02\/2014-UNIFAP &#8211; Programa de Bolsas de Inicia\u00e7\u00e3o Cient\u00edfica"},"content":{"rendered":"<p><a href=\"http:\/\/www2.unifap.br\/dcet\/files\/2014\/08\/Resultado-Final.pdf\">Homologa\u00e7\u00e3o do Resultado Final<\/a> (27\/08\/2014)<\/p>\n<p><a href=\"http:\/\/www2.unifap.br\/dcet\/files\/2014\/08\/Resultado-Preliminar.pdf\">Resultado Preliminar<\/a>\u00a0(20\/08\/2014)<\/p>\n<p><a href=\"http:\/\/www2.unifap.br\/dcet\/files\/2014\/08\/Modelo-de-Recurso.docx\">Modelo de Recurso<\/a>\u00a0(20\/08\/2014)<\/p>\n<p><a href=\"http:\/\/www2.unifap.br\/dcet\/files\/2014\/08\/modelo_de_plano_de_trabalho.docx\">Modelo de Plano de Trabalho<\/a>\u00a0(05\/08\/2014)<\/p>\n<p><a href=\"http:\/\/www2.unifap.br\/dcet\/files\/2014\/08\/site_planilha_orientador_2009_20143.pdf\">Planilha Orientador<\/a>\u00a0(05\/08\/2014)<\/p>\n<p><a href=\"http:\/\/www2.unifap.br\/dcet\/files\/2014\/08\/EDITAL-02-2014.pdf\">Edital n\u00b0 02\/2014<\/a> (05\/08\/2014)<\/p>\n","protected":false},"excerpt":{"rendered":"<p>Homologa\u00e7\u00e3o do Resultado Final (27\/08\/2014) Resultado Preliminar\u00a0(20\/08\/2014) Modelo de Recurso\u00a0(20\/08\/2014) Modelo de Plano de Trabalho\u00a0(05\/08\/2014) Planilha Orientador\u00a0(05\/08\/2014) Edital n\u00b0 02\/2014 (05\/08\/2014)<\/p>\n","protected":false},"author":521,"featured_media":0,"parent":221,"menu_order":0,"comment_status":"open","ping_status":"open","template":"","meta":{"inline_featured_image":false,"site-sidebar-layout":"default","site-content-layout":"","ast-site-content-layout":"default","site-content-style":"default","site-sidebar-style":"default","ast-global-header-display":"","ast-banner-title-visibility":"","ast-main-header-display":"","ast-hfb-above-header-display":"","ast-hfb-below-header-display":"","ast-hfb-mobile-header-display":"","site-post-title":"","ast-breadcrumbs-content":"","ast-featured-img":"","footer-sml-layout":"","theme-transparent-header-meta":"","adv-header-id-meta":"","stick-header-meta":"","header-above-stick-meta":"","header-main-stick-meta":"","header-below-stick-meta":"","astra-migrate-meta-layouts":"default","ast-page-background-enabled":"default","ast-page-background-meta":{"desktop":{"background-color":"var(--ast-global-color-4)","background-image":"","background-repeat":"repeat","background-position":"center center","background-size":"auto","background-attachment":"scroll","background-type":"","background-media":"","overlay-type":"","overlay-color":"","overlay-opacity":"","overlay-gradient":""},"tablet":{"background-color":"","background-image":"","background-repeat":"repeat","background-position":"center center","background-size":"auto","background-attachment":"scroll","background-type":"","background-media":"","overlay-type":"","overlay-color":"","overlay-opacity":"","overlay-gradient":""},"mobile":{"background-color":"","background-image":"","background-repeat":"repeat","background-position":"center center","background-size":"auto","background-attachment":"scroll","background-type":"","background-media":"","overlay-type":"","overlay-color":"","overlay-opacity":"","overlay-gradient":""}},"ast-content-background-meta":{"desktop":{"background-color":"var(--ast-global-color-5)","background-image":"","background-repeat":"repeat","background-position":"center center","background-size":"auto","background-attachment":"scroll","background-type":"","background-media":"","overlay-type":"","overlay-color":"","overlay-opacity":"","overlay-gradient":""},"tablet":{"background-color":"var(--ast-global-color-5)","background-image":"","background-repeat":"repeat","background-position":"center center","background-size":"auto","background-attachment":"scroll","background-type":"","background-media":"","overlay-type":"","overlay-color":"","overlay-opacity":"","overlay-gradient":""},"mobile":{"background-color":"var(--ast-global-color-5)","background-image":"","background-repeat":"repeat","background-position":"center center","background-size":"auto","background-attachment":"scroll","background-type":"","background-media":"","overlay-type":"","overlay-color":"","overlay-opacity":"","overlay-gradient":""}},"ngg_post_thumbnail":0,"footnotes":""},"class_list":["post-167","page","type-page","status-publish","hentry"],"_links":{"self":[{"href":"https:\/\/www2.unifap.br\/dcet\/wp-json\/wp\/v2\/pages\/167","targetHints":{"allow":["GET"]}}],"collection":[{"href":"https:\/\/www2.unifap.br\/dcet\/wp-json\/wp\/v2\/pages"}],"about":[{"href":"https:\/\/www2.unifap.br\/dcet\/wp-json\/wp\/v2\/types\/page"}],"author":[{"embeddable":true,"href":"https:\/\/www2.unifap.br\/dcet\/wp-json\/wp\/v2\/users\/521"}],"replies":[{"embeddable":true,"href":"https:\/\/www2.unifap.br\/dcet\/wp-json\/wp\/v2\/comments?post=167"}],"version-history":[{"count":12,"href":"https:\/\/www2.unifap.br\/dcet\/wp-json\/wp\/v2\/pages\/167\/revisions"}],"predecessor-version":[{"id":248,"href":"https:\/\/www2.unifap.br\/dcet\/wp-json\/wp\/v2\/pages\/167\/revisions\/248"}],"up":[{"embeddable":true,"href":"https:\/\/www2.unifap.br\/dcet\/wp-json\/wp\/v2\/pages\/221"}],"wp:attachment":[{"href":"https:\/\/www2.unifap.br\/dcet\/wp-json\/wp\/v2\/media?parent=167"}],"curies":[{"name":"wp","href":"https:\/\/api.w.org\/{rel}","templated":true}]}}