{"id":3279,"date":"2019-08-12T20:05:02","date_gmt":"2019-08-12T23:05:02","guid":{"rendered":"http:\/\/www2.unifap.br\/dcet\/?page_id=3279"},"modified":"2021-03-15T15:53:36","modified_gmt":"2021-03-15T18:53:36","slug":"edital-n-08-2019_voluntaria","status":"publish","type":"page","link":"https:\/\/www2.unifap.br\/dcet\/editais\/editais-do-dcet\/em-andamento\/edital-n-08-2019_voluntaria\/","title":{"rendered":"EDITAL N\u00b0 08-2019_VOLUNT\u00c1RIA"},"content":{"rendered":"<p><strong><a href=\"http:\/\/www2.unifap.br\/dcet\/files\/2019\/08\/EDITAL-N\u00b0-08-2019_MONITORIA-VOLUNT\u00c1RIA.pdf\">EDITAL N\u00b0 08-2019_MONITORIA VOLUNT\u00c1RIA<\/a><\/strong><\/p>\n<p><strong><a href=\"http:\/\/www2.unifap.br\/dcet\/files\/2019\/08\/RETIFICA\u00c7\u00c3O-1.pdf\">RETIFICA\u00c7\u00c3O &#8211; INCLUS\u00c3O DE VAGAS &#8211; CAU<\/a><\/strong><\/p>\n<p><strong><a href=\"http:\/\/www2.unifap.br\/dcet\/files\/2019\/08\/Lista-de-Inscri\u00e7\u00f5es_VOLUNT\u00c1RIA.pdf\">Lista de Inscri\u00e7\u00f5es_VOLUNT\u00c1RIA<\/a><\/strong><\/p>\n<p><strong><a href=\"http:\/\/www2.unifap.br\/dcet\/files\/2019\/08\/RESULTADO-PROVIS\u00d3RIO-1.pdf\">RESULTADO PROVIS\u00d3RIO<\/a><\/strong><\/p>\n<p><strong><a href=\"http:\/\/www2.unifap.br\/dcet\/files\/2019\/08\/HOMOLOGA\u00c7\u00c3O-DO-RESULTADO-FINAL-1.pdf\">HOMOLOGA\u00c7\u00c3O DO RESULTADO FINAL<\/a><\/strong><\/p>\n","protected":false},"excerpt":{"rendered":"<p>EDITAL N\u00b0 08-2019_MONITORIA VOLUNT\u00c1RIA RETIFICA\u00c7\u00c3O &#8211; INCLUS\u00c3O DE VAGAS &#8211; CAU Lista de Inscri\u00e7\u00f5es_VOLUNT\u00c1RIA RESULTADO PROVIS\u00d3RIO HOMOLOGA\u00c7\u00c3O DO RESULTADO FINAL<\/p>\n","protected":false},"author":521,"featured_media":0,"parent":1946,"menu_order":0,"comment_status":"closed","ping_status":"closed","template":"","meta":{"inline_featured_image":false,"site-sidebar-layout":"default","site-content-layout":"","ast-site-content-layout":"default","site-content-style":"default","site-sidebar-style":"default","ast-global-header-display":"","ast-banner-title-visibility":"","ast-main-header-display":"","ast-hfb-above-header-display":"","ast-hfb-below-header-display":"","ast-hfb-mobile-header-display":"","site-post-title":"","ast-breadcrumbs-content":"","ast-featured-img":"","footer-sml-layout":"","theme-transparent-header-meta":"","adv-header-id-meta":"","stick-header-meta":"","header-above-stick-meta":"","header-main-stick-meta":"","header-below-stick-meta":"","astra-migrate-meta-layouts":"default","ast-page-background-enabled":"default","ast-page-background-meta":{"desktop":{"background-color":"var(--ast-global-color-4)","background-image":"","background-repeat":"repeat","background-position":"center center","background-size":"auto","background-attachment":"scroll","background-type":"","background-media":"","overlay-type":"","overlay-color":"","overlay-opacity":"","overlay-gradient":""},"tablet":{"background-color":"","background-image":"","background-repeat":"repeat","background-position":"center center","background-size":"auto","background-attachment":"scroll","background-type":"","background-media":"","overlay-type":"","overlay-color":"","overlay-opacity":"","overlay-gradient":""},"mobile":{"background-color":"","background-image":"","background-repeat":"repeat","background-position":"center center","background-size":"auto","background-attachment":"scroll","background-type":"","background-media":"","overlay-type":"","overlay-color":"","overlay-opacity":"","overlay-gradient":""}},"ast-content-background-meta":{"desktop":{"background-color":"var(--ast-global-color-5)","background-image":"","background-repeat":"repeat","background-position":"center center","background-size":"auto","background-attachment":"scroll","background-type":"","background-media":"","overlay-type":"","overlay-color":"","overlay-opacity":"","overlay-gradient":""},"tablet":{"background-color":"var(--ast-global-color-5)","background-image":"","background-repeat":"repeat","background-position":"center center","background-size":"auto","background-attachment":"scroll","background-type":"","background-media":"","overlay-type":"","overlay-color":"","overlay-opacity":"","overlay-gradient":""},"mobile":{"background-color":"var(--ast-global-color-5)","background-image":"","background-repeat":"repeat","background-position":"center center","background-size":"auto","background-attachment":"scroll","background-type":"","background-media":"","overlay-type":"","overlay-color":"","overlay-opacity":"","overlay-gradient":""}},"ngg_post_thumbnail":0,"footnotes":""},"class_list":["post-3279","page","type-page","status-publish","hentry"],"_links":{"self":[{"href":"https:\/\/www2.unifap.br\/dcet\/wp-json\/wp\/v2\/pages\/3279","targetHints":{"allow":["GET"]}}],"collection":[{"href":"https:\/\/www2.unifap.br\/dcet\/wp-json\/wp\/v2\/pages"}],"about":[{"href":"https:\/\/www2.unifap.br\/dcet\/wp-json\/wp\/v2\/types\/page"}],"author":[{"embeddable":true,"href":"https:\/\/www2.unifap.br\/dcet\/wp-json\/wp\/v2\/users\/521"}],"replies":[{"embeddable":true,"href":"https:\/\/www2.unifap.br\/dcet\/wp-json\/wp\/v2\/comments?post=3279"}],"version-history":[{"count":8,"href":"https:\/\/www2.unifap.br\/dcet\/wp-json\/wp\/v2\/pages\/3279\/revisions"}],"predecessor-version":[{"id":3346,"href":"https:\/\/www2.unifap.br\/dcet\/wp-json\/wp\/v2\/pages\/3279\/revisions\/3346"}],"up":[{"embeddable":true,"href":"https:\/\/www2.unifap.br\/dcet\/wp-json\/wp\/v2\/pages\/1946"}],"wp:attachment":[{"href":"https:\/\/www2.unifap.br\/dcet\/wp-json\/wp\/v2\/media?parent=3279"}],"curies":[{"name":"wp","href":"https:\/\/api.w.org\/{rel}","templated":true}]}}