{"id":3388,"date":"2019-09-11T17:04:41","date_gmt":"2019-09-11T20:04:41","guid":{"rendered":"http:\/\/www2.unifap.br\/dcet\/?page_id=3388"},"modified":"2021-03-15T15:53:36","modified_gmt":"2021-03-15T18:53:36","slug":"eleicao-dcet","status":"publish","type":"page","link":"https:\/\/www2.unifap.br\/dcet\/editais\/editais-do-dcet\/em-andamento\/eleicao-dcet\/","title":{"rendered":"EDITAL N\u00b009\/2019 &#8211; Elei\u00e7\u00e3o para dirigentes do DCET"},"content":{"rendered":"<p><strong><a href=\"http:\/\/www2.unifap.br\/dcet\/files\/2019\/09\/Minuta_de_Edital_Eleicao_DCET_2019.pdf\">EDITAL N\u00b0 09\/2019 &#8211; ELEI\u00c7\u00c3O DCET<\/a><\/strong><\/p>\n<p><strong><a href=\"http:\/\/www2.unifap.br\/dcet\/files\/2019\/09\/HOMOLOGA\u00c7\u00c3O-DAS-INSCRI\u00c7\u00d5ES.pdf\">HOMOLOGA\u00c7\u00c3O DAS INSCRI\u00c7\u00d5ES<\/a><\/strong><\/p>\n<p><strong><a href=\"http:\/\/www2.unifap.br\/dcet\/files\/2019\/10\/Retifica\u00e7\u00e3o_de_Edital_Eleicao_DCET_2019.pdf\">RETIFICA\u00c7\u00c3O I<\/a><\/strong><\/p>\n<p><strong><a href=\"http:\/\/www2.unifap.br\/dcet\/files\/2019\/10\/retifica\u00e7\u00e3o-Edital_Eleicao_DCET_2019-b.pdf\">RETIFICA\u00c7\u00c3O II<\/a><\/strong><\/p>\n<p><strong><a href=\"http:\/\/www2.unifap.br\/dcet\/files\/2019\/10\/RELA\u00c7\u00c3O-DE-DISCENTES-APTOS-A-VOTAR-CURSO-DE-ENGENHARIA-CIVIL.pdf\">RELA\u00c7\u00c3O DE DISCENTES APTOS A VOTAR &#8211; CURSO DE ENGENHARIA CIVIL<\/a> <\/strong><\/p>\n<p><strong><a href=\"http:\/\/www2.unifap.br\/dcet\/files\/2019\/10\/RELA\u00c7\u00c3O-DE-DISCENTES-APTOS-A-VOTAR-CURSO-DE-ENGENHARIA-EL\u00c9TRICA.pdf\">RELA\u00c7\u00c3O DE DISCENTES APTOS A VOTAR &#8211; CURSO DE ENGENHARIA EL\u00c9TRICA<\/a> <\/strong><\/p>\n<p><strong><a href=\"http:\/\/www2.unifap.br\/dcet\/files\/2019\/10\/RELA\u00c7\u00c3O-DE-DISCENTES-APTOS-A-VOTAR-CURSO-DE-F\u00cdSICA.pdf\">RELA\u00c7\u00c3O DE DISCENTES APTOS A VOTAR &#8211; CURSO DE F\u00cdSICA<\/a> <\/strong><\/p>\n<p><strong><a href=\"http:\/\/www2.unifap.br\/dcet\/files\/2019\/10\/RELA\u00c7\u00c3O-DE-DISCENTES-APTOS-A-VOTAR-CURSO-DE-MATEM\u00c1TICA.pdf\">RELA\u00c7\u00c3O DE DISCENTES APTOS A VOTAR &#8211; CURSO DE MATEM\u00c1TICA<\/a> <\/strong><\/p>\n<p><strong><a href=\"http:\/\/www2.unifap.br\/dcet\/files\/2019\/10\/RELA\u00c7\u00c3O-DE-DISCENTES-APTOS-A-VOTAR-CURSO-DE-QU\u00cdMICA.pdf\">RELA\u00c7\u00c3O DE DISCENTES APTOS A VOTAR &#8211; CURSO DE QU\u00cdMICA<\/a> <\/strong><\/p>\n<p><strong><a href=\"http:\/\/www2.unifap.br\/dcet\/files\/2019\/10\/RELA\u00c7\u00c3O-DE-SERVIDORES-DOCENTES-APTOS-A-VOTAR.pdf\">RELA\u00c7\u00c3O DE SERVIDORES DOCENTES APTOS A VOTAR<\/a> <\/strong><\/p>\n<p><strong><a href=\"http:\/\/www2.unifap.br\/dcet\/files\/2019\/10\/RELA\u00c7\u00c3O-DE-SERVIDORES-T\u00c9CNICOS-ADMINISTRATIVOS-APTOS-A-VOTAR.pdf\">RELA\u00c7\u00c3O DE SERVIDORES T\u00c9CNICOS-ADMINISTRATIVOS APTOS A VOTAR<\/a> <\/strong><\/p>\n<p><strong><a href=\"http:\/\/www2.unifap.br\/dcet\/files\/2019\/10\/PROFMAT.pdf\">PROFMAT &#8211; Aptos a votar<\/a> <\/strong><\/p>\n<p><strong><a href=\"http:\/\/www2.unifap.br\/dcet\/files\/2019\/10\/PROFNIT.pdf\">PROFNIT &#8211; Aptos a votar<\/a><\/strong><\/p>\n<p><strong><a href=\"http:\/\/www2.unifap.br\/dcet\/files\/2019\/10\/Retifica\u00e7\u00e3o-aptos-a-votar-PROFMAT.pdf\">Retifica\u00e7\u00e3o PROFMAT &#8211; aptos a votar<\/a><\/strong><\/p>\n<p><strong><a href=\"http:\/\/www2.unifap.br\/dcet\/files\/2019\/10\/Retifica\u00e7\u00e3o-aptos-a-votar-PROFNIT.pdf\">Retifica\u00e7\u00e3o PROFNIT &#8211;&nbsp;<\/a><a href=\"http:\/\/www2.unifap.br\/dcet\/files\/2019\/10\/Retifica\u00e7\u00e3o-aptos-a-votar-PROFNIT.pdf\">aptos a votar<\/a><\/strong><\/p>\n<p><strong><a href=\"http:\/\/www2.unifap.br\/dcet\/files\/2019\/10\/RESULTADO-FINAL-ELEI\u00c7\u00c3O-DCET.pdf\">RESULTADO FINAL DA ELEI\u00c7\u00c3O PARA DIRETOR E VICE-DIRETOR DO DCET<\/a><\/strong><\/p>\n<p>&nbsp;<\/p>\n","protected":false},"excerpt":{"rendered":"<p>EDITAL N\u00b0 09\/2019 &#8211; ELEI\u00c7\u00c3O DCET HOMOLOGA\u00c7\u00c3O DAS INSCRI\u00c7\u00d5ES RETIFICA\u00c7\u00c3O I RETIFICA\u00c7\u00c3O II RELA\u00c7\u00c3O DE DISCENTES APTOS A VOTAR &#8211; CURSO DE ENGENHARIA CIVIL RELA\u00c7\u00c3O DE DISCENTES APTOS A VOTAR &#8211; CURSO DE ENGENHARIA EL\u00c9TRICA RELA\u00c7\u00c3O DE DISCENTES APTOS A VOTAR &#8211; CURSO DE F\u00cdSICA RELA\u00c7\u00c3O DE DISCENTES APTOS A VOTAR &#8211; CURSO DE MATEM\u00c1TICA&#8230;<\/p>\n","protected":false},"author":521,"featured_media":0,"parent":1946,"menu_order":0,"comment_status":"closed","ping_status":"closed","template":"","meta":{"inline_featured_image":false,"site-sidebar-layout":"default","site-content-layout":"","ast-site-content-layout":"default","site-content-style":"default","site-sidebar-style":"default","ast-global-header-display":"","ast-banner-title-visibility":"","ast-main-header-display":"","ast-hfb-above-header-display":"","ast-hfb-below-header-display":"","ast-hfb-mobile-header-display":"","site-post-title":"","ast-breadcrumbs-content":"","ast-featured-img":"","footer-sml-layout":"","theme-transparent-header-meta":"","adv-header-id-meta":"","stick-header-meta":"","header-above-stick-meta":"","header-main-stick-meta":"","header-below-stick-meta":"","astra-migrate-meta-layouts":"default","ast-page-background-enabled":"default","ast-page-background-meta":{"desktop":{"background-color":"var(--ast-global-color-4)","background-image":"","background-repeat":"repeat","background-position":"center center","background-size":"auto","background-attachment":"scroll","background-type":"","background-media":"","overlay-type":"","overlay-color":"","overlay-opacity":"","overlay-gradient":""},"tablet":{"background-color":"","background-image":"","background-repeat":"repeat","background-position":"center center","background-size":"auto","background-attachment":"scroll","background-type":"","background-media":"","overlay-type":"","overlay-color":"","overlay-opacity":"","overlay-gradient":""},"mobile":{"background-color":"","background-image":"","background-repeat":"repeat","background-position":"center center","background-size":"auto","background-attachment":"scroll","background-type":"","background-media":"","overlay-type":"","overlay-color":"","overlay-opacity":"","overlay-gradient":""}},"ast-content-background-meta":{"desktop":{"background-color":"var(--ast-global-color-5)","background-image":"","background-repeat":"repeat","background-position":"center center","background-size":"auto","background-attachment":"scroll","background-type":"","background-media":"","overlay-type":"","overlay-color":"","overlay-opacity":"","overlay-gradient":""},"tablet":{"background-color":"var(--ast-global-color-5)","background-image":"","background-repeat":"repeat","background-position":"center center","background-size":"auto","background-attachment":"scroll","background-type":"","background-media":"","overlay-type":"","overlay-color":"","overlay-opacity":"","overlay-gradient":""},"mobile":{"background-color":"var(--ast-global-color-5)","background-image":"","background-repeat":"repeat","background-position":"center center","background-size":"auto","background-attachment":"scroll","background-type":"","background-media":"","overlay-type":"","overlay-color":"","overlay-opacity":"","overlay-gradient":""}},"ngg_post_thumbnail":0,"footnotes":""},"class_list":["post-3388","page","type-page","status-publish","hentry"],"_links":{"self":[{"href":"https:\/\/www2.unifap.br\/dcet\/wp-json\/wp\/v2\/pages\/3388","targetHints":{"allow":["GET"]}}],"collection":[{"href":"https:\/\/www2.unifap.br\/dcet\/wp-json\/wp\/v2\/pages"}],"about":[{"href":"https:\/\/www2.unifap.br\/dcet\/wp-json\/wp\/v2\/types\/page"}],"author":[{"embeddable":true,"href":"https:\/\/www2.unifap.br\/dcet\/wp-json\/wp\/v2\/users\/521"}],"replies":[{"embeddable":true,"href":"https:\/\/www2.unifap.br\/dcet\/wp-json\/wp\/v2\/comments?post=3388"}],"version-history":[{"count":11,"href":"https:\/\/www2.unifap.br\/dcet\/wp-json\/wp\/v2\/pages\/3388\/revisions"}],"predecessor-version":[{"id":3511,"href":"https:\/\/www2.unifap.br\/dcet\/wp-json\/wp\/v2\/pages\/3388\/revisions\/3511"}],"up":[{"embeddable":true,"href":"https:\/\/www2.unifap.br\/dcet\/wp-json\/wp\/v2\/pages\/1946"}],"wp:attachment":[{"href":"https:\/\/www2.unifap.br\/dcet\/wp-json\/wp\/v2\/media?parent=3388"}],"curies":[{"name":"wp","href":"https:\/\/api.w.org\/{rel}","templated":true}]}}