{"id":3476,"date":"2019-10-22T18:08:28","date_gmt":"2019-10-22T21:08:28","guid":{"rendered":"http:\/\/www2.unifap.br\/dcet\/?page_id=3476"},"modified":"2021-03-15T15:53:42","modified_gmt":"2021-03-15T18:53:42","slug":"inscricoes","status":"publish","type":"page","link":"https:\/\/www2.unifap.br\/dcet\/documentos\/estagio\/inscricoes\/","title":{"rendered":"Inscri\u00e7\u00f5es para Est\u00e1gio Obrigat\u00f3rio"},"content":{"rendered":"<p style=\"text-align: center\">EDITAL DCET N\u00b0 10\/2019-UNIFAP, DE 22 DE OUTUBRO DE 2019<\/p>\n\n<div class=\"wpcf7 no-js\" id=\"wpcf7-f3469-o1\" lang=\"pt-BR\" dir=\"ltr\" data-wpcf7-id=\"3469\">\n<div class=\"screen-reader-response\"><p role=\"status\" aria-live=\"polite\" aria-atomic=\"true\"><\/p> <ul><\/ul><\/div>\n<form action=\"\/dcet\/wp-json\/wp\/v2\/pages\/3476#wpcf7-f3469-o1\" method=\"post\" class=\"wpcf7-form init\" aria-label=\"Formul\u00e1rios de contato\" enctype=\"multipart\/form-data\" novalidate=\"novalidate\" data-status=\"init\">\n<fieldset class=\"hidden-fields-container\"><input type=\"hidden\" name=\"_wpcf7\" value=\"3469\" \/><input type=\"hidden\" name=\"_wpcf7_version\" value=\"6.1\" \/><input type=\"hidden\" name=\"_wpcf7_locale\" value=\"pt_BR\" \/><input type=\"hidden\" name=\"_wpcf7_unit_tag\" value=\"wpcf7-f3469-o1\" \/><input type=\"hidden\" name=\"_wpcf7_container_post\" value=\"0\" \/><input type=\"hidden\" name=\"_wpcf7_posted_data_hash\" value=\"\" \/>\n<\/fieldset>\n<p>DADOS PESSOAIS E ACAD\u00caMICOS DO CANDIDATO\n<\/p>\n<p>Nome completo do candidato(a)<br \/>\n<span class=\"wpcf7-form-control-wrap\" data-name=\"your-nome\"><input size=\"40\" maxlength=\"400\" class=\"wpcf7-form-control wpcf7-text wpcf7-validates-as-required\" aria-required=\"true\" aria-invalid=\"false\" value=\"\" type=\"text\" name=\"your-nome\" \/><\/span>\n<\/p>\n<p>Data de nascimento<br \/>\n<span class=\"wpcf7-form-control-wrap\" data-name=\"your-nascimento\"><input size=\"40\" maxlength=\"400\" class=\"wpcf7-form-control wpcf7-text wpcf7-validates-as-required\" aria-required=\"true\" aria-invalid=\"false\" value=\"\" type=\"text\" name=\"your-nascimento\" \/><\/span>\n<\/p>\n<p>RG<br \/>\n<span class=\"wpcf7-form-control-wrap\" data-name=\"your-rg\"><input size=\"40\" maxlength=\"400\" class=\"wpcf7-form-control wpcf7-text wpcf7-validates-as-required\" aria-required=\"true\" aria-invalid=\"false\" value=\"\" type=\"text\" name=\"your-rg\" \/><\/span>\n<\/p>\n<p>CPF<br \/>\n<span class=\"wpcf7-form-control-wrap\" data-name=\"your-cpf\"><input size=\"40\" maxlength=\"400\" class=\"wpcf7-form-control wpcf7-text wpcf7-validates-as-required\" aria-required=\"true\" aria-invalid=\"false\" value=\"\" type=\"text\" name=\"your-cpf\" \/><\/span>\n<\/p>\n<p>Endere\u00e7o completo<br \/>\n<span class=\"wpcf7-form-control-wrap\" data-name=\"your-endereco\"><input size=\"40\" maxlength=\"400\" class=\"wpcf7-form-control wpcf7-text wpcf7-validates-as-required\" aria-required=\"true\" aria-invalid=\"false\" value=\"\" type=\"text\" name=\"your-endereco\" \/><\/span>\n<\/p>\n<p>Telefone<br \/>\n<span class=\"wpcf7-form-control-wrap\" data-name=\"your-telefone\"><input size=\"40\" maxlength=\"400\" class=\"wpcf7-form-control wpcf7-text wpcf7-validates-as-required\" aria-required=\"true\" aria-invalid=\"false\" value=\"\" type=\"text\" name=\"your-telefone\" \/><\/span>\n<\/p>\n<p>E-mail<br \/>\n<span class=\"wpcf7-form-control-wrap\" data-name=\"your-email\"><input size=\"40\" maxlength=\"400\" class=\"wpcf7-form-control wpcf7-email wpcf7-validates-as-required wpcf7-text wpcf7-validates-as-email\" aria-required=\"true\" aria-invalid=\"false\" value=\"\" type=\"email\" name=\"your-email\" \/><\/span>\n<\/p>\n<p>Curso<br \/>\n<span class=\"wpcf7-form-control-wrap\" data-name=\"your-curso\"><span class=\"wpcf7-form-control wpcf7-radio\"><span class=\"wpcf7-list-item first\"><label><input type=\"radio\" name=\"your-curso\" value=\"Ci\u00eancia da Computa\u00e7\u00e3o\" checked=\"checked\" \/><span class=\"wpcf7-list-item-label\">Ci\u00eancia da Computa\u00e7\u00e3o<\/span><\/label><\/span><span class=\"wpcf7-list-item\"><label><input type=\"radio\" name=\"your-curso\" value=\"Engenharia Civil\" \/><span class=\"wpcf7-list-item-label\">Engenharia Civil<\/span><\/label><\/span><span class=\"wpcf7-list-item last\"><label><input type=\"radio\" name=\"your-curso\" value=\"Engenharia El\u00e9trica\" \/><span class=\"wpcf7-list-item-label\">Engenharia El\u00e9trica<\/span><\/label><\/span><\/span><\/span>\n<\/p>\n<p>Turno<br \/>\n<span class=\"wpcf7-form-control-wrap\" data-name=\"your-turno\"><span class=\"wpcf7-form-control wpcf7-radio\"><span class=\"wpcf7-list-item first\"><label><input type=\"radio\" name=\"your-turno\" value=\"Manh\u00e3\" checked=\"checked\" \/><span class=\"wpcf7-list-item-label\">Manh\u00e3<\/span><\/label><\/span><span class=\"wpcf7-list-item\"><label><input type=\"radio\" name=\"your-turno\" value=\"Tarde\" \/><span class=\"wpcf7-list-item-label\">Tarde<\/span><\/label><\/span><span class=\"wpcf7-list-item last\"><label><input type=\"radio\" name=\"your-turno\" value=\"Noite\" \/><span class=\"wpcf7-list-item-label\">Noite<\/span><\/label><\/span><\/span><\/span>\n<\/p>\n<p>Matr\u00edcula<br \/>\n<span class=\"wpcf7-form-control-wrap\" data-name=\"your-matricula\"><input size=\"40\" maxlength=\"400\" class=\"wpcf7-form-control wpcf7-text wpcf7-validates-as-required\" aria-required=\"true\" aria-invalid=\"false\" value=\"\" type=\"text\" name=\"your-matricula\" \/><\/span>\n<\/p>\n<p>Semestre atual<br \/>\n<span class=\"wpcf7-form-control-wrap\" data-name=\"your-semestre\"><select class=\"wpcf7-form-control wpcf7-select wpcf7-validates-as-required\" aria-required=\"true\" aria-invalid=\"false\" name=\"your-semestre\"><option value=\"\">&#8212;Escolha uma op\u00e7\u00e3o&#8212;<\/option><option value=\"1\u00b0 semestre\">1\u00b0 semestre<\/option><option value=\"2\u00b0 semestre\">2\u00b0 semestre<\/option><option value=\"3\u00b0 semestre\">3\u00b0 semestre<\/option><option value=\"4\u00b0 semestre\">4\u00b0 semestre<\/option><option value=\"5\u00b0 semestre\">5\u00b0 semestre<\/option><option value=\"6\u00b0 semestre\">6\u00b0 semestre<\/option><option value=\"7\u00b0 semestre\">7\u00b0 semestre<\/option><option value=\"8\u00b0 semestre\">8\u00b0 semestre<\/option><option value=\"9\u00b0 semestre\">9\u00b0 semestre<\/option><option value=\"10\u00b0 semestre\">10\u00b0 semestre<\/option><\/select><\/span>\n<\/p>\n<p>Hor\u00e1rio dispon\u00edvel para o desenvolvimento do est\u00e1gio:<br \/>\n<span class=\"wpcf7-form-control-wrap\" data-name=\"your-turnoestagio\"><span class=\"wpcf7-form-control wpcf7-radio\"><span class=\"wpcf7-list-item first\"><label><input type=\"radio\" name=\"your-turnoestagio\" value=\"Matutino\" checked=\"checked\" \/><span class=\"wpcf7-list-item-label\">Matutino<\/span><\/label><\/span><span class=\"wpcf7-list-item last\"><label><input type=\"radio\" name=\"your-turnoestagio\" value=\"Vespertino\" \/><span class=\"wpcf7-list-item-label\">Vespertino<\/span><\/label><\/span><\/span><\/span>\n<\/p>\n<p>ANEXAR OS DOCUMENTOS COMPROBAT\u00d3RIOS\n<\/p>\n<p>Hist\u00f3rico Escolar Atualizado<br \/>\n<span class=\"wpcf7-form-control-wrap\" data-name=\"your-file-historico\"><input size=\"40\" class=\"wpcf7-form-control wpcf7-file wpcf7-validates-as-required\" accept=\".pdf\" aria-required=\"true\" aria-invalid=\"false\" type=\"file\" name=\"your-file-historico\" \/><\/span>\n<\/p>\n<p>Atestado de Matr\u00edcula<br \/>\n<span class=\"wpcf7-form-control-wrap\" data-name=\"your-file-matricula\"><input size=\"40\" class=\"wpcf7-form-control wpcf7-file wpcf7-validates-as-required\" accept=\".pdf\" aria-required=\"true\" aria-invalid=\"false\" type=\"file\" name=\"your-file-matricula\" \/><\/span>\n<\/p>\n<p>C\u00f3pia do documento oficial com foto<br \/>\n<span class=\"wpcf7-form-control-wrap\" data-name=\"your-file-documento\"><input size=\"40\" class=\"wpcf7-form-control wpcf7-file wpcf7-validates-as-required\" accept=\".pdf\" aria-required=\"true\" aria-invalid=\"false\" type=\"file\" name=\"your-file-documento\" \/><\/span>\n<\/p>\n<p>Ficha de avalia\u00e7\u00e3o preenchida e comprova\u00e7\u00f5es<br \/>\n<span class=\"wpcf7-form-control-wrap\" data-name=\"file-ficha\"><input size=\"40\" class=\"wpcf7-form-control wpcf7-file wpcf7-validates-as-required\" accept=\".pdf\" aria-required=\"true\" aria-invalid=\"false\" type=\"file\" name=\"file-ficha\" \/><\/span>\n<\/p>\n<p>DECLARA\u00c7\u00c3O - Marque para aceitar os termos da declara\u00e7\u00e3o\n<\/p>\n<p><span class=\"wpcf7-form-control-wrap\" data-name=\"acceptance-301\"><span class=\"wpcf7-form-control wpcf7-acceptance\"><span class=\"wpcf7-list-item\"><label><input type=\"checkbox\" name=\"acceptance-301\" value=\"1\" aria-invalid=\"false\" \/><span class=\"wpcf7-list-item-label\">Declaro que concordo com as condi\u00e7\u00f5es estabelecidas no Edital DCET N\u00ba10\/2019 e que disponho de 20 (vinte) horas semanais para desenvolvimento do est\u00e1gio obrigat\u00f3rio, estando ciente de que as atividades de est\u00e1gio n\u00e3o geram v\u00ednculo empregat\u00edcio com a CEA e que n\u00e3o receberei bolsa, sendo exclusivamente volunt\u00e1ria, para cumprimento da carga hor\u00e1ria de est\u00e1gio supervisionado, necess\u00e1ria para a integraliza\u00e7\u00e3o do curr\u00edculo do curso de gradua\u00e7\u00e3o.<\/span><\/label><\/span><\/span><\/span>\n<\/p>\n<p><input class=\"wpcf7-form-control wpcf7-submit has-spinner\" type=\"submit\" value=\"Enviar\" \/>\n<\/p><div class=\"wpcf7-response-output\" aria-hidden=\"true\"><\/div>\n<\/form>\n<\/div>\n\n","protected":false},"excerpt":{"rendered":"<p>EDITAL DCET N\u00b0 10\/2019-UNIFAP, DE 22 DE OUTUBRO DE 2019<\/p>\n","protected":false},"author":521,"featured_media":0,"parent":1615,"menu_order":0,"comment_status":"closed","ping_status":"closed","template":"","meta":{"inline_featured_image":false,"site-sidebar-layout":"default","site-content-layout":"","ast-site-content-layout":"default","site-content-style":"default","site-sidebar-style":"default","ast-global-header-display":"","ast-banner-title-visibility":"","ast-main-header-display":"","ast-hfb-above-header-display":"","ast-hfb-below-header-display":"","ast-hfb-mobile-header-display":"","site-post-title":"","ast-breadcrumbs-content":"","ast-featured-img":"","footer-sml-layout":"","theme-transparent-header-meta":"","adv-header-id-meta":"","stick-header-meta":"","header-above-stick-meta":"","header-main-stick-meta":"","header-below-stick-meta":"","astra-migrate-meta-layouts":"default","ast-page-background-enabled":"default","ast-page-background-meta":{"desktop":{"background-color":"var(--ast-global-color-4)","background-image":"","background-repeat":"repeat","background-position":"center center","background-size":"auto","background-attachment":"scroll","background-type":"","background-media":"","overlay-type":"","overlay-color":"","overlay-opacity":"","overlay-gradient":""},"tablet":{"background-color":"","background-image":"","background-repeat":"repeat","background-position":"center center","background-size":"auto","background-attachment":"scroll","background-type":"","background-media":"","overlay-type":"","overlay-color":"","overlay-opacity":"","overlay-gradient":""},"mobile":{"background-color":"","background-image":"","background-repeat":"repeat","background-position":"center center","background-size":"auto","background-attachment":"scroll","background-type":"","background-media":"","overlay-type":"","overlay-color":"","overlay-opacity":"","overlay-gradient":""}},"ast-content-background-meta":{"desktop":{"background-color":"var(--ast-global-color-5)","background-image":"","background-repeat":"repeat","background-position":"center center","background-size":"auto","background-attachment":"scroll","background-type":"","background-media":"","overlay-type":"","overlay-color":"","overlay-opacity":"","overlay-gradient":""},"tablet":{"background-color":"var(--ast-global-color-5)","background-image":"","background-repeat":"repeat","background-position":"center center","background-size":"auto","background-attachment":"scroll","background-type":"","background-media":"","overlay-type":"","overlay-color":"","overlay-opacity":"","overlay-gradient":""},"mobile":{"background-color":"var(--ast-global-color-5)","background-image":"","background-repeat":"repeat","background-position":"center center","background-size":"auto","background-attachment":"scroll","background-type":"","background-media":"","overlay-type":"","overlay-color":"","overlay-opacity":"","overlay-gradient":""}},"ngg_post_thumbnail":0,"footnotes":""},"class_list":["post-3476","page","type-page","status-publish","hentry"],"_links":{"self":[{"href":"https:\/\/www2.unifap.br\/dcet\/wp-json\/wp\/v2\/pages\/3476","targetHints":{"allow":["GET"]}}],"collection":[{"href":"https:\/\/www2.unifap.br\/dcet\/wp-json\/wp\/v2\/pages"}],"about":[{"href":"https:\/\/www2.unifap.br\/dcet\/wp-json\/wp\/v2\/types\/page"}],"author":[{"embeddable":true,"href":"https:\/\/www2.unifap.br\/dcet\/wp-json\/wp\/v2\/users\/521"}],"replies":[{"embeddable":true,"href":"https:\/\/www2.unifap.br\/dcet\/wp-json\/wp\/v2\/comments?post=3476"}],"version-history":[{"count":5,"href":"https:\/\/www2.unifap.br\/dcet\/wp-json\/wp\/v2\/pages\/3476\/revisions"}],"predecessor-version":[{"id":10196,"href":"https:\/\/www2.unifap.br\/dcet\/wp-json\/wp\/v2\/pages\/3476\/revisions\/10196"}],"up":[{"embeddable":true,"href":"https:\/\/www2.unifap.br\/dcet\/wp-json\/wp\/v2\/pages\/1615"}],"wp:attachment":[{"href":"https:\/\/www2.unifap.br\/dcet\/wp-json\/wp\/v2\/media?parent=3476"}],"curies":[{"name":"wp","href":"https:\/\/api.w.org\/{rel}","templated":true}]}}