{"id":970,"date":"2017-12-12T19:49:16","date_gmt":"2017-12-12T19:49:16","guid":{"rendered":"http:\/\/www2.unifap.br\/dcet\/?page_id=970"},"modified":"2022-08-21T20:55:07","modified_gmt":"2022-08-21T23:55:07","slug":"graduacao","status":"publish","type":"page","link":"https:\/\/www2.unifap.br\/dcet\/documentos\/graduacao\/","title":{"rendered":"Monitoria"},"content":{"rendered":"<p style=\"text-align: justify\"><span style=\"font-weight: 400;color: #000000\">A monitoria nos Cursos do DCET objetiva ampliar a forma\u00e7\u00e3o acad\u00eamica do aluno, possibilitando-lhe atuar de forma mais intensa e direta em uma determinada disciplina, sob orienta\u00e7\u00e3o docente. Assim, o programa visa incentivar a participa\u00e7\u00e3o do aluno nas atividades da Universidade e despert\u00e1-lo para a doc\u00eancia, a pesquisa e a extens\u00e3o, oportunizando sua capacita\u00e7\u00e3o did\u00e1tica e cient\u00edfica, bem como possibilitar integra\u00e7\u00e3o dos segmentos na Universidade.<\/span><\/p>\n<p style=\"text-align: justify\"><span style=\"font-weight: 400;color: #000000\">O DCET possui dois programas de monitoria, o Programa Bolsa Monitoria e o Programa de Monitoria Volunt\u00e1ria. A cada semestre \u00e9 publicado um edital de sele\u00e7\u00e3o para o programa com Bolsa, o qual oferece aux\u00edlio financeiro ao estudante monitor que passar pelas etapas do processo seletivo. J\u00e1 a monitoria volunt\u00e1ria n\u00e3o h\u00e1 pagamento de bolsa e o aluno \u00e9 selecionado somente por indica\u00e7\u00e3o do professor.<\/span><\/p>\n<p style=\"text-align: justify\"><span style=\"font-weight: 400;color: #000000\">Ao final da monitoria os alunos que cumprirem todos os requisitos recebem uma declara\u00e7\u00e3o de participa\u00e7\u00e3o com carga hor\u00e1ria que pode ser computada como Atividade Complementar.<\/span><\/p>\n","protected":false},"excerpt":{"rendered":"<p>A monitoria nos Cursos do DCET objetiva ampliar a forma\u00e7\u00e3o acad\u00eamica do aluno, possibilitando-lhe atuar de forma mais intensa e direta em uma determinada disciplina, sob orienta\u00e7\u00e3o docente. Assim, o programa visa incentivar a participa\u00e7\u00e3o do aluno nas atividades da Universidade e despert\u00e1-lo para a doc\u00eancia, a pesquisa e a extens\u00e3o, oportunizando sua capacita\u00e7\u00e3o did\u00e1tica&#8230;<\/p>\n","protected":false},"author":521,"featured_media":0,"parent":691,"menu_order":0,"comment_status":"open","ping_status":"open","template":"","meta":{"inline_featured_image":false,"site-sidebar-layout":"default","site-content-layout":"","ast-site-content-layout":"default","site-content-style":"default","site-sidebar-style":"default","ast-global-header-display":"","ast-banner-title-visibility":"","ast-main-header-display":"","ast-hfb-above-header-display":"","ast-hfb-below-header-display":"","ast-hfb-mobile-header-display":"","site-post-title":"","ast-breadcrumbs-content":"","ast-featured-img":"","footer-sml-layout":"","theme-transparent-header-meta":"","adv-header-id-meta":"","stick-header-meta":"","header-above-stick-meta":"","header-main-stick-meta":"","header-below-stick-meta":"","astra-migrate-meta-layouts":"default","ast-page-background-enabled":"default","ast-page-background-meta":{"desktop":{"background-color":"var(--ast-global-color-4)","background-image":"","background-repeat":"repeat","background-position":"center center","background-size":"auto","background-attachment":"scroll","background-type":"","background-media":"","overlay-type":"","overlay-color":"","overlay-opacity":"","overlay-gradient":""},"tablet":{"background-color":"","background-image":"","background-repeat":"repeat","background-position":"center center","background-size":"auto","background-attachment":"scroll","background-type":"","background-media":"","overlay-type":"","overlay-color":"","overlay-opacity":"","overlay-gradient":""},"mobile":{"background-color":"","background-image":"","background-repeat":"repeat","background-position":"center center","background-size":"auto","background-attachment":"scroll","background-type":"","background-media":"","overlay-type":"","overlay-color":"","overlay-opacity":"","overlay-gradient":""}},"ast-content-background-meta":{"desktop":{"background-color":"var(--ast-global-color-5)","background-image":"","background-repeat":"repeat","background-position":"center center","background-size":"auto","background-attachment":"scroll","background-type":"","background-media":"","overlay-type":"","overlay-color":"","overlay-opacity":"","overlay-gradient":""},"tablet":{"background-color":"var(--ast-global-color-5)","background-image":"","background-repeat":"repeat","background-position":"center center","background-size":"auto","background-attachment":"scroll","background-type":"","background-media":"","overlay-type":"","overlay-color":"","overlay-opacity":"","overlay-gradient":""},"mobile":{"background-color":"var(--ast-global-color-5)","background-image":"","background-repeat":"repeat","background-position":"center center","background-size":"auto","background-attachment":"scroll","background-type":"","background-media":"","overlay-type":"","overlay-color":"","overlay-opacity":"","overlay-gradient":""}},"ngg_post_thumbnail":0,"footnotes":""},"class_list":["post-970","page","type-page","status-publish","hentry"],"_links":{"self":[{"href":"https:\/\/www2.unifap.br\/dcet\/wp-json\/wp\/v2\/pages\/970","targetHints":{"allow":["GET"]}}],"collection":[{"href":"https:\/\/www2.unifap.br\/dcet\/wp-json\/wp\/v2\/pages"}],"about":[{"href":"https:\/\/www2.unifap.br\/dcet\/wp-json\/wp\/v2\/types\/page"}],"author":[{"embeddable":true,"href":"https:\/\/www2.unifap.br\/dcet\/wp-json\/wp\/v2\/users\/521"}],"replies":[{"embeddable":true,"href":"https:\/\/www2.unifap.br\/dcet\/wp-json\/wp\/v2\/comments?post=970"}],"version-history":[{"count":7,"href":"https:\/\/www2.unifap.br\/dcet\/wp-json\/wp\/v2\/pages\/970\/revisions"}],"predecessor-version":[{"id":7512,"href":"https:\/\/www2.unifap.br\/dcet\/wp-json\/wp\/v2\/pages\/970\/revisions\/7512"}],"up":[{"embeddable":true,"href":"https:\/\/www2.unifap.br\/dcet\/wp-json\/wp\/v2\/pages\/691"}],"wp:attachment":[{"href":"https:\/\/www2.unifap.br\/dcet\/wp-json\/wp\/v2\/media?parent=970"}],"curies":[{"name":"wp","href":"https:\/\/api.w.org\/{rel}","templated":true}]}}