{"id":546,"date":"2021-04-01T21:34:33","date_gmt":"2021-04-01T21:34:33","guid":{"rendered":"http:\/\/www2.unifap.br\/dcp\/?page_id=546"},"modified":"2021-04-05T17:42:06","modified_gmt":"2021-04-05T17:42:06","slug":"orientacoes-para-o-desenvolvimento-de-atividades-no-ensino-remoto-e-hibrido-versao-1-0","status":"publish","type":"page","link":"https:\/\/www2.unifap.br\/dcp\/orientacoes-para-o-desenvolvimento-de-atividades-no-ensino-remoto-e-hibrido-versao-1-0\/","title":{"rendered":"ORIENTA\u00c7\u00d5ES PARA O DESENVOLVIMENTO DE ATIVIDADES NO ENSINO REMOTO E H\u00cdBRIDO VERS\u00c3O 1.0"},"content":{"rendered":"<p><a href=\"http:\/\/www2.unifap.br\/dcp\/files\/2021\/04\/CAPA-DAS-ORIENTA\u00c7\u00d5ES-1.jpeg\"><img fetchpriority=\"high\" decoding=\"async\" class=\"alignleft wp-image-537 size-medium\" src=\"http:\/\/www2.unifap.br\/dcp\/files\/2021\/04\/CAPA-DAS-ORIENTA\u00c7\u00d5ES-1-212x300.jpeg\" alt=\"\" width=\"212\" height=\"300\" srcset=\"https:\/\/www2.unifap.br\/dcp\/files\/2021\/04\/CAPA-DAS-ORIENTA\u00c7\u00d5ES-1-212x300.jpeg 212w, https:\/\/www2.unifap.br\/dcp\/files\/2021\/04\/CAPA-DAS-ORIENTA\u00c7\u00d5ES-1.jpeg 705w\" sizes=\"(max-width: 212px) 100vw, 212px\" \/><\/a><\/p>\n<p><strong>A equipe da DCP participou da elabora\u00e7\u00e3o de\u00a0<span style=\"color: #0000ff\">ORIENTA\u00c7\u00d5ES PARA O DESENVOLVIMENTO DE ATIVIDADES NO ENSINO REMOTO<\/span>, efetivado durante o Per\u00edodo Letivo Suplementar ofertado pela UNIFAP.<\/strong><\/p>\n<p><strong>Neste sentido, diante da reativa\u00e7\u00e3o do Ano Letivo de 2020, em car\u00e1ter excepcional, e do Calend\u00e1rio 2020.1, 2020.2 e 2021.1, assim como da possibilidade futura de ofertar tamb\u00e9m o\u00a0<span style=\"color: #0000ff\">ENSINO H\u00cdBRIDO<\/span>, a equipe debru\u00e7ou-se novamente na atualiza\u00e7\u00e3o destas Orienta\u00e7\u00f5es, e as reorganizou com objetivo de auxiliar no processo de implementa\u00e7\u00e3o e desenvolvimento do ensino remoto e do ensino h\u00edbrido na UNIFAP.<\/strong><\/p>\n<p><strong><em>Para acessar as Orienta\u00e7\u00f5es basta clicar no link abaixo:<\/em><\/strong><\/p>\n<p><strong><a href=\"http:\/\/www2.unifap.br\/dcp\/files\/2021\/04\/ORIENTA\u00c7\u00d5ES-PARA-O-ENSINO-REMOTO_VERS\u00c3O-1.0_FINAL.pdf\">ORIENTA\u00c7\u00d5ES PARA O ENSINO REMOTO_VERS\u00c3O 1.0_FINAL<\/a><\/strong><\/p>\n<p><strong><a href=\"http:\/\/www2.unifap.br\/dcp\/files\/2021\/04\/AP\u00caNDICE-I_PLANO-DE-ENSINO-EMERGENCIAL_ADAPTADO-PARA-ATIVIDADES-REMOTAS.pdf\">AP\u00caNDICE I_PLANO DE ENSINO EMERGENCIAL_ADAPTADO PARA ATIVIDADES REMOTAS<\/a><\/strong><\/p>\n","protected":false},"excerpt":{"rendered":"<p>A equipe da DCP participou da elabora\u00e7\u00e3o de\u00a0ORIENTA\u00c7\u00d5ES PARA O DESENVOLVIMENTO DE ATIVIDADES NO ENSINO REMOTO, efetivado durante o Per\u00edodo Letivo Suplementar ofertado pela UNIFAP. Neste sentido, diante da reativa\u00e7\u00e3o do Ano Letivo de 2020, em car\u00e1ter excepcional, e do&hellip; <\/p>\n<p><a href=\"https:\/\/www2.unifap.br\/dcp\/orientacoes-para-o-desenvolvimento-de-atividades-no-ensino-remoto-e-hibrido-versao-1-0\/\" class=\"readmore-button\">Continue Reading<\/a><\/p>\n","protected":false},"author":770,"featured_media":0,"parent":0,"menu_order":0,"comment_status":"closed","ping_status":"closed","template":"","meta":{"inline_featured_image":false,"ngg_post_thumbnail":0,"footnotes":""},"class_list":["post-546","page","type-page","status-publish","hentry"],"_links":{"self":[{"href":"https:\/\/www2.unifap.br\/dcp\/wp-json\/wp\/v2\/pages\/546","targetHints":{"allow":["GET"]}}],"collection":[{"href":"https:\/\/www2.unifap.br\/dcp\/wp-json\/wp\/v2\/pages"}],"about":[{"href":"https:\/\/www2.unifap.br\/dcp\/wp-json\/wp\/v2\/types\/page"}],"author":[{"embeddable":true,"href":"https:\/\/www2.unifap.br\/dcp\/wp-json\/wp\/v2\/users\/770"}],"replies":[{"embeddable":true,"href":"https:\/\/www2.unifap.br\/dcp\/wp-json\/wp\/v2\/comments?post=546"}],"version-history":[{"count":7,"href":"https:\/\/www2.unifap.br\/dcp\/wp-json\/wp\/v2\/pages\/546\/revisions"}],"predecessor-version":[{"id":555,"href":"https:\/\/www2.unifap.br\/dcp\/wp-json\/wp\/v2\/pages\/546\/revisions\/555"}],"wp:attachment":[{"href":"https:\/\/www2.unifap.br\/dcp\/wp-json\/wp\/v2\/media?parent=546"}],"curies":[{"name":"wp","href":"https:\/\/api.w.org\/{rel}","templated":true}]}}