{"id":4080,"date":"2024-09-11T22:21:08","date_gmt":"2024-09-11T22:21:08","guid":{"rendered":"https:\/\/www2.unifap.br\/deavi\/?page_id=4080"},"modified":"2024-09-12T13:50:20","modified_gmt":"2024-09-12T13:50:20","slug":"censo","status":"publish","type":"page","link":"https:\/\/www2.unifap.br\/deavi\/censo\/","title":{"rendered":"Censo"},"content":{"rendered":"\t\t<div data-elementor-type=\"wp-page\" data-elementor-id=\"4080\" class=\"elementor elementor-4080\">\n\t\t\t\t\t\t<section class=\"elementor-section elementor-top-section elementor-element elementor-element-c39e788 elementor-section-boxed elementor-section-height-default elementor-section-height-default\" data-id=\"c39e788\" data-element_type=\"section\" data-e-type=\"section\">\n\t\t\t\t\t\t<div class=\"elementor-container elementor-column-gap-default\">\n\t\t\t\t\t<div class=\"elementor-column elementor-col-100 elementor-top-column elementor-element elementor-element-70c9620\" data-id=\"70c9620\" data-element_type=\"column\" data-e-type=\"column\">\n\t\t\t<div class=\"elementor-widget-wrap elementor-element-populated\">\n\t\t\t\t\t\t<div class=\"elementor-element elementor-element-1bf0a95 elementor-widget-divider--separator-type-pattern elementor-widget-divider--view-line elementor-widget elementor-widget-divider\" data-id=\"1bf0a95\" data-element_type=\"widget\" data-e-type=\"widget\" data-widget_type=\"divider.default\">\n\t\t\t\t<div class=\"elementor-widget-container\">\n\t\t\t\t\t\t\t<div class=\"elementor-divider\" style=\"--divider-pattern-url: url(&quot;data:image\/svg+xml,%3Csvg xmlns=&#039;http:\/\/www.w3.org\/2000\/svg&#039; preserveAspectRatio=&#039;none&#039; overflow=&#039;visible&#039; height=&#039;100%&#039; viewBox=&#039;0 0 20 16&#039; fill=&#039;none&#039; stroke=&#039;black&#039; stroke-width=&#039;1&#039; stroke-linecap=&#039;square&#039; stroke-miterlimit=&#039;10&#039;%3E%3Cg transform=&#039;translate(-12.000000, 0)&#039;%3E%3Cpath d=&#039;M28,0L10,18&#039;\/%3E%3Cpath d=&#039;M18,0L0,18&#039;\/%3E%3Cpath d=&#039;M48,0L30,18&#039;\/%3E%3Cpath d=&#039;M38,0L20,18&#039;\/%3E%3C\/g%3E%3C\/svg%3E&quot;);\">\n\t\t\t<span class=\"elementor-divider-separator\">\n\t\t\t\t\t\t<\/span>\n\t\t<\/div>\n\t\t\t\t\t\t<\/div>\n\t\t\t\t<\/div>\n\t\t\t\t\t<\/div>\n\t\t<\/div>\n\t\t\t\t\t<\/div>\n\t\t<\/section>\n\t\t\t\t<section class=\"elementor-section elementor-top-section elementor-element elementor-element-2bc472e elementor-section-boxed elementor-section-height-default elementor-section-height-default\" data-id=\"2bc472e\" data-element_type=\"section\" data-e-type=\"section\">\n\t\t\t\t\t\t<div class=\"elementor-container elementor-column-gap-default\">\n\t\t\t\t\t<div class=\"elementor-column elementor-col-100 elementor-top-column elementor-element elementor-element-9e00ba0\" data-id=\"9e00ba0\" data-element_type=\"column\" data-e-type=\"column\">\n\t\t\t<div class=\"elementor-widget-wrap elementor-element-populated\">\n\t\t\t\t\t\t<div class=\"elementor-element elementor-element-7926b19 elementor-widget elementor-widget-heading\" data-id=\"7926b19\" data-element_type=\"widget\" data-e-type=\"widget\" data-widget_type=\"heading.default\">\n\t\t\t\t<div class=\"elementor-widget-container\">\n\t\t\t\t\t<h1 class=\"elementor-heading-title elementor-size-default\">Censo da Educa\u00e7\u00e3o Superior<\/h1>\t\t\t\t<\/div>\n\t\t\t\t<\/div>\n\t\t\t\t\t<\/div>\n\t\t<\/div>\n\t\t\t\t\t<\/div>\n\t\t<\/section>\n\t\t\t\t<section class=\"elementor-section elementor-top-section elementor-element elementor-element-ea89a66 elementor-section-boxed elementor-section-height-default elementor-section-height-default\" data-id=\"ea89a66\" data-element_type=\"section\" data-e-type=\"section\">\n\t\t\t\t\t\t<div class=\"elementor-container elementor-column-gap-default\">\n\t\t\t\t\t<div class=\"elementor-column elementor-col-100 elementor-top-column elementor-element elementor-element-9a22afa\" data-id=\"9a22afa\" data-element_type=\"column\" data-e-type=\"column\">\n\t\t\t<div class=\"elementor-widget-wrap elementor-element-populated\">\n\t\t\t\t\t\t<div class=\"elementor-element elementor-element-0e759ef elementor-drop-cap-yes elementor-drop-cap-view-default elementor-widget elementor-widget-text-editor\" data-id=\"0e759ef\" data-element_type=\"widget\" data-e-type=\"widget\" data-settings=\"{&quot;drop_cap&quot;:&quot;yes&quot;}\" data-widget_type=\"text-editor.default\">\n\t\t\t\t<div class=\"elementor-widget-container\">\n\t\t\t\t\t\t\t\t\t<p>O Censo da Educa\u00e7\u00e3o Superior \u00e9 realizado pelo Instituto Nacional de Estudos e Pesquisas Educacionais An\u00edsio Teixeira (Inep), por meio da Diretoria de Estat\u00edsticas Educacionais (Deed), conforme a Lei n\u00ba 9.448\/1997. Trata-se do instrumento de pesquisa mais completo do Brasil sobre as Institui\u00e7\u00f5es de Educa\u00e7\u00e3o Superior (IES), que oferecem cursos de gradua\u00e7\u00e3o e sequenciais de forma\u00e7\u00e3o espec\u00edfica, al\u00e9m de informa\u00e7\u00f5es detalhadas sobre seus alunos e docentes. Esses dados s\u00e3o coletados pela Divis\u00e3o de Estat\u00edstica (DIEIS), que realiza a coleta, valida\u00e7\u00e3o e inser\u00e7\u00e3o dos dados no sistema, em colabora\u00e7\u00e3o com as \u00e1reas respons\u00e1veis na universidade.<\/p><p>O objetivo dessa coleta \u00e9 fornecer \u00e0 comunidade acad\u00eamica e \u00e0 sociedade em geral informa\u00e7\u00f5es detalhadas sobre as IES, incluindo seus cursos de gradua\u00e7\u00e3o e sequenciais, sejam eles presenciais ou a dist\u00e2ncia. O Censo abrange dados sobre vagas oferecidas, n\u00famero de inscritos (ou candidatos), matr\u00edculas, ingressantes, concluintes e informa\u00e7\u00f5es sobre o corpo docente, englobando diferentes formas de organiza\u00e7\u00e3o acad\u00eamica e categorias administrativas.<\/p><p>O Censo das IES desempenha um papel crucial no planejamento e na formula\u00e7\u00e3o de pol\u00edticas p\u00fablicas, j\u00e1 que os dados coletados auxiliam o Minist\u00e9rio da Educa\u00e7\u00e3o (MEC) a desenvolver pol\u00edticas mais eficazes, que atendam \u00e0s necessidades reais das institui\u00e7\u00f5es e dos estudantes. Essas informa\u00e7\u00f5es s\u00e3o utilizadas para avaliar a qualidade das IES e dos cursos oferecidos, contribuindo para a melhoria cont\u00ednua da educa\u00e7\u00e3o superior.<\/p><p>Quando alimentado com informa\u00e7\u00f5es precisas, o Censo garante a transpar\u00eancia e a credibilidade dos dados divulgados, assegurando que o MEC e outras entidades tenham uma vis\u00e3o clara da realidade das institui\u00e7\u00f5es, evitando distor\u00e7\u00f5es que possam resultar em decis\u00f5es inadequadas. Al\u00e9m disso, o Censo permite a identifica\u00e7\u00e3o de \u00e1reas que precisam de melhorias e possibilita o planejamento de estrat\u00e9gias mais eficazes. Os dados tamb\u00e9m influenciam a aloca\u00e7\u00e3o de recursos e financiamentos p\u00fablicos para as institui\u00e7\u00f5es, al\u00e9m de facilitar a capta\u00e7\u00e3o de recursos de outras fontes, como parcerias e conv\u00eanios.<\/p>\t\t\t\t\t\t\t\t<\/div>\n\t\t\t\t<\/div>\n\t\t\t\t<div class=\"elementor-element elementor-element-a1155c9 elementor-widget elementor-widget-heading\" data-id=\"a1155c9\" data-element_type=\"widget\" data-e-type=\"widget\" data-widget_type=\"heading.default\">\n\t\t\t\t<div class=\"elementor-widget-container\">\n\t\t\t\t\t<h6 class=\"elementor-heading-title elementor-size-default\">Respons\u00e1vel pelo preenchimento do Censo - Saulo Pego Justiniano da Costa<br>saulo.justiniano@unifap.br<\/h6>\t\t\t\t<\/div>\n\t\t\t\t<\/div>\n\t\t\t\t\t<\/div>\n\t\t<\/div>\n\t\t\t\t\t<\/div>\n\t\t<\/section>\n\t\t\t\t<section class=\"elementor-section elementor-top-section elementor-element elementor-element-96bb632 elementor-section-boxed elementor-section-height-default elementor-section-height-default\" data-id=\"96bb632\" data-element_type=\"section\" data-e-type=\"section\">\n\t\t\t\t\t\t<div class=\"elementor-container elementor-column-gap-default\">\n\t\t\t\t\t<div class=\"elementor-column elementor-col-100 elementor-top-column elementor-element elementor-element-9cb9927\" data-id=\"9cb9927\" data-element_type=\"column\" data-e-type=\"column\">\n\t\t\t<div class=\"elementor-widget-wrap elementor-element-populated\">\n\t\t\t\t\t\t<div class=\"elementor-element elementor-element-36b8d07 elementor-widget-divider--separator-type-pattern elementor-widget-divider--view-line elementor-widget elementor-widget-divider\" data-id=\"36b8d07\" data-element_type=\"widget\" data-e-type=\"widget\" data-widget_type=\"divider.default\">\n\t\t\t\t<div class=\"elementor-widget-container\">\n\t\t\t\t\t\t\t<div class=\"elementor-divider\" style=\"--divider-pattern-url: url(&quot;data:image\/svg+xml,%3Csvg xmlns=&#039;http:\/\/www.w3.org\/2000\/svg&#039; preserveAspectRatio=&#039;none&#039; overflow=&#039;visible&#039; height=&#039;100%&#039; viewBox=&#039;0 0 20 16&#039; fill=&#039;none&#039; stroke=&#039;black&#039; stroke-width=&#039;1&#039; stroke-linecap=&#039;square&#039; stroke-miterlimit=&#039;10&#039;%3E%3Cg transform=&#039;translate(-12.000000, 0)&#039;%3E%3Cpath d=&#039;M28,0L10,18&#039;\/%3E%3Cpath d=&#039;M18,0L0,18&#039;\/%3E%3Cpath d=&#039;M48,0L30,18&#039;\/%3E%3Cpath d=&#039;M38,0L20,18&#039;\/%3E%3C\/g%3E%3C\/svg%3E&quot;);\">\n\t\t\t<span class=\"elementor-divider-separator\">\n\t\t\t\t\t\t<\/span>\n\t\t<\/div>\n\t\t\t\t\t\t<\/div>\n\t\t\t\t<\/div>\n\t\t\t\t\t<\/div>\n\t\t<\/div>\n\t\t\t\t\t<\/div>\n\t\t<\/section>\n\t\t\t\t<section class=\"elementor-section elementor-top-section elementor-element elementor-element-6992e8e elementor-section-boxed elementor-section-height-default elementor-section-height-default\" data-id=\"6992e8e\" data-element_type=\"section\" data-e-type=\"section\">\n\t\t\t\t\t\t<div class=\"elementor-container elementor-column-gap-default\">\n\t\t\t\t\t<div class=\"elementor-column elementor-col-100 elementor-top-column elementor-element elementor-element-6786530\" data-id=\"6786530\" data-element_type=\"column\" data-e-type=\"column\">\n\t\t\t<div class=\"elementor-widget-wrap elementor-element-populated\">\n\t\t\t\t\t\t<div class=\"elementor-element elementor-element-2cc74a4 elementor-widget elementor-widget-heading\" data-id=\"2cc74a4\" data-element_type=\"widget\" data-e-type=\"widget\" data-widget_type=\"heading.default\">\n\t\t\t\t<div class=\"elementor-widget-container\">\n\t\t\t\t\t<h2 class=\"elementor-heading-title elementor-size-default\">Dados Consolidados do Censo<\/h2>\t\t\t\t<\/div>\n\t\t\t\t<\/div>\n\t\t\t\t\t<\/div>\n\t\t<\/div>\n\t\t\t\t\t<\/div>\n\t\t<\/section>\n\t\t\t\t<section class=\"elementor-section elementor-top-section elementor-element elementor-element-863d8c4 elementor-section-boxed elementor-section-height-default elementor-section-height-default\" data-id=\"863d8c4\" data-element_type=\"section\" data-e-type=\"section\">\n\t\t\t\t\t\t<div class=\"elementor-container elementor-column-gap-default\">\n\t\t\t\t\t<div class=\"elementor-column elementor-col-50 elementor-top-column elementor-element elementor-element-4625bfb\" data-id=\"4625bfb\" data-element_type=\"column\" data-e-type=\"column\">\n\t\t\t<div class=\"elementor-widget-wrap elementor-element-populated\">\n\t\t\t\t\t\t<div class=\"elementor-element elementor-element-93d106e elementor-widget elementor-widget-image\" data-id=\"93d106e\" data-element_type=\"widget\" data-e-type=\"widget\" data-widget_type=\"image.default\">\n\t\t\t\t<div class=\"elementor-widget-container\">\n\t\t\t\t\t\t\t\t\t\t\t\t\t\t\t\t<a href=\"https:\/\/www2.unifap.br\/deavi\/censo-acervo\/\">\n\t\t\t\t\t\t\t<img fetchpriority=\"high\" decoding=\"async\" width=\"851\" height=\"315\" src=\"https:\/\/www2.unifap.br\/deavi\/files\/2024\/09\/1.png\" class=\"attachment-large size-large wp-image-4096\" alt=\"\" srcset=\"https:\/\/www2.unifap.br\/deavi\/files\/2024\/09\/1.png 851w, https:\/\/www2.unifap.br\/deavi\/files\/2024\/09\/1-300x111.png 300w, https:\/\/www2.unifap.br\/deavi\/files\/2024\/09\/1-768x284.png 768w, https:\/\/www2.unifap.br\/deavi\/files\/2024\/09\/1-230x85.png 230w, https:\/\/www2.unifap.br\/deavi\/files\/2024\/09\/1-350x130.png 350w, https:\/\/www2.unifap.br\/deavi\/files\/2024\/09\/1-480x178.png 480w\" sizes=\"(max-width: 851px) 100vw, 851px\" \/>\t\t\t\t\t\t\t\t<\/a>\n\t\t\t\t\t\t\t\t\t\t\t\t\t\t\t<\/div>\n\t\t\t\t<\/div>\n\t\t\t\t<div class=\"elementor-element elementor-element-dcd4a7e elementor-widget elementor-widget-heading\" data-id=\"dcd4a7e\" data-element_type=\"widget\" data-e-type=\"widget\" data-widget_type=\"heading.default\">\n\t\t\t\t<div class=\"elementor-widget-container\">\n\t\t\t\t\t<h6 class=\"elementor-heading-title elementor-size-default\"><a href=\"https:\/\/www2.unifap.br\/deavi\/censo-acervo\/\">Click aqui para acessar os Dados do Censo at\u00e9 2020<\/a><\/h6>\t\t\t\t<\/div>\n\t\t\t\t<\/div>\n\t\t\t\t\t<\/div>\n\t\t<\/div>\n\t\t\t\t<div class=\"elementor-column elementor-col-50 elementor-top-column elementor-element elementor-element-39d290e\" data-id=\"39d290e\" data-element_type=\"column\" data-e-type=\"column\">\n\t\t\t<div class=\"elementor-widget-wrap elementor-element-populated\">\n\t\t\t\t\t\t<div class=\"elementor-element elementor-element-ea25d5f elementor-widget elementor-widget-image\" data-id=\"ea25d5f\" data-element_type=\"widget\" data-e-type=\"widget\" data-widget_type=\"image.default\">\n\t\t\t\t<div class=\"elementor-widget-container\">\n\t\t\t\t\t\t\t\t\t\t\t\t\t\t\t\t<a href=\"https:\/\/app.powerbi.com\/view?r=eyJrIjoiMzRmN2U4N2UtYTJjNy00NGY1LTkwNjYtZTNkY2RhZjZlODIzIiwidCI6ImQyM2U0N2VlLWEyMzgtNGNlMS1hYTdmLTIxYzJiZTUxN2Y5YiJ9\">\n\t\t\t\t\t\t\t<img decoding=\"async\" width=\"851\" height=\"315\" src=\"https:\/\/www2.unifap.br\/deavi\/files\/2024\/09\/2.png\" class=\"attachment-large size-large wp-image-4097\" alt=\"\" srcset=\"https:\/\/www2.unifap.br\/deavi\/files\/2024\/09\/2.png 851w, https:\/\/www2.unifap.br\/deavi\/files\/2024\/09\/2-300x111.png 300w, https:\/\/www2.unifap.br\/deavi\/files\/2024\/09\/2-768x284.png 768w, https:\/\/www2.unifap.br\/deavi\/files\/2024\/09\/2-230x85.png 230w, https:\/\/www2.unifap.br\/deavi\/files\/2024\/09\/2-350x130.png 350w, https:\/\/www2.unifap.br\/deavi\/files\/2024\/09\/2-480x178.png 480w\" sizes=\"(max-width: 851px) 100vw, 851px\" \/>\t\t\t\t\t\t\t\t<\/a>\n\t\t\t\t\t\t\t\t\t\t\t\t\t\t\t<\/div>\n\t\t\t\t<\/div>\n\t\t\t\t<div class=\"elementor-element elementor-element-9e5b768 elementor-widget elementor-widget-heading\" data-id=\"9e5b768\" data-element_type=\"widget\" data-e-type=\"widget\" data-widget_type=\"heading.default\">\n\t\t\t\t<div class=\"elementor-widget-container\">\n\t\t\t\t\t<h6 class=\"elementor-heading-title elementor-size-default\"><a href=\"https:\/\/app.powerbi.com\/view?r=eyJrIjoiMzRmN2U4N2UtYTJjNy00NGY1LTkwNjYtZTNkY2RhZjZlODIzIiwidCI6ImQyM2U0N2VlLWEyMzgtNGNlMS1hYTdmLTIxYzJiZTUxN2Y5YiJ9\">Click aqui para acessar os Dados do Censo a partir de 2021<\/a><\/h6>\t\t\t\t<\/div>\n\t\t\t\t<\/div>\n\t\t\t\t\t<\/div>\n\t\t<\/div>\n\t\t\t\t\t<\/div>\n\t\t<\/section>\n\t\t\t\t<section class=\"elementor-section elementor-top-section elementor-element elementor-element-470de04 elementor-section-boxed elementor-section-height-default elementor-section-height-default\" data-id=\"470de04\" data-element_type=\"section\" data-e-type=\"section\">\n\t\t\t\t\t\t<div class=\"elementor-container elementor-column-gap-default\">\n\t\t\t\t\t<div class=\"elementor-column elementor-col-100 elementor-top-column elementor-element elementor-element-2cc0125\" data-id=\"2cc0125\" data-element_type=\"column\" data-e-type=\"column\">\n\t\t\t<div class=\"elementor-widget-wrap elementor-element-populated\">\n\t\t\t\t\t\t<div class=\"elementor-element elementor-element-d4776b7 elementor-widget-divider--separator-type-pattern elementor-widget-divider--view-line elementor-widget elementor-widget-divider\" data-id=\"d4776b7\" data-element_type=\"widget\" data-e-type=\"widget\" data-widget_type=\"divider.default\">\n\t\t\t\t<div class=\"elementor-widget-container\">\n\t\t\t\t\t\t\t<div class=\"elementor-divider\" style=\"--divider-pattern-url: url(&quot;data:image\/svg+xml,%3Csvg xmlns=&#039;http:\/\/www.w3.org\/2000\/svg&#039; preserveAspectRatio=&#039;none&#039; overflow=&#039;visible&#039; height=&#039;100%&#039; viewBox=&#039;0 0 20 16&#039; fill=&#039;none&#039; stroke=&#039;black&#039; stroke-width=&#039;1&#039; stroke-linecap=&#039;square&#039; stroke-miterlimit=&#039;10&#039;%3E%3Cg transform=&#039;translate(-12.000000, 0)&#039;%3E%3Cpath d=&#039;M28,0L10,18&#039;\/%3E%3Cpath d=&#039;M18,0L0,18&#039;\/%3E%3Cpath d=&#039;M48,0L30,18&#039;\/%3E%3Cpath d=&#039;M38,0L20,18&#039;\/%3E%3C\/g%3E%3C\/svg%3E&quot;);\">\n\t\t\t<span class=\"elementor-divider-separator\">\n\t\t\t\t\t\t<\/span>\n\t\t<\/div>\n\t\t\t\t\t\t<\/div>\n\t\t\t\t<\/div>\n\t\t\t\t\t<\/div>\n\t\t<\/div>\n\t\t\t\t\t<\/div>\n\t\t<\/section>\n\t\t\t\t<\/div>\n\t\t","protected":false},"excerpt":{"rendered":"<p>Censo da Educa\u00e7\u00e3o Superior O Censo da Educa\u00e7\u00e3o Superior \u00e9 realizado pelo Instituto Nacional de Estudos e Pesquisas Educacionais An\u00edsio Teixeira (Inep), por meio da Diretoria de Estat\u00edsticas Educacionais (Deed), conforme a Lei n\u00ba 9.448\/1997. Trata-se do instrumento de pesquisa mais completo do Brasil sobre as Institui\u00e7\u00f5es de Educa\u00e7\u00e3o Superior (IES), que oferecem cursos de gradua\u00e7\u00e3o e sequenciais de forma\u00e7\u00e3o espec\u00edfica, al\u00e9m de informa\u00e7\u00f5es&#8230;<\/p>\n","protected":false},"author":4003,"featured_media":0,"parent":0,"menu_order":0,"comment_status":"closed","ping_status":"closed","template":"","meta":{"inline_featured_image":false,"ngg_post_thumbnail":0,"footnotes":""},"class_list":["post-4080","page","type-page","status-publish","hentry"],"_links":{"self":[{"href":"https:\/\/www2.unifap.br\/deavi\/wp-json\/wp\/v2\/pages\/4080","targetHints":{"allow":["GET"]}}],"collection":[{"href":"https:\/\/www2.unifap.br\/deavi\/wp-json\/wp\/v2\/pages"}],"about":[{"href":"https:\/\/www2.unifap.br\/deavi\/wp-json\/wp\/v2\/types\/page"}],"author":[{"embeddable":true,"href":"https:\/\/www2.unifap.br\/deavi\/wp-json\/wp\/v2\/users\/4003"}],"replies":[{"embeddable":true,"href":"https:\/\/www2.unifap.br\/deavi\/wp-json\/wp\/v2\/comments?post=4080"}],"version-history":[{"count":28,"href":"https:\/\/www2.unifap.br\/deavi\/wp-json\/wp\/v2\/pages\/4080\/revisions"}],"predecessor-version":[{"id":4150,"href":"https:\/\/www2.unifap.br\/deavi\/wp-json\/wp\/v2\/pages\/4080\/revisions\/4150"}],"wp:attachment":[{"href":"https:\/\/www2.unifap.br\/deavi\/wp-json\/wp\/v2\/media?parent=4080"}],"curies":[{"name":"wp","href":"https:\/\/api.w.org\/{rel}","templated":true}]}}