{"id":1806,"date":"2024-08-14T16:14:37","date_gmt":"2024-08-14T16:14:37","guid":{"rendered":"https:\/\/www2.unifap.br\/ded\/?page_id=1806"},"modified":"2024-08-14T16:14:50","modified_gmt":"2024-08-14T16:14:50","slug":"memorial-ded","status":"publish","type":"page","link":"https:\/\/www2.unifap.br\/ded\/memorial-ded\/","title":{"rendered":"Memorial Ded"},"content":{"rendered":"\t\t<div data-elementor-type=\"wp-page\" data-elementor-id=\"1806\" class=\"elementor elementor-1806\">\n\t\t\t\t\t\t<section class=\"elementor-section elementor-top-section elementor-element elementor-element-514b175 elementor-section-boxed elementor-section-height-default elementor-section-height-default\" data-id=\"514b175\" data-element_type=\"section\" data-e-type=\"section\">\n\t\t\t\t\t\t<div class=\"elementor-container elementor-column-gap-default\">\n\t\t\t\t\t<div class=\"elementor-column elementor-col-100 elementor-top-column elementor-element elementor-element-19d23c7\" data-id=\"19d23c7\" data-element_type=\"column\" data-e-type=\"column\">\n\t\t\t<div class=\"elementor-widget-wrap elementor-element-populated\">\n\t\t\t\t\t\t<div class=\"elementor-element elementor-element-87621af elementor-widget elementor-widget-image\" data-id=\"87621af\" data-element_type=\"widget\" data-e-type=\"widget\" data-widget_type=\"image.default\">\n\t\t\t\t<div class=\"elementor-widget-container\">\n\t\t\t\t\t\t\t\t\t\t\t\t\t\t\t<img fetchpriority=\"high\" decoding=\"async\" width=\"875\" height=\"205\" src=\"https:\/\/www2.unifap.br\/ded\/files\/2024\/08\/Orange-Black-Minimalist-Graduate-University-Logo-4.png\" class=\"attachment-large size-large wp-image-1807\" alt=\"\" srcset=\"https:\/\/www2.unifap.br\/ded\/files\/2024\/08\/Orange-Black-Minimalist-Graduate-University-Logo-4.png 875w, https:\/\/www2.unifap.br\/ded\/files\/2024\/08\/Orange-Black-Minimalist-Graduate-University-Logo-4-300x70.png 300w, https:\/\/www2.unifap.br\/ded\/files\/2024\/08\/Orange-Black-Minimalist-Graduate-University-Logo-4-768x180.png 768w, https:\/\/www2.unifap.br\/ded\/files\/2024\/08\/Orange-Black-Minimalist-Graduate-University-Logo-4-230x54.png 230w, https:\/\/www2.unifap.br\/ded\/files\/2024\/08\/Orange-Black-Minimalist-Graduate-University-Logo-4-350x82.png 350w, https:\/\/www2.unifap.br\/ded\/files\/2024\/08\/Orange-Black-Minimalist-Graduate-University-Logo-4-480x112.png 480w\" sizes=\"(max-width: 875px) 100vw, 875px\" \/>\t\t\t\t\t\t\t\t\t\t\t\t\t\t\t<\/div>\n\t\t\t\t<\/div>\n\t\t\t\t<div class=\"elementor-element elementor-element-facc174 elementor-widget elementor-widget-text-editor\" data-id=\"facc174\" data-element_type=\"widget\" data-e-type=\"widget\" data-widget_type=\"text-editor.default\">\n\t\t\t\t<div class=\"elementor-widget-container\">\n\t\t\t\t\t\t\t\t\t<p>Na UNIFAP, a hist\u00f3ria dos departamentos acad\u00eamicos come\u00e7ou, oficialmente, em 29 de abril de 2002, com a Resolu\u00e7\u00e3o n. 09\/2002-CONSU, que aprovou o Regimento Interno desta Institui\u00e7\u00e3o. Na ocasi\u00e3o, foram criados 6 (Seis) unidades acad\u00eamicas, incluindo o Departamento de Educa\u00e7\u00e3o (Ded).<\/p><p>Em 2012, ocorreu a implanta\u00e7\u00e3o efetiva com a designa\u00e7\u00e3o de diretores <em>pro tempores,<\/em> pelo Reitor \u00e0 \u00e9poca, Prof. Dr. Jos\u00e9 Carlos Tavares Carvalho, o qual indicou o Prof. Jo\u00e3o Batista Gomes de Oliveira \u00e0 dire\u00e7\u00e3o do Ded.<\/p><p>Em 2013, ocorreu o primeiro processo eleitoral \u00e0 gest\u00e3o dos departamentos acad\u00eamicos. \u00c0 dire\u00e7\u00e3o do Ded n\u00e3o houve inscritos, o que fez com que se publicasse novo edital. Conclu\u00eddo o processo eleitoral, em fevereiro de 2014, por meio das Portarias n. 0186 e 0187\/2014-Reitoria, assumiram a Profa. M\u00e1rcia Jardim Rodrigues (Titular) e o Prof. \u00c1lvaro Adolfo Duarte Alberto (Adjunto); funcionando, a partir de maio de 2014, no pr\u00e9dio do Centro de Estudos e Pesquisas da Amaz\u00f4nia (Cepa). Ainda em 2014, foi composto corpo t\u00e9cnico-administrativo integrado por Lourroni Duarte de Freitas (Assistente em Administra\u00e7\u00e3o), Daniele de Oliveira Moraes (Secret\u00e1ria Executiva) e H\u00e9lcio Alc\u00e2ntara Cardoso (T\u00e9cnico em Assuntos Educacionais).<\/p><p>No ano de 2016, foram criados os Conselhos Departamentais, por meio da Portaria n. 0220\/2016-Reitoria, com efeitos retroativos a 23\/12\/2015; e, nesse contexto, foi criado o Conselho do Departamento de Educa\u00e7\u00e3o (Conded).<\/p><p>No ano de 2017, ocorreu o segundo processo eleitoral \u00e0 gest\u00e3o do Ded com chapa \u00fanica. A Profa. Sirliane da Costa Viana (Titular) e o Prof. Jos\u00e9 Alex Cantu\u00e1ria Queiroz (Adjunto) assumiram a dire\u00e7\u00e3o em 31\/10\/2017 a 13\/11\/2019. No segundo semestre, foram realizadas novas elei\u00e7\u00f5es, mais uma vez com chapa \u00fanica, tomando posse em 14\/11\/2019 os professores Jos\u00e9 Alex Cantu\u00e1ria Queiroz (Titular) e Alexandre Magno Guimar\u00e3es (Adjunto).<\/p><p>Em 2021, houve novo processo eleitoral e foram eleitos como diretora a Profa. Antonia Costa Andrade e adjunto o Prof. Gustavo Maneschy Montenegro, o qual veio a assumir a dire\u00e7\u00e3o Ded at\u00e9 o final do mandato, em dezembro de 2023.<\/p><p>Em 2023, ocorreu processo eleitoral com duas chapas concorrentes. A chapa vencedora foi composta pela Profa. Ana Olga da Silva Dias (Titular) e pelo Prof. Dilson Rodrigues Belfort (Adjunto), os quais tomaram posse em mar\u00e7o de 2024.<\/p><p>Desde 2016, devido \u00e0 reorganiza\u00e7\u00e3o dos espa\u00e7os administrativos nesta Universidade, o Ded instalou no Bloco I, sala 1, onde funciona at\u00e9 a presente data.<\/p><p>\u00a0<\/p>\t\t\t\t\t\t\t\t<\/div>\n\t\t\t\t<\/div>\n\t\t\t\t\t<\/div>\n\t\t<\/div>\n\t\t\t\t\t<\/div>\n\t\t<\/section>\n\t\t\t\t<\/div>\n\t\t","protected":false},"excerpt":{"rendered":"<p>Na UNIFAP, a hist\u00f3ria dos departamentos acad\u00eamicos come\u00e7ou, oficialmente, em 29 de abril de 2002, com a Resolu\u00e7\u00e3o n. 09\/2002-CONSU, que aprovou o Regimento Interno desta Institui\u00e7\u00e3o. Na ocasi\u00e3o, foram criados 6 (Seis) unidades acad\u00eamicas, incluindo o Departamento de Educa\u00e7\u00e3o (Ded). Em 2012, ocorreu a implanta\u00e7\u00e3o efetiva com a designa\u00e7\u00e3o de diretores pro tempores, pelo&#8230;<\/p>\n","protected":false},"author":359,"featured_media":0,"parent":0,"menu_order":0,"comment_status":"closed","ping_status":"closed","template":"","meta":{"inline_featured_image":false,"ngg_post_thumbnail":0,"footnotes":""},"class_list":["post-1806","page","type-page","status-publish","hentry"],"_links":{"self":[{"href":"https:\/\/www2.unifap.br\/ded\/wp-json\/wp\/v2\/pages\/1806","targetHints":{"allow":["GET"]}}],"collection":[{"href":"https:\/\/www2.unifap.br\/ded\/wp-json\/wp\/v2\/pages"}],"about":[{"href":"https:\/\/www2.unifap.br\/ded\/wp-json\/wp\/v2\/types\/page"}],"author":[{"embeddable":true,"href":"https:\/\/www2.unifap.br\/ded\/wp-json\/wp\/v2\/users\/359"}],"replies":[{"embeddable":true,"href":"https:\/\/www2.unifap.br\/ded\/wp-json\/wp\/v2\/comments?post=1806"}],"version-history":[{"count":3,"href":"https:\/\/www2.unifap.br\/ded\/wp-json\/wp\/v2\/pages\/1806\/revisions"}],"predecessor-version":[{"id":1811,"href":"https:\/\/www2.unifap.br\/ded\/wp-json\/wp\/v2\/pages\/1806\/revisions\/1811"}],"wp:attachment":[{"href":"https:\/\/www2.unifap.br\/ded\/wp-json\/wp\/v2\/media?parent=1806"}],"curies":[{"name":"wp","href":"https:\/\/api.w.org\/{rel}","templated":true}]}}