{"id":157,"date":"2011-10-13T16:10:16","date_gmt":"2011-10-13T18:10:16","guid":{"rendered":"http:\/\/pororoca.unifap.br\/deplan\/?page_id=157"},"modified":"2014-07-09T14:12:21","modified_gmt":"2014-07-09T14:12:21","slug":"equipe","status":"publish","type":"page","link":"https:\/\/www2.unifap.br\/deinfes\/equipe\/","title":{"rendered":"Equipe"},"content":{"rendered":"<p><strong>Luciana Santos Ayres da Silva &#8211; <\/strong>Diretora do\u00a0Departamento de Informa\u00e7\u00f5es Institucionais e Estat\u00edstica<\/p>\n<p><strong>Lidiane Furtado Ferreira Rodrigues <\/strong>&#8211; Chefe da Divis\u00e3o de Pesquisa Institucional<\/p>\n<p><strong>Eric Joel Ferreira do Amaral\u00a0<\/strong>&#8211; T\u00e9cnico em Assuntos Educacionais<\/p>\n<p><strong>Vagno Moura Gomes <\/strong>&#8211; Chefe da Divis\u00e3o de Estat\u00edstica<\/p>\n<p><strong>Paulo Guilherme Pinheiro dos Santos\u00a0<\/strong>&#8211; Estat\u00edstico<\/p>\n","protected":false},"excerpt":{"rendered":"<p>Luciana Santos Ayres da Silva &#8211; Diretora do\u00a0Departamento de Informa\u00e7\u00f5es Institucionais e Estat\u00edstica Lidiane Furtado Ferreira Rodrigues &#8211; Chefe da Divis\u00e3o de Pesquisa Institucional Eric Joel Ferreira do Amaral\u00a0&#8211; T\u00e9cnico em Assuntos Educacionais Vagno Moura Gomes &#8211; Chefe da Divis\u00e3o de Estat\u00edstica Paulo Guilherme Pinheiro dos Santos\u00a0&#8211; Estat\u00edstico<\/p>\n","protected":false},"author":297,"featured_media":0,"parent":0,"menu_order":0,"comment_status":"closed","ping_status":"closed","template":"template-onecolumn.php","meta":{"inline_featured_image":false,"ngg_post_thumbnail":0,"footnotes":""},"class_list":["post-157","page","type-page","status-publish","hentry","entry"],"_links":{"self":[{"href":"https:\/\/www2.unifap.br\/deinfes\/wp-json\/wp\/v2\/pages\/157","targetHints":{"allow":["GET"]}}],"collection":[{"href":"https:\/\/www2.unifap.br\/deinfes\/wp-json\/wp\/v2\/pages"}],"about":[{"href":"https:\/\/www2.unifap.br\/deinfes\/wp-json\/wp\/v2\/types\/page"}],"author":[{"embeddable":true,"href":"https:\/\/www2.unifap.br\/deinfes\/wp-json\/wp\/v2\/users\/297"}],"replies":[{"embeddable":true,"href":"https:\/\/www2.unifap.br\/deinfes\/wp-json\/wp\/v2\/comments?post=157"}],"version-history":[{"count":5,"href":"https:\/\/www2.unifap.br\/deinfes\/wp-json\/wp\/v2\/pages\/157\/revisions"}],"predecessor-version":[{"id":1026,"href":"https:\/\/www2.unifap.br\/deinfes\/wp-json\/wp\/v2\/pages\/157\/revisions\/1026"}],"wp:attachment":[{"href":"https:\/\/www2.unifap.br\/deinfes\/wp-json\/wp\/v2\/media?parent=157"}],"curies":[{"name":"wp","href":"https:\/\/api.w.org\/{rel}","templated":true}]}}