{"id":76,"date":"2011-08-19T16:04:23","date_gmt":"2011-08-19T16:04:23","guid":{"rendered":"http:\/\/pororoca.unifap.br\/deplan\/?page_id=76"},"modified":"2011-08-19T16:04:23","modified_gmt":"2011-08-19T16:04:23","slug":"relatorios-de-gestao","status":"publish","type":"page","link":"https:\/\/www2.unifap.br\/deinfes\/relatorios-de-gestao\/","title":{"rendered":"Relat\u00f3rios de Gest\u00e3o"},"content":{"rendered":"<p><a href=\"http:\/\/www2.unifap.br\/deinfes\/files\/2011\/08\/RELAT\u00d3RIO-DE-GEST\u00c3O-20132.pdf\">Relat\u00f3rio de Gest\u00e3o\u00a02013<\/a><\/p>\n<p><a href=\"http:\/\/www2.unifap.br\/deinfes\/files\/2011\/08\/Relat\u00f3rio-de-Gest\u00e3o-2012.pdf\">Relat\u00f3rio de Gest\u00e3o 2012<\/a>\ufeff<a href=\"http:\/\/www2.unifap.br\/deinfes\/files\/2011\/08\/Relat\u00f3rio-Gest\u00e3o-2011_UNIFAP_021.pdf\"><\/a><\/p>\n<p><a href=\"http:\/\/www2.unifap.br\/deinfes\/files\/2011\/08\/Relat\u00f3rio-Gest\u00e3o-2011_UNIFAP_021.pdf\">Relat\u00f3rio de Gest\u00e3o 2011<\/a><\/p>\n<p><a href=\"http:\/\/www2.unifap.br\/deinfes\/files\/2011\/08\/RELAT\u00d3RIO-DE-GEST\u00c3O-UNIFAP-EXERC\u00cdCIO-2010.pdf\">Relat\u00f3rio de Gest\u00e3o 2010<\/a><\/p>\n<p><a href=\"http:\/\/www.unifap.br\/public\/arquivos\/arq5454.pdf\">Relat\u00f3rio de Gest\u00e3o 2009<\/a><\/p>\n<p><a href=\"http:\/\/www.unifap.br\/public\/arquivos\/arq4080.pdf\">Relat\u00f3rio de Gest\u00e3o 2008<\/a><\/p>\n<p><a href=\"http:\/\/www.unifap.br\/public\/arquivos\/arq4079.pdf\">Relat\u00f3rio de Gest\u00e3o 2007<\/a><\/p>\n<p><a href=\"http:\/\/www.unifap.br\/public\/arquivos\/arq4078.pdf\">Relat\u00f3rio de Gest\u00e3o 2006<\/a><\/p>\n<p><a href=\"http:\/\/www.unifap.br\/public\/arquivos\/arq4077.pdf\">Relat\u00f3rio de Gest\u00e3o 2005<\/a><\/p>\n<p><a href=\"http:\/\/www.unifap.br\/public\/arquivos\/arq4076.pdf\">Relat\u00f3rio de Gest\u00e3o 2004<\/a><\/p>\n<p><a href=\"http:\/\/www.unifap.br\/public\/arquivos\/arq4075.pdf\">Relat\u00f3rio de Gest\u00e3o 2003<\/a><\/p>\n<p><a href=\"http:\/\/www.unifap.br\/public\/arquivos\/arq4074.pdf\">Relat\u00f3rio de Gest\u00e3o 2002<\/a><\/p>\n<p><a href=\"http:\/\/www.unifap.br\/public\/arquivos\/arq4073.pdf\">Relat\u00f3rio de Gest\u00e3o 2000<\/a><\/p>\n","protected":false},"excerpt":{"rendered":"<p>Relat\u00f3rio de Gest\u00e3o\u00a02013 Relat\u00f3rio de Gest\u00e3o 2012\ufeff Relat\u00f3rio de Gest\u00e3o 2011 Relat\u00f3rio de Gest\u00e3o 2010 Relat\u00f3rio de Gest\u00e3o 2009 Relat\u00f3rio de Gest\u00e3o 2008 Relat\u00f3rio de Gest\u00e3o 2007 Relat\u00f3rio de Gest\u00e3o 2006 Relat\u00f3rio de Gest\u00e3o 2005 Relat\u00f3rio de Gest\u00e3o 2004 Relat\u00f3rio de Gest\u00e3o 2003 Relat\u00f3rio de Gest\u00e3o 2002 Relat\u00f3rio de Gest\u00e3o 2000<\/p>\n","protected":false},"author":297,"featured_media":0,"parent":0,"menu_order":6,"comment_status":"closed","ping_status":"closed","template":"template-onecolumn.php","meta":{"inline_featured_image":false,"ngg_post_thumbnail":0,"footnotes":""},"class_list":["post-76","page","type-page","status-publish","hentry","entry"],"_links":{"self":[{"href":"https:\/\/www2.unifap.br\/deinfes\/wp-json\/wp\/v2\/pages\/76","targetHints":{"allow":["GET"]}}],"collection":[{"href":"https:\/\/www2.unifap.br\/deinfes\/wp-json\/wp\/v2\/pages"}],"about":[{"href":"https:\/\/www2.unifap.br\/deinfes\/wp-json\/wp\/v2\/types\/page"}],"author":[{"embeddable":true,"href":"https:\/\/www2.unifap.br\/deinfes\/wp-json\/wp\/v2\/users\/297"}],"replies":[{"embeddable":true,"href":"https:\/\/www2.unifap.br\/deinfes\/wp-json\/wp\/v2\/comments?post=76"}],"version-history":[{"count":0,"href":"https:\/\/www2.unifap.br\/deinfes\/wp-json\/wp\/v2\/pages\/76\/revisions"}],"wp:attachment":[{"href":"https:\/\/www2.unifap.br\/deinfes\/wp-json\/wp\/v2\/media?parent=76"}],"curies":[{"name":"wp","href":"https:\/\/api.w.org\/{rel}","templated":true}]}}