{"id":1032,"date":"2018-08-08T14:52:08","date_gmt":"2018-08-08T17:52:08","guid":{"rendered":"http:\/\/www2.unifap.br\/depag\/?page_id=1032"},"modified":"2024-02-06T12:25:40","modified_gmt":"2024-02-06T15:25:40","slug":"recolhimento-de-bens-ociosos-inserviveis","status":"publish","type":"page","link":"https:\/\/www2.unifap.br\/depag\/coord-de-almox-e-patrimonio\/recolhimento-de-bens-ociosos-inserviveis\/","title":{"rendered":"Recolhimento de Bens Ociosos \/ Inserv\u00edveis"},"content":{"rendered":"<p style=\"text-align: justify\"><b>DOS MATERIAIS PERMANENTES \u201cCOMUNS\u201d<\/b><\/p>\n<p style=\"text-align: justify\">Para recolhimento\/devolu\u00e7\u00e3o dos materiais permanentes classificados como comuns tais como mesas, cadeiras, arm\u00e1rios, equipamentos de refrigera\u00e7\u00e3o, etc, os procedimentos s\u00e3o:<\/p>\n<p style=\"text-align: justify\"><b>1)<\/b> Setor demandante deve preencher o TERMO DE DEVOLU\u00c7\u00c3O DE MATERIAL PERMANENTE com as informa\u00e7\u00f5es dos bens;<\/p>\n<p style=\"text-align: justify\"><b>2)<\/b> Cadastrar o chamado patrimonial (<i>SIPAC &gt;&gt; Portal Administrativo &gt;&gt; Patrim\u00f4nio M\u00f3vel &gt;&gt; Chamado Patrimonial &gt;&gt; RECOLHIMENTO DE MATERIAIS PERMANENTES OCIOSOS \/ INSERV\u00cdVEIS (BENS COMUNS)<\/i>) e anexar a planilha devidamente preenchida, bem como informar quem ficar\u00e1 respons\u00e1vel pela entrega dos bens e o telefone para contato para posterior agendamento da retirada dos bens;<\/p>\n<p style=\"text-align: justify\"><b>3)<\/b> Aguardar o recolhimento dos bens pela empresa terceirizada.<\/p>\n<p style=\"text-align: justify\"><b>DOS MATERIAIS PERMANENTES DE INFORM\u00c1TICA<\/b><\/p>\n<p style=\"text-align: justify\">Considerando as peculiaridades destes equipamentos tais como notebooks, CPUs, monitores, estabilizadores, nobreaks, impressoras, projetores multim\u00eddia e afins, os mesmos ter\u00e3o procedimentos espec\u00edficos, conforme abaixo:<\/p>\n<p style=\"text-align: justify\"><b>1)<\/b>\u00a0Setor demandante deve preencher TERMO DE DEVOLU\u00c7\u00c3O DE MATERIAL PERMANENTE com as informa\u00e7\u00f5es dos bens;<\/p>\n<p style=\"text-align: justify\"><b>2)<\/b>\u00a0Cadastrar o chamado patrimonial espec\u00edfico para bens de inform\u00e1tica (<i>SIPAC &gt;&gt; Portal Administrativo &gt;&gt; Patrim\u00f4nio M\u00f3vel &gt;&gt; Chamado\u00a0Patrimonial &gt;&gt; RECOLHIMENTO DE MATERIAIS PERMANENTES OCIOSOS \/ INSERV\u00cdVEIS (BENS DE INFORM\u00c1TICA))<\/i> e anexar a planilha\u00a0devidamente preenchida, bem como informar quem ficar\u00e1 respons\u00e1vel pela entrega dos bens e o telefone para contato para futuro agendamento\u00a0da retirada dos bens;<\/p>\n<p style=\"text-align: justify\"><b>3)<\/b>\u00a0Setor de Patrim\u00f4nio autuar\u00e1 o processo eletr\u00f4nico para atendimento da demanda\u00a0e encaminhar\u00e1 \u00e0 DMSUPORT do N\u00facleo de Tecnologia da Informa\u00e7\u00e3o \u2013 NTI\/Unifap para avalia\u00e7\u00e3o\u00a0e emiss\u00e3o de LAUDO T\u00c9CNICO APLICADO \u00c0 BENS DE T.I.;<\/p>\n<p style=\"text-align: justify\"><b>4)<\/b>\u00a0Unidade demandante disponibiliza o bem \u00e0 DMSUPORT\/NTI para an\u00e1lise;<\/p>\n<p style=\"text-align: justify\"><b>5)<\/b>\u00a0DMSUPORT\/NTI efetua a avalia\u00e7\u00e3o do equipamento e emite laudo t\u00e9cnico referente a sua condi\u00e7\u00e3o, anexa ao processo e devolve ao Setor de Patrim\u00f4nio;<\/p>\n<p style=\"text-align: justify\"><b>6)<\/b>\u00a0Setor de Patrim\u00f4nio recebe o processo;<\/p>\n<p style=\"text-align: justify\"><b>7)<\/b>\u00a0Setor de Patrim\u00f4nio efetua o recolhimento do equipamento na unidade requisitante por interm\u00e9dio da empresa terceirizada;<\/p>\n<p style=\"text-align: justify\"><b>8)<\/b> Setor de Patrim\u00f4nio realiza a baixo do processo eletr\u00f4nico referente a demanda;<\/p>\n<p style=\"text-align: justify\"><b>9)<\/b>\u00a0Setor de Patrim\u00f4nio procede com a destina\u00e7\u00e3o adequada do material de acordo com o laudo t\u00e9cnico, podendo remanejar a outra unidade se o\u00a0bem ainda estiver em condi\u00e7\u00f5es de uso ou proceder\u00e1 com a aliena\u00e7\u00e3o por meio de leil\u00e3o, doa\u00e7\u00e3o, destrui\u00e7\u00e3o, etc.<\/p>\n<p>&nbsp;<\/p>\n<h2><img decoding=\"async\" class=\"wp-image-1016 alignleft\" style=\"border: 0px none\" src=\"http:\/\/www2.unifap.br\/depag\/files\/2018\/06\/documento.jpg\" alt=\"documento\" width=\"20\" height=\"20\" srcset=\"https:\/\/www2.unifap.br\/depag\/files\/2018\/06\/documento.jpg 626w, https:\/\/www2.unifap.br\/depag\/files\/2018\/06\/documento-150x150.jpg 150w, https:\/\/www2.unifap.br\/depag\/files\/2018\/06\/documento-300x300.jpg 300w, https:\/\/www2.unifap.br\/depag\/files\/2018\/06\/documento-70x70.jpg 70w\" sizes=\"(max-width: 20px) 100vw, 20px\" \/>\u00a0<strong> <a title=\"Termo de Devolu\u00e7\u00e3o Material Permanente\" href=\"http:\/\/www2.unifap.br\/depag\/files\/2018\/11\/Termo-de-Devolu\u00e7\u00e3o-Material-Permanente_22-11-18.doc\">Termo de Devolu\u00e7\u00e3o Material Permanente<\/a><\/strong><\/h2>\n","protected":false},"excerpt":{"rendered":"<p>DOS MATERIAIS PERMANENTES \u201cCOMUNS\u201d Para recolhimento\/devolu\u00e7\u00e3o dos materiais permanentes classificados como comuns tais como mesas, cadeiras, arm\u00e1rios, equipamentos de refrigera\u00e7\u00e3o, etc, os procedimentos s\u00e3o: 1) Setor demandante deve preencher o TERMO DE DEVOLU\u00c7\u00c3O DE MATERIAL PERMANENTE com as informa\u00e7\u00f5es dos bens; 2) Cadastrar o chamado patrimonial (SIPAC &gt;&gt; Portal Administrativo &gt;&gt; Patrim\u00f4nio M\u00f3vel &gt;&gt; Chamado&#8230;<\/p>\n","protected":false},"author":422,"featured_media":0,"parent":916,"menu_order":32,"comment_status":"open","ping_status":"closed","template":"","meta":{"inline_featured_image":false,"site-sidebar-layout":"default","site-content-layout":"","ast-site-content-layout":"default","site-content-style":"default","site-sidebar-style":"default","ast-global-header-display":"","ast-banner-title-visibility":"","ast-main-header-display":"","ast-hfb-above-header-display":"","ast-hfb-below-header-display":"","ast-hfb-mobile-header-display":"","site-post-title":"","ast-breadcrumbs-content":"","ast-featured-img":"","footer-sml-layout":"","theme-transparent-header-meta":"","adv-header-id-meta":"","stick-header-meta":"","header-above-stick-meta":"","header-main-stick-meta":"","header-below-stick-meta":"","astra-migrate-meta-layouts":"default","ast-page-background-enabled":"default","ast-page-background-meta":{"desktop":{"background-color":"var(--ast-global-color-4)","background-image":"","background-repeat":"repeat","background-position":"center center","background-size":"auto","background-attachment":"scroll","background-type":"","background-media":"","overlay-type":"","overlay-color":"","overlay-opacity":"","overlay-gradient":""},"tablet":{"background-color":"","background-image":"","background-repeat":"repeat","background-position":"center center","background-size":"auto","background-attachment":"scroll","background-type":"","background-media":"","overlay-type":"","overlay-color":"","overlay-opacity":"","overlay-gradient":""},"mobile":{"background-color":"","background-image":"","background-repeat":"repeat","background-position":"center center","background-size":"auto","background-attachment":"scroll","background-type":"","background-media":"","overlay-type":"","overlay-color":"","overlay-opacity":"","overlay-gradient":""}},"ast-content-background-meta":{"desktop":{"background-color":"var(--ast-global-color-5)","background-image":"","background-repeat":"repeat","background-position":"center center","background-size":"auto","background-attachment":"scroll","background-type":"","background-media":"","overlay-type":"","overlay-color":"","overlay-opacity":"","overlay-gradient":""},"tablet":{"background-color":"var(--ast-global-color-5)","background-image":"","background-repeat":"repeat","background-position":"center center","background-size":"auto","background-attachment":"scroll","background-type":"","background-media":"","overlay-type":"","overlay-color":"","overlay-opacity":"","overlay-gradient":""},"mobile":{"background-color":"var(--ast-global-color-5)","background-image":"","background-repeat":"repeat","background-position":"center center","background-size":"auto","background-attachment":"scroll","background-type":"","background-media":"","overlay-type":"","overlay-color":"","overlay-opacity":"","overlay-gradient":""}},"ngg_post_thumbnail":0,"footnotes":""},"class_list":["post-1032","page","type-page","status-publish","hentry"],"_links":{"self":[{"href":"https:\/\/www2.unifap.br\/depag\/wp-json\/wp\/v2\/pages\/1032","targetHints":{"allow":["GET"]}}],"collection":[{"href":"https:\/\/www2.unifap.br\/depag\/wp-json\/wp\/v2\/pages"}],"about":[{"href":"https:\/\/www2.unifap.br\/depag\/wp-json\/wp\/v2\/types\/page"}],"author":[{"embeddable":true,"href":"https:\/\/www2.unifap.br\/depag\/wp-json\/wp\/v2\/users\/422"}],"replies":[{"embeddable":true,"href":"https:\/\/www2.unifap.br\/depag\/wp-json\/wp\/v2\/comments?post=1032"}],"version-history":[{"count":11,"href":"https:\/\/www2.unifap.br\/depag\/wp-json\/wp\/v2\/pages\/1032\/revisions"}],"predecessor-version":[{"id":1451,"href":"https:\/\/www2.unifap.br\/depag\/wp-json\/wp\/v2\/pages\/1032\/revisions\/1451"}],"up":[{"embeddable":true,"href":"https:\/\/www2.unifap.br\/depag\/wp-json\/wp\/v2\/pages\/916"}],"wp:attachment":[{"href":"https:\/\/www2.unifap.br\/depag\/wp-json\/wp\/v2\/media?parent=1032"}],"curies":[{"name":"wp","href":"https:\/\/api.w.org\/{rel}","templated":true}]}}