{"id":1094,"date":"2019-02-26T15:22:42","date_gmt":"2019-02-26T18:22:42","guid":{"rendered":"http:\/\/www2.unifap.br\/depag\/?page_id=1094"},"modified":"2024-02-06T12:26:05","modified_gmt":"2024-02-06T15:26:05","slug":"inventario-patrimonial-2018","status":"publish","type":"page","link":"https:\/\/www2.unifap.br\/depag\/coord-de-almox-e-patrimonio\/inventario-patrimonial-2018\/","title":{"rendered":"Invent\u00e1rio Patrimonial 2018"},"content":{"rendered":"<p style=\"text-align: justify\">Senhores Titulares,<\/p>\n<p style=\"text-align: justify\">Estamos iniciando o processo de Invent\u00e1rio Patrimonial de 2018.<\/p>\n<p style=\"text-align: justify\">O invent\u00e1rio f\u00edsico, de acordo com a Instru\u00e7\u00e3o Normativa n\u00ba 205\/88, \u00e9 o instrumento de controle para a verifica\u00e7\u00e3o dos equipamentos e materiais permanentes, em uso no \u00f3rg\u00e3o ou entidade, que ir\u00e1 permitir, dentre outros:<\/p>\n<p style=\"text-align: justify;padding-left: 30px\"><strong>a)<\/strong> O levantamento da situa\u00e7\u00e3o dos equipamentos e materiais permanentes em uso e das suas necessidades de manuten\u00e7\u00e3o, reparos e desfazimento;<\/p>\n<p style=\"text-align: justify;padding-left: 30px\"><strong>b)<\/strong> A constata\u00e7\u00e3o de que o bem m\u00f3vel n\u00e3o \u00e9 necess\u00e1rio naquela unidade e sua movimenta\u00e7\u00e3o para outra unidade que esteja necessitando;<\/p>\n<p style=\"text-align: justify;padding-left: 30px\"><strong>c)<\/strong> Confirmar as responsabilidades pela guarda dos bens patrimoniais.<\/p>\n<p style=\"text-align: justify\">Ressaltamos a grande import\u00e2ncia deste trabalho, pois o zelo pelo patrim\u00f4nio p\u00fablico n\u00e3o \u00e9 responsabilidade apenas da Se\u00e7\u00e3o de Patrim\u00f4nio ou da Comiss\u00e3o de Invent\u00e1rio &#8211; \u00e9 responsabilidade de todos os servidores p\u00fablicos e as san\u00e7\u00f5es administrativas est\u00e3o previstas em lei.<\/p>\n<p>&nbsp;<\/p>\n<p style=\"text-align: justify\"><span style=\"color: #ff0000\"><strong>Dessa forma, todos os setores da institui\u00e7\u00e3o dever\u00e3o enviar, at\u00e9 o dia 30\/04\/2019, seu invent\u00e1rio setorial em conformidade com as orienta\u00e7\u00f5es do Anexo I.<\/strong><\/span><\/p>\n<p>&nbsp;<\/p>\n<p style=\"text-align: justify\">Refor\u00e7amos que a presente demanda ser\u00e1 recebida <strong>\u00daNICA E EXCLUSIVAMENTE ATRAV\u00c9S DO FORMUL\u00c1RIO ELETR\u00d4NICO DISPON\u00cdVEL NO LINK ABAIXO,<\/strong> sendo ignoradas demandas enviadas via Memorando Eletr\u00f4nico, tendo em vista, as dificuldades de controle via SIPAC.<\/p>\n<p>&nbsp;<\/p>\n<p><strong><img decoding=\"async\" src=\"http:\/\/www2.unifap.br\/depag\/files\/2018\/06\/documento-150x150.jpg\" alt=\"documento\" width=\"25\" height=\"25\" \/> <a href=\"http:\/\/www2.unifap.br\/depag\/files\/2019\/02\/Manual-Para-Invent\u00e1rio-Anual-2018.pdf\" target=\"_blank\" rel=\"noopener\">Manual de Invent\u00e1rio 2018<\/a><\/strong><\/p>\n<p><strong><img decoding=\"async\" src=\"http:\/\/www2.unifap.br\/depag\/files\/2018\/06\/documento-150x150.jpg\" alt=\"documento\" width=\"25\" height=\"25\" \/> <a href=\"http:\/\/www2.unifap.br\/depag\/files\/2019\/02\/ANEXO-I-Orienta\u00e7\u00f5es-Aos-Setores-Invent\u00e1rio-2018.pdf\" target=\"_blank\" rel=\"noopener\">Orienta\u00e7\u00f5es Aos Setores <\/a><\/strong><\/p>\n<p><strong><img decoding=\"async\" src=\"http:\/\/www2.unifap.br\/depag\/files\/2018\/06\/documento-150x150.jpg\" alt=\"documento\" width=\"25\" height=\"25\" \/> <a href=\"http:\/\/www2.unifap.br\/depag\/files\/2019\/02\/ANEXO-II-INVENT\u00c1RIO-2018-Nome-do-Setor.xlsx\" target=\"_blank\" rel=\"noopener\">Planilha de Invent\u00e1rio de Bens (modelo)<\/a><\/strong><\/p>\n<p>&nbsp;<\/p>\n<p><a href=\"https:\/\/form.jotformz.com\/90574199621666\"><img fetchpriority=\"high\" decoding=\"async\" class=\"size-large wp-image-1112 aligncenter\" src=\"http:\/\/www2.unifap.br\/depag\/files\/2019\/02\/image_link_form-1024x216.png\" alt=\"\" width=\"640\" height=\"135\" srcset=\"https:\/\/www2.unifap.br\/depag\/files\/2019\/02\/image_link_form-1024x216.png 1024w, https:\/\/www2.unifap.br\/depag\/files\/2019\/02\/image_link_form-300x63.png 300w, https:\/\/www2.unifap.br\/depag\/files\/2019\/02\/image_link_form-768x162.png 768w, https:\/\/www2.unifap.br\/depag\/files\/2019\/02\/image_link_form.png 1529w\" sizes=\"(max-width: 640px) 100vw, 640px\" \/><\/a><\/p>\n","protected":false},"excerpt":{"rendered":"<p>Senhores Titulares, Estamos iniciando o processo de Invent\u00e1rio Patrimonial de 2018. O invent\u00e1rio f\u00edsico, de acordo com a Instru\u00e7\u00e3o Normativa n\u00ba 205\/88, \u00e9 o instrumento de controle para a verifica\u00e7\u00e3o dos equipamentos e materiais permanentes, em uso no \u00f3rg\u00e3o ou entidade, que ir\u00e1 permitir, dentre outros: a) O levantamento da situa\u00e7\u00e3o dos equipamentos e materiais&#8230;<\/p>\n","protected":false},"author":422,"featured_media":0,"parent":916,"menu_order":36,"comment_status":"closed","ping_status":"closed","template":"","meta":{"inline_featured_image":false,"site-sidebar-layout":"default","site-content-layout":"","ast-site-content-layout":"default","site-content-style":"default","site-sidebar-style":"default","ast-global-header-display":"","ast-banner-title-visibility":"","ast-main-header-display":"","ast-hfb-above-header-display":"","ast-hfb-below-header-display":"","ast-hfb-mobile-header-display":"","site-post-title":"","ast-breadcrumbs-content":"","ast-featured-img":"","footer-sml-layout":"","theme-transparent-header-meta":"","adv-header-id-meta":"","stick-header-meta":"","header-above-stick-meta":"","header-main-stick-meta":"","header-below-stick-meta":"","astra-migrate-meta-layouts":"default","ast-page-background-enabled":"default","ast-page-background-meta":{"desktop":{"background-color":"var(--ast-global-color-4)","background-image":"","background-repeat":"repeat","background-position":"center center","background-size":"auto","background-attachment":"scroll","background-type":"","background-media":"","overlay-type":"","overlay-color":"","overlay-opacity":"","overlay-gradient":""},"tablet":{"background-color":"","background-image":"","background-repeat":"repeat","background-position":"center center","background-size":"auto","background-attachment":"scroll","background-type":"","background-media":"","overlay-type":"","overlay-color":"","overlay-opacity":"","overlay-gradient":""},"mobile":{"background-color":"","background-image":"","background-repeat":"repeat","background-position":"center center","background-size":"auto","background-attachment":"scroll","background-type":"","background-media":"","overlay-type":"","overlay-color":"","overlay-opacity":"","overlay-gradient":""}},"ast-content-background-meta":{"desktop":{"background-color":"var(--ast-global-color-5)","background-image":"","background-repeat":"repeat","background-position":"center center","background-size":"auto","background-attachment":"scroll","background-type":"","background-media":"","overlay-type":"","overlay-color":"","overlay-opacity":"","overlay-gradient":""},"tablet":{"background-color":"var(--ast-global-color-5)","background-image":"","background-repeat":"repeat","background-position":"center center","background-size":"auto","background-attachment":"scroll","background-type":"","background-media":"","overlay-type":"","overlay-color":"","overlay-opacity":"","overlay-gradient":""},"mobile":{"background-color":"var(--ast-global-color-5)","background-image":"","background-repeat":"repeat","background-position":"center center","background-size":"auto","background-attachment":"scroll","background-type":"","background-media":"","overlay-type":"","overlay-color":"","overlay-opacity":"","overlay-gradient":""}},"ngg_post_thumbnail":0,"footnotes":""},"class_list":["post-1094","page","type-page","status-publish","hentry"],"_links":{"self":[{"href":"https:\/\/www2.unifap.br\/depag\/wp-json\/wp\/v2\/pages\/1094","targetHints":{"allow":["GET"]}}],"collection":[{"href":"https:\/\/www2.unifap.br\/depag\/wp-json\/wp\/v2\/pages"}],"about":[{"href":"https:\/\/www2.unifap.br\/depag\/wp-json\/wp\/v2\/types\/page"}],"author":[{"embeddable":true,"href":"https:\/\/www2.unifap.br\/depag\/wp-json\/wp\/v2\/users\/422"}],"replies":[{"embeddable":true,"href":"https:\/\/www2.unifap.br\/depag\/wp-json\/wp\/v2\/comments?post=1094"}],"version-history":[{"count":14,"href":"https:\/\/www2.unifap.br\/depag\/wp-json\/wp\/v2\/pages\/1094\/revisions"}],"predecessor-version":[{"id":1117,"href":"https:\/\/www2.unifap.br\/depag\/wp-json\/wp\/v2\/pages\/1094\/revisions\/1117"}],"up":[{"embeddable":true,"href":"https:\/\/www2.unifap.br\/depag\/wp-json\/wp\/v2\/pages\/916"}],"wp:attachment":[{"href":"https:\/\/www2.unifap.br\/depag\/wp-json\/wp\/v2\/media?parent=1094"}],"curies":[{"name":"wp","href":"https:\/\/api.w.org\/{rel}","templated":true}]}}