{"id":1235,"date":"2019-09-19T10:56:10","date_gmt":"2019-09-19T13:56:10","guid":{"rendered":"http:\/\/www2.unifap.br\/depag\/?page_id=1235"},"modified":"2024-03-08T01:29:05","modified_gmt":"2024-03-08T04:29:05","slug":"doacao-de-bens-moveis","status":"publish","type":"page","link":"https:\/\/www2.unifap.br\/depag\/coord-de-almox-e-patrimonio\/doacao-de-bens-moveis\/","title":{"rendered":"Doa\u00e7\u00e3o de Bens M\u00f3veis"},"content":{"rendered":"<p>Informamos que conforme legisla\u00e7\u00e3o em vigor, a doa\u00e7\u00e3o de bens m\u00f3veis pela Administra\u00e7\u00e3o P\u00fablica Federal \u00e9 regulamentada basicamente pelo art. 17, II, &#8220;a&#8221;, da Lei 8.666\/1993, e pelo decreto 9.373\/2018, que disp\u00f5e sobre a aliena\u00e7\u00e3o, a cess\u00e3o, a transfer\u00eancia, a destina\u00e7\u00e3o e a disposi\u00e7\u00e3o final ambientalmente adequadas de bens m\u00f3veis.<\/p>\n<p>Acerca do Decreto 9.373\/2018, destacamos:<\/p>\n<blockquote>\n<p class=\"textbody\" style=\"margin-bottom: .0001pt;text-align: justify;text-indent: 1.0cm\"><span style=\"font-size: 10.0pt;font-family: 'Arial',sans-serif;color: black\">Art. 8\u00ba A doa\u00e7\u00e3o prevista no <a href=\"http:\/\/www.planalto.gov.br\/ccivil_03\/LEIS\/L8666cons.htm#art17iia\">art. 17, <b>caput <\/b>, inciso II, al\u00ednea \u201ca\u201d, da Lei n\u00ba 8.666, de 21 de junho de 1993 <\/a>, permitida exclusivamente para fins e uso de interesse social, ap\u00f3s avalia\u00e7\u00e3o de sua oportunidade e conveni\u00eancia socioecon\u00f4mica, relativamente \u00e0 escolha de outra forma de aliena\u00e7\u00e3o, poder\u00e1 ser feita em favor: <\/span><\/p>\n<p class=\"textbody\" style=\"margin-bottom: .0001pt;text-align: justify;text-indent: 1.0cm\"><a name=\"art8i\"><\/a><span style=\"font-size: 10.0pt;font-family: 'Arial',sans-serif;color: black\">I &#8211; das autarquias e funda\u00e7\u00f5es p\u00fablicas federais e dos Estados, do Distrito Federal e dos Munic\u00edpios e de suas autarquias e funda\u00e7\u00f5es p\u00fablicas, quando se tratar de bem ocioso ou recuper\u00e1vel; <\/span><\/p>\n<p class=\"textbody\" style=\"text-align: justify;text-indent: 1.0cm;margin: 15.0pt 0cm 15.0pt 0cm\"><a name=\"art8ii\"><\/a><a name=\"art8ii1\"><\/a><span style=\"font-size: 10.0pt;font-family: 'Arial',sans-serif;color: black\">II &#8211; dos Estados, do Distrito Federal e dos Munic\u00edpios e de suas autarquias e funda\u00e7\u00f5es p\u00fablicas e de Organiza\u00e7\u00f5es da Sociedade Civil de Interesse P\u00fablico, quando se tratar de bem antiecon\u00f4mico;\u00a0\u00a0\u00a0\u00a0\u00a0\u00a0 <a href=\"http:\/\/www.planalto.gov.br\/ccivil_03\/_Ato2019-2022\/2019\/Decreto\/D9813.htm#art1\">(Reda\u00e7\u00e3o dada pelo Decreto n\u00ba 9.813, de 2019<\/a><\/span><\/p>\n<p class=\"corpodotexto\" style=\"text-align: justify;text-indent: 1.0cm;margin: 15.0pt 0cm 15.0pt 0cm\"><a name=\"art8iii\"><\/a><a name=\"art8iii1\"><\/a><span style=\"font-size: 10.0pt;font-family: 'Arial',sans-serif;color: black\">III &#8211; de Organiza\u00e7\u00f5es da Sociedade Civil de Interesse P\u00fablico e de associa\u00e7\u00f5es ou cooperativas que atendam aos requisitos do <a href=\"http:\/\/www.planalto.gov.br\/ccivil_03\/_Ato2004-2006\/2006\/Decreto\/D5940.htm\">Decreto n\u00ba 5.940, de 25 de outubro de 2006<\/a>, quando se tratar de bem irrecuper\u00e1vel; e\u00a0\u00a0\u00a0\u00a0\u00a0\u00a0 <a href=\"http:\/\/www.planalto.gov.br\/ccivil_03\/_Ato2019-2022\/2019\/Decreto\/D9813.htm#art1\">(Reda\u00e7\u00e3o dada pelo Decreto n\u00ba 9.813, de 2019<\/a><\/span><\/p>\n<p class=\"corpodotexto\" style=\"text-align: justify;text-indent: 1.0cm;margin: 15.0pt 0cm 15.0pt 0cm\"><a name=\"art8iv\"><\/a><a name=\"art8iv0\"><\/a><span style=\"font-size: 10.0pt;font-family: 'Arial',sans-serif;color: black\">IV &#8211; de Estados, Distrito Federal e organiza\u00e7\u00f5es da sociedade civil participantes do Programa Federal de Assist\u00eancia a V\u00edtimas e a Testemunhas Amea\u00e7adas, do Programa de Prote\u00e7\u00e3o a Crian\u00e7as e Adolescentes Amea\u00e7ados de Morte &#8211; PPCAAM e do Programa de Prote\u00e7\u00e3o aos Defensores de Direitos Humanos &#8211; PPDDH, regidos pela <a href=\"http:\/\/www.planalto.gov.br\/ccivil_03\/LEIS\/L9807.htm\">Lei n\u00ba 9.807, de 13 de julho de 1999<\/a>, pelos <a href=\"http:\/\/www.planalto.gov.br\/ccivil_03\/_Ato2015-2018\/2018\/Decreto\/D9579.htm#art109\">art. 109 a art. 125 do Decreto n\u00ba 9.579, de 22 de novembro de 2018<\/a>, e pelo <a href=\"http:\/\/www.planalto.gov.br\/ccivil_03\/_Ato2015-2018\/2016\/Decreto\/D8724.htm\">Decreto n\u00ba 8.724, de 27 de abril de 2016<\/a>, quando se tratar de bens remanescentes dos respectivos conv\u00eanios, termos de fomento ou de colabora\u00e7\u00e3o celebrados nesse \u00e2mbito.\u00a0\u00a0\u00a0\u00a0\u00a0\u00a0 <a href=\"http:\/\/www.planalto.gov.br\/ccivil_03\/_Ato2019-2022\/2019\/Decreto\/D9813.htm#art1\">(Reda\u00e7\u00e3o dada pelo Decreto n\u00ba 9.813, de 2019<\/a><\/span><\/p>\n<p class=\"textbody\" style=\"margin-bottom: .0001pt;text-align: justify;text-indent: 1.0cm\"><a name=\"art8p1\"><\/a><span style=\"font-size: 10.0pt;font-family: 'Arial',sans-serif;color: black\">Par\u00e1grafo \u00fanico.\u00a0 Excepcionalmente, mediante ato motivado da autoridade m\u00e1xima do \u00f3rg\u00e3o ou da entidade, vedada a delega\u00e7\u00e3o, os bens ociosos e recuper\u00e1veis do patrim\u00f4nio da administra\u00e7\u00e3o poder\u00e3o ser doados a Organiza\u00e7\u00f5es da Sociedade Civil de Interesse P\u00fablico.\u00a0\u00a0\u00a0\u00a0\u00a0\u00a0 <a href=\"http:\/\/www.planalto.gov.br\/ccivil_03\/_Ato2019-2022\/2019\/Decreto\/D9813.htm#art1\">(Reda\u00e7\u00e3o dada pelo Decreto n\u00ba 9.813, de 2019<\/a><\/span><\/p>\n<\/blockquote>\n<p>&nbsp;<\/p>\n<h3 style=\"text-align: center\"><strong>DOA\u00c7\u00c3O DE BENS M\u00d3VEIS &#8211; Organiza\u00e7\u00e3o da Sociedade Civil de Interesse P\u00fablico (OSCIP) e Associa\u00e7\u00f5es ou Cooperativas de Catadores de Materiais Recicl\u00e1veis<\/strong><\/h3>\n<p>Dessa forma, o Decreto 9.373\/2018 destaca que as \u00fanicas entidades n\u00e3o integrantes da administra\u00e7\u00e3o p\u00fablica as quais podem receber doa\u00e7\u00e3o de bens m\u00f3veis s\u00e3o:<\/p>\n<p><em><strong>1)<\/strong> As denominadas OSCIP \u2013 Organiza\u00e7\u00e3o da Sociedade Civil de Interesse P\u00fablico e;<\/em><\/p>\n<p><em><strong>2)<\/strong> As Associa\u00e7\u00f5es ou Cooperativas de Catadores de Materiais Recicl\u00e1veis, as quais s\u00f3 podem receber doa\u00e7\u00e3o de bens classificados como irrecuper\u00e1veis.<\/em><\/p>\n<p>Sendo assim, para possibilitar o recebimento de doa\u00e7\u00e3o de bens m\u00f3veis da UNIFAP, a entidade interessada dever\u00e1 comprovar na forma da Lei 9.790\/99 sua qualifica\u00e7\u00e3o como OSCIP, por meio da apresenta\u00e7\u00e3o de certifica\u00e7\u00e3o emitida pelo Minist\u00e9rio da Justi\u00e7a, enquanto que as Associa\u00e7\u00f5es ou Cooperativas de Catadores de Materiais Recicl\u00e1veis, dever\u00e3o apresentar a documenta\u00e7\u00e3o comprobat\u00f3ria de registro como tal.<\/p>\n<p>Ademais, segue abaixo PARECER N\u00ba 99\/2018 &#8211; PFE-UNIFAP\/PGF\/AGU elaborado pela Procuradoria Jur\u00eddica ao qual aborda de maneira detalhada essa tem\u00e1tica.<\/p>\n<p>&nbsp;<\/p>\n<p><a href=\"http:\/\/www.planalto.gov.br\/ccivil_03\/LEIS\/L8666cons.htm\">Lei 8.666\/1993<\/a><\/p>\n<p><a href=\"http:\/\/www.planalto.gov.br\/ccivil_03\/_Ato2015-2018\/2018\/Decreto\/D9373.htm\">Decreto 9.373\/2018<\/a><\/p>\n<p><a href=\"http:\/\/www.planalto.gov.br\/ccivil_03\/LEIS\/L9790.htm\">Lei 9.790\/99<\/a><\/p>\n<p><a href=\"http:\/\/www2.unifap.br\/depag\/files\/2019\/09\/PARECER_N_099_2018-PFE-UNIFAP-RESPOSTAS.pdf\">Parecer n\u00ba 99\/2018 &#8211; PFE-UNIFAP\/PGF\/AGU<\/a><\/p>\n","protected":false},"excerpt":{"rendered":"<p>Informamos que conforme legisla\u00e7\u00e3o em vigor, a doa\u00e7\u00e3o de bens m\u00f3veis pela Administra\u00e7\u00e3o P\u00fablica Federal \u00e9 regulamentada basicamente pelo art. 17, II, &#8220;a&#8221;, da Lei 8.666\/1993, e pelo decreto 9.373\/2018, que disp\u00f5e sobre a aliena\u00e7\u00e3o, a cess\u00e3o, a transfer\u00eancia, a destina\u00e7\u00e3o e a disposi\u00e7\u00e3o final ambientalmente adequadas de bens m\u00f3veis. Acerca do Decreto 9.373\/2018, destacamos:&#8230;<\/p>\n","protected":false},"author":422,"featured_media":0,"parent":916,"menu_order":37,"comment_status":"closed","ping_status":"closed","template":"","meta":{"inline_featured_image":false,"site-sidebar-layout":"default","site-content-layout":"","ast-site-content-layout":"default","site-content-style":"default","site-sidebar-style":"default","ast-global-header-display":"","ast-banner-title-visibility":"","ast-main-header-display":"","ast-hfb-above-header-display":"","ast-hfb-below-header-display":"","ast-hfb-mobile-header-display":"","site-post-title":"","ast-breadcrumbs-content":"","ast-featured-img":"","footer-sml-layout":"","theme-transparent-header-meta":"","adv-header-id-meta":"","stick-header-meta":"","header-above-stick-meta":"","header-main-stick-meta":"","header-below-stick-meta":"","astra-migrate-meta-layouts":"default","ast-page-background-enabled":"default","ast-page-background-meta":{"desktop":{"background-color":"var(--ast-global-color-4)","background-image":"","background-repeat":"repeat","background-position":"center center","background-size":"auto","background-attachment":"scroll","background-type":"","background-media":"","overlay-type":"","overlay-color":"","overlay-opacity":"","overlay-gradient":""},"tablet":{"background-color":"","background-image":"","background-repeat":"repeat","background-position":"center center","background-size":"auto","background-attachment":"scroll","background-type":"","background-media":"","overlay-type":"","overlay-color":"","overlay-opacity":"","overlay-gradient":""},"mobile":{"background-color":"","background-image":"","background-repeat":"repeat","background-position":"center center","background-size":"auto","background-attachment":"scroll","background-type":"","background-media":"","overlay-type":"","overlay-color":"","overlay-opacity":"","overlay-gradient":""}},"ast-content-background-meta":{"desktop":{"background-color":"var(--ast-global-color-5)","background-image":"","background-repeat":"repeat","background-position":"center center","background-size":"auto","background-attachment":"scroll","background-type":"","background-media":"","overlay-type":"","overlay-color":"","overlay-opacity":"","overlay-gradient":""},"tablet":{"background-color":"var(--ast-global-color-5)","background-image":"","background-repeat":"repeat","background-position":"center center","background-size":"auto","background-attachment":"scroll","background-type":"","background-media":"","overlay-type":"","overlay-color":"","overlay-opacity":"","overlay-gradient":""},"mobile":{"background-color":"var(--ast-global-color-5)","background-image":"","background-repeat":"repeat","background-position":"center center","background-size":"auto","background-attachment":"scroll","background-type":"","background-media":"","overlay-type":"","overlay-color":"","overlay-opacity":"","overlay-gradient":""}},"ngg_post_thumbnail":0,"footnotes":""},"class_list":["post-1235","page","type-page","status-publish","hentry"],"_links":{"self":[{"href":"https:\/\/www2.unifap.br\/depag\/wp-json\/wp\/v2\/pages\/1235","targetHints":{"allow":["GET"]}}],"collection":[{"href":"https:\/\/www2.unifap.br\/depag\/wp-json\/wp\/v2\/pages"}],"about":[{"href":"https:\/\/www2.unifap.br\/depag\/wp-json\/wp\/v2\/types\/page"}],"author":[{"embeddable":true,"href":"https:\/\/www2.unifap.br\/depag\/wp-json\/wp\/v2\/users\/422"}],"replies":[{"embeddable":true,"href":"https:\/\/www2.unifap.br\/depag\/wp-json\/wp\/v2\/comments?post=1235"}],"version-history":[{"count":3,"href":"https:\/\/www2.unifap.br\/depag\/wp-json\/wp\/v2\/pages\/1235\/revisions"}],"predecessor-version":[{"id":1239,"href":"https:\/\/www2.unifap.br\/depag\/wp-json\/wp\/v2\/pages\/1235\/revisions\/1239"}],"up":[{"embeddable":true,"href":"https:\/\/www2.unifap.br\/depag\/wp-json\/wp\/v2\/pages\/916"}],"wp:attachment":[{"href":"https:\/\/www2.unifap.br\/depag\/wp-json\/wp\/v2\/media?parent=1235"}],"curies":[{"name":"wp","href":"https:\/\/api.w.org\/{rel}","templated":true}]}}