{"id":1291,"date":"2020-04-15T11:39:20","date_gmt":"2020-04-15T14:39:20","guid":{"rendered":"http:\/\/www2.unifap.br\/depag\/?page_id=1291"},"modified":"2022-11-11T11:38:55","modified_gmt":"2022-11-11T14:38:55","slug":"e-mails-para-contato","status":"publish","type":"page","link":"https:\/\/www2.unifap.br\/depag\/e-mails-para-contato\/","title":{"rendered":"\u2709 E-MAILS PARA CONTATO \u2709"},"content":{"rendered":"<p>Com o objetivo de facilitar a comunica\u00e7\u00e3o com o DEPAG e unidades vinculadas, informamos os e-mails para contato:<\/p>\n<p>&nbsp;<\/p>\n<ul>\n<li>Departamento de Adm. Geral (DEPAG) &#8211; \u2709 <a href=\"mailto:depag.unifap@gmail.com\">depag.unifap@gmail.com<\/a><\/li>\n<li>Coordena\u00e7\u00e3o de Almoxarifado e Patrim\u00f4nio (CAP) &#8211;\u00a0\u2709 <a href=\"mailto:coord.almoxarifado.patrimonio@gmail.com\">coord.almoxarifado.patrimonio@gmail.com<\/a><\/li>\n<li>Divis\u00e3o de Contratos (DICONT) &#8211;\u00a0\u2709 <a href=\"mailto:dicont@unifap.br\">dicont@unifap.br<\/a><\/li>\n<li>Divis\u00e3o de Di\u00e1rias, Passagens e Hospedagem (DDPH) &#8211;\u00a0\u2709 <a href=\"mailto:ddph.unifap@gmail.com\">ddph.unifap@gmail.com<\/a><\/li>\n<li>Divis\u00e3o de Materiais (DIMAT) &#8211; \u2709 <a href=\"mailto:unifap.dimat@gmail.com\">unifap.dimat@gmail.com<\/a><\/li>\n<li>Servi\u00e7o de Protocolo (SEPRO) &#8211; \u2709 <a href=\"mailto:protocolo@unifap.br\">protocolo@unifap.br<\/a><\/li>\n<li>Servi\u00e7o de Transportes (SETRANS) &#8211;\u00a0\u2709 <a href=\"mailto:transporte.unifap@gmail.com\">transporte.unifap@gmail.com<\/a><\/li>\n<\/ul>\n<p>&nbsp;<\/p>\n<p>&nbsp;<\/p>\n","protected":false},"excerpt":{"rendered":"<p>Com o objetivo de facilitar a comunica\u00e7\u00e3o com o DEPAG e unidades vinculadas, informamos os e-mails para contato: &nbsp; Departamento de Adm. Geral (DEPAG) &#8211; \u2709 depag.unifap@gmail.com Coordena\u00e7\u00e3o de Almoxarifado e Patrim\u00f4nio (CAP) &#8211;\u00a0\u2709 coord.almoxarifado.patrimonio@gmail.com Divis\u00e3o de Contratos (DICONT) &#8211;\u00a0\u2709 dicont@unifap.br Divis\u00e3o de Di\u00e1rias, Passagens e Hospedagem (DDPH) &#8211;\u00a0\u2709 ddph.unifap@gmail.com Divis\u00e3o de Materiais (DIMAT) &#8211;&#8230;<\/p>\n","protected":false},"author":422,"featured_media":0,"parent":0,"menu_order":70,"comment_status":"closed","ping_status":"closed","template":"","meta":{"inline_featured_image":false,"site-sidebar-layout":"default","site-content-layout":"","ast-site-content-layout":"default","site-content-style":"default","site-sidebar-style":"default","ast-global-header-display":"","ast-banner-title-visibility":"","ast-main-header-display":"","ast-hfb-above-header-display":"","ast-hfb-below-header-display":"","ast-hfb-mobile-header-display":"","site-post-title":"","ast-breadcrumbs-content":"","ast-featured-img":"","footer-sml-layout":"","theme-transparent-header-meta":"","adv-header-id-meta":"","stick-header-meta":"","header-above-stick-meta":"","header-main-stick-meta":"","header-below-stick-meta":"","astra-migrate-meta-layouts":"default","ast-page-background-enabled":"default","ast-page-background-meta":{"desktop":{"background-color":"var(--ast-global-color-4)","background-image":"","background-repeat":"repeat","background-position":"center center","background-size":"auto","background-attachment":"scroll","background-type":"","background-media":"","overlay-type":"","overlay-color":"","overlay-opacity":"","overlay-gradient":""},"tablet":{"background-color":"","background-image":"","background-repeat":"repeat","background-position":"center center","background-size":"auto","background-attachment":"scroll","background-type":"","background-media":"","overlay-type":"","overlay-color":"","overlay-opacity":"","overlay-gradient":""},"mobile":{"background-color":"","background-image":"","background-repeat":"repeat","background-position":"center center","background-size":"auto","background-attachment":"scroll","background-type":"","background-media":"","overlay-type":"","overlay-color":"","overlay-opacity":"","overlay-gradient":""}},"ast-content-background-meta":{"desktop":{"background-color":"var(--ast-global-color-5)","background-image":"","background-repeat":"repeat","background-position":"center center","background-size":"auto","background-attachment":"scroll","background-type":"","background-media":"","overlay-type":"","overlay-color":"","overlay-opacity":"","overlay-gradient":""},"tablet":{"background-color":"var(--ast-global-color-5)","background-image":"","background-repeat":"repeat","background-position":"center center","background-size":"auto","background-attachment":"scroll","background-type":"","background-media":"","overlay-type":"","overlay-color":"","overlay-opacity":"","overlay-gradient":""},"mobile":{"background-color":"var(--ast-global-color-5)","background-image":"","background-repeat":"repeat","background-position":"center center","background-size":"auto","background-attachment":"scroll","background-type":"","background-media":"","overlay-type":"","overlay-color":"","overlay-opacity":"","overlay-gradient":""}},"ngg_post_thumbnail":0,"footnotes":""},"class_list":["post-1291","page","type-page","status-publish","hentry"],"_links":{"self":[{"href":"https:\/\/www2.unifap.br\/depag\/wp-json\/wp\/v2\/pages\/1291","targetHints":{"allow":["GET"]}}],"collection":[{"href":"https:\/\/www2.unifap.br\/depag\/wp-json\/wp\/v2\/pages"}],"about":[{"href":"https:\/\/www2.unifap.br\/depag\/wp-json\/wp\/v2\/types\/page"}],"author":[{"embeddable":true,"href":"https:\/\/www2.unifap.br\/depag\/wp-json\/wp\/v2\/users\/422"}],"replies":[{"embeddable":true,"href":"https:\/\/www2.unifap.br\/depag\/wp-json\/wp\/v2\/comments?post=1291"}],"version-history":[{"count":4,"href":"https:\/\/www2.unifap.br\/depag\/wp-json\/wp\/v2\/pages\/1291\/revisions"}],"predecessor-version":[{"id":1463,"href":"https:\/\/www2.unifap.br\/depag\/wp-json\/wp\/v2\/pages\/1291\/revisions\/1463"}],"wp:attachment":[{"href":"https:\/\/www2.unifap.br\/depag\/wp-json\/wp\/v2\/media?parent=1291"}],"curies":[{"name":"wp","href":"https:\/\/api.w.org\/{rel}","templated":true}]}}