{"id":1421,"date":"2022-01-20T08:34:17","date_gmt":"2022-01-20T11:34:17","guid":{"rendered":"http:\/\/www2.unifap.br\/depag\/?page_id=1421"},"modified":"2024-03-27T09:38:09","modified_gmt":"2024-03-27T12:38:09","slug":"equipe-de-planejamentos-docs","status":"publish","type":"page","link":"https:\/\/www2.unifap.br\/depag\/orientacoes\/equipe-de-planejamentos-docs\/","title":{"rendered":"Equipe de Planejamentos (Docs)"},"content":{"rendered":"<h2><strong title=\"\"><a title=\"\" href=\"http:\/\/www2.unifap.br\/depag\/files\/2018\/06\/documento.jpg\"><img decoding=\"async\" class=\"alignnone wp-image-1016\" title=\"\" src=\"http:\/\/www2.unifap.br\/depag\/files\/2018\/06\/documento-300x300.jpg\" alt=\"\" width=\"22\" height=\"22\" srcset=\"https:\/\/www2.unifap.br\/depag\/files\/2018\/06\/documento-300x300.jpg 300w, https:\/\/www2.unifap.br\/depag\/files\/2018\/06\/documento-150x150.jpg 150w, https:\/\/www2.unifap.br\/depag\/files\/2018\/06\/documento-70x70.jpg 70w, https:\/\/www2.unifap.br\/depag\/files\/2018\/06\/documento.jpg 626w\" sizes=\"(max-width: 22px) 100vw, 22px\" \/><\/a>&nbsp; <\/strong><strong> <a href=\"http:\/\/www2.unifap.br\/depag\/files\/2022\/01\/Documentos-Ordens.docx\">Documentos &#8211; Ordens<\/a><\/strong><\/h2>\n<p>&nbsp;<\/p>\n<h3><strong title=\"\"><a title=\"\" href=\"http:\/\/www2.unifap.br\/depag\/files\/2018\/06\/documento.jpg\"><img decoding=\"async\" class=\"alignnone wp-image-1016\" title=\"\" src=\"http:\/\/www2.unifap.br\/depag\/files\/2018\/06\/documento-300x300.jpg\" alt=\"\" width=\"22\" height=\"22\" srcset=\"https:\/\/www2.unifap.br\/depag\/files\/2018\/06\/documento-300x300.jpg 300w, https:\/\/www2.unifap.br\/depag\/files\/2018\/06\/documento-150x150.jpg 150w, https:\/\/www2.unifap.br\/depag\/files\/2018\/06\/documento-70x70.jpg 70w, https:\/\/www2.unifap.br\/depag\/files\/2018\/06\/documento.jpg 626w\" sizes=\"(max-width: 22px) 100vw, 22px\" \/><\/a>&nbsp; <\/strong><strong><a href=\"http:\/\/www2.unifap.br\/depag\/files\/2022\/01\/1.-Orienta\u00e7\u00f5es-\u00e0-Equipe-de-Planejamento.docx\">1. Orienta\u00e7\u00f5es \u00e0 Equipe de Planejamento<\/a><\/strong><\/h3>\n<h3><strong title=\"\">&nbsp; &nbsp; &nbsp; &nbsp;<a title=\"\" href=\"http:\/\/www2.unifap.br\/depag\/files\/2018\/06\/documento.jpg\"><img decoding=\"async\" class=\"alignnone wp-image-1016\" title=\"\" src=\"http:\/\/www2.unifap.br\/depag\/files\/2018\/06\/documento-300x300.jpg\" alt=\"\" width=\"22\" height=\"22\" srcset=\"https:\/\/www2.unifap.br\/depag\/files\/2018\/06\/documento-300x300.jpg 300w, https:\/\/www2.unifap.br\/depag\/files\/2018\/06\/documento-150x150.jpg 150w, https:\/\/www2.unifap.br\/depag\/files\/2018\/06\/documento-70x70.jpg 70w, https:\/\/www2.unifap.br\/depag\/files\/2018\/06\/documento.jpg 626w\" sizes=\"(max-width: 22px) 100vw, 22px\" \/><\/a>&nbsp; <\/strong><strong><a href=\"http:\/\/www2.unifap.br\/depag\/files\/2022\/01\/1.1-Modelo-de-Ata-Reuni\u00e3o-Inicial-Equipe-de-Planejamento.xlsx\">1.1 Modelo de Ata &#8211; Reuni\u00e3o Inicial Equipe de Planejamento<\/a> <\/strong><\/h3>\n<h3><strong><a title=\"\" href=\"http:\/\/www2.unifap.br\/depag\/files\/2018\/06\/documento.jpg\"><img decoding=\"async\" class=\"alignnone wp-image-1016\" title=\"\" src=\"http:\/\/www2.unifap.br\/depag\/files\/2018\/06\/documento-300x300.jpg\" alt=\"\" width=\"22\" height=\"22\" srcset=\"https:\/\/www2.unifap.br\/depag\/files\/2018\/06\/documento-300x300.jpg 300w, https:\/\/www2.unifap.br\/depag\/files\/2018\/06\/documento-150x150.jpg 150w, https:\/\/www2.unifap.br\/depag\/files\/2018\/06\/documento-70x70.jpg 70w, https:\/\/www2.unifap.br\/depag\/files\/2018\/06\/documento.jpg 626w\" sizes=\"(max-width: 22px) 100vw, 22px\" \/><\/a>&nbsp; <\/strong><strong><a href=\"http:\/\/www2.unifap.br\/depag\/files\/2022\/01\/2.-Documento-de-Oficializa\u00e7\u00e3o-da-Demanda-Modelo-Sipac-Unifap.docx\">2. Documento de Oficializa\u00e7\u00e3o da Demanda &#8211; Modelo Sipac-Unifap<\/a> <\/strong><\/h3>\n<h3><strong><a title=\"\" href=\"http:\/\/www2.unifap.br\/depag\/files\/2018\/06\/documento.jpg\"><img decoding=\"async\" class=\"alignnone wp-image-1016\" title=\"\" src=\"http:\/\/www2.unifap.br\/depag\/files\/2018\/06\/documento-300x300.jpg\" alt=\"\" width=\"22\" height=\"22\" srcset=\"https:\/\/www2.unifap.br\/depag\/files\/2018\/06\/documento-300x300.jpg 300w, https:\/\/www2.unifap.br\/depag\/files\/2018\/06\/documento-150x150.jpg 150w, https:\/\/www2.unifap.br\/depag\/files\/2018\/06\/documento-70x70.jpg 70w, https:\/\/www2.unifap.br\/depag\/files\/2018\/06\/documento.jpg 626w\" sizes=\"(max-width: 22px) 100vw, 22px\" \/><\/a>&nbsp; <\/strong><strong><a href=\"http:\/\/www2.unifap.br\/depag\/files\/2022\/01\/3.-Estudo-T\u00e9cnico-Preliminar-Comentado.docx\">3. Estudo T\u00e9cnico Preliminar Comentado<\/a><\/strong><\/h3>\n<h3><strong><a title=\"\" href=\"http:\/\/www2.unifap.br\/depag\/files\/2018\/06\/documento.jpg\"><img decoding=\"async\" class=\"alignnone wp-image-1016\" title=\"\" src=\"http:\/\/www2.unifap.br\/depag\/files\/2018\/06\/documento-300x300.jpg\" alt=\"\" width=\"22\" height=\"22\" srcset=\"https:\/\/www2.unifap.br\/depag\/files\/2018\/06\/documento-300x300.jpg 300w, https:\/\/www2.unifap.br\/depag\/files\/2018\/06\/documento-150x150.jpg 150w, https:\/\/www2.unifap.br\/depag\/files\/2018\/06\/documento-70x70.jpg 70w, https:\/\/www2.unifap.br\/depag\/files\/2018\/06\/documento.jpg 626w\" sizes=\"(max-width: 22px) 100vw, 22px\" \/><\/a>&nbsp; <\/strong><strong><a href=\"http:\/\/www2.unifap.br\/depag\/files\/2022\/01\/4.-Mapa-de-Gerenciamento-de-Riscos.docx\">4. Mapa de Gerenciamento de Riscos<\/a> <\/strong><\/h3>\n<h3><strong><a title=\"\" href=\"http:\/\/www2.unifap.br\/depag\/files\/2018\/06\/documento.jpg\"><img decoding=\"async\" class=\"alignnone wp-image-1016\" title=\"\" src=\"http:\/\/www2.unifap.br\/depag\/files\/2018\/06\/documento-300x300.jpg\" alt=\"\" width=\"22\" height=\"22\" srcset=\"https:\/\/www2.unifap.br\/depag\/files\/2018\/06\/documento-300x300.jpg 300w, https:\/\/www2.unifap.br\/depag\/files\/2018\/06\/documento-150x150.jpg 150w, https:\/\/www2.unifap.br\/depag\/files\/2018\/06\/documento-70x70.jpg 70w, https:\/\/www2.unifap.br\/depag\/files\/2018\/06\/documento.jpg 626w\" sizes=\"(max-width: 22px) 100vw, 22px\" \/><\/a>&nbsp; <\/strong><strong><a href=\"http:\/\/www2.unifap.br\/depag\/files\/2022\/01\/5.-Modelo-de-Mapa_de_Cota\u00e7\u00f5es-IN-65-2021.xlsx\">5. Modelo de Mapa_de_Cota\u00e7\u00f5es &#8211; IN 65-2021<\/a> <\/strong><\/h3>\n<h3><strong><a title=\"\" href=\"http:\/\/www2.unifap.br\/depag\/files\/2018\/06\/documento.jpg\">&nbsp; &nbsp; &nbsp; &nbsp; <img decoding=\"async\" class=\"alignnone wp-image-1016\" title=\"\" src=\"http:\/\/www2.unifap.br\/depag\/files\/2018\/06\/documento-300x300.jpg\" alt=\"\" width=\"22\" height=\"22\" srcset=\"https:\/\/www2.unifap.br\/depag\/files\/2018\/06\/documento-300x300.jpg 300w, https:\/\/www2.unifap.br\/depag\/files\/2018\/06\/documento-150x150.jpg 150w, https:\/\/www2.unifap.br\/depag\/files\/2018\/06\/documento-70x70.jpg 70w, https:\/\/www2.unifap.br\/depag\/files\/2018\/06\/documento.jpg 626w\" sizes=\"(max-width: 22px) 100vw, 22px\" \/><\/a> 5.1. &nbsp;<a href=\"http:\/\/www2.unifap.br\/depag\/files\/2024\/03\/caderno-de-pesquisa-de-precos-2023_final.pdf\">Caderno de Pesquisa de Pre\u00e7os &#8211; 2023&nbsp;<\/a><\/strong><\/h3>\n<h3><strong><a title=\"\" href=\"http:\/\/www2.unifap.br\/depag\/files\/2018\/06\/documento.jpg\"><img decoding=\"async\" class=\"alignnone wp-image-1016\" title=\"\" src=\"http:\/\/www2.unifap.br\/depag\/files\/2018\/06\/documento-300x300.jpg\" alt=\"\" width=\"22\" height=\"22\" srcset=\"https:\/\/www2.unifap.br\/depag\/files\/2018\/06\/documento-300x300.jpg 300w, https:\/\/www2.unifap.br\/depag\/files\/2018\/06\/documento-150x150.jpg 150w, https:\/\/www2.unifap.br\/depag\/files\/2018\/06\/documento-70x70.jpg 70w, https:\/\/www2.unifap.br\/depag\/files\/2018\/06\/documento.jpg 626w\" sizes=\"(max-width: 22px) 100vw, 22px\" \/><\/a>&nbsp; <\/strong><strong><a href=\"http:\/\/www2.unifap.br\/depag\/files\/2022\/01\/7.-Estudo-para-Justificativa-de-Ades\u00e3o-Unifap.docx\">7. Estudo para Justificativa de Ades\u00e3o &#8211; Unifap<\/a><\/strong><\/h3>\n<h3><strong title=\"\"><a title=\"\" href=\"http:\/\/www2.unifap.br\/depag\/files\/2018\/06\/documento.jpg\"><img decoding=\"async\" class=\"alignnone wp-image-1016\" title=\"\" src=\"http:\/\/www2.unifap.br\/depag\/files\/2018\/06\/documento-300x300.jpg\" alt=\"\" width=\"22\" height=\"22\" srcset=\"https:\/\/www2.unifap.br\/depag\/files\/2018\/06\/documento-300x300.jpg 300w, https:\/\/www2.unifap.br\/depag\/files\/2018\/06\/documento-150x150.jpg 150w, https:\/\/www2.unifap.br\/depag\/files\/2018\/06\/documento-70x70.jpg 70w, https:\/\/www2.unifap.br\/depag\/files\/2018\/06\/documento.jpg 626w\" sizes=\"(max-width: 22px) 100vw, 22px\" \/><\/a>&nbsp; <\/strong><strong><a href=\"http:\/\/www2.unifap.br\/depag\/files\/2022\/01\/8.-Modelo-de-oficio-para-fornecedor.docx\">8. Modelo de oficio para fornecedor<\/a><\/strong><\/h3>\n<p>&nbsp;<\/p>\n<h3>&nbsp;<\/h3>\n<h3><a href=\"https:\/\/drive.google.com\/drive\/folders\/1O-2rSLu4Kzw530t2XI2QxTGvfMXJc8XG\"><img decoding=\"async\" class=\"rg_i Q4LuWd aligncenter\" src=\"https:\/\/encrypted-tbn0.gstatic.com\/images?q=tbn:ANd9GcQHVqKaH8Ay5OJq3CuCCYW-F_Q6pKFzVX4wZLV0oZiST2zGCx-B3im03_AeXirsN_PPU7o&amp;usqp=CAU\" alt=\"Google Drive Logo. Google LLC. Apps from Google. Official New Logotypes of Google Apps. Editorial Image - Illustration of follow, cloud: 201198490\" width=\"239\" height=\"122\" data-noaft=\"1\"><\/a><\/h3>\n<h3 style=\"text-align: center\"><a href=\"https:\/\/drive.google.com\/drive\/folders\/1O-2rSLu4Kzw530t2XI2QxTGvfMXJc8XG\">Acessar arquivos pelo Google Drive<\/a><\/h3>\n<h3>&nbsp;<\/h3>\n<h3>&nbsp;<\/h3>\n","protected":false},"excerpt":{"rendered":"<p>&nbsp; Documentos &#8211; Ordens &nbsp; &nbsp; 1. Orienta\u00e7\u00f5es \u00e0 Equipe de Planejamento &nbsp; &nbsp; &nbsp; &nbsp;&nbsp; 1.1 Modelo de Ata &#8211; Reuni\u00e3o Inicial Equipe de Planejamento &nbsp; 2. Documento de Oficializa\u00e7\u00e3o da Demanda &#8211; Modelo Sipac-Unifap &nbsp; 3. Estudo T\u00e9cnico Preliminar Comentado &nbsp; 4. Mapa de Gerenciamento de Riscos &nbsp; 5. Modelo de Mapa_de_Cota\u00e7\u00f5es &#8211;&#8230;<\/p>\n","protected":false},"author":24,"featured_media":0,"parent":1531,"menu_order":18,"comment_status":"closed","ping_status":"closed","template":"","meta":{"inline_featured_image":false,"site-sidebar-layout":"default","site-content-layout":"","ast-site-content-layout":"default","site-content-style":"default","site-sidebar-style":"default","ast-global-header-display":"","ast-banner-title-visibility":"","ast-main-header-display":"","ast-hfb-above-header-display":"","ast-hfb-below-header-display":"","ast-hfb-mobile-header-display":"","site-post-title":"","ast-breadcrumbs-content":"","ast-featured-img":"","footer-sml-layout":"","theme-transparent-header-meta":"default","adv-header-id-meta":"","stick-header-meta":"","header-above-stick-meta":"","header-main-stick-meta":"","header-below-stick-meta":"","astra-migrate-meta-layouts":"set","ast-page-background-enabled":"default","ast-page-background-meta":{"desktop":{"background-color":"var(--ast-global-color-4)","background-image":"","background-repeat":"repeat","background-position":"center center","background-size":"auto","background-attachment":"scroll","background-type":"","background-media":"","overlay-type":"","overlay-color":"","overlay-opacity":"","overlay-gradient":""},"tablet":{"background-color":"","background-image":"","background-repeat":"repeat","background-position":"center center","background-size":"auto","background-attachment":"scroll","background-type":"","background-media":"","overlay-type":"","overlay-color":"","overlay-opacity":"","overlay-gradient":""},"mobile":{"background-color":"","background-image":"","background-repeat":"repeat","background-position":"center center","background-size":"auto","background-attachment":"scroll","background-type":"","background-media":"","overlay-type":"","overlay-color":"","overlay-opacity":"","overlay-gradient":""}},"ast-content-background-meta":{"desktop":{"background-color":"var(--ast-global-color-5)","background-image":"","background-repeat":"repeat","background-position":"center center","background-size":"auto","background-attachment":"scroll","background-type":"","background-media":"","overlay-type":"","overlay-color":"","overlay-opacity":"","overlay-gradient":""},"tablet":{"background-color":"var(--ast-global-color-5)","background-image":"","background-repeat":"repeat","background-position":"center center","background-size":"auto","background-attachment":"scroll","background-type":"","background-media":"","overlay-type":"","overlay-color":"","overlay-opacity":"","overlay-gradient":""},"mobile":{"background-color":"var(--ast-global-color-5)","background-image":"","background-repeat":"repeat","background-position":"center center","background-size":"auto","background-attachment":"scroll","background-type":"","background-media":"","overlay-type":"","overlay-color":"","overlay-opacity":"","overlay-gradient":""}},"ngg_post_thumbnail":0,"footnotes":""},"class_list":["post-1421","page","type-page","status-publish","hentry"],"_links":{"self":[{"href":"https:\/\/www2.unifap.br\/depag\/wp-json\/wp\/v2\/pages\/1421","targetHints":{"allow":["GET"]}}],"collection":[{"href":"https:\/\/www2.unifap.br\/depag\/wp-json\/wp\/v2\/pages"}],"about":[{"href":"https:\/\/www2.unifap.br\/depag\/wp-json\/wp\/v2\/types\/page"}],"author":[{"embeddable":true,"href":"https:\/\/www2.unifap.br\/depag\/wp-json\/wp\/v2\/users\/24"}],"replies":[{"embeddable":true,"href":"https:\/\/www2.unifap.br\/depag\/wp-json\/wp\/v2\/comments?post=1421"}],"version-history":[{"count":6,"href":"https:\/\/www2.unifap.br\/depag\/wp-json\/wp\/v2\/pages\/1421\/revisions"}],"predecessor-version":[{"id":1737,"href":"https:\/\/www2.unifap.br\/depag\/wp-json\/wp\/v2\/pages\/1421\/revisions\/1737"}],"up":[{"embeddable":true,"href":"https:\/\/www2.unifap.br\/depag\/wp-json\/wp\/v2\/pages\/1531"}],"wp:attachment":[{"href":"https:\/\/www2.unifap.br\/depag\/wp-json\/wp\/v2\/media?parent=1421"}],"curies":[{"name":"wp","href":"https:\/\/api.w.org\/{rel}","templated":true}]}}