{"id":1799,"date":"2024-06-28T15:04:51","date_gmt":"2024-06-28T18:04:51","guid":{"rendered":"https:\/\/www2.unifap.br\/depag\/?page_id=1799"},"modified":"2024-06-28T15:12:14","modified_gmt":"2024-06-28T18:12:14","slug":"secao-de-patrimonio-dados-abertos","status":"publish","type":"page","link":"https:\/\/www2.unifap.br\/depag\/coord-de-almox-e-patrimonio\/secao-de-patrimonio-sepat\/secao-de-patrimonio-dados-abertos\/","title":{"rendered":"Se\u00e7\u00e3o de Patrim\u00f4nio &#8211; Dados abertos"},"content":{"rendered":"<h1>Se\u00e7\u00e3o de Patrim\u00f4nio &#8211; Dados abertos<\/h1>\n<h2>&nbsp;<\/h2>\n<h3>Julho\/2024&nbsp;<\/h3>\n<ul>\n<li>\n<h5>Rela\u00e7\u00e3o de im\u00f3veis \/ Benfeitoria \/ Terreno&nbsp; (por munic\u00edpios) &#8211; <a href=\"http:\/\/www2.unifap.br\/depag\/files\/2024\/06\/SPIUnet-Sistema-de-Gerenciamento-dos-Imoveis-de-Uso-Especial-da-Uniao-19_06_2024.pdf\" target=\"_blank\" rel=\"noopener\">Clique Aqui<\/a><\/h5>\n<\/li>\n<li>\n<h5>Resumo Imobili\u00e1rio&nbsp; por Edifica\u00e7\u00e3o &#8211; <a href=\"http:\/\/www2.unifap.br\/depag\/files\/2024\/06\/RESUMO-IMOBILIARIO-POR-EDIFICACAO.pdf\" target=\"_blank\" rel=\"noopener\">Clique Aqui<\/a><\/h5>\n<\/li>\n<li>\n<h5>Espelho de Im\u00f3veis &#8211; <a href=\"http:\/\/www2.unifap.br\/depag\/files\/2024\/06\/ESPELHO-IMOVEIS.pdf\" target=\"_blank\" rel=\"noopener\">Clique Aqui<\/a><\/h5>\n<\/li>\n<li>\n<h5>Mapa do Campus Marco Zero &#8211; <a href=\"http:\/\/www2.unifap.br\/depag\/files\/2024\/06\/MAPA-DO-CAMPUS-MARCO-ZERO.pdf\" target=\"_blank\" rel=\"noopener\">Clique Aqui<\/a><\/h5>\n<\/li>\n<li>\n<h5>Terreno &#8211; Campus Marco Zero &#8211; <a href=\"http:\/\/www2.unifap.br\/depag\/files\/2024\/06\/TERRENO-MARCO-ZERO.pdf\" target=\"_blank\" rel=\"noopener\">Clique Aqui<\/a><\/h5>\n<\/li>\n<\/ul>\n","protected":false},"excerpt":{"rendered":"<p>Se\u00e7\u00e3o de Patrim\u00f4nio &#8211; Dados abertos &nbsp; Julho\/2024&nbsp; Rela\u00e7\u00e3o de im\u00f3veis \/ Benfeitoria \/ Terreno&nbsp; (por munic\u00edpios) &#8211; Clique Aqui Resumo Imobili\u00e1rio&nbsp; por Edifica\u00e7\u00e3o &#8211; Clique Aqui Espelho de Im\u00f3veis &#8211; Clique Aqui Mapa do Campus Marco Zero &#8211; Clique Aqui Terreno &#8211; Campus Marco Zero &#8211; Clique Aqui<\/p>\n","protected":false},"author":831,"featured_media":0,"parent":1747,"menu_order":0,"comment_status":"closed","ping_status":"closed","template":"","meta":{"inline_featured_image":false,"site-sidebar-layout":"default","site-content-layout":"","ast-site-content-layout":"default","site-content-style":"default","site-sidebar-style":"default","ast-global-header-display":"","ast-banner-title-visibility":"","ast-main-header-display":"","ast-hfb-above-header-display":"","ast-hfb-below-header-display":"","ast-hfb-mobile-header-display":"","site-post-title":"","ast-breadcrumbs-content":"","ast-featured-img":"","footer-sml-layout":"","theme-transparent-header-meta":"default","adv-header-id-meta":"","stick-header-meta":"","header-above-stick-meta":"","header-main-stick-meta":"","header-below-stick-meta":"","astra-migrate-meta-layouts":"set","ast-page-background-enabled":"default","ast-page-background-meta":{"desktop":{"background-color":"var(--ast-global-color-4)","background-image":"","background-repeat":"repeat","background-position":"center center","background-size":"auto","background-attachment":"scroll","background-type":"","background-media":"","overlay-type":"","overlay-color":"","overlay-opacity":"","overlay-gradient":""},"tablet":{"background-color":"","background-image":"","background-repeat":"repeat","background-position":"center center","background-size":"auto","background-attachment":"scroll","background-type":"","background-media":"","overlay-type":"","overlay-color":"","overlay-opacity":"","overlay-gradient":""},"mobile":{"background-color":"","background-image":"","background-repeat":"repeat","background-position":"center center","background-size":"auto","background-attachment":"scroll","background-type":"","background-media":"","overlay-type":"","overlay-color":"","overlay-opacity":"","overlay-gradient":""}},"ast-content-background-meta":{"desktop":{"background-color":"var(--ast-global-color-5)","background-image":"","background-repeat":"repeat","background-position":"center center","background-size":"auto","background-attachment":"scroll","background-type":"","background-media":"","overlay-type":"","overlay-color":"","overlay-opacity":"","overlay-gradient":""},"tablet":{"background-color":"var(--ast-global-color-5)","background-image":"","background-repeat":"repeat","background-position":"center center","background-size":"auto","background-attachment":"scroll","background-type":"","background-media":"","overlay-type":"","overlay-color":"","overlay-opacity":"","overlay-gradient":""},"mobile":{"background-color":"var(--ast-global-color-5)","background-image":"","background-repeat":"repeat","background-position":"center center","background-size":"auto","background-attachment":"scroll","background-type":"","background-media":"","overlay-type":"","overlay-color":"","overlay-opacity":"","overlay-gradient":""}},"ngg_post_thumbnail":0,"footnotes":""},"class_list":["post-1799","page","type-page","status-publish","hentry"],"_links":{"self":[{"href":"https:\/\/www2.unifap.br\/depag\/wp-json\/wp\/v2\/pages\/1799","targetHints":{"allow":["GET"]}}],"collection":[{"href":"https:\/\/www2.unifap.br\/depag\/wp-json\/wp\/v2\/pages"}],"about":[{"href":"https:\/\/www2.unifap.br\/depag\/wp-json\/wp\/v2\/types\/page"}],"author":[{"embeddable":true,"href":"https:\/\/www2.unifap.br\/depag\/wp-json\/wp\/v2\/users\/831"}],"replies":[{"embeddable":true,"href":"https:\/\/www2.unifap.br\/depag\/wp-json\/wp\/v2\/comments?post=1799"}],"version-history":[{"count":3,"href":"https:\/\/www2.unifap.br\/depag\/wp-json\/wp\/v2\/pages\/1799\/revisions"}],"predecessor-version":[{"id":1808,"href":"https:\/\/www2.unifap.br\/depag\/wp-json\/wp\/v2\/pages\/1799\/revisions\/1808"}],"up":[{"embeddable":true,"href":"https:\/\/www2.unifap.br\/depag\/wp-json\/wp\/v2\/pages\/1747"}],"wp:attachment":[{"href":"https:\/\/www2.unifap.br\/depag\/wp-json\/wp\/v2\/media?parent=1799"}],"curies":[{"name":"wp","href":"https:\/\/api.w.org\/{rel}","templated":true}]}}