{"id":818,"date":"2017-03-27T10:32:40","date_gmt":"2017-03-27T13:32:40","guid":{"rendered":"http:\/\/www2.unifap.br\/depag\/?page_id=818"},"modified":"2024-07-02T01:41:46","modified_gmt":"2024-07-02T04:41:46","slug":"checklist","status":"publish","type":"page","link":"https:\/\/www2.unifap.br\/depag\/checklist\/","title":{"rendered":"\u2612 Checklist processual para contrata\u00e7\u00f5es e aquisi\u00e7\u00f5es \u2612"},"content":{"rendered":"<p>As listas de verifica\u00e7\u00e3o abaixo foram elaboradas pela AGU (<a href=\"https:\/\/www.gov.br\/agu\/pt-br\/composicao\/cgu\/cgu\/modelos\/licitacoesecontratos\" target=\"_blank\" rel=\"noopener\">SITE<\/a>) e atualizadas pelo DEPAG para uso institucional, no que diz respeito as&nbsp; contrata\u00e7\u00f5es e aquisi\u00e7\u00f5es de materiais, para fins de verificar a regularidade da instru\u00e7\u00e3o processual.<\/p>\n<p>O seu uso deve ser conciliado com nossa <strong><a href=\"https:\/\/www2.unifap.br\/depag\/cartilha-para-aquisicoes\/\">CARTILHA DE AQUISI\u00c7\u00d5ES.<\/a><\/strong><\/p>\n<h4>&nbsp;<\/h4>\n<h4>\u2611 Listas de Verifica\u00e7\u00e3o &#8211; Modelos AGU&nbsp; (<a href=\"https:\/\/www.gov.br\/agu\/pt-br\/composicao\/cgu\/cgu\/modelos\/licitacoesecontratos\/14133\/listas-de-verificacao\" target=\"_blank\" rel=\"noopener\">Clique Aqui<\/a>)<\/h4>\n<p>&nbsp;<\/p>\n<h4>\u2611 Modelos de Licita\u00e7\u00f5es e Contratos &#8211; Modelos AGU (<a href=\"https:\/\/www.gov.br\/agu\/pt-br\/composicao\/cgu\/cgu\/modelos\/licitacoesecontratos\" target=\"_blank\" rel=\"noopener\">Clique Aqui<\/a>)<\/h4>\n<h4>&nbsp;<\/h4>\n<p>&nbsp;<\/p>\n<p>No caso de d\u00favidas e sugest\u00f5es, favor encaminhar e-mail para <a href=\"mailto:depag.unifap@gmail.com\">depag.unifap@gmail.com<\/a><\/p>\n","protected":false},"excerpt":{"rendered":"<p>As listas de verifica\u00e7\u00e3o abaixo foram elaboradas pela AGU (SITE) e atualizadas pelo DEPAG para uso institucional, no que diz respeito as&nbsp; contrata\u00e7\u00f5es e aquisi\u00e7\u00f5es de materiais, para fins de verificar a regularidade da instru\u00e7\u00e3o processual. O seu uso deve ser conciliado com nossa CARTILHA DE AQUISI\u00c7\u00d5ES. &nbsp; \u2611 Listas de Verifica\u00e7\u00e3o &#8211; Modelos AGU&nbsp;&#8230;<\/p>\n","protected":false},"author":236,"featured_media":0,"parent":0,"menu_order":51,"comment_status":"closed","ping_status":"closed","template":"","meta":{"inline_featured_image":false,"site-sidebar-layout":"default","site-content-layout":"","ast-site-content-layout":"default","site-content-style":"default","site-sidebar-style":"default","ast-global-header-display":"","ast-banner-title-visibility":"","ast-main-header-display":"","ast-hfb-above-header-display":"","ast-hfb-below-header-display":"","ast-hfb-mobile-header-display":"","site-post-title":"","ast-breadcrumbs-content":"","ast-featured-img":"","footer-sml-layout":"","theme-transparent-header-meta":"default","adv-header-id-meta":"","stick-header-meta":"","header-above-stick-meta":"","header-main-stick-meta":"","header-below-stick-meta":"","astra-migrate-meta-layouts":"set","ast-page-background-enabled":"default","ast-page-background-meta":{"desktop":{"background-color":"var(--ast-global-color-4)","background-image":"","background-repeat":"repeat","background-position":"center center","background-size":"auto","background-attachment":"scroll","background-type":"","background-media":"","overlay-type":"","overlay-color":"","overlay-opacity":"","overlay-gradient":""},"tablet":{"background-color":"","background-image":"","background-repeat":"repeat","background-position":"center center","background-size":"auto","background-attachment":"scroll","background-type":"","background-media":"","overlay-type":"","overlay-color":"","overlay-opacity":"","overlay-gradient":""},"mobile":{"background-color":"","background-image":"","background-repeat":"repeat","background-position":"center center","background-size":"auto","background-attachment":"scroll","background-type":"","background-media":"","overlay-type":"","overlay-color":"","overlay-opacity":"","overlay-gradient":""}},"ast-content-background-meta":{"desktop":{"background-color":"var(--ast-global-color-5)","background-image":"","background-repeat":"repeat","background-position":"center center","background-size":"auto","background-attachment":"scroll","background-type":"","background-media":"","overlay-type":"","overlay-color":"","overlay-opacity":"","overlay-gradient":""},"tablet":{"background-color":"var(--ast-global-color-5)","background-image":"","background-repeat":"repeat","background-position":"center center","background-size":"auto","background-attachment":"scroll","background-type":"","background-media":"","overlay-type":"","overlay-color":"","overlay-opacity":"","overlay-gradient":""},"mobile":{"background-color":"var(--ast-global-color-5)","background-image":"","background-repeat":"repeat","background-position":"center center","background-size":"auto","background-attachment":"scroll","background-type":"","background-media":"","overlay-type":"","overlay-color":"","overlay-opacity":"","overlay-gradient":""}},"ngg_post_thumbnail":0,"footnotes":""},"class_list":["post-818","page","type-page","status-publish","hentry"],"_links":{"self":[{"href":"https:\/\/www2.unifap.br\/depag\/wp-json\/wp\/v2\/pages\/818","targetHints":{"allow":["GET"]}}],"collection":[{"href":"https:\/\/www2.unifap.br\/depag\/wp-json\/wp\/v2\/pages"}],"about":[{"href":"https:\/\/www2.unifap.br\/depag\/wp-json\/wp\/v2\/types\/page"}],"author":[{"embeddable":true,"href":"https:\/\/www2.unifap.br\/depag\/wp-json\/wp\/v2\/users\/236"}],"replies":[{"embeddable":true,"href":"https:\/\/www2.unifap.br\/depag\/wp-json\/wp\/v2\/comments?post=818"}],"version-history":[{"count":13,"href":"https:\/\/www2.unifap.br\/depag\/wp-json\/wp\/v2\/pages\/818\/revisions"}],"predecessor-version":[{"id":1824,"href":"https:\/\/www2.unifap.br\/depag\/wp-json\/wp\/v2\/pages\/818\/revisions\/1824"}],"wp:attachment":[{"href":"https:\/\/www2.unifap.br\/depag\/wp-json\/wp\/v2\/media?parent=818"}],"curies":[{"name":"wp","href":"https:\/\/api.w.org\/{rel}","templated":true}]}}