{"id":931,"date":"2018-03-27T11:19:31","date_gmt":"2018-03-27T14:19:31","guid":{"rendered":"http:\/\/www2.unifap.br\/depag\/?page_id=931"},"modified":"2024-09-09T09:58:58","modified_gmt":"2024-09-09T12:58:58","slug":"bens-ociosos","status":"publish","type":"page","link":"https:\/\/www2.unifap.br\/depag\/coord-de-almox-e-patrimonio\/bens-ociosos\/","title":{"rendered":"Bens Ociosos"},"content":{"rendered":"<p style=\"text-align: center\"><img fetchpriority=\"high\" decoding=\"async\" class=\"aligncenter wp-image-932\" src=\"http:\/\/www2.unifap.br\/depag\/files\/2018\/03\/inventario-1024x576.jpg\" alt=\"Bens Ociosos\" width=\"438\" height=\"246\" srcset=\"https:\/\/www2.unifap.br\/depag\/files\/2018\/03\/inventario-1024x576.jpg 1024w, https:\/\/www2.unifap.br\/depag\/files\/2018\/03\/inventario-300x168.jpg 300w, https:\/\/www2.unifap.br\/depag\/files\/2018\/03\/inventario.jpg 1280w\" sizes=\"(max-width: 438px) 100vw, 438px\" \/><\/p>\n<p style=\"text-align: justify\">Informamos que a Se\u00e7\u00e3o de Patrim\u00f4nio est\u00e1 disponibilizando este canal para facilitar a redistribui\u00e7\u00e3o de bens ociosos.<\/p>\n<p style=\"text-align: justify\">Logo abaixo \u00e9 poss\u00edvel visualizar descri\u00e7\u00e3o sucinta e fotos dos principais bens ociosos que est\u00e3o dispon\u00edveis no pr\u00e9dio da Se\u00e7\u00e3o de Patrim\u00f4nio para redistribui\u00e7\u00e3o. Caso n\u00e3o ocorra demanda institucional estes bens poder\u00e3o ser alienados por meio de doa\u00e7\u00e3o, leil\u00e3o, etc.<\/p>\n<p style=\"text-align: justify\"><strong>Caso haja interesse em algum material, favor agendar visita atrav\u00e9s do telefone:&nbsp;<\/strong><\/p>\n<ul>\n<li style=\"text-align: justify\"><strong> <span style=\"color: #ff0000\">\u260e 96-99153-5329<\/span> (Ernandes &#8211; Se\u00e7\u00e3o de Patrim\u00f4nio).<\/strong><\/li>\n<li><strong><span style=\"color: #ff0000\">\u260e 96-98134-7435<\/span>&nbsp;(Izabel &#8211; Se\u00e7\u00e3o de Patrim\u00f4nio).<\/strong><\/li>\n<\/ul>\n<p style=\"text-align: center\">&#8212;&#8212;&#8212;&#8212;&#8212;&#8212;&#8212;&#8212;&#8212;&#8212;&#8212;&#8212;&#8212;&#8212;&#8212;&#8212;&#8212;&#8212;&#8212;&#8212;&#8212;&#8212;&#8212;&#8212;&#8212;&#8212;&#8212;&#8212;&#8212;&#8212;&#8212;&#8212;&#8212;&#8212;&#8212;<\/p>\n<h2 style=\"text-align: center\"><strong>Bebedouro Industrial 2 torneiras<\/strong><\/h2>\n<h2 style=\"text-align: center\"><strong> <img decoding=\"async\" class=\"aligncenter wp-image-1025\" src=\"http:\/\/www2.unifap.br\/depag\/files\/2018\/03\/Bebedouro-Industrial-2-torneiras-768x1024.jpeg\" alt=\"Bebedouro Industrial 2 torneiras\" width=\"512\" height=\"682\" srcset=\"https:\/\/www2.unifap.br\/depag\/files\/2018\/03\/Bebedouro-Industrial-2-torneiras-768x1024.jpeg 768w, https:\/\/www2.unifap.br\/depag\/files\/2018\/03\/Bebedouro-Industrial-2-torneiras-225x300.jpeg 225w, https:\/\/www2.unifap.br\/depag\/files\/2018\/03\/Bebedouro-Industrial-2-torneiras.jpeg 960w\" sizes=\"(max-width: 512px) 100vw, 512px\" \/><\/strong><\/h2>\n<h2 style=\"text-align: center\">&nbsp;<\/h2>\n<p style=\"text-align: center\">&#8212;&#8212;&#8212;&#8212;&#8212;&#8212;&#8212;&#8212;&#8212;&#8212;&#8212;&#8212;&#8212;&#8212;&#8212;&#8212;&#8212;&#8212;&#8212;&#8212;&#8212;&#8212;&#8212;&#8212;&#8212;&#8212;&#8212;&#8212;&#8212;&#8212;&#8212;&#8212;&#8212;&#8212;&#8212;<\/p>\n<h2 style=\"text-align: center\"><strong>Escada 2 degraus<img decoding=\"async\" class=\"aligncenter wp-image-1024\" src=\"http:\/\/www2.unifap.br\/depag\/files\/2018\/03\/Escada-2-degraus.jpeg\" alt=\"Escada 2 degraus\" width=\"559\" height=\"599\"><\/strong><\/h2>\n<p>&nbsp;<\/p>\n<p style=\"text-align: center\">&#8212;&#8212;&#8212;&#8212;&#8212;&#8212;&#8212;&#8212;&#8212;&#8212;&#8212;&#8212;&#8212;&#8212;&#8212;&#8212;&#8212;&#8212;&#8212;&#8212;&#8212;&#8212;&#8212;&#8212;&#8212;&#8212;&#8212;&#8212;&#8212;&#8212;&#8212;&#8212;&#8212;&#8212;&#8212;<\/p>\n","protected":false},"excerpt":{"rendered":"<p>Informamos que a Se\u00e7\u00e3o de Patrim\u00f4nio est\u00e1 disponibilizando este canal para facilitar a redistribui\u00e7\u00e3o de bens ociosos. Logo abaixo \u00e9 poss\u00edvel visualizar descri\u00e7\u00e3o sucinta e fotos dos principais bens ociosos que est\u00e3o dispon\u00edveis no pr\u00e9dio da Se\u00e7\u00e3o de Patrim\u00f4nio para redistribui\u00e7\u00e3o. Caso n\u00e3o ocorra demanda institucional estes bens poder\u00e3o ser alienados por meio de doa\u00e7\u00e3o,&#8230;<\/p>\n","protected":false},"author":422,"featured_media":0,"parent":916,"menu_order":33,"comment_status":"open","ping_status":"closed","template":"","meta":{"inline_featured_image":false,"site-sidebar-layout":"default","site-content-layout":"","ast-site-content-layout":"default","site-content-style":"default","site-sidebar-style":"default","ast-global-header-display":"","ast-banner-title-visibility":"","ast-main-header-display":"","ast-hfb-above-header-display":"","ast-hfb-below-header-display":"","ast-hfb-mobile-header-display":"","site-post-title":"","ast-breadcrumbs-content":"","ast-featured-img":"","footer-sml-layout":"","theme-transparent-header-meta":"default","adv-header-id-meta":"","stick-header-meta":"","header-above-stick-meta":"","header-main-stick-meta":"","header-below-stick-meta":"","astra-migrate-meta-layouts":"set","ast-page-background-enabled":"default","ast-page-background-meta":{"desktop":{"background-color":"var(--ast-global-color-4)","background-image":"","background-repeat":"repeat","background-position":"center center","background-size":"auto","background-attachment":"scroll","background-type":"","background-media":"","overlay-type":"","overlay-color":"","overlay-opacity":"","overlay-gradient":""},"tablet":{"background-color":"","background-image":"","background-repeat":"repeat","background-position":"center center","background-size":"auto","background-attachment":"scroll","background-type":"","background-media":"","overlay-type":"","overlay-color":"","overlay-opacity":"","overlay-gradient":""},"mobile":{"background-color":"","background-image":"","background-repeat":"repeat","background-position":"center center","background-size":"auto","background-attachment":"scroll","background-type":"","background-media":"","overlay-type":"","overlay-color":"","overlay-opacity":"","overlay-gradient":""}},"ast-content-background-meta":{"desktop":{"background-color":"var(--ast-global-color-5)","background-image":"","background-repeat":"repeat","background-position":"center center","background-size":"auto","background-attachment":"scroll","background-type":"","background-media":"","overlay-type":"","overlay-color":"","overlay-opacity":"","overlay-gradient":""},"tablet":{"background-color":"var(--ast-global-color-5)","background-image":"","background-repeat":"repeat","background-position":"center center","background-size":"auto","background-attachment":"scroll","background-type":"","background-media":"","overlay-type":"","overlay-color":"","overlay-opacity":"","overlay-gradient":""},"mobile":{"background-color":"var(--ast-global-color-5)","background-image":"","background-repeat":"repeat","background-position":"center center","background-size":"auto","background-attachment":"scroll","background-type":"","background-media":"","overlay-type":"","overlay-color":"","overlay-opacity":"","overlay-gradient":""}},"ngg_post_thumbnail":0,"footnotes":""},"class_list":["post-931","page","type-page","status-publish","hentry"],"_links":{"self":[{"href":"https:\/\/www2.unifap.br\/depag\/wp-json\/wp\/v2\/pages\/931","targetHints":{"allow":["GET"]}}],"collection":[{"href":"https:\/\/www2.unifap.br\/depag\/wp-json\/wp\/v2\/pages"}],"about":[{"href":"https:\/\/www2.unifap.br\/depag\/wp-json\/wp\/v2\/types\/page"}],"author":[{"embeddable":true,"href":"https:\/\/www2.unifap.br\/depag\/wp-json\/wp\/v2\/users\/422"}],"replies":[{"embeddable":true,"href":"https:\/\/www2.unifap.br\/depag\/wp-json\/wp\/v2\/comments?post=931"}],"version-history":[{"count":26,"href":"https:\/\/www2.unifap.br\/depag\/wp-json\/wp\/v2\/pages\/931\/revisions"}],"predecessor-version":[{"id":1837,"href":"https:\/\/www2.unifap.br\/depag\/wp-json\/wp\/v2\/pages\/931\/revisions\/1837"}],"up":[{"embeddable":true,"href":"https:\/\/www2.unifap.br\/depag\/wp-json\/wp\/v2\/pages\/916"}],"wp:attachment":[{"href":"https:\/\/www2.unifap.br\/depag\/wp-json\/wp\/v2\/media?parent=931"}],"curies":[{"name":"wp","href":"https:\/\/api.w.org\/{rel}","templated":true}]}}