{"id":13,"date":"2018-10-11T15:33:45","date_gmt":"2018-10-11T15:33:45","guid":{"rendered":"http:\/\/www2.unifap.br\/depla\/?page_id=13"},"modified":"2020-05-08T00:46:31","modified_gmt":"2020-05-08T00:46:31","slug":"apresentacao-2","status":"publish","type":"page","link":"https:\/\/www2.unifap.br\/depla\/apresentacao-2\/","title":{"rendered":"Apresenta\u00e7\u00e3o"},"content":{"rendered":"<p>O Departamento de Letras e Artes (DEPLA) congrega na Universidade Federal do Amap\u00e1 os cursos de Letras (Portugu\u00eas \u2013 Ingl\u00eas \u2013 Franc\u00eas e LIBRAS), Artes, Jornalismo e Teatro. Institu\u00eddo pela Resolu\u00e7\u00e3o n. 30\/2013-CONSU, de cinco de setembro de 2013, \u00e9 normatizado pela Resolu\u00e7\u00e3o n\u00ba 09 \u2013 CONSU\/UNIFAP, de 29 de abril de 2002.<\/p>\n<p>Em termos de infraestrutura, o DEPLA possui, al\u00e9m de salas de aula, salas administrativas e salas dos Centros Acad\u00eamicos, laborat\u00f3rios espec\u00edficos de cursos e multidisciplinares, uma galeria, um audit\u00f3rio e uma sala de pr\u00e1ticas teatrais.<\/p>\n<p><em>S\u00e3o princ\u00edpios do DEPLA<\/em><\/p>\n<ol>\n<li>Oferta \u00e0 comunidade de Ensino, Pesquisa e Extens\u00e3o p\u00fablicos, gratuitos e de qualidade;<\/li>\n<li>Atua\u00e7\u00e3o em seus dom\u00ednios de Ensino, Pesquisa e Extens\u00e3o para o fortalecimento da UNIFAP e do Estado do Amap\u00e1;<\/li>\n<li>Excel\u00eancia acad\u00eamica;<\/li>\n<li>Respeito \u00e0 \u00e9tica e \u00e0 diversidade em suas distintas faces inerente ao estado do Amap\u00e1;<\/li>\n<li>Zelo pelos elementos humano e material que o comp\u00f5em;<\/li>\n<li>Gest\u00e3o democr\u00e1tica e transparente.<\/li>\n<\/ol>\n","protected":false},"excerpt":{"rendered":"<p>O Departamento de Letras e Artes (DEPLA) congrega na Universidade Federal do Amap\u00e1 os cursos de Letras (Portugu\u00eas \u2013 Ingl\u00eas \u2013 Franc\u00eas e LIBRAS), Artes, Jornalismo e Teatro. Institu\u00eddo pela Resolu\u00e7\u00e3o n. 30\/2013-CONSU, de cinco de setembro de 2013, \u00e9&hellip; <\/p>\n<p><a href=\"https:\/\/www2.unifap.br\/depla\/apresentacao-2\/\" class=\"readmore-button\">Continue Reading<\/a><\/p>\n","protected":false},"author":2878,"featured_media":0,"parent":0,"menu_order":0,"comment_status":"open","ping_status":"open","template":"","meta":{"inline_featured_image":false,"ngg_post_thumbnail":0,"footnotes":""},"class_list":["post-13","page","type-page","status-publish","hentry"],"_links":{"self":[{"href":"https:\/\/www2.unifap.br\/depla\/wp-json\/wp\/v2\/pages\/13","targetHints":{"allow":["GET"]}}],"collection":[{"href":"https:\/\/www2.unifap.br\/depla\/wp-json\/wp\/v2\/pages"}],"about":[{"href":"https:\/\/www2.unifap.br\/depla\/wp-json\/wp\/v2\/types\/page"}],"author":[{"embeddable":true,"href":"https:\/\/www2.unifap.br\/depla\/wp-json\/wp\/v2\/users\/2878"}],"replies":[{"embeddable":true,"href":"https:\/\/www2.unifap.br\/depla\/wp-json\/wp\/v2\/comments?post=13"}],"version-history":[{"count":2,"href":"https:\/\/www2.unifap.br\/depla\/wp-json\/wp\/v2\/pages\/13\/revisions"}],"predecessor-version":[{"id":163,"href":"https:\/\/www2.unifap.br\/depla\/wp-json\/wp\/v2\/pages\/13\/revisions\/163"}],"wp:attachment":[{"href":"https:\/\/www2.unifap.br\/depla\/wp-json\/wp\/v2\/media?parent=13"}],"curies":[{"name":"wp","href":"https:\/\/api.w.org\/{rel}","templated":true}]}}