{"id":139,"date":"2020-01-22T14:57:52","date_gmt":"2020-01-22T14:57:52","guid":{"rendered":"http:\/\/www2.unifap.br\/depla\/?page_id=139"},"modified":"2024-11-21T13:38:57","modified_gmt":"2024-11-21T13:38:57","slug":"cursos","status":"publish","type":"page","link":"https:\/\/www2.unifap.br\/depla\/cursos\/","title":{"rendered":"CURSOS"},"content":{"rendered":"\t\t<div data-elementor-type=\"wp-page\" data-elementor-id=\"139\" class=\"elementor elementor-139\">\n\t\t\t\t\t\t<section class=\"elementor-section elementor-top-section elementor-element elementor-element-da6d30a elementor-section-boxed elementor-section-height-default elementor-section-height-default\" data-id=\"da6d30a\" data-element_type=\"section\" data-e-type=\"section\">\n\t\t\t\t\t\t<div class=\"elementor-container elementor-column-gap-default\">\n\t\t\t\t\t<div class=\"elementor-column elementor-col-100 elementor-top-column elementor-element elementor-element-78b84cb7\" data-id=\"78b84cb7\" data-element_type=\"column\" data-e-type=\"column\">\n\t\t\t<div class=\"elementor-widget-wrap elementor-element-populated\">\n\t\t\t\t\t\t<div class=\"elementor-element elementor-element-4db4f1dc elementor-widget__width-inherit elementor-widget elementor-widget-text-editor\" data-id=\"4db4f1dc\" data-element_type=\"widget\" data-e-type=\"widget\" data-widget_type=\"text-editor.default\">\n\t\t\t\t<div class=\"elementor-widget-container\">\n\t\t\t\t\t\t\t\t\t<p style=\"text-align: center;line-height: 115%;margin: 6.0pt 0cm 6.0pt 0cm\" align=\"center\"><strong>Departamento de Letras e Artes (DEPLA)<\/strong><\/p>\n<p style=\"text-align: center;line-height: 115%;margin: 6.0pt 0cm 6.0pt 0cm\" align=\"center\">Diretor: <a href=\"http:\/\/buscatextual.cnpq.br\/buscatextual\/visualizacv.do?id=K4737420D5\">Prof. Dr. Marcos Paulo Torres Pereira<\/a><\/p>\n<p style=\"text-align: center;line-height: 115%;margin: 6.0pt 0cm 6.0pt 0cm\" align=\"center\">Contato: secretariadepla@unifap.br<\/p>\n<hr>\n<p style=\"text-align: center;line-height: 115%;margin: 6.0pt 0cm 6.0pt 0cm\" align=\"center\"><strong>Letras Portugu\u00eas e Franc\u00eas<\/strong><\/p>\n<p style=\"text-align: center;line-height: 115%;margin: 6.0pt 0cm 6.0pt 0cm\" align=\"center\">Coordenador: <a href=\"http:\/\/buscatextual.cnpq.br\/buscatextual\/visualizacv.do?id=K4131187J8\">Prof. Dr. Antonio Almir Silva Gomes<\/a><\/p>\n<p style=\"text-align: center;line-height: 115%;margin: 6.0pt 0cm 6.0pt 0cm\" align=\"center\">Contato: letrasfrances@unifap.br<\/p>\n<hr>\n<p style=\"text-align: center;line-height: 115%;margin: 6.0pt 0cm 6.0pt 0cm\" align=\"center\"><strong>Letras Portugu\u00eas e&nbsp; Ingl\u00eas<\/strong><\/p>\n<p style=\"text-align: center;line-height: 115%;margin: 6.0pt 0cm 6.0pt 0cm\" align=\"center\">Coordenadora: <a href=\"http:\/\/buscatextual.cnpq.br\/buscatextual\/visualizacv.do?id=K4265604P0\">Prof.\u00aa Dra. Rosileni Pelaes de Morais<\/a><\/p>\n<p style=\"text-align: center;line-height: 115%;margin: 6.0pt 0cm 6.0pt 0cm\" align=\"center\">Contato: letrasingles@unifap.br ou letras@unifap.br<\/p>\n<hr>\n<p style=\"text-align: center;line-height: 115%;margin: 6.0pt 0cm 6.0pt 0cm\" align=\"center\"><strong>Letras LIBRAS<\/strong><\/p>\n<p style=\"text-align: center;line-height: 115%;margin: 6.0pt 0cm 6.0pt 0cm\" align=\"center\">Coordenador: <a href=\"https:\/\/buscatextual.cnpq.br\/buscatextual\/visualizacv.do?id=K4252002U5&amp;tokenCaptchar=03AAYGu2SifJFV1c7TqEfKSWXU-fc4VbuDR6v6JaHIO4eLhiUM6sCqnpUJbH4FWwAWDlt6kp5NqK_bL1baSlVe8gVjjNCq7l-qrnT5GLgZahcCIntqUAoDh5wDSAM6XEOyiovPJw7h5PrIaD6G9scmumOkEo8AyDbkMZK1dke--uf3yu1M3O3cjUicgWpGTNS9IQSShW7X1H4jGZVZNUa_w2F55GMwooRQYdbJTSLjPS3HSDOVzzpPAS9-s2kITAJpKqKvG6v7UictLPYmyivG2cp_eOpqleG5TuPrlQMGd3Q65y5mwheLJj377acjxCMExoHnmGrbvTfZjCxwcb_cvDdhEw2aPAUDafQSTG5-8rbasrNOJm_xlt5jTYZpjRbqKLBNMlKKKNihIyo3xsebh5IDM0bpxsevJ3hCKEzpQFM_7rTnHdUmL0yjdhLXyE9CXeJJSDN9BF1ekY6vDadjlINbLpc8uOJLpYzGeSpdhPfm1i8UgeiZW_Ook6h2w1n-Enc6ICA34Bby93OHfiwh6B6Ncl2b0hsQxpgSCm3fBK2i709neqbPosvxMuT2ek2ttROLgFxHYQ4V\">Profa. Dra. S\u00e2mela Ramos da Silva Meirelles<\/a><\/p>\n<p style=\"text-align: center;line-height: 115%;margin: 6.0pt 0cm 6.0pt 0cm\" align=\"center\">Contato: letlibrasap@gmail.com ou letras.libras@unifap.br<\/p>\n<p style=\"text-align: center;line-height: 115%;margin: 6.0pt 0cm 6.0pt 0cm\" align=\"center\"><strong>Canal no YouTube:<\/strong>&nbsp;Letlibras<\/p>\n<hr>\n<p style=\"text-align: center;line-height: 115%;margin: 6.0pt 0cm 6.0pt 0cm\" align=\"center\"><strong>Jornalismo<\/strong><\/p>\n<p style=\"text-align: center;line-height: 115%;margin: 6.0pt 0cm 6.0pt 0cm\" align=\"center\">Coordenador: <a href=\"https:\/\/buscatextual.cnpq.br\/buscatextual\/visualizacv.do\">Profa. Dra. Lylian Caroline Maciel Rodrigues<\/a><\/p>\n<p style=\"text-align: center;line-height: 115%;margin: 6.0pt 0cm 6.0pt 0cm\" align=\"center\">Contato: lylian@unifap.br<\/p>\n<p style=\"text-align: center;line-height: 115%;margin: 6.0pt 0cm 6.0pt 0cm\" align=\"center\"><span style=\", sans-serif;text-align: start\">Prof Dra. Roberta Scheibe&nbsp;<\/span><strong style=\", sans-serif;text-align: start\">(atualmente coordenadora substituta)<\/strong><\/p>\n<p style=\"text-align: center;line-height: 115%;margin: 6.0pt 0cm 6.0pt 0cm\" align=\"center\"><span style=\"color: var( --e-global-color-text );font-size: 1em\">Contato<\/span><span style=\", sans-serif;text-align: start\">: roberta.scheibe@unifap.br<\/span><strong style=\", sans-serif;text-align: start\"><\/strong><\/p>\n<p style=\"text-align: center;line-height: 115%;margin: 6.0pt 0cm 6.0pt 0cm\" align=\"center\"><br><\/p>\n<hr>\n<p style=\"text-align: center;line-height: 115%;margin: 6.0pt 0cm 6.0pt 0cm\" align=\"center\"><strong>Artes Visuais<\/strong><\/p>\n<p style=\"text-align: center;line-height: 115%;margin: 6.0pt 0cm 6.0pt 0cm\" align=\"center\">Coordenador: Prof. Me.&nbsp;<span style=\"text-align: start;color: var( --e-global-color-text );font-size: 1em\">Joaquim Cesar da Veiga Netto<\/span><\/p>\n<p style=\"text-align: center;line-height: 115%;margin: 6.0pt 0cm 6.0pt 0cm\" align=\"center\">Vice-Coordenador: Prof. Dr.&nbsp;<span style=\"text-align: start;color: var( --e-global-color-text );font-size: 1em\">Aldrin Vianna de Santana<\/span><\/p>\n<p style=\"text-align: center;line-height: 115%;margin: 6.0pt 0cm 6.0pt 0cm\" align=\"center\">Contato: artesvisuais@unifap.br<\/p>\n<hr>\n<p style=\"text-align: center;line-height: 115%;margin: 6.0pt 0cm 6.0pt 0cm\" align=\"center\"><strong>Teatro<\/strong><\/p>\n<p style=\"text-align: center;line-height: 115%;margin: 6.0pt 0cm 6.0pt 0cm\" align=\"center\">Coordenador:&nbsp;<span style=\", sans-serif;font-size: 15px;text-align: start\">Prof. Dr. Frederico de Carvalho Ferreira<\/span><\/p>\n<p style=\"text-align: center;line-height: 115%;margin: 6.0pt 0cm 6.0pt 0cm\" align=\"center\">Vice-Coordenador:&nbsp;<span style=\", sans-serif;text-align: start;font-size: 1em\">Prof. Dr. Jos\u00e9 Fl\u00e1vio Cardoso Nos\u00e9<\/span><\/p>\n<p style=\"text-align: center;line-height: 115%;margin: 6.0pt 0cm 6.0pt 0cm\" align=\"center\">Contato: teatro@unifap.br<\/p>\t\t\t\t\t\t\t\t<\/div>\n\t\t\t\t<\/div>\n\t\t\t\t\t<\/div>\n\t\t<\/div>\n\t\t\t\t\t<\/div>\n\t\t<\/section>\n\t\t\t\t<\/div>\n\t\t","protected":false},"excerpt":{"rendered":"<p>Departamento de Letras e Artes (DEPLA) Diretor: Prof. Dr. Marcos Paulo Torres Pereira Contato: secretariadepla@unifap.br Letras Portugu\u00eas e Franc\u00eas Coordenador: Prof. Dr. Antonio Almir Silva Gomes Contato: letrasfrances@unifap.br Letras Portugu\u00eas e&nbsp; Ingl\u00eas Coordenadora: Prof.\u00aa Dra. Rosileni Pelaes de Morais Contato:&hellip; <\/p>\n<p><a href=\"https:\/\/www2.unifap.br\/depla\/cursos\/\" class=\"readmore-button\">Continue Reading<\/a><\/p>\n","protected":false},"author":2878,"featured_media":0,"parent":0,"menu_order":0,"comment_status":"closed","ping_status":"closed","template":"","meta":{"inline_featured_image":false,"ngg_post_thumbnail":0,"footnotes":""},"class_list":["post-139","page","type-page","status-publish","hentry"],"_links":{"self":[{"href":"https:\/\/www2.unifap.br\/depla\/wp-json\/wp\/v2\/pages\/139","targetHints":{"allow":["GET"]}}],"collection":[{"href":"https:\/\/www2.unifap.br\/depla\/wp-json\/wp\/v2\/pages"}],"about":[{"href":"https:\/\/www2.unifap.br\/depla\/wp-json\/wp\/v2\/types\/page"}],"author":[{"embeddable":true,"href":"https:\/\/www2.unifap.br\/depla\/wp-json\/wp\/v2\/users\/2878"}],"replies":[{"embeddable":true,"href":"https:\/\/www2.unifap.br\/depla\/wp-json\/wp\/v2\/comments?post=139"}],"version-history":[{"count":59,"href":"https:\/\/www2.unifap.br\/depla\/wp-json\/wp\/v2\/pages\/139\/revisions"}],"predecessor-version":[{"id":1989,"href":"https:\/\/www2.unifap.br\/depla\/wp-json\/wp\/v2\/pages\/139\/revisions\/1989"}],"wp:attachment":[{"href":"https:\/\/www2.unifap.br\/depla\/wp-json\/wp\/v2\/media?parent=139"}],"curies":[{"name":"wp","href":"https:\/\/api.w.org\/{rel}","templated":true}]}}