{"id":141,"date":"2020-01-22T14:58:07","date_gmt":"2020-01-22T14:58:07","guid":{"rendered":"http:\/\/www2.unifap.br\/depla\/?page_id=141"},"modified":"2020-05-08T00:49:30","modified_gmt":"2020-05-08T00:49:30","slug":"docentes","status":"publish","type":"page","link":"https:\/\/www2.unifap.br\/depla\/docentes\/","title":{"rendered":"PESQUISA"},"content":{"rendered":"<p>As atividades de Pesquisa no DEPLA s\u00e3o realizadas pelos cursos. Atualmente, todos os cursos do DEPLA t\u00eam registrados no Departamento de Pesquisa atividades de pesquisa com foco seja em aspectos te\u00f3ricos das ci\u00eancias que constituem os cursos do Departamento, seja em aspectos aplicados.<\/p>\n<p>Para informa\u00e7\u00f5es sobre os projetos de pesquisa desenvolvidos pelos cursos do DEPLA, consultar as p\u00e1ginas dos cursos ou o site do Departamento de Pesquisa:<\/p>\n<p><a href=\"https:\/\/www2.unifap.br\/dpq\/grupos-de-pesquisa\/linguistica-letras-e-artes\/\">https:\/\/www2.unifap.br\/dpq\/grupos-de-pesquisa\/linguistica-letras-e-artes\/<\/a><\/p>\n","protected":false},"excerpt":{"rendered":"<p>As atividades de Pesquisa no DEPLA s\u00e3o realizadas pelos cursos. Atualmente, todos os cursos do DEPLA t\u00eam registrados no Departamento de Pesquisa atividades de pesquisa com foco seja em aspectos te\u00f3ricos das ci\u00eancias que constituem os cursos do Departamento, seja&hellip; <\/p>\n<p><a href=\"https:\/\/www2.unifap.br\/depla\/docentes\/\" class=\"readmore-button\">Continue Reading<\/a><\/p>\n","protected":false},"author":2878,"featured_media":0,"parent":0,"menu_order":0,"comment_status":"closed","ping_status":"closed","template":"","meta":{"inline_featured_image":false,"ngg_post_thumbnail":0,"footnotes":""},"class_list":["post-141","page","type-page","status-publish","hentry"],"_links":{"self":[{"href":"https:\/\/www2.unifap.br\/depla\/wp-json\/wp\/v2\/pages\/141","targetHints":{"allow":["GET"]}}],"collection":[{"href":"https:\/\/www2.unifap.br\/depla\/wp-json\/wp\/v2\/pages"}],"about":[{"href":"https:\/\/www2.unifap.br\/depla\/wp-json\/wp\/v2\/types\/page"}],"author":[{"embeddable":true,"href":"https:\/\/www2.unifap.br\/depla\/wp-json\/wp\/v2\/users\/2878"}],"replies":[{"embeddable":true,"href":"https:\/\/www2.unifap.br\/depla\/wp-json\/wp\/v2\/comments?post=141"}],"version-history":[{"count":3,"href":"https:\/\/www2.unifap.br\/depla\/wp-json\/wp\/v2\/pages\/141\/revisions"}],"predecessor-version":[{"id":167,"href":"https:\/\/www2.unifap.br\/depla\/wp-json\/wp\/v2\/pages\/141\/revisions\/167"}],"wp:attachment":[{"href":"https:\/\/www2.unifap.br\/depla\/wp-json\/wp\/v2\/media?parent=141"}],"curies":[{"name":"wp","href":"https:\/\/api.w.org\/{rel}","templated":true}]}}