{"id":15,"date":"2018-10-11T15:39:41","date_gmt":"2018-10-11T15:39:41","guid":{"rendered":"http:\/\/www2.unifap.br\/depla\/?page_id=15"},"modified":"2024-10-08T18:47:51","modified_gmt":"2024-10-08T18:47:51","slug":"equipe-e-contatos","status":"publish","type":"page","link":"https:\/\/www2.unifap.br\/depla\/equipe-e-contatos\/","title":{"rendered":"Equipe e Contatos"},"content":{"rendered":"<p style=\"margin: 0cm;margin-bottom: .0001pt;text-align: center\" align=\"center\">Prof. Dr. Marcos Paulo Torres Pereira<\/p>\n<p style=\"margin: 0cm;margin-bottom: .0001pt;text-align: center\" align=\"center\"><strong>Diretor<\/strong><\/p>\n<p style=\"margin: 0cm;margin-bottom: .0001pt;text-align: center\" align=\"center\">Contato: secretariadepla@unifap.br<\/p>\n<p align=\"center\">&#8212;&#8212;<\/p>\n<p style=\"margin: 0cm;margin-bottom: .0001pt;text-align: center\" align=\"center\">Rom\u00e1rio Estr\u00e3o Pelaes<\/p>\n<p style=\"margin: 0cm;margin-bottom: .0001pt;text-align: center\" align=\"center\"><strong>T\u00e9cnico em Assuntos Educacionais<\/strong><\/p>\n<p style=\"margin: 0cm;margin-bottom: .0001pt;text-align: center\" align=\"center\">\u00a0Contato: romario.pelaes@unifap.br<\/p>\n<p align=\"center\">&#8212;&#8212;<\/p>\n<p style=\"margin: 0cm;margin-bottom: .0001pt;text-align: center\" align=\"center\">Inalva Guid\u00e3o<\/p>\n<p style=\"margin: 0cm;margin-bottom: .0001pt;text-align: center\" align=\"center\"><strong>T\u00e9cnica em Assuntos Educacionais<\/strong><\/p>\n<p style=\"margin: 0cm;margin-bottom: .0001pt;text-align: center\" align=\"center\">Contato: inalva.guidao@unifap.br<\/p>\n<p align=\"center\">&#8212;&#8212;<\/p>\n<p style=\"margin: 0cm;margin-bottom: .0001pt;text-align: center\" align=\"center\">Joaleson Rocha<\/p>\n<p style=\"margin: 0cm;margin-bottom: .0001pt;text-align: center\" align=\"center\"><strong>Assistente Administrativo<\/strong><\/p>\n<p style=\"margin: 0cm;margin-bottom: .0001pt;text-align: center\" align=\"center\">\u00a0Contato: joaleson@unifap.br<\/p>\n<p align=\"center\">&#8212;&#8212;<\/p>\n<p style=\"margin: 0cm;margin-bottom: .0001pt;text-align: center\" align=\"center\">Patr\u00edcia Franco Silva<\/p>\n<p style=\"margin: 0cm;margin-bottom: .0001pt;text-align: center\" align=\"center\"><strong>Assistente Administrativo<\/strong><\/p>\n<p style=\"margin: 0cm;margin-bottom: .0001pt;text-align: center\" align=\"center\">patricia.franco@unifap.br<\/p>\n<p align=\"center\">\n","protected":false},"excerpt":{"rendered":"<p>Prof. Dr. Marcos Paulo Torres Pereira Diretor Contato: secretariadepla@unifap.br &#8212;&#8212; Rom\u00e1rio Estr\u00e3o Pelaes T\u00e9cnico em Assuntos Educacionais \u00a0Contato: romario.pelaes@unifap.br &#8212;&#8212; Inalva Guid\u00e3o T\u00e9cnica em Assuntos Educacionais Contato: inalva.guidao@unifap.br &#8212;&#8212; Joaleson Rocha Assistente Administrativo \u00a0Contato: joaleson@unifap.br &#8212;&#8212; Patr\u00edcia Franco Silva Assistente&hellip; <\/p>\n<p><a href=\"https:\/\/www2.unifap.br\/depla\/equipe-e-contatos\/\" class=\"readmore-button\">Continue Reading<\/a><\/p>\n","protected":false},"author":2878,"featured_media":0,"parent":0,"menu_order":0,"comment_status":"open","ping_status":"open","template":"","meta":{"inline_featured_image":false,"ngg_post_thumbnail":0,"footnotes":""},"class_list":["post-15","page","type-page","status-publish","hentry"],"_links":{"self":[{"href":"https:\/\/www2.unifap.br\/depla\/wp-json\/wp\/v2\/pages\/15","targetHints":{"allow":["GET"]}}],"collection":[{"href":"https:\/\/www2.unifap.br\/depla\/wp-json\/wp\/v2\/pages"}],"about":[{"href":"https:\/\/www2.unifap.br\/depla\/wp-json\/wp\/v2\/types\/page"}],"author":[{"embeddable":true,"href":"https:\/\/www2.unifap.br\/depla\/wp-json\/wp\/v2\/users\/2878"}],"replies":[{"embeddable":true,"href":"https:\/\/www2.unifap.br\/depla\/wp-json\/wp\/v2\/comments?post=15"}],"version-history":[{"count":25,"href":"https:\/\/www2.unifap.br\/depla\/wp-json\/wp\/v2\/pages\/15\/revisions"}],"predecessor-version":[{"id":1822,"href":"https:\/\/www2.unifap.br\/depla\/wp-json\/wp\/v2\/pages\/15\/revisions\/1822"}],"wp:attachment":[{"href":"https:\/\/www2.unifap.br\/depla\/wp-json\/wp\/v2\/media?parent=15"}],"curies":[{"name":"wp","href":"https:\/\/api.w.org\/{rel}","templated":true}]}}