{"id":1825,"date":"2024-10-08T19:02:36","date_gmt":"2024-10-08T19:02:36","guid":{"rendered":"https:\/\/www2.unifap.br\/depla\/?page_id=1825"},"modified":"2025-07-29T19:25:26","modified_gmt":"2025-07-29T19:25:26","slug":"editais-2024","status":"publish","type":"page","link":"https:\/\/www2.unifap.br\/depla\/editais\/editais-2024\/","title":{"rendered":"EDITAIS 2024"},"content":{"rendered":"<p><a href=\"http:\/\/www2.unifap.br\/depla\/files\/2024\/10\/Editais-depla_20241008_172801_0001.png\"><img fetchpriority=\"high\" decoding=\"async\" class=\"aligncenter size-large wp-image-1844\" src=\"http:\/\/www2.unifap.br\/depla\/files\/2024\/10\/Editais-depla_20241008_172801_0001-1024x320.png\" alt=\"\" width=\"640\" height=\"200\" srcset=\"https:\/\/www2.unifap.br\/depla\/files\/2024\/10\/Editais-depla_20241008_172801_0001-1024x320.png 1024w, https:\/\/www2.unifap.br\/depla\/files\/2024\/10\/Editais-depla_20241008_172801_0001-300x94.png 300w, https:\/\/www2.unifap.br\/depla\/files\/2024\/10\/Editais-depla_20241008_172801_0001-768x240.png 768w, https:\/\/www2.unifap.br\/depla\/files\/2024\/10\/Editais-depla_20241008_172801_0001-1536x480.png 1536w, https:\/\/www2.unifap.br\/depla\/files\/2024\/10\/Editais-depla_20241008_172801_0001.png 1920w\" sizes=\"(max-width: 640px) 100vw, 640px\" \/><\/a><\/p>\n<p>&nbsp;<\/p>\n<ul>\n<li><strong>Edital n\u00b0010\/2024 \u2013 DEPLA\/PROGRAD\/UNIFAP -A\u00e7\u00f5es Curriculares de Extens\u00e3o (ACE) &#8211; <\/strong><a href=\"https:\/\/www2.unifap.br\/depla\/2024\/11\/18\/edital-n10-2024-depla-prograd-unifap-acoes-curriculares-de-extensao-ace\/\"><em>Clique aqui<\/em><\/a><\/li>\n<li><strong>Edital n\u00ba 009\/2024-DEPLA\/PROGRAD\/UNIFAP &#8211; PROFID &#8211; Sele\u00e7\u00e3o de bolsistas &#8211; <\/strong><a href=\"https:\/\/www2.unifap.br\/depla\/2024\/10\/30\/edital-n-009-2024-depla-prograd-unifap-selecao-de-monitores-cadastro-reserva\/\"><em>Clique aqui<\/em><\/a><\/li>\n<li><strong>Edital n\u00b0 008\/2024-DEPLA\/PROGRAD\/UNIFAP &#8211; <span style=\"color: #800000\">Bolsa Monitoria &#8211; vagas remanescentes &#8211;\u00a0<\/span><\/strong><a href=\"https:\/\/www2.unifap.br\/depla\/2024\/10\/23\/edital-n-008-2024-depla-prograd-unifap-bolsa-monitoria-vagas-remanescentes\/\"><em><span style=\"color: #800000\">Clique aqui<\/span><\/em><\/a><\/li>\n<li><strong>Edital n\u00ba 007\/2024-DEPLA\/PROGRAD\/UNIFAP<\/strong> &#8211; <span style=\"color: #0000ff\"><strong>PROFID &#8211; Sele\u00e7\u00e3o de monitores<\/strong><\/span> &#8211; <a href=\"https:\/\/www2.unifap.br\/depla\/2024\/10\/01\/edital-n-07-2024-depla-selecao-de-monitores-profid\/\"><em>Cilque aqui<\/em><\/a><\/li>\n<li><strong>Edital n\u00ba 006\/2024-DEPLA\/PROGRAD\/UNIFAP &#8211; <span style=\"color: #800000\">Concess\u00e3o de Passagens<\/span> &#8211;\u00a0<\/strong><a href=\"https:\/\/www2.unifap.br\/depla\/2024\/07\/08\/abertura-do-edital-para-concessao-de-passagens-2\/\"><em>Clique aqui<\/em><\/a><\/li>\n<li><strong><strong>Edital n\u00ba 005\/2024-DEPLA\/PROGRAD\/UNIFAP &#8211; <span style=\"color: #0000ff\">PROFID \u2013 Sele\u00e7\u00e3o de Bolsista do Projeto Agentes Eletrof\u00edsicos <\/span><\/strong><\/strong><strong>&#8211; <\/strong><a href=\"https:\/\/www2.unifap.br\/depla\/2024\/05\/03\/edital-no-005-2024-depla-profid-selecao-de-bolsista-do-projeto-agentes-eletrofisicos\/\"><em>Clique aqui<\/em><\/a><\/li>\n<li><strong>Edital n\u00ba 004\/2024-DEPLA\/PROGRAD\/UNIFAP &#8211; <span style=\"color: #0000ff\">PROFID &#8211; Sele\u00e7\u00e3o de monitores Projeto Mari<\/span> <\/strong><strong>&#8211; <\/strong><a href=\"https:\/\/www2.unifap.br\/depla\/2024\/04\/03\/edital-n004-2024-depla-selecao-de-monitores-projeto-marli-profid\/\"><em>Clique aqui<\/em><\/a><\/li>\n<li><strong>Edital n\u00ba 003\/2024-DEPLA\/PROGRAD\/UNIFAP &#8211; <span style=\"color: #800000\">Sele\u00e7\u00e3o de Bolsa Monitoria DEPLA 2024.1 <\/span><\/strong><strong>&#8211; <\/strong><a href=\"https:\/\/www2.unifap.br\/depla\/2024\/03\/12\/edital-no003-2024-depla-prograd-unifap-selecao-bolsa-monitoria-depla-2024-1\/\"><em>Clique aqui<\/em><\/a><\/li>\n<li><strong>Edital n\u00ba 002\/2024-DEPLA\/PROGRAD\/UNIFAP &#8211; <span style=\"color: #0000ff\">PROFID &#8211; Inscri\u00e7\u00e3o para o projeto Maturidade Digital <\/span><\/strong><strong>&#8211; <\/strong><a href=\"https:\/\/www2.unifap.br\/depla\/2024\/03\/08\/edital-n-002-2024-depla-prograd-unifap-inscricoes-projeto-maturidade-digital\/\"><em>Clique aqui<\/em><\/a><\/li>\n<li><strong>Edital n\u00ba 001\/2024-DEPLA\/PROGRAD\/UNIFAP &#8211; <span style=\"color: #0000ff\">PROFID &#8211; Sele\u00e7\u00e3o de bolsistas <\/span><\/strong><strong>&#8211; <\/strong><a href=\"https:\/\/www2.unifap.br\/depla\/2024\/03\/05\/edital-n001-2024-depla-selecao-bolsistas-peofid\/\"><em>Clique aqui<\/em><\/a><\/li>\n<\/ul>\n","protected":false},"excerpt":{"rendered":"<p>&nbsp; Edital n\u00b0010\/2024 \u2013 DEPLA\/PROGRAD\/UNIFAP -A\u00e7\u00f5es Curriculares de Extens\u00e3o (ACE) &#8211; Clique aqui Edital n\u00ba 009\/2024-DEPLA\/PROGRAD\/UNIFAP &#8211; PROFID &#8211; Sele\u00e7\u00e3o de bolsistas &#8211; Clique aqui Edital n\u00b0 008\/2024-DEPLA\/PROGRAD\/UNIFAP &#8211; Bolsa Monitoria &#8211; vagas remanescentes &#8211;\u00a0Clique aqui Edital n\u00ba 007\/2024-DEPLA\/PROGRAD\/UNIFAP &#8211;&hellip; <\/p>\n<p><a href=\"https:\/\/www2.unifap.br\/depla\/editais\/editais-2024\/\" class=\"readmore-button\">Continue Reading<\/a><\/p>\n","protected":false},"author":2878,"featured_media":1844,"parent":896,"menu_order":0,"comment_status":"closed","ping_status":"closed","template":"","meta":{"inline_featured_image":false,"ngg_post_thumbnail":0,"footnotes":""},"class_list":["post-1825","page","type-page","status-publish","has-post-thumbnail","hentry"],"_links":{"self":[{"href":"https:\/\/www2.unifap.br\/depla\/wp-json\/wp\/v2\/pages\/1825","targetHints":{"allow":["GET"]}}],"collection":[{"href":"https:\/\/www2.unifap.br\/depla\/wp-json\/wp\/v2\/pages"}],"about":[{"href":"https:\/\/www2.unifap.br\/depla\/wp-json\/wp\/v2\/types\/page"}],"author":[{"embeddable":true,"href":"https:\/\/www2.unifap.br\/depla\/wp-json\/wp\/v2\/users\/2878"}],"replies":[{"embeddable":true,"href":"https:\/\/www2.unifap.br\/depla\/wp-json\/wp\/v2\/comments?post=1825"}],"version-history":[{"count":21,"href":"https:\/\/www2.unifap.br\/depla\/wp-json\/wp\/v2\/pages\/1825\/revisions"}],"predecessor-version":[{"id":2389,"href":"https:\/\/www2.unifap.br\/depla\/wp-json\/wp\/v2\/pages\/1825\/revisions\/2389"}],"up":[{"embeddable":true,"href":"https:\/\/www2.unifap.br\/depla\/wp-json\/wp\/v2\/pages\/896"}],"wp:featuredmedia":[{"embeddable":true,"href":"https:\/\/www2.unifap.br\/depla\/wp-json\/wp\/v2\/media\/1844"}],"wp:attachment":[{"href":"https:\/\/www2.unifap.br\/depla\/wp-json\/wp\/v2\/media?parent=1825"}],"curies":[{"name":"wp","href":"https:\/\/api.w.org\/{rel}","templated":true}]}}