{"id":2381,"date":"2025-07-29T19:32:22","date_gmt":"2025-07-29T19:32:22","guid":{"rendered":"https:\/\/www2.unifap.br\/depla\/?page_id=2381"},"modified":"2025-07-29T19:45:45","modified_gmt":"2025-07-29T19:45:45","slug":"editais-2025","status":"publish","type":"page","link":"https:\/\/www2.unifap.br\/depla\/editais\/editais-2025\/","title":{"rendered":"EDITAIS 2025"},"content":{"rendered":"<p><img fetchpriority=\"high\" decoding=\"async\" class=\"aligncenter size-large wp-image-2388\" src=\"http:\/\/www2.unifap.br\/depla\/files\/2025\/07\/Editais-depla-1024x320.png\" alt=\"\" width=\"640\" height=\"200\" srcset=\"https:\/\/www2.unifap.br\/depla\/files\/2025\/07\/Editais-depla-1024x320.png 1024w, https:\/\/www2.unifap.br\/depla\/files\/2025\/07\/Editais-depla-300x94.png 300w, https:\/\/www2.unifap.br\/depla\/files\/2025\/07\/Editais-depla-768x240.png 768w, https:\/\/www2.unifap.br\/depla\/files\/2025\/07\/Editais-depla-1536x480.png 1536w, https:\/\/www2.unifap.br\/depla\/files\/2025\/07\/Editais-depla.png 1920w\" sizes=\"(max-width: 640px) 100vw, 640px\" \/><\/p>\n<ul>\n<li><strong>Edital n\u00ba 011\/2025-DEPLA\/PROGRAD\/UNIFAP<\/strong>: PROFID &#8211; Sele\u00e7\u00e3o de monitores UNIENEM &#8211; <a href=\"https:\/\/www2.unifap.br\/depla\/2025\/07\/24\/2352\/\"><em>clique aqui<\/em><\/a><\/li>\n<li><strong>Edital n\u00ba 010\/2025-DEPLA\/PROGRAD\/UNIFAP<\/strong>: PROFID &#8211; Curso de idiomas &#8211; Libras, Franc\u00eas e Ingl\u00eas &#8211; <a href=\"https:\/\/www2.unifap.br\/depla\/2025\/07\/15\/2300\/\"><em>clique aqui<\/em><\/a><\/li>\n<li><strong>Edital n\u00ba 009\/2025-DEPLA\/PROGRAD\/UNIFAP<\/strong>: PROFID &#8211; Sele\u00e7\u00e3o de monitores UNIENEM &#8211; <a href=\"https:\/\/www2.unifap.br\/depla\/2025\/07\/01\/2270\/\">clique aqui<\/a><\/li>\n<li><strong>Edital n\u00ba 008\/2025-DEPLA\/PROGRAD\/UNIFAP<\/strong>: PRONESC &#8211; Projeto Beach Tennis &#8211; <a href=\"https:\/\/www2.unifap.br\/depla\/2025\/06\/16\/2256\/\">clique aqui<\/a><\/li>\n<li><strong>Edital n\u00ba 007\/2025-DEPLA\/PROGRAD\/UNIFAP<\/strong>: PROFID &#8211; I Festival Universit\u00e1rio de m\u00fasica &#8211; Fernando Canto &#8211; <a href=\"https:\/\/www2.unifap.br\/depla\/2025\/06\/06\/edital-n-07-2025-depla-prograd-unifap\/\"><em>clique aqui<\/em><\/a><\/li>\n<li><strong>Edital n\u00ba 006\/2025-DEPLA\/PROGRAD\/UNIFAP<\/strong>:\u00a0PROFID &#8211; Sele\u00e7\u00e3o de monitores UNIENEM &#8211; <em><a href=\"https:\/\/www2.unifap.br\/depla\/2025\/05\/21\/edital-no-006-2025-depla-prograd-unifap\/\">clique aqui<\/a><\/em><\/li>\n<li><strong>Edital n\u00ba 005\/2025-DEPLA\/PROGRAD\/UNIFAP<\/strong>:\u00a0 Sele\u00e7\u00e3o Bolsa Monitoria &#8211; <a href=\"https:\/\/www2.unifap.br\/depla\/2025\/04\/15\/1-edital-n-o-005-2025-depla-prograd-unifap-de-15-de-abril-de-2025\/\">clique aqui<\/a><\/li>\n<li><strong>Edital n\u00ba 005\/2025-PRONESC\/DEPLA\/PROGRAD\/UNIFAP<\/strong>: PRONESC &#8211; Sele\u00e7\u00e3o de monitores &#8211; <a href=\"https:\/\/www2.unifap.br\/depla\/2025\/02\/20\/edital-n005-2025-pronesc-depla-prograd-unifap\/\">clique aqui<\/a><\/li>\n<li><strong>Edital n\u00ba 004\/2025-DEPLA\/PROGRAD\/UNIFAP<\/strong>: <span class=\"selectable-text copyable-text xkrh14z\">CURSO DE ATUA\u00c7\u00c3O PROFISSIONAL INT\u00c9RPRETES EDUCACIONAIS DO PAR LINGU\u00cdSTICO LIBRAS \u2013 L\u00cdNGUA PORTUGUESA NO ESTADO DO AMAP\u00c1 &#8211; <a href=\"https:\/\/www2.unifap.br\/depla\/2025\/02\/06\/edital-no-004-2025-depla-prograd-unifap-curso-de-atuacao-profissional-interpretes-educacionais-do-par-linguistico-libras-lingua-portuguesa-no-estado-do-amapa\/\"><em>clique aqui<\/em><\/a><\/span><\/li>\n<li><strong>Edital n\u00ba 003\/2025-DEPLA\/PROGRAD\/UNIFAP<\/strong>: PROFID &#8211; Sele\u00e7\u00e3o bolsissta Projeto Jovem Vision\u00e1rio &#8211; <em><a href=\"https:\/\/www2.unifap.br\/depla\/2025\/02\/01\/edital-n-003-2025-depla-profid-unifap-selecao-de-monitores-projeto-jovem-visionario\/\">clique aqui<\/a><\/em><\/li>\n<li><strong>Edital n\u00ba 002\/2025-DEPLA\/PROGRAD\/UNIFAP<\/strong>: Sele\u00e7\u00e3o para o Programa de Bolsa Monitoria &#8211; <a href=\"https:\/\/www2.unifap.br\/depla\/2025\/01\/30\/edital-n-o-002-2025-depla-prograd-unifap-de-30-de-janeiro-de-2025\/\"><em>clique aqui<\/em><\/a><\/li>\n<li><strong>Edital n\u00ba 001\/2025-DEPLA\/PROGRAD\/UNIFAP<\/strong>: PROFID &#8211; Sele\u00e7\u00e3o de monitores UNIENEM &#8211; <em><a href=\"https:\/\/www2.unifap.br\/depla\/2025\/01\/10\/edital-001-2025-depla-prograd-unifap\/\">clique aqui<\/a><\/em><\/li>\n<\/ul>\n","protected":false},"excerpt":{"rendered":"<p>Edital n\u00ba 011\/2025-DEPLA\/PROGRAD\/UNIFAP: PROFID &#8211; Sele\u00e7\u00e3o de monitores UNIENEM &#8211; clique aqui Edital n\u00ba 010\/2025-DEPLA\/PROGRAD\/UNIFAP: PROFID &#8211; Curso de idiomas &#8211; Libras, Franc\u00eas e Ingl\u00eas &#8211; clique aqui Edital n\u00ba 009\/2025-DEPLA\/PROGRAD\/UNIFAP: PROFID &#8211; Sele\u00e7\u00e3o de monitores UNIENEM &#8211; clique aqui&hellip; <\/p>\n<p><a href=\"https:\/\/www2.unifap.br\/depla\/editais\/editais-2025\/\" class=\"readmore-button\">Continue Reading<\/a><\/p>\n","protected":false},"author":2878,"featured_media":0,"parent":896,"menu_order":0,"comment_status":"closed","ping_status":"closed","template":"","meta":{"inline_featured_image":false,"ngg_post_thumbnail":0,"footnotes":""},"class_list":["post-2381","page","type-page","status-publish","hentry"],"_links":{"self":[{"href":"https:\/\/www2.unifap.br\/depla\/wp-json\/wp\/v2\/pages\/2381","targetHints":{"allow":["GET"]}}],"collection":[{"href":"https:\/\/www2.unifap.br\/depla\/wp-json\/wp\/v2\/pages"}],"about":[{"href":"https:\/\/www2.unifap.br\/depla\/wp-json\/wp\/v2\/types\/page"}],"author":[{"embeddable":true,"href":"https:\/\/www2.unifap.br\/depla\/wp-json\/wp\/v2\/users\/2878"}],"replies":[{"embeddable":true,"href":"https:\/\/www2.unifap.br\/depla\/wp-json\/wp\/v2\/comments?post=2381"}],"version-history":[{"count":6,"href":"https:\/\/www2.unifap.br\/depla\/wp-json\/wp\/v2\/pages\/2381\/revisions"}],"predecessor-version":[{"id":2396,"href":"https:\/\/www2.unifap.br\/depla\/wp-json\/wp\/v2\/pages\/2381\/revisions\/2396"}],"up":[{"embeddable":true,"href":"https:\/\/www2.unifap.br\/depla\/wp-json\/wp\/v2\/pages\/896"}],"wp:attachment":[{"href":"https:\/\/www2.unifap.br\/depla\/wp-json\/wp\/v2\/media?parent=2381"}],"curies":[{"name":"wp","href":"https:\/\/api.w.org\/{rel}","templated":true}]}}