{"id":1255,"date":"2014-12-17T18:06:02","date_gmt":"2014-12-17T20:06:02","guid":{"rendered":"http:\/\/www2.unifap.br\/deplan\/?page_id=1255"},"modified":"2023-01-24T11:41:51","modified_gmt":"2023-01-24T14:41:51","slug":"gestao-de-processo-de-negocio-bpm-unifap","status":"publish","type":"page","link":"https:\/\/www2.unifap.br\/deplan\/servicos\/gestao-de-processo-de-negocio-bpm-unifap\/","title":{"rendered":"Gest\u00e3o de Processo de Neg\u00f3cio &#8211; BPM UNIFAP"},"content":{"rendered":"<h1><a href=\"http:\/\/www2.unifap.br\/processos\/files\/2017\/08\/Reposit\u00f3rio-de-Processos2.jpg\"><img fetchpriority=\"high\" decoding=\"async\" class=\"wp-image-229 alignleft\" src=\"http:\/\/www2.unifap.br\/processos\/files\/2017\/08\/Reposit\u00f3rio-de-Processos2.jpg\" alt=\"Reposit\u00f3rio de Processos\" width=\"600\" height=\"320\"><\/a><\/h1>\n<h1>O que \u00e9 processo de neg\u00f3cio<\/h1>\n<p>Para compreender BPM \u00e9 necess\u00e1rio compreender o significado de processo de neg\u00f3cio. No contexto de BPM, um &#8220;processo de neg\u00f3cio&#8221; \u00e9 um trabalho que entrega valor para os clientes ou apoia\/gerencia outros processos. Esse trabalho pode ser ponta a ponta, interfuncional e at\u00e9 mesmo interorganizacional. A no\u00e7\u00e3o de trabalho ponta a ponta interfuncional \u00e9 chave, pois envolve todo o trabalho, cruzando limites funcionais necess\u00e1rios para entregar valor para os clientes.<\/p>\n<p><i>Defini\u00e7\u00e3o:<\/i><\/p>\n<p><i>Processo \u00e9 uma agrega\u00e7\u00e3o de atividades e comportamentos executados por humanos ou m\u00e1quinas para alcan\u00e7ar um ou mais resultados.<\/i><i><\/i><\/p>\n<p>Processos s\u00e3o compostos por atividades inter-relacionadas que solucionam uma quest\u00e3o espec\u00edfica. Essas atividades s\u00e3o governadas por regras de neg\u00f3cio e vistas no contexto de seu relacionamento com outras atividades para fornecer uma vis\u00e3o de sequ\u00eancia e fluxo.<\/p>\n<p>Fonte: BPM CBOK 3.0 Vers\u00e3o 3.0<\/p>\n<p><a href=\"http:\/\/www2.unifap.br\/processos\/files\/2017\/08\/Projeto-POP-UNIFAP.pdf\">1 &#8211; Projeto-POP-UNIFAP<\/a><\/p>\n<p><a href=\"http:\/\/www2.unifap.br\/processos\/files\/2017\/08\/Modelo-manual-de-Processo_de_POP1.docx\">02 &#8211; Modelo-manual-de-Processo_de_POP<\/a><\/p>\n<p><a href=\"http:\/\/www2.unifap.br\/processos\/files\/2017\/08\/Passo-a-Passo-para-Mapear-processo-Projeto-POP-UNIFAP.pdf\">3 &#8211; Passo a Passo para Mapear processo &#8211; Projeto POP UNIFAP<\/a><\/p>\n<p><a href=\"http:\/\/www2.unifap.br\/processos\/files\/2017\/08\/Passo-para-Evitar-erros-comuns-na-hora-de-Mapear-processos.pdf\">4 &#8211; Passo para Evitar erros comuns na hora de Mapear processos<\/a><\/p>\n<p>&nbsp;<\/p>\n<p>&nbsp;<\/p>\n<p>&nbsp;<\/p>\n","protected":false},"excerpt":{"rendered":"<p>O que \u00e9 processo de neg\u00f3cio Para compreender BPM \u00e9 necess\u00e1rio compreender o significado de processo de neg\u00f3cio. No contexto&#8230;<\/p>\n","protected":false},"author":537,"featured_media":0,"parent":2126,"menu_order":0,"comment_status":"open","ping_status":"closed","template":"","meta":{"inline_featured_image":false,"site-sidebar-layout":"default","site-content-layout":"","ast-site-content-layout":"default","site-content-style":"default","site-sidebar-style":"default","ast-global-header-display":"","ast-banner-title-visibility":"","ast-main-header-display":"","ast-hfb-above-header-display":"","ast-hfb-below-header-display":"","ast-hfb-mobile-header-display":"","site-post-title":"","ast-breadcrumbs-content":"","ast-featured-img":"","footer-sml-layout":"","theme-transparent-header-meta":"","adv-header-id-meta":"","stick-header-meta":"","header-above-stick-meta":"","header-main-stick-meta":"","header-below-stick-meta":"","astra-migrate-meta-layouts":"default","ast-page-background-enabled":"default","ast-page-background-meta":{"desktop":{"background-color":"var(--ast-global-color-4)","background-image":"","background-repeat":"repeat","background-position":"center center","background-size":"auto","background-attachment":"scroll","background-type":"","background-media":"","overlay-type":"","overlay-color":"","overlay-opacity":"","overlay-gradient":""},"tablet":{"background-color":"","background-image":"","background-repeat":"repeat","background-position":"center center","background-size":"auto","background-attachment":"scroll","background-type":"","background-media":"","overlay-type":"","overlay-color":"","overlay-opacity":"","overlay-gradient":""},"mobile":{"background-color":"","background-image":"","background-repeat":"repeat","background-position":"center center","background-size":"auto","background-attachment":"scroll","background-type":"","background-media":"","overlay-type":"","overlay-color":"","overlay-opacity":"","overlay-gradient":""}},"ast-content-background-meta":{"desktop":{"background-color":"var(--ast-global-color-5)","background-image":"","background-repeat":"repeat","background-position":"center center","background-size":"auto","background-attachment":"scroll","background-type":"","background-media":"","overlay-type":"","overlay-color":"","overlay-opacity":"","overlay-gradient":""},"tablet":{"background-color":"var(--ast-global-color-5)","background-image":"","background-repeat":"repeat","background-position":"center center","background-size":"auto","background-attachment":"scroll","background-type":"","background-media":"","overlay-type":"","overlay-color":"","overlay-opacity":"","overlay-gradient":""},"mobile":{"background-color":"var(--ast-global-color-5)","background-image":"","background-repeat":"repeat","background-position":"center center","background-size":"auto","background-attachment":"scroll","background-type":"","background-media":"","overlay-type":"","overlay-color":"","overlay-opacity":"","overlay-gradient":""}},"ngg_post_thumbnail":0,"footnotes":""},"class_list":["post-1255","page","type-page","status-publish","hentry"],"_links":{"self":[{"href":"https:\/\/www2.unifap.br\/deplan\/wp-json\/wp\/v2\/pages\/1255","targetHints":{"allow":["GET"]}}],"collection":[{"href":"https:\/\/www2.unifap.br\/deplan\/wp-json\/wp\/v2\/pages"}],"about":[{"href":"https:\/\/www2.unifap.br\/deplan\/wp-json\/wp\/v2\/types\/page"}],"author":[{"embeddable":true,"href":"https:\/\/www2.unifap.br\/deplan\/wp-json\/wp\/v2\/users\/537"}],"replies":[{"embeddable":true,"href":"https:\/\/www2.unifap.br\/deplan\/wp-json\/wp\/v2\/comments?post=1255"}],"version-history":[{"count":34,"href":"https:\/\/www2.unifap.br\/deplan\/wp-json\/wp\/v2\/pages\/1255\/revisions"}],"predecessor-version":[{"id":2365,"href":"https:\/\/www2.unifap.br\/deplan\/wp-json\/wp\/v2\/pages\/1255\/revisions\/2365"}],"up":[{"embeddable":true,"href":"https:\/\/www2.unifap.br\/deplan\/wp-json\/wp\/v2\/pages\/2126"}],"wp:attachment":[{"href":"https:\/\/www2.unifap.br\/deplan\/wp-json\/wp\/v2\/media?parent=1255"}],"curies":[{"name":"wp","href":"https:\/\/api.w.org\/{rel}","templated":true}]}}