{"id":1783,"date":"2017-11-23T19:17:44","date_gmt":"2017-11-23T19:17:44","guid":{"rendered":"http:\/\/www2.unifap.br\/deplan\/?page_id=1783"},"modified":"2021-01-08T22:45:56","modified_gmt":"2021-01-09T00:45:56","slug":"criacao-de-unidade-administrativa","status":"publish","type":"page","link":"https:\/\/www2.unifap.br\/deplan\/servicos\/criacao-de-unidade-administrativa\/","title":{"rendered":"Cria\u00e7\u00e3o de Unidade"},"content":{"rendered":"<p><a href=\"https:\/\/www2.unifap.br\/processos\/proplan\/deplan\/diespo-div-estrutura-e-processos-organizacionais-2\/\"><strong>Divis\u00e3o de Estrutura e Processos Organizacionais<\/strong><\/a><\/p>\n<ul>\n<li><a href=\"http:\/\/www2.unifap.br\/deplan\/files\/2019\/09\/OS-N\u00ba-022017-REITORIA-Cria\u00e7\u00e3o-de-Unidades.pdf\">OS N\u00ba 022017-REITORIA &#8211; Cria\u00e7\u00e3o de Unidades<\/a><\/li>\n<li><a href=\"http:\/\/www2.unifap.br\/deplan\/files\/2019\/09\/RETIFICA\u00c7\u00c3O-OS-002-2017.-1.pdf\">RETIFICA\u00c7\u00c3O OS 002-2017.<\/a><\/li>\n<\/ul>\n","protected":false},"excerpt":{"rendered":"<p>Divis\u00e3o de Estrutura e Processos Organizacionais OS N\u00ba 022017-REITORIA &#8211; Cria\u00e7\u00e3o de Unidades RETIFICA\u00c7\u00c3O OS 002-2017.<\/p>\n","protected":false},"author":951,"featured_media":0,"parent":2126,"menu_order":0,"comment_status":"open","ping_status":"open","template":"","meta":{"inline_featured_image":false,"site-sidebar-layout":"default","site-content-layout":"","ast-site-content-layout":"default","site-content-style":"default","site-sidebar-style":"default","ast-global-header-display":"","ast-banner-title-visibility":"","ast-main-header-display":"","ast-hfb-above-header-display":"","ast-hfb-below-header-display":"","ast-hfb-mobile-header-display":"","site-post-title":"","ast-breadcrumbs-content":"","ast-featured-img":"","footer-sml-layout":"","theme-transparent-header-meta":"","adv-header-id-meta":"","stick-header-meta":"","header-above-stick-meta":"","header-main-stick-meta":"","header-below-stick-meta":"","astra-migrate-meta-layouts":"default","ast-page-background-enabled":"default","ast-page-background-meta":{"desktop":{"background-color":"var(--ast-global-color-4)","background-image":"","background-repeat":"repeat","background-position":"center center","background-size":"auto","background-attachment":"scroll","background-type":"","background-media":"","overlay-type":"","overlay-color":"","overlay-opacity":"","overlay-gradient":""},"tablet":{"background-color":"","background-image":"","background-repeat":"repeat","background-position":"center center","background-size":"auto","background-attachment":"scroll","background-type":"","background-media":"","overlay-type":"","overlay-color":"","overlay-opacity":"","overlay-gradient":""},"mobile":{"background-color":"","background-image":"","background-repeat":"repeat","background-position":"center center","background-size":"auto","background-attachment":"scroll","background-type":"","background-media":"","overlay-type":"","overlay-color":"","overlay-opacity":"","overlay-gradient":""}},"ast-content-background-meta":{"desktop":{"background-color":"var(--ast-global-color-5)","background-image":"","background-repeat":"repeat","background-position":"center center","background-size":"auto","background-attachment":"scroll","background-type":"","background-media":"","overlay-type":"","overlay-color":"","overlay-opacity":"","overlay-gradient":""},"tablet":{"background-color":"var(--ast-global-color-5)","background-image":"","background-repeat":"repeat","background-position":"center center","background-size":"auto","background-attachment":"scroll","background-type":"","background-media":"","overlay-type":"","overlay-color":"","overlay-opacity":"","overlay-gradient":""},"mobile":{"background-color":"var(--ast-global-color-5)","background-image":"","background-repeat":"repeat","background-position":"center center","background-size":"auto","background-attachment":"scroll","background-type":"","background-media":"","overlay-type":"","overlay-color":"","overlay-opacity":"","overlay-gradient":""}},"ngg_post_thumbnail":0,"footnotes":""},"class_list":["post-1783","page","type-page","status-publish","hentry"],"_links":{"self":[{"href":"https:\/\/www2.unifap.br\/deplan\/wp-json\/wp\/v2\/pages\/1783","targetHints":{"allow":["GET"]}}],"collection":[{"href":"https:\/\/www2.unifap.br\/deplan\/wp-json\/wp\/v2\/pages"}],"about":[{"href":"https:\/\/www2.unifap.br\/deplan\/wp-json\/wp\/v2\/types\/page"}],"author":[{"embeddable":true,"href":"https:\/\/www2.unifap.br\/deplan\/wp-json\/wp\/v2\/users\/951"}],"replies":[{"embeddable":true,"href":"https:\/\/www2.unifap.br\/deplan\/wp-json\/wp\/v2\/comments?post=1783"}],"version-history":[{"count":7,"href":"https:\/\/www2.unifap.br\/deplan\/wp-json\/wp\/v2\/pages\/1783\/revisions"}],"predecessor-version":[{"id":1953,"href":"https:\/\/www2.unifap.br\/deplan\/wp-json\/wp\/v2\/pages\/1783\/revisions\/1953"}],"up":[{"embeddable":true,"href":"https:\/\/www2.unifap.br\/deplan\/wp-json\/wp\/v2\/pages\/2126"}],"wp:attachment":[{"href":"https:\/\/www2.unifap.br\/deplan\/wp-json\/wp\/v2\/media?parent=1783"}],"curies":[{"name":"wp","href":"https:\/\/api.w.org\/{rel}","templated":true}]}}