{"id":1825,"date":"2018-04-18T19:10:58","date_gmt":"2018-04-18T19:10:58","guid":{"rendered":"http:\/\/www2.unifap.br\/deplan\/?page_id=1825"},"modified":"2018-12-12T14:48:44","modified_gmt":"2018-12-12T14:48:44","slug":"eventos-pop","status":"publish","type":"page","link":"https:\/\/www2.unifap.br\/deplan\/servicos\/gestao-de-processo-de-negocio-bpm-unifap\/eventos-pop\/","title":{"rendered":"Galeria de Fotos"},"content":{"rendered":"<p><b>Fotos da apresenta\u00e7\u00e3o do Projeto de Implanta\u00e7\u00e3o da Secretaria Acad\u00eamica, em 05\/12\/2018:<br \/>\n<\/b><\/p>\n<p>Fotos: Janaina Lima<\/p>\n<p><a href=\"http:\/\/www2.unifap.br\/deplan\/files\/2018\/12\/EDER-BAST.jpg\"><img fetchpriority=\"high\" decoding=\"async\" class=\"alignnone size-medium wp-image-1869\" alt=\"EDER BAST\" src=\"http:\/\/www2.unifap.br\/deplan\/files\/2018\/12\/EDER-BAST-300x194.jpg\" width=\"300\" height=\"194\" srcset=\"https:\/\/www2.unifap.br\/deplan\/files\/2018\/12\/EDER-BAST-300x194.jpg 300w, https:\/\/www2.unifap.br\/deplan\/files\/2018\/12\/EDER-BAST.jpg 640w\" sizes=\"(max-width: 300px) 100vw, 300px\" \/><\/a><\/p>\n<p>&nbsp;<\/p>\n<p>&nbsp;<\/p>\n<p>&nbsp;<\/p>\n<p>&nbsp;<\/p>\n<p>&nbsp;<\/p>\n<p>&nbsp;<\/p>\n<p>&nbsp;<\/p>\n<p>&nbsp;<\/p>\n<p>&nbsp;<\/p>\n<p><b>Fotos da apresenta\u00e7\u00e3o do Projeto POP, em 18\/12\/2014:<\/b><\/p>\n<p><strong><a href=\"http:\/\/www2.unifap.br\/deplan\/files\/2014\/12\/1.jpg\">\u00a0Fotos: Lorena Souza<\/a><\/strong><\/p>\n<p><a href=\"http:\/\/www2.unifap.br\/deplan\/files\/2014\/12\/3.jpg\"><img decoding=\"async\" alt=\"3\" src=\"http:\/\/www2.unifap.br\/deplan\/files\/2014\/12\/3-300x225.jpg\" width=\"300\" height=\"225\" \/><\/a>\u00a0 \u00a0\u00a0<a href=\"http:\/\/www2.unifap.br\/deplan\/files\/2014\/12\/4.jpg\"><img decoding=\"async\" alt=\"4\" src=\"http:\/\/www2.unifap.br\/deplan\/files\/2014\/12\/4-300x225.jpg\" width=\"300\" height=\"225\" \/><\/a><\/p>\n<p><a href=\"http:\/\/www2.unifap.br\/deplan\/files\/2014\/12\/6.jpg\"><img loading=\"lazy\" decoding=\"async\" alt=\"6\" src=\"http:\/\/www2.unifap.br\/deplan\/files\/2014\/12\/6-300x225.jpg\" width=\"300\" height=\"225\" \/><\/a>\u00a0 \u00a0\u00a0<a href=\"http:\/\/www2.unifap.br\/deplan\/files\/2014\/12\/5.jpg\"><img loading=\"lazy\" decoding=\"async\" alt=\"5\" src=\"http:\/\/www2.unifap.br\/deplan\/files\/2014\/12\/5-300x225.jpg\" width=\"300\" height=\"225\" \/><\/a><\/p>\n<p>&nbsp;<\/p>\n","protected":false},"excerpt":{"rendered":"<p>Fotos da apresenta\u00e7\u00e3o do Projeto de Implanta\u00e7\u00e3o da Secretaria Acad\u00eamica, em 05\/12\/2018: Fotos: Janaina Lima &nbsp; &nbsp; &nbsp; &nbsp; &nbsp;&#8230;<\/p>\n","protected":false},"author":167,"featured_media":0,"parent":1255,"menu_order":0,"comment_status":"open","ping_status":"open","template":"page-template-full.php","meta":{"inline_featured_image":false,"site-sidebar-layout":"default","site-content-layout":"","ast-site-content-layout":"default","site-content-style":"default","site-sidebar-style":"default","ast-global-header-display":"","ast-banner-title-visibility":"","ast-main-header-display":"","ast-hfb-above-header-display":"","ast-hfb-below-header-display":"","ast-hfb-mobile-header-display":"","site-post-title":"","ast-breadcrumbs-content":"","ast-featured-img":"","footer-sml-layout":"","theme-transparent-header-meta":"","adv-header-id-meta":"","stick-header-meta":"","header-above-stick-meta":"","header-main-stick-meta":"","header-below-stick-meta":"","astra-migrate-meta-layouts":"default","ast-page-background-enabled":"default","ast-page-background-meta":{"desktop":{"background-color":"var(--ast-global-color-4)","background-image":"","background-repeat":"repeat","background-position":"center center","background-size":"auto","background-attachment":"scroll","background-type":"","background-media":"","overlay-type":"","overlay-color":"","overlay-opacity":"","overlay-gradient":""},"tablet":{"background-color":"","background-image":"","background-repeat":"repeat","background-position":"center center","background-size":"auto","background-attachment":"scroll","background-type":"","background-media":"","overlay-type":"","overlay-color":"","overlay-opacity":"","overlay-gradient":""},"mobile":{"background-color":"","background-image":"","background-repeat":"repeat","background-position":"center center","background-size":"auto","background-attachment":"scroll","background-type":"","background-media":"","overlay-type":"","overlay-color":"","overlay-opacity":"","overlay-gradient":""}},"ast-content-background-meta":{"desktop":{"background-color":"var(--ast-global-color-5)","background-image":"","background-repeat":"repeat","background-position":"center center","background-size":"auto","background-attachment":"scroll","background-type":"","background-media":"","overlay-type":"","overlay-color":"","overlay-opacity":"","overlay-gradient":""},"tablet":{"background-color":"var(--ast-global-color-5)","background-image":"","background-repeat":"repeat","background-position":"center center","background-size":"auto","background-attachment":"scroll","background-type":"","background-media":"","overlay-type":"","overlay-color":"","overlay-opacity":"","overlay-gradient":""},"mobile":{"background-color":"var(--ast-global-color-5)","background-image":"","background-repeat":"repeat","background-position":"center center","background-size":"auto","background-attachment":"scroll","background-type":"","background-media":"","overlay-type":"","overlay-color":"","overlay-opacity":"","overlay-gradient":""}},"ngg_post_thumbnail":0,"footnotes":""},"class_list":["post-1825","page","type-page","status-publish","hentry"],"_links":{"self":[{"href":"https:\/\/www2.unifap.br\/deplan\/wp-json\/wp\/v2\/pages\/1825","targetHints":{"allow":["GET"]}}],"collection":[{"href":"https:\/\/www2.unifap.br\/deplan\/wp-json\/wp\/v2\/pages"}],"about":[{"href":"https:\/\/www2.unifap.br\/deplan\/wp-json\/wp\/v2\/types\/page"}],"author":[{"embeddable":true,"href":"https:\/\/www2.unifap.br\/deplan\/wp-json\/wp\/v2\/users\/167"}],"replies":[{"embeddable":true,"href":"https:\/\/www2.unifap.br\/deplan\/wp-json\/wp\/v2\/comments?post=1825"}],"version-history":[{"count":10,"href":"https:\/\/www2.unifap.br\/deplan\/wp-json\/wp\/v2\/pages\/1825\/revisions"}],"predecessor-version":[{"id":1877,"href":"https:\/\/www2.unifap.br\/deplan\/wp-json\/wp\/v2\/pages\/1825\/revisions\/1877"}],"up":[{"embeddable":true,"href":"https:\/\/www2.unifap.br\/deplan\/wp-json\/wp\/v2\/pages\/1255"}],"wp:attachment":[{"href":"https:\/\/www2.unifap.br\/deplan\/wp-json\/wp\/v2\/media?parent=1825"}],"curies":[{"name":"wp","href":"https:\/\/api.w.org\/{rel}","templated":true}]}}