{"id":1831,"date":"2018-04-18T19:12:54","date_gmt":"2018-04-18T19:12:54","guid":{"rendered":"http:\/\/www2.unifap.br\/deplan\/?page_id=1831"},"modified":"2018-04-18T19:31:30","modified_gmt":"2018-04-18T19:31:30","slug":"apresentacao","status":"publish","type":"page","link":"https:\/\/www2.unifap.br\/deplan\/servicos\/gestao-de-processo-de-negocio-bpm-unifap\/apresentacao\/","title":{"rendered":"Apresenta\u00e7\u00e3o"},"content":{"rendered":"<p style=\"text-align: justify;\">No intuito de melhorar os tr\u00e2mites administrativos da UNIFAP, a Pr\u00f3-Reitoria de Planejamento desenvolveu um projeto que tem como principal objetivo implementar na UNIFAP um novo modelo de gest\u00e3o, focado em processos, rompendo com o atual modelo funcional\/burocr\u00e1tico.<\/p>\n<p style=\"text-align: justify;\">O \u201cProjeto POP UNIFAP\u201d tem como principais caracter\u00edsticas:<\/p>\n<p style=\"text-align: justify;\"><b>1.\u00a0\u00a0\u00a0\u00a0\u00a0\u00a0<\/b><b>O que \u00e9 o \u201cProjeto POP UNIFAP\u201d?<\/b><\/p>\n<p style=\"text-align: justify;\">Trata-se da implementa\u00e7\u00e3o, em todos os setores da UNIFAP, de Procedimentos Operacionais Padr\u00e3o (POP), que envolva a confec\u00e7\u00e3o dos fluxogramas e estrutura\u00e7\u00e3o dos s\u00edtios na internet de cada setor. Depois de consolidados os procedimentos, criar os manuais de cada Pr\u00f3-Reitoria para que a comunidade acad\u00eamica, bem como a sociedade em geral, conhe\u00e7a, com clareza, os processos internos da UNIFAP.<\/p>\n<p style=\"text-align: justify;\"><b>2.\u00a0\u00a0\u00a0\u00a0\u00a0\u00a0<\/b><b>Por que implement\u00e1-lo?<\/b><\/p>\n<p style=\"text-align: justify;\">2.1.\u00a0\u00a0 \u201cRever a estrutura administrativa\u201d;<\/p>\n<p style=\"text-align: justify;\">2.2.\u00a0\u00a0 \u201cCada unidade administrativa (Campi\/Pr\u00f3-Reitorias\/Departamentos) dever\u00e1 elaborar o seu plano de a\u00e7\u00e3o, objetivando nortear as atividades administrativas e acad\u00eamicas\u201d.<\/p>\n<p style=\"text-align: justify;\">2.3.\u00a0\u00a0 \u201cManual de Normas e Procedimentos \u2013 ser\u00e3o procedimentos administrativos de forma a simplificar, bem como eliminar etapas burocr\u00e1ticas desnecess\u00e1rias que travam o andamento das atividades administrativas\u201d.<\/p>\n<p style=\"text-align: justify;\">2.4.\u00a0\u00a0 \u201cDescentraliza\u00e7\u00e3o das a\u00e7\u00f5es administrativas e pedag\u00f3gicas: Proporcionar as Pr\u00f3-Reitorias e Departamentos uma maior autonomia e dinamismo as a\u00e7\u00f5es administrativas acad\u00eamicas\u201d<\/p>\n<p style=\"text-align: justify;\">2.5.\u00a0\u00a0 \u201cTransforma\u00e7\u00e3o dos Departamentos em Unidades Acad\u00eamicas Administrativas\u201d<\/p>\n<p style=\"text-align: justify;\"><b>3.\u00a0\u00a0\u00a0\u00a0\u00a0\u00a0<\/b><b>Quais os resultados esperados?<\/b><\/p>\n<p style=\"text-align: justify;\">3.1.\u00a0\u00a0 Facilitar o treinamento e a capacita\u00e7\u00e3o dos servidores rec\u00e9m-empossados. Em virtude da alta rotatividade de servidores (<i>turnover<\/i>), principalmente t\u00e9cnicos-administrativos, \u00e9 necess\u00e1rio que os procedimentos a serem executados estejam definidos, de f\u00e1cil acesso e didaticamente redigidos;<\/p>\n<p style=\"text-align: justify;\">3.2.\u00a0\u00a0 Economizar tempo, evitando o retrabalho;<\/p>\n<p style=\"text-align: justify;\">3.3.\u00a0\u00a0 Diminui\u00e7\u00e3o dos conflitos internos;<\/p>\n<p style=\"text-align: justify;\">3.4.\u00a0\u00a0 Permitir que as novas Unidades Acad\u00eamicas Administrativas possam exercer suas atividades de forma descentralizada (<i>accountability<\/i>);<\/p>\n<p style=\"text-align: justify;\">3.5.\u00a0\u00a0 Viabilizar e dar suporte a descentraliza\u00e7\u00e3o or\u00e7ament\u00e1ria<\/p>\n<p style=\"text-align: justify;\">3.6.\u00a0\u00a0 Identificar falhas processuais e promover melhorias;<\/p>\n<p style=\"text-align: justify;\">3.7.\u00a0\u00a0 Facilitar a compreens\u00e3o do gestor, na execu\u00e7\u00e3o e controle dos procedimentos inerentes ao seu setor.<\/p>\n","protected":false},"excerpt":{"rendered":"<p>No intuito de melhorar os tr\u00e2mites administrativos da UNIFAP, a Pr\u00f3-Reitoria de Planejamento desenvolveu um projeto que tem como principal&#8230;<\/p>\n","protected":false},"author":167,"featured_media":0,"parent":1255,"menu_order":0,"comment_status":"open","ping_status":"open","template":"","meta":{"inline_featured_image":false,"site-sidebar-layout":"default","site-content-layout":"","ast-site-content-layout":"default","site-content-style":"default","site-sidebar-style":"default","ast-global-header-display":"","ast-banner-title-visibility":"","ast-main-header-display":"","ast-hfb-above-header-display":"","ast-hfb-below-header-display":"","ast-hfb-mobile-header-display":"","site-post-title":"","ast-breadcrumbs-content":"","ast-featured-img":"","footer-sml-layout":"","theme-transparent-header-meta":"","adv-header-id-meta":"","stick-header-meta":"","header-above-stick-meta":"","header-main-stick-meta":"","header-below-stick-meta":"","astra-migrate-meta-layouts":"default","ast-page-background-enabled":"default","ast-page-background-meta":{"desktop":{"background-color":"var(--ast-global-color-4)","background-image":"","background-repeat":"repeat","background-position":"center center","background-size":"auto","background-attachment":"scroll","background-type":"","background-media":"","overlay-type":"","overlay-color":"","overlay-opacity":"","overlay-gradient":""},"tablet":{"background-color":"","background-image":"","background-repeat":"repeat","background-position":"center center","background-size":"auto","background-attachment":"scroll","background-type":"","background-media":"","overlay-type":"","overlay-color":"","overlay-opacity":"","overlay-gradient":""},"mobile":{"background-color":"","background-image":"","background-repeat":"repeat","background-position":"center center","background-size":"auto","background-attachment":"scroll","background-type":"","background-media":"","overlay-type":"","overlay-color":"","overlay-opacity":"","overlay-gradient":""}},"ast-content-background-meta":{"desktop":{"background-color":"var(--ast-global-color-5)","background-image":"","background-repeat":"repeat","background-position":"center center","background-size":"auto","background-attachment":"scroll","background-type":"","background-media":"","overlay-type":"","overlay-color":"","overlay-opacity":"","overlay-gradient":""},"tablet":{"background-color":"var(--ast-global-color-5)","background-image":"","background-repeat":"repeat","background-position":"center center","background-size":"auto","background-attachment":"scroll","background-type":"","background-media":"","overlay-type":"","overlay-color":"","overlay-opacity":"","overlay-gradient":""},"mobile":{"background-color":"var(--ast-global-color-5)","background-image":"","background-repeat":"repeat","background-position":"center center","background-size":"auto","background-attachment":"scroll","background-type":"","background-media":"","overlay-type":"","overlay-color":"","overlay-opacity":"","overlay-gradient":""}},"ngg_post_thumbnail":0,"footnotes":""},"class_list":["post-1831","page","type-page","status-publish","hentry"],"_links":{"self":[{"href":"https:\/\/www2.unifap.br\/deplan\/wp-json\/wp\/v2\/pages\/1831","targetHints":{"allow":["GET"]}}],"collection":[{"href":"https:\/\/www2.unifap.br\/deplan\/wp-json\/wp\/v2\/pages"}],"about":[{"href":"https:\/\/www2.unifap.br\/deplan\/wp-json\/wp\/v2\/types\/page"}],"author":[{"embeddable":true,"href":"https:\/\/www2.unifap.br\/deplan\/wp-json\/wp\/v2\/users\/167"}],"replies":[{"embeddable":true,"href":"https:\/\/www2.unifap.br\/deplan\/wp-json\/wp\/v2\/comments?post=1831"}],"version-history":[{"count":3,"href":"https:\/\/www2.unifap.br\/deplan\/wp-json\/wp\/v2\/pages\/1831\/revisions"}],"predecessor-version":[{"id":1847,"href":"https:\/\/www2.unifap.br\/deplan\/wp-json\/wp\/v2\/pages\/1831\/revisions\/1847"}],"up":[{"embeddable":true,"href":"https:\/\/www2.unifap.br\/deplan\/wp-json\/wp\/v2\/pages\/1255"}],"wp:attachment":[{"href":"https:\/\/www2.unifap.br\/deplan\/wp-json\/wp\/v2\/media?parent=1831"}],"curies":[{"name":"wp","href":"https:\/\/api.w.org\/{rel}","templated":true}]}}