{"id":2048,"date":"2021-01-08T19:15:48","date_gmt":"2021-01-08T19:15:48","guid":{"rendered":"http:\/\/www2.unifap.br\/deplan\/?page_id=2048"},"modified":"2021-01-20T15:55:07","modified_gmt":"2021-01-20T17:55:07","slug":"transparencia-e-prestacao-de-contas","status":"publish","type":"page","link":"https:\/\/www2.unifap.br\/deplan\/transparencia-e-prestacao-de-contas\/","title":{"rendered":"Transpar\u00eancia e Presta\u00e7\u00e3o de Contas"},"content":{"rendered":"<p>Aqui ser\u00e1 disponibilizado as informa\u00e7\u00f5es &nbsp;referentes \u00e0 Presta\u00e7\u00e3o de Contas, transpar\u00eancia e a Relat\u00f3rio de Gest\u00e3o da <strong>Universidade Federal do Amap\u00e1 &#8211; UNIFAP<\/strong>. O Relat\u00f3rio de Gest\u00e3o referente ao exerc\u00edcio 2020<strong> estar\u00e1 integralmente dispon\u00edvel at\u00e9 31\/03\/2021,<\/strong> conforme Decis\u00e3o Normativa \u2013 TCU n\u00ba 187\/2020.<\/p>\n<p>IN TCU 84\/2020, art. 3\u00ba, par\u00e1grafo \u00fanico: <em>As contas devem expressar, de forma clara e objetiva, a exatid\u00e3o dos demonstrativos cont\u00e1beis, a legalidade, a legitimidade e a economicidade dos atos de gest\u00e3o dos respons\u00e1veis que utilizem, arrecadem, guardem, gerenciem ou administrem dinheiros, bens e valores p\u00fablicos ou pelos quais a Uni\u00e3o responda, ou que, em nome desta, assumam obriga\u00e7\u00f5es de natureza pecuni\u00e1ria, nos termos do par\u00e1grafo \u00fanico do art. 70 da Constitui\u00e7\u00e3o Federal.<\/em><\/p>\n<p><a href=\"http:\/\/www2.unifap.br\/deplan\/transparencia-e-prestacao-de-contas\/relatorio-de-gestao-2020\/\"><img fetchpriority=\"high\" decoding=\"async\" class=\"aligncenter size-full wp-image-2200\" src=\"http:\/\/www2.unifap.br\/deplan\/files\/2021\/01\/RELAT\u00d3RIO-DE-GEST\u00c3O-1.png\" alt=\"\" width=\"1100\" height=\"110\" srcset=\"https:\/\/www2.unifap.br\/deplan\/files\/2021\/01\/RELAT\u00d3RIO-DE-GEST\u00c3O-1.png 1100w, https:\/\/www2.unifap.br\/deplan\/files\/2021\/01\/RELAT\u00d3RIO-DE-GEST\u00c3O-1-300x30.png 300w, https:\/\/www2.unifap.br\/deplan\/files\/2021\/01\/RELAT\u00d3RIO-DE-GEST\u00c3O-1-1024x102.png 1024w, https:\/\/www2.unifap.br\/deplan\/files\/2021\/01\/RELAT\u00d3RIO-DE-GEST\u00c3O-1-768x77.png 768w\" sizes=\"(max-width: 1100px) 100vw, 1100px\" \/><\/a><a href=\"https:\/\/transparencia.unifap.br\/\"><img decoding=\"async\" class=\"aligncenter size-full wp-image-2201\" src=\"http:\/\/www2.unifap.br\/deplan\/files\/2021\/01\/TRANSPAR\u00caNCIA.fw_.png\" alt=\"\" width=\"1100\" height=\"110\" srcset=\"https:\/\/www2.unifap.br\/deplan\/files\/2021\/01\/TRANSPAR\u00caNCIA.fw_.png 1100w, https:\/\/www2.unifap.br\/deplan\/files\/2021\/01\/TRANSPAR\u00caNCIA.fw_-300x30.png 300w, https:\/\/www2.unifap.br\/deplan\/files\/2021\/01\/TRANSPAR\u00caNCIA.fw_-1024x102.png 1024w, https:\/\/www2.unifap.br\/deplan\/files\/2021\/01\/TRANSPAR\u00caNCIA.fw_-768x77.png 768w\" sizes=\"(max-width: 1100px) 100vw, 1100px\" \/><\/a><a href=\"https:\/\/www2.unifap.br\/deplan\/transparencia-e-prestacao-de-contas\/rol-de-responsaveis-3\/\"><img decoding=\"async\" class=\"aligncenter size-full wp-image-2202\" src=\"http:\/\/www2.unifap.br\/deplan\/files\/2021\/01\/ROL-DE-RESPONS\u00c1VEIS-1.png\" alt=\"\" width=\"1100\" height=\"110\" srcset=\"https:\/\/www2.unifap.br\/deplan\/files\/2021\/01\/ROL-DE-RESPONS\u00c1VEIS-1.png 1100w, https:\/\/www2.unifap.br\/deplan\/files\/2021\/01\/ROL-DE-RESPONS\u00c1VEIS-1-300x30.png 300w, https:\/\/www2.unifap.br\/deplan\/files\/2021\/01\/ROL-DE-RESPONS\u00c1VEIS-1-1024x102.png 1024w, https:\/\/www2.unifap.br\/deplan\/files\/2021\/01\/ROL-DE-RESPONS\u00c1VEIS-1-768x77.png 768w\" sizes=\"(max-width: 1100px) 100vw, 1100px\" \/><\/a><a href=\"http:\/\/www2.unifap.br\/deplan\/files\/2021\/01\/UNIFAP-EM-N\u00daMEROS-1.png\"><img loading=\"lazy\" decoding=\"async\" class=\"aligncenter size-full wp-image-2203\" src=\"http:\/\/www2.unifap.br\/deplan\/files\/2021\/01\/UNIFAP-EM-N\u00daMEROS-1.png\" alt=\"\" width=\"1100\" height=\"110\" srcset=\"https:\/\/www2.unifap.br\/deplan\/files\/2021\/01\/UNIFAP-EM-N\u00daMEROS-1.png 1100w, https:\/\/www2.unifap.br\/deplan\/files\/2021\/01\/UNIFAP-EM-N\u00daMEROS-1-300x30.png 300w, https:\/\/www2.unifap.br\/deplan\/files\/2021\/01\/UNIFAP-EM-N\u00daMEROS-1-1024x102.png 1024w, https:\/\/www2.unifap.br\/deplan\/files\/2021\/01\/UNIFAP-EM-N\u00daMEROS-1-768x77.png 768w\" sizes=\"(max-width: 1100px) 100vw, 1100px\" \/><\/a><\/p>\n<p>&nbsp;<\/p>\n<p>&nbsp;<\/p>\n<p>&nbsp;<\/p>\n<p>&nbsp;<\/p>\n","protected":false},"excerpt":{"rendered":"<p>Aqui ser\u00e1 disponibilizado as informa\u00e7\u00f5es &nbsp;referentes \u00e0 Presta\u00e7\u00e3o de Contas, transpar\u00eancia e a Relat\u00f3rio de Gest\u00e3o da Universidade Federal do&#8230;<\/p>\n","protected":false},"author":1735,"featured_media":0,"parent":0,"menu_order":0,"comment_status":"closed","ping_status":"closed","template":"","meta":{"inline_featured_image":false,"site-sidebar-layout":"default","site-content-layout":"","ast-site-content-layout":"default","site-content-style":"default","site-sidebar-style":"default","ast-global-header-display":"","ast-banner-title-visibility":"","ast-main-header-display":"","ast-hfb-above-header-display":"","ast-hfb-below-header-display":"","ast-hfb-mobile-header-display":"","site-post-title":"","ast-breadcrumbs-content":"","ast-featured-img":"","footer-sml-layout":"","theme-transparent-header-meta":"","adv-header-id-meta":"","stick-header-meta":"","header-above-stick-meta":"","header-main-stick-meta":"","header-below-stick-meta":"","astra-migrate-meta-layouts":"default","ast-page-background-enabled":"default","ast-page-background-meta":{"desktop":{"background-color":"var(--ast-global-color-4)","background-image":"","background-repeat":"repeat","background-position":"center center","background-size":"auto","background-attachment":"scroll","background-type":"","background-media":"","overlay-type":"","overlay-color":"","overlay-opacity":"","overlay-gradient":""},"tablet":{"background-color":"","background-image":"","background-repeat":"repeat","background-position":"center center","background-size":"auto","background-attachment":"scroll","background-type":"","background-media":"","overlay-type":"","overlay-color":"","overlay-opacity":"","overlay-gradient":""},"mobile":{"background-color":"","background-image":"","background-repeat":"repeat","background-position":"center center","background-size":"auto","background-attachment":"scroll","background-type":"","background-media":"","overlay-type":"","overlay-color":"","overlay-opacity":"","overlay-gradient":""}},"ast-content-background-meta":{"desktop":{"background-color":"var(--ast-global-color-5)","background-image":"","background-repeat":"repeat","background-position":"center center","background-size":"auto","background-attachment":"scroll","background-type":"","background-media":"","overlay-type":"","overlay-color":"","overlay-opacity":"","overlay-gradient":""},"tablet":{"background-color":"var(--ast-global-color-5)","background-image":"","background-repeat":"repeat","background-position":"center center","background-size":"auto","background-attachment":"scroll","background-type":"","background-media":"","overlay-type":"","overlay-color":"","overlay-opacity":"","overlay-gradient":""},"mobile":{"background-color":"var(--ast-global-color-5)","background-image":"","background-repeat":"repeat","background-position":"center center","background-size":"auto","background-attachment":"scroll","background-type":"","background-media":"","overlay-type":"","overlay-color":"","overlay-opacity":"","overlay-gradient":""}},"ngg_post_thumbnail":0,"footnotes":""},"class_list":["post-2048","page","type-page","status-publish","hentry"],"_links":{"self":[{"href":"https:\/\/www2.unifap.br\/deplan\/wp-json\/wp\/v2\/pages\/2048","targetHints":{"allow":["GET"]}}],"collection":[{"href":"https:\/\/www2.unifap.br\/deplan\/wp-json\/wp\/v2\/pages"}],"about":[{"href":"https:\/\/www2.unifap.br\/deplan\/wp-json\/wp\/v2\/types\/page"}],"author":[{"embeddable":true,"href":"https:\/\/www2.unifap.br\/deplan\/wp-json\/wp\/v2\/users\/1735"}],"replies":[{"embeddable":true,"href":"https:\/\/www2.unifap.br\/deplan\/wp-json\/wp\/v2\/comments?post=2048"}],"version-history":[{"count":24,"href":"https:\/\/www2.unifap.br\/deplan\/wp-json\/wp\/v2\/pages\/2048\/revisions"}],"predecessor-version":[{"id":2094,"href":"https:\/\/www2.unifap.br\/deplan\/wp-json\/wp\/v2\/pages\/2048\/revisions\/2094"}],"wp:attachment":[{"href":"https:\/\/www2.unifap.br\/deplan\/wp-json\/wp\/v2\/media?parent=2048"}],"curies":[{"name":"wp","href":"https:\/\/api.w.org\/{rel}","templated":true}]}}