{"id":2396,"date":"2024-09-08T12:26:41","date_gmt":"2024-09-08T15:26:41","guid":{"rendered":"https:\/\/www2.unifap.br\/deplan\/?page_id=2396"},"modified":"2025-04-16T11:46:11","modified_gmt":"2025-04-16T14:46:11","slug":"sobre","status":"publish","type":"page","link":"https:\/\/www2.unifap.br\/deplan\/sobre\/","title":{"rendered":"Sobre"},"content":{"rendered":"\t\t<div data-elementor-type=\"wp-page\" data-elementor-id=\"2396\" class=\"elementor elementor-2396\">\n\t\t\t\t\t\t<section class=\"elementor-section elementor-top-section elementor-element elementor-element-c493f77 elementor-section-boxed elementor-section-height-default elementor-section-height-default\" data-id=\"c493f77\" data-element_type=\"section\" data-e-type=\"section\">\n\t\t\t\t\t\t<div class=\"elementor-container elementor-column-gap-default\">\n\t\t\t\t\t<div class=\"elementor-column elementor-col-100 elementor-top-column elementor-element elementor-element-61db3e9\" data-id=\"61db3e9\" data-element_type=\"column\" data-e-type=\"column\">\n\t\t\t<div class=\"elementor-widget-wrap elementor-element-populated\">\n\t\t\t\t\t\t<div class=\"elementor-element elementor-element-4651675 elementor-widget-divider--view-line elementor-widget elementor-widget-divider\" data-id=\"4651675\" data-element_type=\"widget\" data-e-type=\"widget\" data-widget_type=\"divider.default\">\n\t\t\t\t<div class=\"elementor-widget-container\">\n\t\t\t\t\t\t\t<div class=\"elementor-divider\">\n\t\t\t<span class=\"elementor-divider-separator\">\n\t\t\t\t\t\t<\/span>\n\t\t<\/div>\n\t\t\t\t\t\t<\/div>\n\t\t\t\t<\/div>\n\t\t\t\t<div class=\"elementor-element elementor-element-c548942 elementor-widget elementor-widget-heading\" data-id=\"c548942\" data-element_type=\"widget\" data-e-type=\"widget\" data-widget_type=\"heading.default\">\n\t\t\t\t<div class=\"elementor-widget-container\">\n\t\t\t\t\t<h6 class=\"elementor-heading-title elementor-size-default\">Sobre o DEPLAN<\/h6>\t\t\t\t<\/div>\n\t\t\t\t<\/div>\n\t\t\t\t<div class=\"elementor-element elementor-element-35acd23 elementor-drop-cap-yes elementor-drop-cap-view-default elementor-widget elementor-widget-text-editor\" data-id=\"35acd23\" data-element_type=\"widget\" data-e-type=\"widget\" data-settings=\"{&quot;drop_cap&quot;:&quot;yes&quot;}\" data-widget_type=\"text-editor.default\">\n\t\t\t\t<div class=\"elementor-widget-container\">\n\t\t\t\t\t\t\t\t\t<article id=\"post-196\" class=\"post-196 post type-post status-publish format-standard hentry category-sem-categoria ast-article-single\"><div class=\"ast-post-format- ast-no-thumb single-layout-1\"><div class=\"entry-content clear\"><p align=\"justify\">O Departamento de Planejamento \u2013 DEPLAN faz parte da Pr\u00f3-Reitoria de Planejamento \u2013 PROPLAN, da Universidade Federal do Amap\u00e1. o DEPLAN tem como compet\u00eancias, al\u00e9m de outras atribui\u00e7\u00f5es que vierem a ser estabelecidas no Estatuto e Regimento Geral:<\/p><ul><li><p>Coordenar, monitorar, avaliar e propor a\u00e7\u00f5es corretivas ao planejamento estrat\u00e9gico e revis\u00e3o do Plano de Desenvolvimento Institucional (PDI);<\/p><\/li><li><p>Coordenar as atividades de elabora\u00e7\u00e3o do plano de trabalho;<\/p><\/li><li><p>Apoiar as atividades de planejamento das Unidades;<\/p><\/li><li><p>Efetuar estudos relativos \u00e0 estrutura administrativa;<\/p><\/li><li><p>Elaborar o Relat\u00f3rio Anual de Gest\u00e3o, Relat\u00f3rio de Atividades e outros relat\u00f3rios referentes ao desempenho institucional da UNIFAP;<\/p><\/li><li><p>Coordenar estudos, elaborar projetos e subsidiar a Administra\u00e7\u00e3o Superior em pol\u00edticas para o desenvolvimento institucional;<\/p><\/li><li><p>Desenvolver, aperfei\u00e7oar e difundir t\u00e9cnicas e m\u00e9todos de planejamento; \u2013 Elaborar a matriz or\u00e7ament\u00e1ria anual da UNIFAP.<\/p><\/li><\/ul><p align=\"justify\">Atualmente o DEPLAN disp\u00f5e das seguintes divis\u00f5es:<\/p><ul><li><p>Divis\u00e3o de Estrutura e Processos Organizacionais \u2013 DIESPO<\/p><\/li><li><p>Divis\u00e3o de Planejamento Institucional \u2013 DPI<\/p><\/li><\/ul><\/div><\/div><\/article><nav class=\"navigation post-navigation\" role=\"navigation\" aria-label=\"Post navigation\"><\/nav>\t\t\t\t\t\t\t\t<\/div>\n\t\t\t\t<\/div>\n\t\t\t\t<div class=\"elementor-element elementor-element-64815bf elementor-widget-divider--view-line elementor-widget elementor-widget-divider\" data-id=\"64815bf\" data-element_type=\"widget\" data-e-type=\"widget\" data-widget_type=\"divider.default\">\n\t\t\t\t<div class=\"elementor-widget-container\">\n\t\t\t\t\t\t\t<div class=\"elementor-divider\">\n\t\t\t<span class=\"elementor-divider-separator\">\n\t\t\t\t\t\t<\/span>\n\t\t<\/div>\n\t\t\t\t\t\t<\/div>\n\t\t\t\t<\/div>\n\t\t\t\t\t<\/div>\n\t\t<\/div>\n\t\t\t\t\t<\/div>\n\t\t<\/section>\n\t\t\t\t<\/div>\n\t\t","protected":false},"excerpt":{"rendered":"<p>Sobre o DEPLAN O Departamento de Planejamento \u2013 DEPLAN faz parte da Pr\u00f3-Reitoria de Planejamento \u2013 PROPLAN, da Universidade Federal&#8230;<\/p>\n","protected":false},"author":4021,"featured_media":0,"parent":0,"menu_order":0,"comment_status":"closed","ping_status":"closed","template":"","meta":{"inline_featured_image":false,"site-sidebar-layout":"no-sidebar","site-content-layout":"","ast-site-content-layout":"full-width-container","site-content-style":"default","site-sidebar-style":"default","ast-global-header-display":"","ast-banner-title-visibility":"","ast-main-header-display":"","ast-hfb-above-header-display":"","ast-hfb-below-header-display":"","ast-hfb-mobile-header-display":"","site-post-title":"disabled","ast-breadcrumbs-content":"","ast-featured-img":"disabled","footer-sml-layout":"","theme-transparent-header-meta":"","adv-header-id-meta":"","stick-header-meta":"","header-above-stick-meta":"","header-main-stick-meta":"","header-below-stick-meta":"","astra-migrate-meta-layouts":"default","ast-page-background-enabled":"default","ast-page-background-meta":{"desktop":{"background-color":"var(--ast-global-color-4)","background-image":"","background-repeat":"repeat","background-position":"center center","background-size":"auto","background-attachment":"scroll","background-type":"","background-media":"","overlay-type":"","overlay-color":"","overlay-opacity":"","overlay-gradient":""},"tablet":{"background-color":"","background-image":"","background-repeat":"repeat","background-position":"center center","background-size":"auto","background-attachment":"scroll","background-type":"","background-media":"","overlay-type":"","overlay-color":"","overlay-opacity":"","overlay-gradient":""},"mobile":{"background-color":"","background-image":"","background-repeat":"repeat","background-position":"center center","background-size":"auto","background-attachment":"scroll","background-type":"","background-media":"","overlay-type":"","overlay-color":"","overlay-opacity":"","overlay-gradient":""}},"ast-content-background-meta":{"desktop":{"background-color":"var(--ast-global-color-5)","background-image":"","background-repeat":"repeat","background-position":"center center","background-size":"auto","background-attachment":"scroll","background-type":"","background-media":"","overlay-type":"","overlay-color":"","overlay-opacity":"","overlay-gradient":""},"tablet":{"background-color":"var(--ast-global-color-5)","background-image":"","background-repeat":"repeat","background-position":"center center","background-size":"auto","background-attachment":"scroll","background-type":"","background-media":"","overlay-type":"","overlay-color":"","overlay-opacity":"","overlay-gradient":""},"mobile":{"background-color":"var(--ast-global-color-5)","background-image":"","background-repeat":"repeat","background-position":"center center","background-size":"auto","background-attachment":"scroll","background-type":"","background-media":"","overlay-type":"","overlay-color":"","overlay-opacity":"","overlay-gradient":""}},"ngg_post_thumbnail":0,"footnotes":""},"class_list":["post-2396","page","type-page","status-publish","hentry"],"_links":{"self":[{"href":"https:\/\/www2.unifap.br\/deplan\/wp-json\/wp\/v2\/pages\/2396","targetHints":{"allow":["GET"]}}],"collection":[{"href":"https:\/\/www2.unifap.br\/deplan\/wp-json\/wp\/v2\/pages"}],"about":[{"href":"https:\/\/www2.unifap.br\/deplan\/wp-json\/wp\/v2\/types\/page"}],"author":[{"embeddable":true,"href":"https:\/\/www2.unifap.br\/deplan\/wp-json\/wp\/v2\/users\/4021"}],"replies":[{"embeddable":true,"href":"https:\/\/www2.unifap.br\/deplan\/wp-json\/wp\/v2\/comments?post=2396"}],"version-history":[{"count":16,"href":"https:\/\/www2.unifap.br\/deplan\/wp-json\/wp\/v2\/pages\/2396\/revisions"}],"predecessor-version":[{"id":2957,"href":"https:\/\/www2.unifap.br\/deplan\/wp-json\/wp\/v2\/pages\/2396\/revisions\/2957"}],"wp:attachment":[{"href":"https:\/\/www2.unifap.br\/deplan\/wp-json\/wp\/v2\/media?parent=2396"}],"curies":[{"name":"wp","href":"https:\/\/api.w.org\/{rel}","templated":true}]}}