{"id":2699,"date":"2024-12-26T14:39:47","date_gmt":"2024-12-26T17:39:47","guid":{"rendered":"https:\/\/www2.unifap.br\/deplan\/?page_id=2699"},"modified":"2024-12-26T14:43:35","modified_gmt":"2024-12-26T17:43:35","slug":"relatorio-de-gestao-2022","status":"publish","type":"page","link":"https:\/\/www2.unifap.br\/deplan\/relatorios-de-gestao\/relatorio-de-gestao-2022\/","title":{"rendered":"Relat\u00f3rio de Gest\u00e3o 2022"},"content":{"rendered":"<p>Apresentamos \u00e0 comunidade acad\u00eamica e \u00e0 sociedade em geral o Relat\u00f3rio de Gest\u00e3o da Universidade Federal do Amap\u00e1 referente ao exerc\u00edcio de 2022, demonstrando nosso compromisso com a transpar\u00eancia e presta\u00e7\u00e3o de contas.<\/p>\n<p><!-- notionvc: efd13858-0fe0-4073-b987-1148c263613f --><a href=\"http:\/\/www2.unifap.br\/deplan\/files\/2024\/12\/Res._3.2023_-_CONDIR_-_Aprova_o_Relatrio_de_Gesto_2022-1.pdf\">Res._3.2023_-_CONDIR_-_Aprova_o_Relatrio_de_Gesto_2022 (1)<\/a><\/p>\n","protected":false},"excerpt":{"rendered":"<p>Apresentamos \u00e0 comunidade acad\u00eamica e \u00e0 sociedade em geral o Relat\u00f3rio de Gest\u00e3o da Universidade Federal do Amap\u00e1 referente ao&#8230;<\/p>\n","protected":false},"author":366,"featured_media":0,"parent":76,"menu_order":0,"comment_status":"closed","ping_status":"closed","template":"","meta":{"inline_featured_image":false,"site-sidebar-layout":"default","site-content-layout":"","ast-site-content-layout":"default","site-content-style":"default","site-sidebar-style":"default","ast-global-header-display":"","ast-banner-title-visibility":"","ast-main-header-display":"","ast-hfb-above-header-display":"","ast-hfb-below-header-display":"","ast-hfb-mobile-header-display":"","site-post-title":"","ast-breadcrumbs-content":"","ast-featured-img":"","footer-sml-layout":"","theme-transparent-header-meta":"default","adv-header-id-meta":"","stick-header-meta":"","header-above-stick-meta":"","header-main-stick-meta":"","header-below-stick-meta":"","astra-migrate-meta-layouts":"set","ast-page-background-enabled":"default","ast-page-background-meta":{"desktop":{"background-color":"var(--ast-global-color-4)","background-image":"","background-repeat":"repeat","background-position":"center center","background-size":"auto","background-attachment":"scroll","background-type":"","background-media":"","overlay-type":"","overlay-color":"","overlay-opacity":"","overlay-gradient":""},"tablet":{"background-color":"","background-image":"","background-repeat":"repeat","background-position":"center center","background-size":"auto","background-attachment":"scroll","background-type":"","background-media":"","overlay-type":"","overlay-color":"","overlay-opacity":"","overlay-gradient":""},"mobile":{"background-color":"","background-image":"","background-repeat":"repeat","background-position":"center center","background-size":"auto","background-attachment":"scroll","background-type":"","background-media":"","overlay-type":"","overlay-color":"","overlay-opacity":"","overlay-gradient":""}},"ast-content-background-meta":{"desktop":{"background-color":"var(--ast-global-color-5)","background-image":"","background-repeat":"repeat","background-position":"center center","background-size":"auto","background-attachment":"scroll","background-type":"","background-media":"","overlay-type":"","overlay-color":"","overlay-opacity":"","overlay-gradient":""},"tablet":{"background-color":"var(--ast-global-color-5)","background-image":"","background-repeat":"repeat","background-position":"center center","background-size":"auto","background-attachment":"scroll","background-type":"","background-media":"","overlay-type":"","overlay-color":"","overlay-opacity":"","overlay-gradient":""},"mobile":{"background-color":"var(--ast-global-color-5)","background-image":"","background-repeat":"repeat","background-position":"center center","background-size":"auto","background-attachment":"scroll","background-type":"","background-media":"","overlay-type":"","overlay-color":"","overlay-opacity":"","overlay-gradient":""}},"ngg_post_thumbnail":0,"footnotes":""},"class_list":["post-2699","page","type-page","status-publish","hentry"],"_links":{"self":[{"href":"https:\/\/www2.unifap.br\/deplan\/wp-json\/wp\/v2\/pages\/2699","targetHints":{"allow":["GET"]}}],"collection":[{"href":"https:\/\/www2.unifap.br\/deplan\/wp-json\/wp\/v2\/pages"}],"about":[{"href":"https:\/\/www2.unifap.br\/deplan\/wp-json\/wp\/v2\/types\/page"}],"author":[{"embeddable":true,"href":"https:\/\/www2.unifap.br\/deplan\/wp-json\/wp\/v2\/users\/366"}],"replies":[{"embeddable":true,"href":"https:\/\/www2.unifap.br\/deplan\/wp-json\/wp\/v2\/comments?post=2699"}],"version-history":[{"count":2,"href":"https:\/\/www2.unifap.br\/deplan\/wp-json\/wp\/v2\/pages\/2699\/revisions"}],"predecessor-version":[{"id":2703,"href":"https:\/\/www2.unifap.br\/deplan\/wp-json\/wp\/v2\/pages\/2699\/revisions\/2703"}],"up":[{"embeddable":true,"href":"https:\/\/www2.unifap.br\/deplan\/wp-json\/wp\/v2\/pages\/76"}],"wp:attachment":[{"href":"https:\/\/www2.unifap.br\/deplan\/wp-json\/wp\/v2\/media?parent=2699"}],"curies":[{"name":"wp","href":"https:\/\/api.w.org\/{rel}","templated":true}]}}