{"id":76,"date":"2011-08-19T16:04:23","date_gmt":"2011-08-19T16:04:23","guid":{"rendered":"http:\/\/pororoca.unifap.br\/deplan\/?page_id=76"},"modified":"2025-04-03T11:19:21","modified_gmt":"2025-04-03T14:19:21","slug":"relatorios-de-gestao","status":"publish","type":"page","link":"https:\/\/www2.unifap.br\/deplan\/relatorios-de-gestao\/","title":{"rendered":"Relat\u00f3rio de Gest\u00e3o"},"content":{"rendered":"\t\t<div data-elementor-type=\"wp-page\" data-elementor-id=\"76\" class=\"elementor elementor-76\">\n\t\t\t\t\t\t<section class=\"elementor-section elementor-top-section elementor-element elementor-element-323374bf elementor-section-boxed elementor-section-height-default elementor-section-height-default\" data-id=\"323374bf\" data-element_type=\"section\" data-e-type=\"section\">\n\t\t\t\t\t\t<div class=\"elementor-container elementor-column-gap-default\">\n\t\t\t\t\t<div class=\"elementor-column elementor-col-100 elementor-top-column elementor-element elementor-element-4aca9369\" data-id=\"4aca9369\" data-element_type=\"column\" data-e-type=\"column\">\n\t\t\t<div class=\"elementor-widget-wrap elementor-element-populated\">\n\t\t\t\t\t\t<div class=\"elementor-element elementor-element-2dc6c413 elementor-widget elementor-widget-text-editor\" data-id=\"2dc6c413\" data-element_type=\"widget\" data-e-type=\"widget\" data-widget_type=\"text-editor.default\">\n\t\t\t\t<div class=\"elementor-widget-container\">\n\t\t\t\t\t\t\t\t\t<h2 style=\"text-align: center\"><span style=\"color: #008000\"><strong>Relat\u00f3rios anuais de Gest\u00e3o<\/strong><\/span><\/h2><p>Apresentamos \u00e0 comunidade acad\u00eamica e \u00e0 sociedade em geral os Relat\u00f3rios de Gest\u00e3o da Universidade Federal do Amap\u00e1 (UNIFAP), reafirmando o compromisso com a transpar\u00eancia e a credibilidade de sua atua\u00e7\u00e3o acad\u00eamica e de seus servi\u00e7os.<!-- notionvc: 9d5a9e63-1bed-4ec3-9e5c-d3d1589205f5 --><\/p><p>O Relat\u00f3rio de Gest\u00e3o da UNIFAP, trata de um conjunto de dados, informa\u00e7\u00f5es e indicadores, elaborados anualmente, com o objetivo de prestar contas aos \u00f3rg\u00e3os de controle e \u00e0 sociedade. O documento sintetiza os resultados alcan\u00e7ados e as principais atividades desenvolvidas por esta institui\u00e7\u00e3o de ensino superior, al\u00e9m de ser um importante instrumento de monitoramento, controle e avalia\u00e7\u00e3o das a\u00e7\u00f5es internas, pois possibilita o acompanhamento da aplica\u00e7\u00e3o de seus recursos e estabelece uma correla\u00e7\u00e3o entre os objetivos e as metas estabelecidas e os resultados alcan\u00e7ados em cada ano.<\/p><p>O Relat\u00f3rio Anual de Gest\u00e3o representa um instrumento de presta\u00e7\u00e3o de contas que apresenta as principais realiza\u00e7\u00f5es, desafios e resultados alcan\u00e7ados pela institui\u00e7\u00e3o durante o exerc\u00edcio. <!-- notionvc: fe902238-6ac5-4211-93d6-6206927550cb -->Os relat\u00f3rios publicados a seguir, demonstram a evolu\u00e7\u00e3o institucional ao longo dos anos.<!-- notionvc: 85c6f304-5f09-4de1-b55a-ee200b52789a --><\/p><p><a href=\"http:\/\/www2.unifap.br\/deplan\/files\/2025\/04\/RELATO\u0301RIO-DE-GESTA\u0303O-UNIFAP-2024-1.pdf\">Relat\u00f3rio de Gest\u00e3o Exerc\u00edcio 2024<\/a><\/p><p><a style=\"font-style: inherit;font-weight: inherit;background-color: #ffffff;font-family: -apple-system, BlinkMacSystemFont, 'Segoe UI', Roboto, Oxygen-Sans, Ubuntu, Cantarell, 'Helvetica Neue', sans-serif\" href=\"http:\/\/www2.unifap.br\/deplan\/files\/2024\/12\/Res._1.2024_-_CONDIR_-_Aprova_o_Relatrio_de_Gesto_2023_-_RESApndice-1.pdf\">Relat\u00f3rio de Gest\u00e3o Exerc\u00edcio 2023.<\/a><\/p><p><a href=\"https:\/\/www2.unifap.br\/deplan\/download\/relatorio-de-gestao-2022\/\">Relat\u00f3rio de Gest\u00e3o Exerc\u00edcio 2022<\/a><\/p><p><a href=\"http:\/\/www2.unifap.br\/deplan\/files\/2022\/09\/Relatorio-de-Gestao-atualizado-para-o-site-26.08.2022-1.pdf\">Relat\u00f3rio de Gest\u00e3o Exerc\u00edcio 2021<\/a><\/p><p><a href=\"http:\/\/www2.unifap.br\/deplan\/files\/2022\/05\/Res.-5.2021-Apendice-I-CONDIR-Aprova-Relatorio-de-Gestao-2020-Consu_compressed-1.pdf\">Relat\u00f3rio de Exerc\u00edcio Gest\u00e3o 2020<\/a><\/p><p><a href=\"http:\/\/www2.unifap.br\/deplan\/files\/2020\/07\/RG_2019_UNIFAP.pdf\">Relat\u00f3rio de Gest\u00e3o Exerc\u00edcio 2019<\/a><\/p><p><a href=\"http:\/\/www2.unifap.br\/deplan\/files\/2019\/05\/Relatorio-Gestao_2018_completo.pdf\" target=\"_blank\" rel=\"noopener noreferrer\">Relat\u00f3rio de Gest\u00e3o Exerc\u00edcio 2018<\/a><\/p><p><a href=\"http:\/\/www2.unifap.br\/deplan\/files\/2011\/08\/Relat\u00f3rio-de-Gest\u00e3o-2017.pdf\">Relat\u00f3rio de Gest\u00e3o Exerc\u00edcio 2017<\/a><\/p><p><a href=\"http:\/\/www2.unifap.br\/deplan\/files\/2011\/08\/Relat\u00f3rio-de-Gest\u00e3o-2016-Final.pdf\">Relat\u00f3rio de Gest\u00e3o Exerc\u00edcio 2016<\/a><\/p><p><span style=\"color: #ff0000\"><a title=\"Relat\u00f3rio de Gest\u00e3o 2015\" href=\"http:\/\/www2.unifap.br\/deplan\/files\/2016\/04\/Relat\u00f3rio-de-Gest\u00e3o-2015-UNIFAP.pdf\" target=\"_blank\" rel=\"noopener noreferrer\"><span style=\"color: #ff0000\">Relat\u00f3rio de Gest\u00e3o Exerc\u00edcio 2015<\/span><\/a><\/span><\/p><p><span style=\"color: #ff0000\"><a href=\"http:\/\/www2.unifap.br\/deplan\/files\/2011\/08\/Relat\u00f3rio-de-Gest\u00e3o-de-2014-UNIFAP.pdf\"><span style=\"color: #ff0000\">Relat\u00f3rio de Gest\u00e3o Exerc\u00edcio 2014<\/span><\/a><\/span><\/p><p><span style=\"color: #ff0000\"><a href=\"http:\/\/www2.unifap.br\/deplan\/files\/2011\/08\/RELAT\u00d3RIO-DE-GEST\u00c3O-20132.pdf\"><span style=\"color: #ff0000\">Relat\u00f3rio de Gest\u00e3o Exerc\u00edcio 2013<\/span><\/a><\/span><\/p><p><span style=\"color: #ff0000\"><a href=\"http:\/\/www2.unifap.br\/deplan\/files\/2011\/08\/Relat\u00f3rio-de-Gest\u00e3o-2012.pdf\"><span style=\"color: #ff0000\">Relat\u00f3rio de Gest\u00e3o Exerc\u00edcio 2012<\/span><\/a><\/span><\/p><p><span style=\"color: #ff0000\"><a href=\"http:\/\/www2.unifap.br\/deplan\/files\/2011\/08\/Relat\u00f3rio-Gest\u00e3o-2011_UNIFAP_021.pdf\"><span style=\"color: #ff0000\">Relat\u00f3rio de Gest\u00e3o Exerc\u00edcio 2011<\/span><\/a><\/span><\/p><p><span style=\"color: #ff0000\"><a href=\"http:\/\/www2.unifap.br\/deplan\/files\/2011\/08\/RELAT\u00d3RIO-DE-GEST\u00c3O-UNIFAP-EXERC\u00cdCIO-2010.pdf\"><span style=\"color: #ff0000\">Relat\u00f3rio de Gest\u00e3o Exerc\u00edcio 2010<\/span><\/a><\/span><\/p><p><span style=\"color: #ff0000\"><a href=\"http:\/\/www2.unifap.br\/numeros\/files\/2014\/07\/arq5454_relatorio_gestao_2009.pdf\"><span style=\"color: #ff0000\">Relat\u00f3rio de Gest\u00e3o Exerc\u00edcio 2009<\/span><\/a><\/span><\/p><p><span style=\"color: #ff0000\"><a href=\"http:\/\/www2.unifap.br\/numeros\/files\/2014\/07\/arq4080_relatorio_gestao_2008.pdf\"><span style=\"color: #ff0000\">Relat\u00f3rio de Gest\u00e3o Exerc\u00edcio 2008<\/span><\/a><\/span><\/p><p><span style=\"color: #ff0000\"><a href=\"http:\/\/www2.unifap.br\/numeros\/files\/2014\/07\/arq4079_relatorio_gestao_2007.pdf\"><span style=\"color: #ff0000\">Relat\u00f3rio de Gest\u00e3o Exerc\u00edcio 2007<\/span><\/a><\/span><\/p><p><span style=\"color: #ff0000\"><a href=\"http:\/\/www2.unifap.br\/numeros\/files\/2014\/07\/arq4078_relatorio_gestao_2006.pdf\"><span style=\"color: #ff0000\">Relat\u00f3rio de Gest\u00e3o Exerc\u00edcio 2006<\/span><\/a><\/span><\/p><p><span style=\"color: #ff0000\"><a href=\"http:\/\/www2.unifap.br\/numeros\/files\/2014\/07\/arq4077_relatorio_gestao_2005.pdf\"><span style=\"color: #ff0000\">Relat\u00f3rio de Gest\u00e3o Exerc\u00edcio 2005<\/span><\/a><\/span><\/p><p><span style=\"color: #ff0000\"><a href=\"http:\/\/www2.unifap.br\/numeros\/files\/2014\/07\/arq4076_relatorio_gestao_2004.pdf\"><span style=\"color: #ff0000\">Relat\u00f3rio de Gest\u00e3o Exerc\u00edcio 2004<\/span><\/a><\/span><\/p><p><span style=\"color: #ff0000\"><a href=\"http:\/\/www2.unifap.br\/numeros\/files\/2014\/07\/arq4075_relatorio_gestao_2003.pdf\"><span style=\"color: #ff0000\">Relat\u00f3rio de Gest\u00e3o Exerc\u00edcio 2003<\/span><\/a><\/span><\/p><p><span style=\"color: #ff0000\"><a href=\"http:\/\/www2.unifap.br\/numeros\/files\/2014\/07\/arq4074_RG_2002.pdf\"><span style=\"color: #ff0000\">Relat\u00f3rio de Gest\u00e3o Exerc\u00edcio 2002<\/span><\/a><\/span><\/p><p><span style=\"color: #ff0000\"><a href=\"http:\/\/www2.unifap.br\/numeros\/files\/2014\/07\/Relat%C3%B3rio-de-Gest%C3%A3o-2001-UNIFAP.pdf\"><span style=\"color: #ff0000\">Relat\u00f3rio de Gest\u00e3o Exerc\u00edcio 2001<\/span><\/a><\/span><\/p><p><span style=\"color: #ff0000\"><a href=\"http:\/\/www2.unifap.br\/numeros\/files\/2014\/07\/arq4073_RG_2000.pdf\"><span style=\"color: #ff0000\">Relat\u00f3rio de Gest\u00e3o Exerc\u00edcio 2000<\/span><\/a><\/span><\/p>\t\t\t\t\t\t\t\t<\/div>\n\t\t\t\t<\/div>\n\t\t\t\t\t<\/div>\n\t\t<\/div>\n\t\t\t\t\t<\/div>\n\t\t<\/section>\n\t\t\t\t<section class=\"elementor-section elementor-top-section elementor-element elementor-element-ae00558 elementor-section-boxed elementor-section-height-default elementor-section-height-default\" data-id=\"ae00558\" data-element_type=\"section\" data-e-type=\"section\">\n\t\t\t\t\t\t<div class=\"elementor-container elementor-column-gap-default\">\n\t\t\t\t\t<div class=\"elementor-column elementor-col-100 elementor-top-column elementor-element elementor-element-54f1cae\" data-id=\"54f1cae\" data-element_type=\"column\" data-e-type=\"column\">\n\t\t\t<div class=\"elementor-widget-wrap elementor-element-populated\">\n\t\t\t\t\t\t\t<\/div>\n\t\t<\/div>\n\t\t\t\t\t<\/div>\n\t\t<\/section>\n\t\t\t\t<section class=\"elementor-section elementor-top-section elementor-element elementor-element-53bd7dc elementor-section-boxed elementor-section-height-default elementor-section-height-default\" data-id=\"53bd7dc\" data-element_type=\"section\" data-e-type=\"section\">\n\t\t\t\t\t\t<div class=\"elementor-container elementor-column-gap-default\">\n\t\t\t\t\t<div class=\"elementor-column elementor-col-100 elementor-top-column elementor-element elementor-element-7d5a129\" data-id=\"7d5a129\" data-element_type=\"column\" data-e-type=\"column\">\n\t\t\t<div class=\"elementor-widget-wrap elementor-element-populated\">\n\t\t\t\t\t\t<div class=\"elementor-element elementor-element-cf4f2fd elementor-widget elementor-widget-image\" data-id=\"cf4f2fd\" data-element_type=\"widget\" data-e-type=\"widget\" data-widget_type=\"image.default\">\n\t\t\t\t<div class=\"elementor-widget-container\">\n\t\t\t\t\t\t\t\t\t\t\t\t\t\t\t<img decoding=\"async\" src=\"http:\/\/www2.unifap.br\/deplan\/wp-content\/plugins\/elementor\/assets\/images\/placeholder.png\" title=\"\" alt=\"\" loading=\"lazy\" \/>\t\t\t\t\t\t\t\t\t\t\t\t\t\t\t<\/div>\n\t\t\t\t<\/div>\n\t\t\t\t\t<\/div>\n\t\t<\/div>\n\t\t\t\t\t<\/div>\n\t\t<\/section>\n\t\t\t\t<\/div>\n\t\t","protected":false},"excerpt":{"rendered":"<p>Relat\u00f3rios anuais de Gest\u00e3o Apresentamos \u00e0 comunidade acad\u00eamica e \u00e0 sociedade em geral os Relat\u00f3rios de Gest\u00e3o da Universidade Federal&#8230;<\/p>\n","protected":false},"author":119,"featured_media":0,"parent":0,"menu_order":6,"comment_status":"closed","ping_status":"closed","template":"","meta":{"inline_featured_image":false,"site-sidebar-layout":"default","site-content-layout":"","ast-site-content-layout":"default","site-content-style":"default","site-sidebar-style":"default","ast-global-header-display":"","ast-banner-title-visibility":"","ast-main-header-display":"","ast-hfb-above-header-display":"","ast-hfb-below-header-display":"","ast-hfb-mobile-header-display":"","site-post-title":"","ast-breadcrumbs-content":"","ast-featured-img":"","footer-sml-layout":"","theme-transparent-header-meta":"","adv-header-id-meta":"","stick-header-meta":"","header-above-stick-meta":"","header-main-stick-meta":"","header-below-stick-meta":"","astra-migrate-meta-layouts":"default","ast-page-background-enabled":"default","ast-page-background-meta":{"desktop":{"background-color":"var(--ast-global-color-4)","background-image":"","background-repeat":"repeat","background-position":"center center","background-size":"auto","background-attachment":"scroll","background-type":"","background-media":"","overlay-type":"","overlay-color":"","overlay-opacity":"","overlay-gradient":""},"tablet":{"background-color":"","background-image":"","background-repeat":"repeat","background-position":"center center","background-size":"auto","background-attachment":"scroll","background-type":"","background-media":"","overlay-type":"","overlay-color":"","overlay-opacity":"","overlay-gradient":""},"mobile":{"background-color":"","background-image":"","background-repeat":"repeat","background-position":"center center","background-size":"auto","background-attachment":"scroll","background-type":"","background-media":"","overlay-type":"","overlay-color":"","overlay-opacity":"","overlay-gradient":""}},"ast-content-background-meta":{"desktop":{"background-color":"var(--ast-global-color-5)","background-image":"","background-repeat":"repeat","background-position":"center center","background-size":"auto","background-attachment":"scroll","background-type":"","background-media":"","overlay-type":"","overlay-color":"","overlay-opacity":"","overlay-gradient":""},"tablet":{"background-color":"var(--ast-global-color-5)","background-image":"","background-repeat":"repeat","background-position":"center center","background-size":"auto","background-attachment":"scroll","background-type":"","background-media":"","overlay-type":"","overlay-color":"","overlay-opacity":"","overlay-gradient":""},"mobile":{"background-color":"var(--ast-global-color-5)","background-image":"","background-repeat":"repeat","background-position":"center center","background-size":"auto","background-attachment":"scroll","background-type":"","background-media":"","overlay-type":"","overlay-color":"","overlay-opacity":"","overlay-gradient":""}},"ngg_post_thumbnail":0,"footnotes":""},"class_list":["post-76","page","type-page","status-publish","hentry"],"_links":{"self":[{"href":"https:\/\/www2.unifap.br\/deplan\/wp-json\/wp\/v2\/pages\/76","targetHints":{"allow":["GET"]}}],"collection":[{"href":"https:\/\/www2.unifap.br\/deplan\/wp-json\/wp\/v2\/pages"}],"about":[{"href":"https:\/\/www2.unifap.br\/deplan\/wp-json\/wp\/v2\/types\/page"}],"author":[{"embeddable":true,"href":"https:\/\/www2.unifap.br\/deplan\/wp-json\/wp\/v2\/users\/119"}],"replies":[{"embeddable":true,"href":"https:\/\/www2.unifap.br\/deplan\/wp-json\/wp\/v2\/comments?post=76"}],"version-history":[{"count":130,"href":"https:\/\/www2.unifap.br\/deplan\/wp-json\/wp\/v2\/pages\/76\/revisions"}],"predecessor-version":[{"id":2953,"href":"https:\/\/www2.unifap.br\/deplan\/wp-json\/wp\/v2\/pages\/76\/revisions\/2953"}],"wp:attachment":[{"href":"https:\/\/www2.unifap.br\/deplan\/wp-json\/wp\/v2\/media?parent=76"}],"curies":[{"name":"wp","href":"https:\/\/api.w.org\/{rel}","templated":true}]}}