{"id":1320,"date":"2024-11-13T09:37:40","date_gmt":"2024-11-13T12:37:40","guid":{"rendered":"https:\/\/www2.unifap.br\/derca\/?page_id=1320"},"modified":"2024-11-13T09:43:07","modified_gmt":"2024-11-13T12:43:07","slug":"instrucao-normativa","status":"publish","type":"page","link":"https:\/\/www2.unifap.br\/derca\/pls-2020-3\/instrucao-normativa\/","title":{"rendered":"Instru\u00e7\u00e3o Normativa"},"content":{"rendered":"<p>A INSTRU\u00c7\u00c3O NORMATIVA N.\u00ba 01, DE 07 DE NOVEMBRO DE 2024, disp\u00f5e sobre o processo de registro de diplomas de cursos de gradua\u00e7\u00e3o de<br \/>\ninstitui\u00e7\u00f5es de ensino superior sem autonomia para registro de diplomas \u2013 IESA, pelo Departamento de Registro e Controle Acad\u00eamico da Pr\u00f3-Reitoria de Ensino de Gradua\u00e7\u00e3o da Universidade Federal do Amap\u00e1.<\/p>\n<p><a href=\"http:\/\/www2.unifap.br\/derca\/files\/2024\/11\/INSTRUCAO-NORMATIVA-N01_NOV_2024_REGISTRO-DE-DIPLOMAS.pdf\">INSTRUCAO NORMATIVA N\u00ba 01 11\/2024 &#8211; REGISTRO DE DIPLOMAS<\/a><\/p>\n","protected":false},"excerpt":{"rendered":"<p>A INSTRU\u00c7\u00c3O NORMATIVA N.\u00ba 01, DE 07 DE NOVEMBRO DE 2024, disp\u00f5e sobre o processo de registro de diplomas de cursos de gradua\u00e7\u00e3o de institui\u00e7\u00f5es de ensino superior sem autonomia para registro de diplomas \u2013 IESA, pelo Departamento de Registro e Controle Acad\u00eamico da Pr\u00f3-Reitoria de Ensino de Gradua\u00e7\u00e3o da Universidade Federal do Amap\u00e1. INSTRUCAO&#8230;<\/p>\n","protected":false},"author":751,"featured_media":0,"parent":601,"menu_order":0,"comment_status":"closed","ping_status":"closed","template":"","meta":{"inline_featured_image":false,"site-sidebar-layout":"default","site-content-layout":"","ast-site-content-layout":"default","site-content-style":"default","site-sidebar-style":"default","ast-global-header-display":"","ast-banner-title-visibility":"","ast-main-header-display":"","ast-hfb-above-header-display":"","ast-hfb-below-header-display":"","ast-hfb-mobile-header-display":"","site-post-title":"","ast-breadcrumbs-content":"","ast-featured-img":"","footer-sml-layout":"","theme-transparent-header-meta":"default","adv-header-id-meta":"","stick-header-meta":"","header-above-stick-meta":"","header-main-stick-meta":"","header-below-stick-meta":"","astra-migrate-meta-layouts":"set","ast-page-background-enabled":"default","ast-page-background-meta":{"desktop":{"background-color":"var(--ast-global-color-4)","background-image":"","background-repeat":"repeat","background-position":"center center","background-size":"auto","background-attachment":"scroll","background-type":"","background-media":"","overlay-type":"","overlay-color":"","overlay-opacity":"","overlay-gradient":""},"tablet":{"background-color":"","background-image":"","background-repeat":"repeat","background-position":"center center","background-size":"auto","background-attachment":"scroll","background-type":"","background-media":"","overlay-type":"","overlay-color":"","overlay-opacity":"","overlay-gradient":""},"mobile":{"background-color":"","background-image":"","background-repeat":"repeat","background-position":"center center","background-size":"auto","background-attachment":"scroll","background-type":"","background-media":"","overlay-type":"","overlay-color":"","overlay-opacity":"","overlay-gradient":""}},"ast-content-background-meta":{"desktop":{"background-color":"var(--ast-global-color-5)","background-image":"","background-repeat":"repeat","background-position":"center center","background-size":"auto","background-attachment":"scroll","background-type":"","background-media":"","overlay-type":"","overlay-color":"","overlay-opacity":"","overlay-gradient":""},"tablet":{"background-color":"var(--ast-global-color-5)","background-image":"","background-repeat":"repeat","background-position":"center center","background-size":"auto","background-attachment":"scroll","background-type":"","background-media":"","overlay-type":"","overlay-color":"","overlay-opacity":"","overlay-gradient":""},"mobile":{"background-color":"var(--ast-global-color-5)","background-image":"","background-repeat":"repeat","background-position":"center center","background-size":"auto","background-attachment":"scroll","background-type":"","background-media":"","overlay-type":"","overlay-color":"","overlay-opacity":"","overlay-gradient":""}},"ngg_post_thumbnail":0,"footnotes":""},"class_list":["post-1320","page","type-page","status-publish","hentry"],"_links":{"self":[{"href":"https:\/\/www2.unifap.br\/derca\/wp-json\/wp\/v2\/pages\/1320","targetHints":{"allow":["GET"]}}],"collection":[{"href":"https:\/\/www2.unifap.br\/derca\/wp-json\/wp\/v2\/pages"}],"about":[{"href":"https:\/\/www2.unifap.br\/derca\/wp-json\/wp\/v2\/types\/page"}],"author":[{"embeddable":true,"href":"https:\/\/www2.unifap.br\/derca\/wp-json\/wp\/v2\/users\/751"}],"replies":[{"embeddable":true,"href":"https:\/\/www2.unifap.br\/derca\/wp-json\/wp\/v2\/comments?post=1320"}],"version-history":[{"count":2,"href":"https:\/\/www2.unifap.br\/derca\/wp-json\/wp\/v2\/pages\/1320\/revisions"}],"predecessor-version":[{"id":1327,"href":"https:\/\/www2.unifap.br\/derca\/wp-json\/wp\/v2\/pages\/1320\/revisions\/1327"}],"up":[{"embeddable":true,"href":"https:\/\/www2.unifap.br\/derca\/wp-json\/wp\/v2\/pages\/601"}],"wp:attachment":[{"href":"https:\/\/www2.unifap.br\/derca\/wp-json\/wp\/v2\/media?parent=1320"}],"curies":[{"name":"wp","href":"https:\/\/api.w.org\/{rel}","templated":true}]}}