{"id":1482,"date":"2025-12-03T13:44:22","date_gmt":"2025-12-03T16:44:22","guid":{"rendered":"https:\/\/www2.unifap.br\/derca\/?page_id=1482"},"modified":"2025-12-05T11:02:09","modified_gmt":"2025-12-05T14:02:09","slug":"orientacoes-matricula-pos-graduacao","status":"publish","type":"page","link":"https:\/\/www2.unifap.br\/derca\/dimatri\/orientacoes-matricula-pos-graduacao\/","title":{"rendered":"Orienta\u00e7\u00f5es matr\u00edcula p\u00f3s-gradua\u00e7\u00e3o"},"content":{"rendered":"<p><strong><br \/>\nOl\u00e1, coordenadores de curso de p\u00f3s-gradua\u00e7\u00e3o e demais interessados.<br \/>\nEssa p\u00e1gina tem o intuito de orientar&nbsp; e sanar d\u00favida quanto aos procedimento de matr\u00edcula da p\u00f3s-gradua\u00e7\u00e3o ( Lato sensu e Stricto sensu)<\/strong><\/p>\n<p><strong>Procedimento de matr\u00edcula:<\/strong><\/p>\n<p><strong>1-<\/strong> A coordena\u00e7\u00e3o faz um edital de convoca\u00e7\u00e3o, ele deve ser publicado na p\u00e1gina da coordena\u00e7\u00e3o do curso.&nbsp;<\/p>\n<p>Abaixo est\u00e3o as minutas de edital para cada n\u00edvel:<\/p>\n<p>Abaixo est\u00e3o&nbsp; os formul\u00e1rios de matr\u00edcula:<\/p>\n<p><a href=\"http:\/\/www2.unifap.br\/derca\/files\/2025\/12\/Minuta-de-edital-Especializacao-1.doc\">Minuta-de-edital-Especializacao-1<\/a><\/p>\n<p><strong>ATEN\u00c7\u00c3O:<\/strong> \u00c9 importante al\u00e9m de acresentar as informa\u00e7\u00f5es do curso, ler todo o edital para averiguar se est\u00e1 de acordo com que o programa pede. Quanto aos documentos presente na minuta de edital&nbsp; \u00e9 permitido apenas&nbsp; fazer o acrescimo as documenta\u00e7\u00f5es solicitadas, por exemplo, declara\u00e7\u00e3o de atua\u00e7\u00e3o efetiva em sala de aula ou contra-cheque. Ressaltamos que \u00e9 impressind\u00edvel que todas as informa\u00e7\u00f5es do formul\u00e1rio sejam preenchidas, at\u00e9 mesmo as que tratam do ensino m\u00e9dio, pois o sistema acad\u00eamico solicita essas informa\u00e7\u00f5es para cadastro at\u00e9 mesmo dos ingressantes de p\u00f3s-gradua\u00e7\u00e3o, s\u00e3o campos<span style=\"font-size: 16px\"> obrigat\u00f3rios do cadastro.<\/span><\/p>\n<p><strong>2-<\/strong> Os candidatos <strong>enviam<\/strong> as documenta\u00e7\u00f5es para a coordena\u00e7\u00e3o de <strong>forma digital<\/strong>. O envio pode ser realizado por email ou outra forma digital que preferir, contudo a minuta do edital est\u00e1 voltada para recebimento&nbsp; via e-mail, caso queira realizar o recebimento de outra maneira ser\u00e1 necess\u00e1rio <strong>editar o item 1<\/strong> do edital.<br \/>\n<strong><br \/>\n3-<\/strong> A coordena\u00e7\u00e3o envia a solicita\u00e7\u00e3o de matr\u00edcula dos novos alunos via processo ( Enviar para o DERCA para que o DERCA envie para a DIMATRI). Ao cadastrar o processo voc\u00ea n\u00e3o encontrar\u00e1 a op\u00e7\u00e3o &#8220;<em>Solicita\u00e7\u00e3o de Matr\u00edcula<\/em>&#8220;, a nossa sugest\u00e3o \u00e9 que no campo tipo preencha &#8220;<em>Solicita\u00e7\u00e3o<\/em>&#8221; apenas, e no campo &#8220;<em>Assunto detalhado<\/em>&#8221; deve estar&nbsp; &#8220;<em>Solicita\u00e7\u00e3o de Matr\u00edcula do curso [&#8230;]<\/em>&#8220;.<br \/>\nNo processo devem estar anexado:<br \/>\na)Edital de convoca\u00e7\u00e3o;<br \/>\nb)Edital de processso (opcional);<br \/>\nc) Resultado dos candidatos;<br \/>\nd) As documenta\u00e7\u00f5es dos candidatos. (N\u00e3o \u00e9 necess\u00e1rio realizar um processo para cada aluno, basta organiz\u00e1-los em pasta ou ainda dentro de apenas uma pasta e compactar os arquivos);<\/p>\n<p><strong>4-<\/strong> A DIMATRI tem 3 dias \u00fateis para fazer o cadastro dos novos discentes, via de regra. Por\u00e9m ser\u00e1 necess\u00e1rio entrar em contato com a divis\u00e3o (matriculaderca@unifap.br), pois poderemos estar recebendo uma demanda grande ou ainda v\u00e1rias demandas ao mesmo tempo, o que pode estender&nbsp; o per\u00edodo de finaliza\u00e7\u00e3o dos cadastros.<\/p>\n","protected":false},"excerpt":{"rendered":"<p>Ol\u00e1, coordenadores de curso de p\u00f3s-gradua\u00e7\u00e3o e demais interessados. Essa p\u00e1gina tem o intuito de orientar&nbsp; e sanar d\u00favida quanto aos procedimento de matr\u00edcula da p\u00f3s-gradua\u00e7\u00e3o ( Lato sensu e Stricto sensu) Procedimento de matr\u00edcula: 1- A coordena\u00e7\u00e3o faz um edital de convoca\u00e7\u00e3o, ele deve ser publicado na p\u00e1gina da coordena\u00e7\u00e3o do curso.&nbsp; Abaixo est\u00e3o&#8230;<\/p>\n","protected":false},"author":114,"featured_media":0,"parent":627,"menu_order":1,"comment_status":"closed","ping_status":"closed","template":"","meta":{"inline_featured_image":false,"site-sidebar-layout":"default","site-content-layout":"","ast-site-content-layout":"default","site-content-style":"default","site-sidebar-style":"default","ast-global-header-display":"","ast-banner-title-visibility":"","ast-main-header-display":"","ast-hfb-above-header-display":"","ast-hfb-below-header-display":"","ast-hfb-mobile-header-display":"","site-post-title":"","ast-breadcrumbs-content":"","ast-featured-img":"","footer-sml-layout":"","theme-transparent-header-meta":"default","adv-header-id-meta":"","stick-header-meta":"","header-above-stick-meta":"","header-main-stick-meta":"","header-below-stick-meta":"","astra-migrate-meta-layouts":"set","ast-page-background-enabled":"default","ast-page-background-meta":{"desktop":{"background-color":"var(--ast-global-color-4)","background-image":"","background-repeat":"repeat","background-position":"center center","background-size":"auto","background-attachment":"scroll","background-type":"","background-media":"","overlay-type":"","overlay-color":"","overlay-opacity":"","overlay-gradient":""},"tablet":{"background-color":"","background-image":"","background-repeat":"repeat","background-position":"center center","background-size":"auto","background-attachment":"scroll","background-type":"","background-media":"","overlay-type":"","overlay-color":"","overlay-opacity":"","overlay-gradient":""},"mobile":{"background-color":"","background-image":"","background-repeat":"repeat","background-position":"center center","background-size":"auto","background-attachment":"scroll","background-type":"","background-media":"","overlay-type":"","overlay-color":"","overlay-opacity":"","overlay-gradient":""}},"ast-content-background-meta":{"desktop":{"background-color":"var(--ast-global-color-5)","background-image":"","background-repeat":"repeat","background-position":"center center","background-size":"auto","background-attachment":"scroll","background-type":"","background-media":"","overlay-type":"","overlay-color":"","overlay-opacity":"","overlay-gradient":""},"tablet":{"background-color":"var(--ast-global-color-5)","background-image":"","background-repeat":"repeat","background-position":"center center","background-size":"auto","background-attachment":"scroll","background-type":"","background-media":"","overlay-type":"","overlay-color":"","overlay-opacity":"","overlay-gradient":""},"mobile":{"background-color":"var(--ast-global-color-5)","background-image":"","background-repeat":"repeat","background-position":"center center","background-size":"auto","background-attachment":"scroll","background-type":"","background-media":"","overlay-type":"","overlay-color":"","overlay-opacity":"","overlay-gradient":""}},"ngg_post_thumbnail":0,"footnotes":""},"class_list":["post-1482","page","type-page","status-publish","hentry"],"_links":{"self":[{"href":"https:\/\/www2.unifap.br\/derca\/wp-json\/wp\/v2\/pages\/1482","targetHints":{"allow":["GET"]}}],"collection":[{"href":"https:\/\/www2.unifap.br\/derca\/wp-json\/wp\/v2\/pages"}],"about":[{"href":"https:\/\/www2.unifap.br\/derca\/wp-json\/wp\/v2\/types\/page"}],"author":[{"embeddable":true,"href":"https:\/\/www2.unifap.br\/derca\/wp-json\/wp\/v2\/users\/114"}],"replies":[{"embeddable":true,"href":"https:\/\/www2.unifap.br\/derca\/wp-json\/wp\/v2\/comments?post=1482"}],"version-history":[{"count":7,"href":"https:\/\/www2.unifap.br\/derca\/wp-json\/wp\/v2\/pages\/1482\/revisions"}],"predecessor-version":[{"id":1493,"href":"https:\/\/www2.unifap.br\/derca\/wp-json\/wp\/v2\/pages\/1482\/revisions\/1493"}],"up":[{"embeddable":true,"href":"https:\/\/www2.unifap.br\/derca\/wp-json\/wp\/v2\/pages\/627"}],"wp:attachment":[{"href":"https:\/\/www2.unifap.br\/derca\/wp-json\/wp\/v2\/media?parent=1482"}],"curies":[{"name":"wp","href":"https:\/\/api.w.org\/{rel}","templated":true}]}}