{"id":157,"date":"2014-10-22T20:29:29","date_gmt":"2014-10-22T20:29:29","guid":{"rendered":"http:\/\/www2.unifap.br\/derca\/?page_id=157"},"modified":"2017-06-19T13:30:40","modified_gmt":"2017-06-19T13:30:40","slug":"horario-de-atendimento","status":"publish","type":"page","link":"https:\/\/www2.unifap.br\/derca\/horario-de-atendimento\/","title":{"rendered":"Hor\u00e1rio de Atendimento"},"content":{"rendered":"<p>O DERCA realiza o atendimento ao p\u00fablico nos seguintes hor\u00e1rios:<\/p>\n<p>Administrativo:<\/p>\n<ul>\n<li>Segunda a Sexta: das 08h \u00e0s 20h.<\/li>\n<\/ul>\n<p>Protocolo:<\/p>\n<ul>\n<li>Segunda a Sexta: das 08h \u00e0s 20h.<\/li>\n<\/ul>\n","protected":false},"excerpt":{"rendered":"<p>O DERCA realiza o atendimento ao p\u00fablico nos seguintes hor\u00e1rios: Administrativo: Segunda a Sexta: das 08h \u00e0s 20h. Protocolo: Segunda a Sexta: das 08h \u00e0s 20h.<\/p>\n","protected":false},"author":1,"featured_media":0,"parent":0,"menu_order":30,"comment_status":"closed","ping_status":"closed","template":"","meta":{"inline_featured_image":false,"site-sidebar-layout":"default","site-content-layout":"","ast-site-content-layout":"default","site-content-style":"default","site-sidebar-style":"default","ast-global-header-display":"","ast-banner-title-visibility":"","ast-main-header-display":"","ast-hfb-above-header-display":"","ast-hfb-below-header-display":"","ast-hfb-mobile-header-display":"","site-post-title":"","ast-breadcrumbs-content":"","ast-featured-img":"","footer-sml-layout":"","theme-transparent-header-meta":"","adv-header-id-meta":"","stick-header-meta":"","header-above-stick-meta":"","header-main-stick-meta":"","header-below-stick-meta":"","astra-migrate-meta-layouts":"default","ast-page-background-enabled":"default","ast-page-background-meta":{"desktop":{"background-color":"var(--ast-global-color-4)","background-image":"","background-repeat":"repeat","background-position":"center center","background-size":"auto","background-attachment":"scroll","background-type":"","background-media":"","overlay-type":"","overlay-color":"","overlay-opacity":"","overlay-gradient":""},"tablet":{"background-color":"","background-image":"","background-repeat":"repeat","background-position":"center center","background-size":"auto","background-attachment":"scroll","background-type":"","background-media":"","overlay-type":"","overlay-color":"","overlay-opacity":"","overlay-gradient":""},"mobile":{"background-color":"","background-image":"","background-repeat":"repeat","background-position":"center center","background-size":"auto","background-attachment":"scroll","background-type":"","background-media":"","overlay-type":"","overlay-color":"","overlay-opacity":"","overlay-gradient":""}},"ast-content-background-meta":{"desktop":{"background-color":"var(--ast-global-color-5)","background-image":"","background-repeat":"repeat","background-position":"center center","background-size":"auto","background-attachment":"scroll","background-type":"","background-media":"","overlay-type":"","overlay-color":"","overlay-opacity":"","overlay-gradient":""},"tablet":{"background-color":"var(--ast-global-color-5)","background-image":"","background-repeat":"repeat","background-position":"center center","background-size":"auto","background-attachment":"scroll","background-type":"","background-media":"","overlay-type":"","overlay-color":"","overlay-opacity":"","overlay-gradient":""},"mobile":{"background-color":"var(--ast-global-color-5)","background-image":"","background-repeat":"repeat","background-position":"center center","background-size":"auto","background-attachment":"scroll","background-type":"","background-media":"","overlay-type":"","overlay-color":"","overlay-opacity":"","overlay-gradient":""}},"ngg_post_thumbnail":0,"footnotes":""},"class_list":["post-157","page","type-page","status-publish","hentry"],"_links":{"self":[{"href":"https:\/\/www2.unifap.br\/derca\/wp-json\/wp\/v2\/pages\/157","targetHints":{"allow":["GET"]}}],"collection":[{"href":"https:\/\/www2.unifap.br\/derca\/wp-json\/wp\/v2\/pages"}],"about":[{"href":"https:\/\/www2.unifap.br\/derca\/wp-json\/wp\/v2\/types\/page"}],"author":[{"embeddable":true,"href":"https:\/\/www2.unifap.br\/derca\/wp-json\/wp\/v2\/users\/1"}],"replies":[{"embeddable":true,"href":"https:\/\/www2.unifap.br\/derca\/wp-json\/wp\/v2\/comments?post=157"}],"version-history":[{"count":4,"href":"https:\/\/www2.unifap.br\/derca\/wp-json\/wp\/v2\/pages\/157\/revisions"}],"predecessor-version":[{"id":419,"href":"https:\/\/www2.unifap.br\/derca\/wp-json\/wp\/v2\/pages\/157\/revisions\/419"}],"wp:attachment":[{"href":"https:\/\/www2.unifap.br\/derca\/wp-json\/wp\/v2\/media?parent=157"}],"curies":[{"name":"wp","href":"https:\/\/api.w.org\/{rel}","templated":true}]}}