{"id":493,"date":"2019-11-11T13:56:18","date_gmt":"2019-11-11T13:56:18","guid":{"rendered":"http:\/\/www2.unifap.br\/derca\/?page_id=493"},"modified":"2024-11-25T16:17:20","modified_gmt":"2024-11-25T19:17:20","slug":"dird","status":"publish","type":"page","link":"https:\/\/www2.unifap.br\/derca\/dird\/","title":{"rendered":"DIRD"},"content":{"rendered":"<p><strong>Divis\u00e3o de Registro de Diplomas \u2013 DIRD<br \/>\n<\/strong><\/p>\n<p><strong>Chefe titular:<\/strong> Manoel Ubaiara Juc\u00e1 Neto<\/p>\n<p><strong>Equipe:<\/strong><\/p>\n<ul>\n<li>Gilmara Cavalcante da Silva<\/li>\n<li>Jo\u00e3o Ant\u00f4nio Ribeiro de Mescouto<\/li>\n<li>Leila Danielle Cordeiro dos Santos<\/li>\n<li>Let\u00edcia Marta de Souza Pereira Pican\u00e7o<\/li>\n<li>Mar\u00edlia Pantoja Brito<\/li>\n<li>Michelle da Silva Mattos<\/li>\n<li>Socorro Maria Moraes Corr\u00eaa<\/li>\n<\/ul>\n<p><strong>E-mail:<\/strong>\u00a0<a href=\"mailto:dica@unifap.br\">dird@unifap.br<\/a><br \/>\n<a href=\"pendencias.documentos.dird@gmail.com\">pendencias.documentos.dird@gmail.com<\/a><\/p>\n<p>&nbsp;<\/p>\n<p><img decoding=\"async\" class=\"aligncenter\" src=\"http:\/\/prodegesp.paginas.ufsc.br\/files\/2021\/12\/agendamento.png\" alt=\"Pr\u00f3-Reitoria de Desenvolvimento e Gest\u00e3o de Pessoas \u2013 PRODEGESP\" width=\"100\" height=\"75\" \/><\/p>\n<p style=\"text-align: center\"><a href=\"https:\/\/www2.unifap.br\/derca\/dird\/agendamento-para-retirada-de-diplomas-e-certificados\/\">AGENDAMENTO PARA RETIRADA DE DIPLOMAS E CERTIFICADOS<\/a><br \/>\n(Lista nominal dos Diplomas e Certificados prontos)<\/p>\n<p>&nbsp;<\/p>\n<p>&nbsp;<\/p>\n<p style=\"text-align: center\"><a href=\"http:\/\/www2.unifap.br\/derca\/dird\/consulta-de-registros-de-diplomas\/\">CONSULTA VERACIDADE DE REGISTROS DE DIPLOMAS<\/a><\/p>\n<p>&nbsp;<\/p>\n","protected":false},"excerpt":{"rendered":"<p>Divis\u00e3o de Registro de Diplomas \u2013 DIRD Chefe titular: Manoel Ubaiara Juc\u00e1 Neto Equipe: Gilmara Cavalcante da Silva Jo\u00e3o Ant\u00f4nio Ribeiro de Mescouto Leila Danielle Cordeiro dos Santos Let\u00edcia Marta de Souza Pereira Pican\u00e7o Mar\u00edlia Pantoja Brito Michelle da Silva Mattos Socorro Maria Moraes Corr\u00eaa E-mail:\u00a0dird@unifap.br pendencias.documentos.dird@gmail.com &nbsp; AGENDAMENTO PARA RETIRADA DE DIPLOMAS E CERTIFICADOS&#8230;<\/p>\n","protected":false},"author":3854,"featured_media":0,"parent":0,"menu_order":0,"comment_status":"closed","ping_status":"closed","template":"","meta":{"inline_featured_image":false,"site-sidebar-layout":"default","site-content-layout":"default","ast-site-content-layout":"default","site-content-style":"default","site-sidebar-style":"default","ast-global-header-display":"","ast-banner-title-visibility":"","ast-main-header-display":"","ast-hfb-above-header-display":"","ast-hfb-below-header-display":"","ast-hfb-mobile-header-display":"","site-post-title":"","ast-breadcrumbs-content":"","ast-featured-img":"","footer-sml-layout":"","theme-transparent-header-meta":"default","adv-header-id-meta":"","stick-header-meta":"","header-above-stick-meta":"","header-main-stick-meta":"","header-below-stick-meta":"","astra-migrate-meta-layouts":"set","ast-page-background-enabled":"default","ast-page-background-meta":{"desktop":{"background-color":"var(--ast-global-color-4)","background-image":"","background-repeat":"repeat","background-position":"center center","background-size":"auto","background-attachment":"scroll","background-type":"","background-media":"","overlay-type":"","overlay-color":"","overlay-opacity":"","overlay-gradient":""},"tablet":{"background-color":"","background-image":"","background-repeat":"repeat","background-position":"center center","background-size":"auto","background-attachment":"scroll","background-type":"","background-media":"","overlay-type":"","overlay-color":"","overlay-opacity":"","overlay-gradient":""},"mobile":{"background-color":"","background-image":"","background-repeat":"repeat","background-position":"center center","background-size":"auto","background-attachment":"scroll","background-type":"","background-media":"","overlay-type":"","overlay-color":"","overlay-opacity":"","overlay-gradient":""}},"ast-content-background-meta":{"desktop":{"background-color":"var(--ast-global-color-5)","background-image":"","background-repeat":"repeat","background-position":"center center","background-size":"auto","background-attachment":"scroll","background-type":"","background-media":"","overlay-type":"","overlay-color":"","overlay-opacity":"","overlay-gradient":""},"tablet":{"background-color":"var(--ast-global-color-5)","background-image":"","background-repeat":"repeat","background-position":"center center","background-size":"auto","background-attachment":"scroll","background-type":"","background-media":"","overlay-type":"","overlay-color":"","overlay-opacity":"","overlay-gradient":""},"mobile":{"background-color":"var(--ast-global-color-5)","background-image":"","background-repeat":"repeat","background-position":"center center","background-size":"auto","background-attachment":"scroll","background-type":"","background-media":"","overlay-type":"","overlay-color":"","overlay-opacity":"","overlay-gradient":""}},"ngg_post_thumbnail":0,"footnotes":""},"class_list":["post-493","page","type-page","status-publish","hentry"],"_links":{"self":[{"href":"https:\/\/www2.unifap.br\/derca\/wp-json\/wp\/v2\/pages\/493","targetHints":{"allow":["GET"]}}],"collection":[{"href":"https:\/\/www2.unifap.br\/derca\/wp-json\/wp\/v2\/pages"}],"about":[{"href":"https:\/\/www2.unifap.br\/derca\/wp-json\/wp\/v2\/types\/page"}],"author":[{"embeddable":true,"href":"https:\/\/www2.unifap.br\/derca\/wp-json\/wp\/v2\/users\/3854"}],"replies":[{"embeddable":true,"href":"https:\/\/www2.unifap.br\/derca\/wp-json\/wp\/v2\/comments?post=493"}],"version-history":[{"count":14,"href":"https:\/\/www2.unifap.br\/derca\/wp-json\/wp\/v2\/pages\/493\/revisions"}],"predecessor-version":[{"id":1330,"href":"https:\/\/www2.unifap.br\/derca\/wp-json\/wp\/v2\/pages\/493\/revisions\/1330"}],"wp:attachment":[{"href":"https:\/\/www2.unifap.br\/derca\/wp-json\/wp\/v2\/media?parent=493"}],"curies":[{"name":"wp","href":"https:\/\/api.w.org\/{rel}","templated":true}]}}