{"id":624,"date":"2021-01-22T14:54:15","date_gmt":"2021-01-22T14:54:15","guid":{"rendered":"http:\/\/www2.unifap.br\/derca\/?page_id=624"},"modified":"2023-02-23T19:51:38","modified_gmt":"2023-02-23T19:51:38","slug":"dica","status":"publish","type":"page","link":"https:\/\/www2.unifap.br\/derca\/dica\/","title":{"rendered":"DICA"},"content":{"rendered":"<p><strong>Divis\u00e3o de &nbsp;Controle e Acompanhamento Acad\u00eamico &#8211; DICA<br \/>\n<\/strong>(Acompanhamento Acad\u00eamico )<\/p>\n<p><strong>Chefe titular:<\/strong>&nbsp;Sandra &nbsp;Maria Cavalcante da Silva<\/p>\n<p><strong>Equipe:<\/strong><\/p>\n<ul>\n<li>Iracema Balieiro dos Santos<\/li>\n<li>Fl\u00e1vio de Oliveira Palheta<\/li>\n<li>Aldaleia Dias Monteiro<\/li>\n<\/ul>\n<p>&nbsp;<\/p>\n<p><strong>Telefone:<\/strong>&nbsp;<br \/>\n<strong>E-mail:<\/strong>&nbsp;<a href=\"mailto:dica@unifap.br\">dica@unifap.br<\/a><\/p>\n","protected":false},"excerpt":{"rendered":"<p>Divis\u00e3o de &nbsp;Controle e Acompanhamento Acad\u00eamico &#8211; DICA (Acompanhamento Acad\u00eamico ) Chefe titular:&nbsp;Sandra &nbsp;Maria Cavalcante da Silva Equipe: Iracema Balieiro dos Santos Fl\u00e1vio de Oliveira Palheta Aldaleia Dias Monteiro &nbsp; Telefone:&nbsp; E-mail:&nbsp;dica@unifap.br<\/p>\n","protected":false},"author":751,"featured_media":0,"parent":0,"menu_order":0,"comment_status":"closed","ping_status":"closed","template":"","meta":{"inline_featured_image":false,"site-sidebar-layout":"default","site-content-layout":"","ast-site-content-layout":"default","site-content-style":"default","site-sidebar-style":"default","ast-global-header-display":"","ast-banner-title-visibility":"","ast-main-header-display":"","ast-hfb-above-header-display":"","ast-hfb-below-header-display":"","ast-hfb-mobile-header-display":"","site-post-title":"","ast-breadcrumbs-content":"","ast-featured-img":"","footer-sml-layout":"","theme-transparent-header-meta":"","adv-header-id-meta":"","stick-header-meta":"","header-above-stick-meta":"","header-main-stick-meta":"","header-below-stick-meta":"","astra-migrate-meta-layouts":"default","ast-page-background-enabled":"default","ast-page-background-meta":{"desktop":{"background-color":"var(--ast-global-color-4)","background-image":"","background-repeat":"repeat","background-position":"center center","background-size":"auto","background-attachment":"scroll","background-type":"","background-media":"","overlay-type":"","overlay-color":"","overlay-opacity":"","overlay-gradient":""},"tablet":{"background-color":"","background-image":"","background-repeat":"repeat","background-position":"center center","background-size":"auto","background-attachment":"scroll","background-type":"","background-media":"","overlay-type":"","overlay-color":"","overlay-opacity":"","overlay-gradient":""},"mobile":{"background-color":"","background-image":"","background-repeat":"repeat","background-position":"center center","background-size":"auto","background-attachment":"scroll","background-type":"","background-media":"","overlay-type":"","overlay-color":"","overlay-opacity":"","overlay-gradient":""}},"ast-content-background-meta":{"desktop":{"background-color":"var(--ast-global-color-5)","background-image":"","background-repeat":"repeat","background-position":"center center","background-size":"auto","background-attachment":"scroll","background-type":"","background-media":"","overlay-type":"","overlay-color":"","overlay-opacity":"","overlay-gradient":""},"tablet":{"background-color":"var(--ast-global-color-5)","background-image":"","background-repeat":"repeat","background-position":"center center","background-size":"auto","background-attachment":"scroll","background-type":"","background-media":"","overlay-type":"","overlay-color":"","overlay-opacity":"","overlay-gradient":""},"mobile":{"background-color":"var(--ast-global-color-5)","background-image":"","background-repeat":"repeat","background-position":"center center","background-size":"auto","background-attachment":"scroll","background-type":"","background-media":"","overlay-type":"","overlay-color":"","overlay-opacity":"","overlay-gradient":""}},"ngg_post_thumbnail":0,"footnotes":""},"class_list":["post-624","page","type-page","status-publish","hentry"],"_links":{"self":[{"href":"https:\/\/www2.unifap.br\/derca\/wp-json\/wp\/v2\/pages\/624","targetHints":{"allow":["GET"]}}],"collection":[{"href":"https:\/\/www2.unifap.br\/derca\/wp-json\/wp\/v2\/pages"}],"about":[{"href":"https:\/\/www2.unifap.br\/derca\/wp-json\/wp\/v2\/types\/page"}],"author":[{"embeddable":true,"href":"https:\/\/www2.unifap.br\/derca\/wp-json\/wp\/v2\/users\/751"}],"replies":[{"embeddable":true,"href":"https:\/\/www2.unifap.br\/derca\/wp-json\/wp\/v2\/comments?post=624"}],"version-history":[{"count":2,"href":"https:\/\/www2.unifap.br\/derca\/wp-json\/wp\/v2\/pages\/624\/revisions"}],"predecessor-version":[{"id":990,"href":"https:\/\/www2.unifap.br\/derca\/wp-json\/wp\/v2\/pages\/624\/revisions\/990"}],"wp:attachment":[{"href":"https:\/\/www2.unifap.br\/derca\/wp-json\/wp\/v2\/media?parent=624"}],"curies":[{"name":"wp","href":"https:\/\/api.w.org\/{rel}","templated":true}]}}