{"id":627,"date":"2021-01-22T14:54:31","date_gmt":"2021-01-22T14:54:31","guid":{"rendered":"http:\/\/www2.unifap.br\/derca\/?page_id=627"},"modified":"2025-12-03T11:33:13","modified_gmt":"2025-12-03T14:33:13","slug":"dimatri","status":"publish","type":"page","link":"https:\/\/www2.unifap.br\/derca\/dimatri\/","title":{"rendered":"DIMATRI"},"content":{"rendered":"<p><strong>Divis\u00e3o de Matr\u00edcula- DIMATRI<br \/>\n<\/strong>(Transfer\u00eancia, Rematr\u00edcula, Reingresso, etc.)<\/p>\n<h2>Formul\u00e1rio de solicita\u00e7\u00e3o<\/h2>\n<p><a href=\"https:\/\/docs.google.com\/forms\/d\/e\/1FAIpQLSfWVIMhwR-3wDLezsZiOAy7h2HrArDPhdwgg6iF2aRjVMPXlw\/viewform?usp=sf_link\" target=\"_blank\" rel=\"noopener\">Preencher formul\u00e1rio de solicita\u00e7\u00f5es<\/a><\/p>\n<p><strong>Chefia titular: Edilma Abreu Monteiro<br \/>\nVice-chefia:&nbsp; Paulo Herculano Ribeiro Santos<\/strong><\/p>\n<p><strong>Equipe:<\/strong><\/p>\n<ul>\n<li>Aida do Socorro da Costa Nascimento<\/li>\n<li>Ant\u00f4nio Mendes dos Santos<\/li>\n<li>Edilma Abreu Monteiro<\/li>\n<li>Carlos Ely de S\u00e1 Miranda<\/li>\n<li>Paulo Herculano Ribeiro Santos<\/li>\n<li>Vera Lucia Silva Moraes<\/li>\n<\/ul>\n","protected":false},"excerpt":{"rendered":"<p>Divis\u00e3o de Matr\u00edcula- DIMATRI (Transfer\u00eancia, Rematr\u00edcula, Reingresso, etc.) Formul\u00e1rio de solicita\u00e7\u00e3o Preencher formul\u00e1rio de solicita\u00e7\u00f5es Chefia titular: Edilma Abreu Monteiro Vice-chefia:&nbsp; Paulo Herculano Ribeiro Santos Equipe: Aida do Socorro da Costa Nascimento Ant\u00f4nio Mendes dos Santos Edilma Abreu Monteiro Carlos Ely de S\u00e1 Miranda Paulo Herculano Ribeiro Santos Vera Lucia Silva Moraes<\/p>\n","protected":false},"author":751,"featured_media":0,"parent":0,"menu_order":0,"comment_status":"closed","ping_status":"closed","template":"","meta":{"inline_featured_image":false,"site-sidebar-layout":"default","site-content-layout":"default","ast-site-content-layout":"default","site-content-style":"default","site-sidebar-style":"default","ast-global-header-display":"","ast-banner-title-visibility":"","ast-main-header-display":"","ast-hfb-above-header-display":"","ast-hfb-below-header-display":"","ast-hfb-mobile-header-display":"","site-post-title":"","ast-breadcrumbs-content":"","ast-featured-img":"","footer-sml-layout":"","theme-transparent-header-meta":"default","adv-header-id-meta":"","stick-header-meta":"","header-above-stick-meta":"","header-main-stick-meta":"","header-below-stick-meta":"","astra-migrate-meta-layouts":"set","ast-page-background-enabled":"default","ast-page-background-meta":{"desktop":{"background-color":"var(--ast-global-color-4)","background-image":"","background-repeat":"repeat","background-position":"center center","background-size":"auto","background-attachment":"scroll","background-type":"","background-media":"","overlay-type":"","overlay-color":"","overlay-opacity":"","overlay-gradient":""},"tablet":{"background-color":"","background-image":"","background-repeat":"repeat","background-position":"center center","background-size":"auto","background-attachment":"scroll","background-type":"","background-media":"","overlay-type":"","overlay-color":"","overlay-opacity":"","overlay-gradient":""},"mobile":{"background-color":"","background-image":"","background-repeat":"repeat","background-position":"center center","background-size":"auto","background-attachment":"scroll","background-type":"","background-media":"","overlay-type":"","overlay-color":"","overlay-opacity":"","overlay-gradient":""}},"ast-content-background-meta":{"desktop":{"background-color":"var(--ast-global-color-5)","background-image":"","background-repeat":"repeat","background-position":"center center","background-size":"auto","background-attachment":"scroll","background-type":"","background-media":"","overlay-type":"","overlay-color":"","overlay-opacity":"","overlay-gradient":""},"tablet":{"background-color":"var(--ast-global-color-5)","background-image":"","background-repeat":"repeat","background-position":"center center","background-size":"auto","background-attachment":"scroll","background-type":"","background-media":"","overlay-type":"","overlay-color":"","overlay-opacity":"","overlay-gradient":""},"mobile":{"background-color":"var(--ast-global-color-5)","background-image":"","background-repeat":"repeat","background-position":"center center","background-size":"auto","background-attachment":"scroll","background-type":"","background-media":"","overlay-type":"","overlay-color":"","overlay-opacity":"","overlay-gradient":""}},"ngg_post_thumbnail":0,"footnotes":""},"class_list":["post-627","page","type-page","status-publish","hentry"],"_links":{"self":[{"href":"https:\/\/www2.unifap.br\/derca\/wp-json\/wp\/v2\/pages\/627","targetHints":{"allow":["GET"]}}],"collection":[{"href":"https:\/\/www2.unifap.br\/derca\/wp-json\/wp\/v2\/pages"}],"about":[{"href":"https:\/\/www2.unifap.br\/derca\/wp-json\/wp\/v2\/types\/page"}],"author":[{"embeddable":true,"href":"https:\/\/www2.unifap.br\/derca\/wp-json\/wp\/v2\/users\/751"}],"replies":[{"embeddable":true,"href":"https:\/\/www2.unifap.br\/derca\/wp-json\/wp\/v2\/comments?post=627"}],"version-history":[{"count":8,"href":"https:\/\/www2.unifap.br\/derca\/wp-json\/wp\/v2\/pages\/627\/revisions"}],"predecessor-version":[{"id":1481,"href":"https:\/\/www2.unifap.br\/derca\/wp-json\/wp\/v2\/pages\/627\/revisions\/1481"}],"wp:attachment":[{"href":"https:\/\/www2.unifap.br\/derca\/wp-json\/wp\/v2\/media?parent=627"}],"curies":[{"name":"wp","href":"https:\/\/api.w.org\/{rel}","templated":true}]}}