{"id":679,"date":"2021-09-01T14:01:19","date_gmt":"2021-09-01T14:01:19","guid":{"rendered":"http:\/\/www2.unifap.br\/derca\/?page_id=679"},"modified":"2025-04-23T10:31:33","modified_gmt":"2025-04-23T13:31:33","slug":"consulta-de-registros-de-diplomas","status":"publish","type":"page","link":"https:\/\/www2.unifap.br\/derca\/dird\/consulta-de-registros-de-diplomas\/","title":{"rendered":"CONSULTA DE REGISTROS DE DIPLOMAS"},"content":{"rendered":"<p>&nbsp;<\/p>\n<h2 style=\"text-align: center\"><strong>REGISTROS DE DIPLOMAS EXTERNOS<\/strong><\/h2>\n<p style=\"text-align: center\"><strong>IES REGIONAIS (AMAP\u00c1)<\/strong><\/p>\n<p style=\"text-align: center\">CLIQUE AQUI PARA ACESSAR <strong>&lt;&lt;EM MANUTEN\u00c7\u00c3O&gt;&gt;<\/strong><\/p>\n<p>&nbsp;<\/p>\n<p style=\"text-align: center\"><strong>IES NACIONAIS (BRASIL)<\/strong><\/p>\n<p style=\"text-align: center\"><a href=\"http:\/\/consultaregistro.unifap.br\/\">CLIQUE AQUI PARA ACESSAR<\/a><\/p>\n<div style=\"text-align: center\"><\/div>\n","protected":false},"excerpt":{"rendered":"<p>&nbsp; REGISTROS DE DIPLOMAS EXTERNOS IES REGIONAIS (AMAP\u00c1) CLIQUE AQUI PARA ACESSAR &lt;&lt;EM MANUTEN\u00c7\u00c3O&gt;&gt; &nbsp; IES NACIONAIS (BRASIL) CLIQUE AQUI PARA ACESSAR<\/p>\n","protected":false},"author":425,"featured_media":0,"parent":493,"menu_order":0,"comment_status":"closed","ping_status":"closed","template":"","meta":{"inline_featured_image":false,"site-sidebar-layout":"default","site-content-layout":"","ast-site-content-layout":"default","site-content-style":"default","site-sidebar-style":"default","ast-global-header-display":"","ast-banner-title-visibility":"","ast-main-header-display":"","ast-hfb-above-header-display":"","ast-hfb-below-header-display":"","ast-hfb-mobile-header-display":"","site-post-title":"","ast-breadcrumbs-content":"","ast-featured-img":"","footer-sml-layout":"","theme-transparent-header-meta":"default","adv-header-id-meta":"","stick-header-meta":"","header-above-stick-meta":"","header-main-stick-meta":"","header-below-stick-meta":"","astra-migrate-meta-layouts":"set","ast-page-background-enabled":"default","ast-page-background-meta":{"desktop":{"background-color":"var(--ast-global-color-4)","background-image":"","background-repeat":"repeat","background-position":"center center","background-size":"auto","background-attachment":"scroll","background-type":"","background-media":"","overlay-type":"","overlay-color":"","overlay-opacity":"","overlay-gradient":""},"tablet":{"background-color":"","background-image":"","background-repeat":"repeat","background-position":"center center","background-size":"auto","background-attachment":"scroll","background-type":"","background-media":"","overlay-type":"","overlay-color":"","overlay-opacity":"","overlay-gradient":""},"mobile":{"background-color":"","background-image":"","background-repeat":"repeat","background-position":"center center","background-size":"auto","background-attachment":"scroll","background-type":"","background-media":"","overlay-type":"","overlay-color":"","overlay-opacity":"","overlay-gradient":""}},"ast-content-background-meta":{"desktop":{"background-color":"var(--ast-global-color-5)","background-image":"","background-repeat":"repeat","background-position":"center center","background-size":"auto","background-attachment":"scroll","background-type":"","background-media":"","overlay-type":"","overlay-color":"","overlay-opacity":"","overlay-gradient":""},"tablet":{"background-color":"var(--ast-global-color-5)","background-image":"","background-repeat":"repeat","background-position":"center center","background-size":"auto","background-attachment":"scroll","background-type":"","background-media":"","overlay-type":"","overlay-color":"","overlay-opacity":"","overlay-gradient":""},"mobile":{"background-color":"var(--ast-global-color-5)","background-image":"","background-repeat":"repeat","background-position":"center center","background-size":"auto","background-attachment":"scroll","background-type":"","background-media":"","overlay-type":"","overlay-color":"","overlay-opacity":"","overlay-gradient":""}},"ngg_post_thumbnail":0,"footnotes":""},"class_list":["post-679","page","type-page","status-publish","hentry"],"_links":{"self":[{"href":"https:\/\/www2.unifap.br\/derca\/wp-json\/wp\/v2\/pages\/679","targetHints":{"allow":["GET"]}}],"collection":[{"href":"https:\/\/www2.unifap.br\/derca\/wp-json\/wp\/v2\/pages"}],"about":[{"href":"https:\/\/www2.unifap.br\/derca\/wp-json\/wp\/v2\/types\/page"}],"author":[{"embeddable":true,"href":"https:\/\/www2.unifap.br\/derca\/wp-json\/wp\/v2\/users\/425"}],"replies":[{"embeddable":true,"href":"https:\/\/www2.unifap.br\/derca\/wp-json\/wp\/v2\/comments?post=679"}],"version-history":[{"count":17,"href":"https:\/\/www2.unifap.br\/derca\/wp-json\/wp\/v2\/pages\/679\/revisions"}],"predecessor-version":[{"id":1411,"href":"https:\/\/www2.unifap.br\/derca\/wp-json\/wp\/v2\/pages\/679\/revisions\/1411"}],"up":[{"embeddable":true,"href":"https:\/\/www2.unifap.br\/derca\/wp-json\/wp\/v2\/pages\/493"}],"wp:attachment":[{"href":"https:\/\/www2.unifap.br\/derca\/wp-json\/wp\/v2\/media?parent=679"}],"curies":[{"name":"wp","href":"https:\/\/api.w.org\/{rel}","templated":true}]}}