{"id":722,"date":"2021-11-26T18:50:50","date_gmt":"2021-11-26T18:50:50","guid":{"rendered":"http:\/\/www2.unifap.br\/derca\/?page_id=722"},"modified":"2026-01-12T10:35:31","modified_gmt":"2026-01-12T13:35:31","slug":"graduacao","status":"publish","type":"page","link":"https:\/\/www2.unifap.br\/derca\/dird\/agendamento-para-retirada-de-diplomas-e-certificados\/graduacao\/","title":{"rendered":"GRADUA\u00c7\u00c3O"},"content":{"rendered":"<p><strong>RELA\u00c7\u00c3O NOMINAL DOS DIPLOMAS DISPON\u00cdVEIS PARA RETIRADA<\/strong><\/p>\n<p>Retirada no Balc\u00e3o de Atendimento do DERCA no hor\u00e1rio das 8:00h \u00e1s 17:30h.<\/p>\n<ul>\n<li style=\"list-style-type: none\">\n<ul>\n<li><strong>ADMINISTRA\u00c7\u00c3O &#8211; BACHARELADO<br \/>\n<\/strong>&#8211; BEATRIZ GOMES RIBEIRO<br \/>\n&#8211; DANIEL DA CONCEI\u00c7\u00c3O MELO<br \/>\n&#8211; DEUSENI OLIVEIRA DE SOUZA<br \/>\n&#8211; FRANCISCO PEDROSO FILHO<br \/>\n&#8211; IANMERSON DANIL SOUZA SILVA<br \/>\n&#8211; JADE GOMES DE SOUZA GOULDINGS<br \/>\n&#8211; JO\u00c3O CARLOS MENEZES CORREA J\u00daNIOR<br \/>\n&#8211; LUANA GABRIELA OLIVEIRA DE CARVALHO<br \/>\n&#8211; LUIS HENRIQUE LIMA MONTEIRO<br \/>\n&#8211; LUIS RODRIGO DE ALMEIDA MIRANDA<br \/>\n&#8211; MAIRON ARA\u00daJO COSTA<br \/>\n&#8211; MARIA EDUARDA OLIVEIRA CAVALCANTE<br \/>\n&#8211; ROSINETE GUEDES DE ANDRADE SANTOS<br \/>\n&#8211; SABRINA SOUZA MELO<br \/>\n&#8211; TATIANA NAZ\u00c1RIO DOS SANTOS<br \/>\n&#8211; VALDES BASTOS PANTOJA<br \/>\n&#8211; WILSON OLIVEIRA MONTEIRO<\/li>\n<li><strong>ARQUITETURA E URGANISMO &#8211; BACHARELADO<\/strong><br \/>\n&#8211; ALCIANE FRANKLIN FURTADO<br \/>\n&#8211; ALICE AGNES WEISER<br \/>\n&#8211; ANA CAROLINE BRITO PINHEIRO<br \/>\n&#8211; ISABELA DE SOUZA PIRES<br \/>\n&#8211; JADE QUINTELA DOS SANTOS<br \/>\n&#8211; KAROLINA ARA\u00daJO COSTA<br \/>\n&#8211; LET\u00cdCIA DE JESUS SILVA DIAS<br \/>\n&#8211; LUCAS VIN\u00cdCIUS MARTINS S\u00c1<br \/>\n&#8211; MARCUS VIN\u00cdCIUS DE BARROS J\u00daNIOR<br \/>\n&#8211; ROBERTA FERREIRA LIMA<br \/>\n&#8211; S\u00c9RGIO CARVALHO BARBOSA<br \/>\n&#8211; SILVANA CRISTINA DE SENA DO NASCIMENTO<br \/>\n&#8211; VILSON MERC\u00caS BAIA<\/li>\n<li><strong>ARTES VISUAIS &#8211; LICENCIATURA<\/strong><br \/>\n&#8211; AGEU SOUZA DA SILVA<br \/>\n&#8211; ANA MARIA DOS SANTOS BRAGA<br \/>\n&#8211; BLENDERSON DE SOUZA ALBERTO<br \/>\n&#8211; BRENDA FREITAS ATA\u00cdDE<br \/>\n&#8211; GABRIEL ROSSI SANTOS PINTO<br \/>\n&#8211; JO\u00c3O PEDRO FURTADO CORREA<br \/>\n&#8211; JOS\u00c9 ELIO CARDOSO DOS SANTOS<br \/>\n&#8211; JOS\u00c9 SIM\u00c3O DE SOUZA DIAS<br \/>\n&#8211; LUIS PEDRO SANTIAGO PEREIRA<br \/>\n&#8211; NAZARENO DE JESUS BAIA DOS SANTOS<br \/>\n&#8211; TATIANE DOS SANTOS DE OLIVEIRA<\/li>\n<li><strong>CI\u00caNCIAS AMBIENTAIS &#8211; BACHARELADO<\/strong><br \/>\n&#8211; GABRIEL DO NASCIMENTO DA SILVA<br \/>\n&#8211; GABRIEL WILLIAN DA COSTA BRITO<br \/>\n&#8211; GLEITON TEIXEIRA SANTOS<br \/>\n&#8211; ISABELA DE SOUSA PIRES<br \/>\n&#8211; JONIELSON MARTINS DE LIMA<br \/>\n&#8211; LARISSA DOS SANTOS SARGES<br \/>\n&#8211; LAUANE MONTEIRO COSTA<br \/>\n&#8211; MARIA EDUARDA PEREIRA DA SILVA<br \/>\n&#8211; MARLIZE JAKELINE MARQUES DE SOUZA<br \/>\n&#8211; MONICA PATR\u00cdCIA DE OLIVEIRA BARROS<br \/>\n&#8211; ROGINEI SILVA E SILVA<\/li>\n<li><strong>CI\u00caNCIAS BIOL\u00d3GICAS &#8211; BACHARELADO E CI\u00caNCIAS BIOL\u00d3GICAS &#8211; LICENCIATURA<\/strong><br \/>\n&#8211; ALEXANDRE ALFAIA BARBOSA<br \/>\n&#8211; ANNE T\u00c1VORA DE ARA\u00daJO<br \/>\n&#8211; ARLINDO DE MENDON\u00c7A SILVA<br \/>\n&#8211; ARYANO JUNIO RODRIGUES DOS SANTOS<br \/>\n&#8211; DAIANE ALMEIDA BARBOSA<br \/>\n&#8211; IASMIM DE PAIVA ALMEIDA<br \/>\n&#8211; IZABELE MENDON\u00c7A SILVA<br \/>\n&#8211; LUIS VIN\u00cdCIUS SAMPAIO DE AZEVEDO<br \/>\n&#8211; MAX GREGORI FREITAS YATACO<br \/>\n&#8211; ROMEU DIAS FERREIRA<br \/>\n&#8211; EISLA DELAINE GONAR SILVA ISACKSON<\/li>\n<li><strong>CI\u00caNCIA DA COMPUTA\u00c7\u00c3O &#8211; BACHARELADO<\/strong><br \/>\n&#8211; FELIPE MONTEIRO FARIAS<br \/>\n&#8211; GABRIEL LAMAR\u00c3O DA SILVA COSTA<br \/>\n&#8211; ISABELLA ALVES SUTO<br \/>\n&#8211; MANOEL GOES BORGES<\/li>\n<li><strong>CI\u00caNCIAS SOCIAIS &#8211; BACHARELADO<\/strong><br \/>\n&#8211; ALINE GABRIELE CARDOSO DO ROS\u00c1RIO<br \/>\n&#8211; BENEDITA DE F\u00c1TIMA ALVES SARDINHA<br \/>\n&#8211; C\u00c1SSIA THAIS DIAS DO NASCIMENTO<br \/>\n&#8211; CONCEI\u00c7\u00c3O SILVA SILVA<br \/>\n&#8211; RITA DE C\u00c1SSIA DE BEM DA CUNHA<br \/>\n&#8211; YASMIM GUEDES DE MATOS<\/li>\n<li><strong>DIREITO &#8211; BACHARELADO<\/strong><br \/>\n&#8211; ALENSON MARLON TAVARES ALMEIDA<br \/>\n&#8211; ALESSANDRA GUIMAR\u00c3ES MARECIO PINHEIRO<br \/>\n&#8211; ANTONIO DE ALMEIDA BRAND\u00c3O<br \/>\n&#8211; ANTONIO TARGINO DE SOUZA NETO<br \/>\n&#8211; CRISTINA MARIA FAVACHO<br \/>\n&#8211; FABR\u00cdCIO CARDOSO LEIT\u00c3O<br \/>\n&#8211; JAMILE MONTEIRO FERNANDES<br \/>\n&#8211; JAQUELINE RAMOS DA SILVA E COSTA<br \/>\n&#8211; JO\u00c3O VICTOR SOUZA DE MORAES<br \/>\n&#8211; JOSIEL FERNANDES DA SILVA<br \/>\n&#8211; LUCIANO CLAYTON SOARES DIAS<br \/>\n&#8211; MANOEL NOBERTO VALENTE CANT\u00c3O<br \/>\n&#8211; OFIRNEY DA CONCEI\u00c7\u00c3O SADALA<br \/>\n&#8211; RODRIGO DOS SANTOS OLIVEIRA<br \/>\n&#8211; REBEQUA BEXERRA\u00a0 LEMOS<br \/>\n&#8211; THAFNES ABRA\u00c3O MONASSA SANTOS<br \/>\n&#8211; SUELY VIANA PONTES<br \/>\n<strong>EDUCA\u00c7\u00c3O DO CAMPO &#8211; CI\u00caNCIAS AGR\u00c1RIAS E BIOLOGIA &#8211; LICENCIATURA<\/strong><br \/>\n&#8211; ATAINARA PALHETA DE FREITAS<br \/>\n&#8211; CAIO NEVES DA SILVA<br \/>\n&#8211; DANIELSON DE SOUZA RODRIGUES<br \/>\n&#8211; MANOEL RIVELINO RODRIGUES DA SILVA<br \/>\n&#8211; TALIA DOS SANTOS CORDEIRO<\/li>\n<li><strong>EDUCA\u00c7\u00c3O F\u00cdSICA &#8211; LICENCIATURA<\/strong><br \/>\n&#8211; AURIDAN PADILHA PEREIRA<br \/>\n&#8211; ERNAN CARLOS RODRIGUES BRITO<br \/>\n&#8211; FABR\u00cdCIO NERI FURTADO<br \/>\n&#8211; HEIDE COSTA BIONDI<br \/>\n&#8211; JACSON DOUGLAS FIGUEIRA DE SOUZA<br \/>\n&#8211; JOSILENE MACHADO PUREZA<br \/>\n&#8211; MARCIONAY DOS SANTOS SILVA<br \/>\n&#8211; RENAN RAMOS DE OLIVEIRA<br \/>\n&#8211; RITA DE CACIA SOUZA MORAES<br \/>\n&#8211; VANESSA AQUINO DE LE\u00c3O<br \/>\n&#8211; VITOR VINICIUS CAMPELO MACHADO<br \/>\n&#8211; VITORIA GUEDES DA SILVA<br \/>\n&#8211; CINTHIA VALERIA MORAIS COSTA<\/li>\n<li><strong>ENFERMAGEM &#8211; BACHARELADO<\/strong><br \/>\n&#8211; ADNA ALBUQUERQUE DE MORAES<br \/>\n&#8211; AFONSO PEDRO GUIMAR\u00c3ES PINHEIRO<br \/>\n&#8211; DAILA KERONLAY MATOS LIMA<br \/>\n&#8211; ELLEN PATR\u00cdCIA PESSOA BATISTA<br \/>\n&#8211; ISIS SOUSA E SOUSA<br \/>\n&#8211; JOYANNE DE SOUZA FERREIRA<br \/>\n&#8211; LORENA DOS SANTOS LOBATO<br \/>\n&#8211; S\u00c3MILA PEREIRA DA TRINDADE<br \/>\n&#8211; ANA CAMILI GOMES PRADO<br \/>\n&#8211; ALLISON CARLOS SOUZA BARROSO<br \/>\n&#8211; AGATHA BIANCA SCHUERTZ OSORIO<br \/>\n&#8211; ADRIELLY CRISTINE FURTADO FERREIRA<br \/>\n&#8211; AXLJONHY DA COSTA CASTELO<br \/>\n&#8211; ANA LUIZA DE ALMEIDA SILVA<br \/>\n&#8211; FELIPE DOS SANTOS PAIX\u00c3O<br \/>\n&#8211; CASSIO LUIS BITTENCOURT DA SILVA<br \/>\n&#8211; GABRIELE SOARES DE AMORIM<br \/>\n&#8211; GABRIEL GOES DOS SANTOS<br \/>\n&#8211; JULIA LETICIA GOMES CAVALCANTI<br \/>\n&#8211; GABRIELLE MACEDO GOIS<br \/>\n&#8211; LUANA NAZARE BARRETO SIQUEIRA<br \/>\n&#8211; KEDMA KAETANA S\u00c1 ROCHA<br \/>\n&#8211; RAFAEL DOS SANTOS FONSECA<br \/>\n&#8211; RENATA LARISSA GURJ\u00c3O DE SOUSA<br \/>\n&#8211; RYANNE CLIVIA CAONCEI\u00c7\u00c3O MONTELES<br \/>\n&#8211; SAMILLY ODENISE GAMA DOS SANTOS<br \/>\n&#8211; MATHEUS CHAGAS MACENA<br \/>\n&#8211; MELANIE LETICIA SOTO BANHA<br \/>\n&#8211; MARIA JOS\u00c9 SANTANA NASCIMENTO<br \/>\n&#8211; MARINA BRADACI DE OLIVEIRA<br \/>\n&#8211; TATIANA RODRIGUES DOS ANJOS FREITAS &#8211; 2\u00aa VIA<\/li>\n<li><strong>ENGENHARIA CIVIL &#8211; BACHARELADO<\/strong><br \/>\n&#8211; FELIPE BATISTA VIEITAS<br \/>\n&#8211; GUSTAVO ALMEIDA DA SILVA<br \/>\n&#8211; KAIO RIBEIRO OLIVEIRA JUNIOR<br \/>\n&#8211; VITOR ABNER COSTA PEREIRA<\/li>\n<li><strong>ENGENHARIA EL\u00c9TRICA &#8211; BACHARELADO<\/strong><br \/>\n&#8211; ANITA MARIA DAS GRA\u00c7AS ALMEIDA<br \/>\n&#8211; DHI\u00c9UY \u00c9RIC DE SOUZA OLIVEIRA<br \/>\n&#8211; LETICIA LOBATO DA COSTA<br \/>\n&#8211; MANOEL SANTOS DE SOUZA<br \/>\n&#8211; M\u00c1RCIO PEREIRA DOS SANTOS<br \/>\n&#8211; RUI SAMPAIO DOS SANTOS CANTUARIA<\/li>\n<li><strong>FARM\u00c1CIA &#8211; BACHARELADO<\/strong><br \/>\n&#8211; ITALLO LUCAS GOMES BENTES<br \/>\n&#8211; LETICIA DE SOUZA VIANA<\/li>\n<li><strong>F\u00cdSICA &#8211; LICENCIATURA<br \/>\n<\/strong>&#8211; PEDRO GILBERTO NASCIMENTO DE SOUZA<\/li>\n<li><strong>FILOSOFIA &#8211; LICENCIATURA<\/strong><br \/>\n&#8211; BEATRIZ DOS SANTOS MARQUES<br \/>\n&#8211; BRUCELIN DOS SANTOS LIMA<br \/>\n&#8211; BRUNO BORGES MOURA<br \/>\n&#8211; DAYANE MIRANDA DOS SANTOS<br \/>\n&#8211; GEOVANE ROGER DAS CHAGAS NASCIMENTO<br \/>\n&#8211; JANUBIA SILVA DOS SANTOS<br \/>\n&#8211; LUIZ FERNANDO SANTANA COSTA<br \/>\n&#8211; MALRICIO JUCA FRANCA<br \/>\n&#8211; MARCIO SIQUEIRA ROCHA<br \/>\n&#8211; NARA RUBIA DO NASCIMENTO COSTA<br \/>\n&#8211; RAILANE DA CRUZ DA CONCEI\u00c7\u00c3O<br \/>\n&#8211; RAIMUNDO FA\u00c7ANHA JUNIOR<br \/>\n&#8211; RAQUEL CARDIN VASQUES<\/li>\n<li><strong>FISIOTERAPIA &#8211; BACHARELADO<\/strong><br \/>\n&#8211; ALINE NAVARRO MOTA<br \/>\n&#8211; ANA JULIA ROCHA DA SILVA<br \/>\n&#8211; ANA SILVIA LOBO AMORAS<br \/>\n&#8211; BENEDITA MONIQUE ALMEIDA FREIRES<br \/>\n&#8211; CAUAN MONTEIRO COSTA<br \/>\n&#8211; DANIELA CRISTINA DA SILVA RODRIGUES<br \/>\n&#8211; DANIELA SOUZA BELO VIANA<br \/>\n&#8211; ENAYCLE FERNANDE MIRANDA DE SOUZA<br \/>\n&#8211; GLORIA VIEIRA DOS SANTOS<br \/>\n&#8211; JHESSICA CRHISTINA VEIGA NASCIMENTO<br \/>\n&#8211; KAREN TASSIA FA\u00c7ANHA RAMOS<br \/>\n&#8211; MARYANNE RODRIGUES DOS SANTOS<br \/>\n&#8211; SHIRLEY DAIANA SOUZA BEZERRA<br \/>\n&#8211; SIDONIZI DA SILVA MEDEIROS<\/li>\n<li><strong>GEOGRAFIA &#8211; BACHARELADO<\/strong><br \/>\n&#8211; ALESSANDRA FERREIRA DA GAMA<br \/>\n&#8211; AMANDA ZUILA MIANDA MENDES<br \/>\n&#8211; ANA BEATRIZ TAVARES ARA\u00daJO<br \/>\n&#8211; ANNA PAULA MORAES NOBRE<br \/>\n&#8211; ANDREZA GOMES DE OLIVEIRA<br \/>\n&#8211; DENUSA DA SILVEIRA MACHADO<br \/>\n&#8211; DIEGO AUGUSTO SOUSA DE SOUSA<br \/>\n&#8211; EDUARDO SANTOS DOS SANTOS<br \/>\n&#8211; EULLER DA SILVA SACRAMENTO<br \/>\n&#8211; ERITON FLAVIO VIEIRA DOS REIS<br \/>\n&#8211; HELOISA NOGUEIRA N. ALVES<br \/>\n&#8211; ISABELE NATIVIDADE DE ALMEIDA<br \/>\n&#8211; KAMILI ELIZAMA DOS SANTOS BAIA<br \/>\n&#8211; KETHELEM BRITO DOS ANJOS<br \/>\n&#8211; LUCAS MACEDO DE SOUZA<br \/>\n&#8211; MARCOS VINICIUS ALMEIDA MACHADO<br \/>\n&#8211; RENAN DOS SANTOS DIAS<br \/>\n&#8211; YULLE PAULA CARDOSO DA CONCEI\u00c7\u00c3O<\/li>\n<li><strong>GEOGRAFIA &#8211; LICENCIATURA<\/strong><br \/>\n&#8211; ALICE SOARES CORREA<br \/>\n&#8211; AUREA AUGUSTA DOS SANTOS RODRIGUES<br \/>\n&#8211; CINTHIA SEIXAS DOS PASSOS<br \/>\n&#8211; D\u00c1RIO RODRIGUES DE MELO J\u00daNIOR<br \/>\n&#8211; DAVID ROCHA SARGES<br \/>\n&#8211; FRANCINEUDO MONTEIRO SOUZA<br \/>\n&#8211; GISELE DA SILVA MARQUES<br \/>\n&#8211; GUILHERME AFONSO FREITAS<br \/>\n&#8211; IVONE DOS SANTOS PORTILHO<br \/>\n&#8211; IVY CAMILA SANTOS DA ROCHA<br \/>\n&#8211; JAIDERSON MARTINS FERNANDES<br \/>\n&#8211; JOS\u00c9 FRANCISCO TAVARES DE LIMA<br \/>\n&#8211; MARIA DO ESPIRITO SANTO ALVEZ BARBOSA<br \/>\n&#8211; MARIA VALDILENE DA CRUZ BARROS<br \/>\n&#8211; MICHELE GON\u00c7ALVES SILVA<br \/>\n&#8211; RITA DE CASSIA ALMEIDA DA SILVA<br \/>\n&#8211; RODRIGO DE ALMEIDA MONTE VERDE<br \/>\n&#8211; RUAN AURELINO DOS SANTOS<br \/>\n&#8211; THAIS MARIANNE MARTINS MARQUES<br \/>\n&#8211; THIAGO DO NASCIMENTO MOREIRA<\/li>\n<li><strong>GEOGRAFIA &#8211; LICENCIATURA E BACHARELADO<\/strong><br \/>\n&#8211; JOSIANE DE SOUSA COSTA<br \/>\n&#8211; JONATHA BORGES DE LIMA<\/li>\n<li><strong>HIST\u00d3RIA &#8211; BACHARELADO<\/strong><br \/>\n&#8211; DALK DE JESUS FURTADO ABDON<br \/>\n&#8211; EDINETH ALVES DA SILVA<br \/>\n&#8211; PALOMA MARINHO DE MORAES<\/li>\n<li><strong>HIST\u00d3RIA &#8211; LICENCIATURA<\/strong><br \/>\n&#8211; ADISON DA SILVA FURTADO<br \/>\n&#8211; ALICE DAVID MADUREIRA<br \/>\n&#8211; ALINE DOS SANTOS COUTINHO<br \/>\n&#8211; AMANDA DOS SANTOS FIGUEIREDO<br \/>\n&#8211; ANA KAROLINE CARDOSO FAVACHO<br \/>\n&#8211; BRUNO MARKUS DOS SANTOS<br \/>\n&#8211; DAIANA RODRIGUES DE SOUZA<br \/>\n&#8211; FRANCELSON MARTINS DO CARMO<br \/>\n&#8211; GABRIEL DA SILVA SENA<br \/>\n&#8211; GABRIEL PICAN\u00c7O FERREIRA<br \/>\n&#8211; HERSON DE LIMA E LIMA<br \/>\n&#8211; ISLA DO AMARAL SILVA<br \/>\n&#8211; JACKELINE DUARTE DE FREITAS OLIVEIRA<br \/>\n&#8211; JADISON COSTA DA COSTA<br \/>\n&#8211; JESSICA VANESSA DOS SANTOS FERNANDES<br \/>\n&#8211; JORGE PEDRO DA SILVA BARBOSA<br \/>\n&#8211; JUCILEIDE MACHADO BARROS<br \/>\n&#8211; KATHELIN THAYSSA MENDON\u00c7A CARNEIRO<br \/>\n&#8211; MARIA DAS MERCES FERREIRA BRITO<br \/>\n&#8211; MAURISEIA DE ANDRADE FARIAS<br \/>\n&#8211; PALOMA MARINHO DE MORAES<br \/>\n&#8211; PATR\u00cdCIA DA SILVA BEZERRA<br \/>\n&#8211; SANDALA CRISTINA DA SOLEDADE DE SOUZA<br \/>\n&#8211; TAISSA BARROS LOBATO CAMBRAIA<br \/>\n&#8211; KELLY PATR\u00cdCIA SOUZA DA SILVA<\/li>\n<li><strong>JORNALISMO &#8211; BACHARELADO<\/strong><br \/>\n&#8211; AMANDA DOS SANTOS DA CONCEI\u00c7\u00c3O<br \/>\n&#8211; ANA BEATRIZ PERES RODRIGUES<br \/>\n&#8211; ANGELA GABRIELA DE MATOS DE FREITAS<br \/>\n&#8211; ANTONIO JAKSON ALVES DA SILVA<br \/>\n&#8211; CRINSNA MARTINS DA SILVA<br \/>\n&#8211; CRISLEN KAYARA MONTEIRO FREITAS<br \/>\n&#8211; DIONI WILIAN TRINDADE DE LIMA<br \/>\n&#8211; FERNANDA MIRANDA COSTA<br \/>\n&#8211; FERNANDO PANTOJA TAVARES<br \/>\n&#8211; FLAVIO DE SOUZA SANTOS<br \/>\n&#8211; ILANA DA SILVA MORAES<br \/>\n&#8211; KARINA SOARES PACHECO<br \/>\n&#8211; LETICIA AMORIN DE SOUZA<br \/>\n&#8211; LUCAS GOMES ARAUJO<br \/>\n&#8211; LUMA CAVALCANTE COUTINHO<br \/>\n&#8211; MARCILEIA PANTOJA LEAL<br \/>\n&#8211; MAYARA CARVALHO DA SILVA<br \/>\n&#8211; MOEMA CAMBRAIA DE ALMEIDA<br \/>\n&#8211; RAFAELA CRISTINA CORDEIRO DOS SANTOS<br \/>\n&#8211; RENATA CRISTINA SILVA NUNES<br \/>\n&#8211; SAVIO DAS NEVES DIAS<br \/>\n&#8211; SIDNEY MARQUES CARDOSO<br \/>\n&#8211; TALIANE CRISTINE DOS SANTOS REIS<br \/>\n&#8211; JACIMARA CORDEIRO CASTRO MONTEIRO<\/li>\n<li><strong>LETRAS LIBRAS PORTUGU\u00caS &#8211; LICENCIATURA<\/strong><br \/>\n&#8211; JOS\u00c9 SENA FARIAS<br \/>\n&#8211; RAYANE MILIERGES BORGES DE SOUSA<\/li>\n<li><strong>LETRAS INGL\u00caS &#8211; LICENCIATURA<\/strong><br \/>\n&#8211; MILENA SILVINA DA SILVA TRINDADE<br \/>\n&#8211; TAYNARA SOUZA DE SOUZA<\/li>\n<li><strong>LETRAS PORTUGU\u00caS &#8211; LICENCIATURA<\/strong><br \/>\n&#8211; BEATRIZ KARINA FARIAS XAVIER DOS SANTOS<br \/>\n&#8211; HUELLISON LUCAS LEITE RAMOS<br \/>\n&#8211; JACKELINE VAZ DOS SANTOS<br \/>\n&#8211; KATIA VANESSA MARTINS RIBEIRO<br \/>\n&#8211; NATALY CARVALHO DA SILVA<br \/>\n&#8211; REGIANE CORDEIRA BARBOSA<\/li>\n<li><strong>LETRAS PORTUGU\u00caS E INGL\u00caS &#8211; LICENCIATURA<\/strong><br \/>\n&#8211; BEATRIZ PRISCILA TAVARES BARBOSA<br \/>\n&#8211; JOSE AMERICO FEIJO SANCHES<br \/>\n&#8211; MILENA SILVINA DA SILVA TRINDADE<\/li>\n<li><strong>LETRAS PORTUGU\u00caS E FRANC\u00caS &#8211; LICENCIATURA<\/strong><br \/>\n&#8211; CLAUDIA MACHADO QUINTAS<br \/>\n&#8211; EDILMA FREIRE DA COSTA<br \/>\n&#8211; EMILI ANDRESSA RODRIGUES MONTEIRO<br \/>\n&#8211; LIZONEIDE SANTOS DE LIMA<br \/>\n&#8211; LUCIANA NUNES FERREIRA CHAGAS<br \/>\n&#8211; MANUELLE OTONY MAUES<br \/>\n&#8211; SABRINA DOS SANTOS GUALBERTO<br \/>\n&#8211; VALDENETE PINTO DA SILVA<br \/>\n&#8211; LUIZ CARLOS DE HOLANDA FARIAS JUNIOR<\/li>\n<li><strong>MATEM\u00c1TICA &#8211; LICENCIATURA<\/strong><br \/>\n&#8211; CHERRY LARISA LIMA BANATHAR<br \/>\n&#8211; IVANILDE ARAUJO DAS CHAGAS<br \/>\n&#8211; KATIANA TAVARES DA SILVA<br \/>\n&#8211; WESLEY FELIPE DE OLIVEIRA SOUSA<\/li>\n<li><strong>MEDICINA &#8211; BACHARELADO<\/strong><br \/>\n&#8211; AMANDA THAIS MAGRINI<br \/>\n&#8211; CARLOS MARCELO FILGUEIRAS<br \/>\n&#8211; CIBELLE COSTA DE SOUSA<br \/>\n&#8211; HELOISA OLIVIER FILGUEIRAS<br \/>\n&#8211; INGRED GRACE RODRIGUES BARROS<br \/>\n&#8211; JULIANA BRITO DA FONSECA<br \/>\n&#8211; LORENNA HELOISE VALERIO ROCA<br \/>\n&#8211; LUCAS SOUSA DE SOUZA<br \/>\n&#8211; LUIZ THIAGO OLIVEIRA LOPES<br \/>\n&#8211; MARCELUS DE ANDRADE OLIVEIRA<br \/>\n&#8211; MARIA LUIZA MONTEIRO CORDEIRO<br \/>\n&#8211; MARIO FELIPE ALVEZ DA SILVA<br \/>\n&#8211; MATHEUS CORREA DOS SANTOS COSTA<br \/>\n&#8211; MURILO DA SILVA LINHARES<br \/>\n&#8211; PABLO HENRIQUE CORDEIRO LESSA<br \/>\n&#8211; PAOLA REGINA ROLO DE ALMEIDA<br \/>\n&#8211; PAULO BATISTA DA COSTA NETO<br \/>\n&#8211; PIETRO BRUNO SANTOS DA SILVA<br \/>\n&#8211; RODOLFO NAPOLE\u00c3O NOGUEIRA<br \/>\n&#8211; SABRINE BANDEIRA SILVEIRA<br \/>\n&#8211; SUZANA DOS SANTOS VASCONCELOS<br \/>\n&#8211; THALITA MARIA MOREIRA TERCEIRO<br \/>\n&#8211; VINICIUS FAUSTINO LIMA DE OLIVEIRA<br \/>\n&#8211; WILLIAN GUILHERME LOBATO GON\u00c7ALVES<br \/>\n&#8211; YNGRID SHERON RIBEIRO DE SOUZA<\/li>\n<li><strong>PEDAGOGIA &#8211; LICENCIATURA<\/strong><br \/>\n&#8211; ADRIELE FREITAS BORGES<br \/>\n&#8211; ALINE MADUREIRA MATIAS<br \/>\n&#8211; ANA AM\u00c9LIA DA CONCEI\u00c7\u00c3O MONTEIRO FERNANDES<br \/>\n&#8211; ANA PAULA VASQUEIS DE ALMEIDA<br \/>\n&#8211; ANDREIA VASCNCELOS DOS SANTOS<br \/>\n&#8211; BENEDITA CALIXTO DOS SANTOS<br \/>\n&#8211; CAROLINA GOMES DE SOUZA<br \/>\n&#8211; DANIELE BAIA SILVEIRA<br \/>\n&#8211; ESTEFANI GON\u00c7ALVES DA COSTA<br \/>\n&#8211; FABIELE PIMENTEL PESSOA<br \/>\n&#8211; FRANCILENE HORTENCIA DA SILVA<br \/>\n&#8211; GENIVALSO OLIVEIRA DA COSTA<br \/>\n&#8211; IRANILZA SOEIRO DA SILVA DANTAS<br \/>\n&#8211; JANAELLE NUNES MENDES<br \/>\n&#8211; JANAINA CAMPOS CARDOSO<br \/>\n&#8211; JO\u00c3O DA SILVA COSTA<br \/>\n&#8211; JULIANA DE MORAES QUEIROZ<br \/>\n&#8211; LUIZ GUSTAVO DA SILVA<br \/>\n&#8211; LUZINETE SOARES MONTEIRO<br \/>\n&#8211; MARCILENE CARDIN DO ROSARIO<br \/>\n&#8211; MARIA RITA RAPOSO FONSECA<br \/>\n&#8211; MARINILZA DOS SANTOS FORTE<br \/>\n&#8211; PATRICIA MACIAL NARCISO<br \/>\n&#8211; RIVANE FIGUEIREDO NARCISO BARBOSA<br \/>\n&#8211; ROSELIA LE\u00c3O MARQUES<br \/>\n&#8211; ROSIMARY DA SILVA E SILVA<br \/>\n&#8211; RUBENITA DE SOUZA GEMAQUE DOS SANTOS<br \/>\n&#8211; SANDRO MONTEIRO DA COSTA<br \/>\n&#8211; SILVANE ROCHA AMANAJ\u00c1S<br \/>\n&#8211; TEREZINHA DE NAZARE DE CARVALHO FLEXA<br \/>\n&#8211; EMANUELLE YASMIN CABRAL SENA<\/li>\n<li><strong>QU\u00cdMICA &#8211; LICENCIATURA<br \/>\n<\/strong>&#8211; GILDESON AMARAL DA SILVA<br \/>\n&#8211; KETLEN THAYANE GOMES CHUCRE<br \/>\n&#8211; MARIA DE NAZARE SALDANHA DA LUZ DOS REIS<br \/>\n&#8211; ROSICLEIA DA LUZ BRITO<br \/>\n&#8211; SHIRLENE DO AMARAL BRITO<br \/>\n&#8211; TALIA DOS REIS MONTEIRO<\/li>\n<li><strong>RELA\u00c7\u00d5ES INTERNACIONAIS<\/strong><br \/>\n&#8211; ANDRESSA CARDOSO ROCHA<br \/>\n&#8211; BRENDA DOS SANTOS MARTINS MORAES<br \/>\n&#8211; FABIOLA NAYANA PENAFORT GON\u00c7ALVES<br \/>\n&#8211; FERNANDO NOBRE DE MENEZES DE MELO<br \/>\n&#8211; GUILHERME AFONSO FREITAS<br \/>\n&#8211; JO\u00c3O VITOR ALVES BARBOSA<br \/>\n&#8211; JOSEILMA HENRIQUE DA SILVA MELO<br \/>\n&#8211; KAMILA DOS SANTOS SANTANA MASSOUD<br \/>\n&#8211; LUCAS DIAS VALERIO<br \/>\n&#8211; LUIZ EDUARDO QUEIROZ DA SILVA<br \/>\n&#8211; MARISOL VIEIRA FERREIRA<br \/>\n&#8211; MATEUS MEIRELES EVANGELISTA<br \/>\n&#8211; SARA MONTE VERDE CORTES<br \/>\n&#8211; VITOR ARAMIS LIMA RODRIGUES<\/li>\n<li><strong>SECRETARIADO EXECUTIVO<\/strong><br \/>\n&#8211; LEANDRO DE OLIVEIRA NUNES<br \/>\n&#8211; ERICA VANESSA DE MATOS TELES<br \/>\n&#8211; VANILSON RODRIGUES BRASIL<\/li>\n<li><strong>SOCIOLOGIA &#8211; LICENCIATURA<\/strong><br \/>\n&#8211; ANA PAULA PICAN\u00c7O DE SOUSA<br \/>\n&#8211; GEYSE BELLE GALENO DA SILVA<br \/>\n&#8211; LORENA SOUSA ARAUJO<br \/>\n&#8211; MARIA ELIZABETE RAMOS DA CONCEI\u00c7\u00c3O<br \/>\n&#8211; MATEUS NASCIMENTO SILVA<br \/>\n&#8211; SUELLEM MADUREIRA SARAIVA<\/li>\n<li><strong>TEATRO &#8211; LICENCIATURA<\/strong><br \/>\n&#8211; ANA DANIELY TAVARES DA SILVA<br \/>\n&#8211; FABRICIO FARACHE GOMES<br \/>\n&#8211; KARINA MATEUS DA SILVA<br \/>\n&#8211; MARCIA GOMES PELAES<br \/>\n&#8211; MARLUCIA BRITO DOS SANTOS<br \/>\n&#8211; ROGER LUCIANO GAMA PANTOJA<br \/>\n&#8211; THALIA DE MATOS SOUZA<br \/>\n&#8211; VEERNEY WILLIAN E SILVA NUNES<\/li>\n<li><strong>TECNOLOGIA EM SECRETARIADO &#8211; TECNOL\u00d3GICO<\/strong><br \/>\n&#8211; ALINE BRAGA OLIVEIRA<br \/>\n&#8211; GABRIELE SAMILI BISPO MELO<br \/>\n&#8211; NADIA NIVIE DA COSTA SOUZA<br \/>\n&#8211; RAYLAN MIRANDA CORTEZ<br \/>\n&#8211; RYTHYEL DA SILVA CARDOSO<\/li>\n<\/ul>\n<\/li>\n<\/ul>\n","protected":false},"excerpt":{"rendered":"<p>RELA\u00c7\u00c3O NOMINAL DOS DIPLOMAS DISPON\u00cdVEIS PARA RETIRADA Retirada no Balc\u00e3o de Atendimento do DERCA no hor\u00e1rio das 8:00h \u00e1s 17:30h. ADMINISTRA\u00c7\u00c3O &#8211; BACHARELADO &#8211; BEATRIZ GOMES RIBEIRO &#8211; DANIEL DA CONCEI\u00c7\u00c3O MELO &#8211; DEUSENI OLIVEIRA DE SOUZA &#8211; FRANCISCO PEDROSO FILHO &#8211; IANMERSON DANIL SOUZA SILVA &#8211; JADE GOMES DE SOUZA GOULDINGS &#8211; JO\u00c3O CARLOS&#8230;<\/p>\n","protected":false},"author":425,"featured_media":0,"parent":718,"menu_order":0,"comment_status":"closed","ping_status":"closed","template":"","meta":{"inline_featured_image":false,"site-sidebar-layout":"default","site-content-layout":"default","ast-site-content-layout":"default","site-content-style":"default","site-sidebar-style":"default","ast-global-header-display":"","ast-banner-title-visibility":"","ast-main-header-display":"","ast-hfb-above-header-display":"","ast-hfb-below-header-display":"","ast-hfb-mobile-header-display":"","site-post-title":"","ast-breadcrumbs-content":"","ast-featured-img":"","footer-sml-layout":"","theme-transparent-header-meta":"default","adv-header-id-meta":"","stick-header-meta":"","header-above-stick-meta":"","header-main-stick-meta":"","header-below-stick-meta":"","astra-migrate-meta-layouts":"set","ast-page-background-enabled":"default","ast-page-background-meta":{"desktop":{"background-color":"var(--ast-global-color-4)","background-image":"","background-repeat":"repeat","background-position":"center center","background-size":"auto","background-attachment":"scroll","background-type":"","background-media":"","overlay-type":"","overlay-color":"","overlay-opacity":"","overlay-gradient":""},"tablet":{"background-color":"","background-image":"","background-repeat":"repeat","background-position":"center center","background-size":"auto","background-attachment":"scroll","background-type":"","background-media":"","overlay-type":"","overlay-color":"","overlay-opacity":"","overlay-gradient":""},"mobile":{"background-color":"","background-image":"","background-repeat":"repeat","background-position":"center center","background-size":"auto","background-attachment":"scroll","background-type":"","background-media":"","overlay-type":"","overlay-color":"","overlay-opacity":"","overlay-gradient":""}},"ast-content-background-meta":{"desktop":{"background-color":"var(--ast-global-color-5)","background-image":"","background-repeat":"repeat","background-position":"center center","background-size":"auto","background-attachment":"scroll","background-type":"","background-media":"","overlay-type":"","overlay-color":"","overlay-opacity":"","overlay-gradient":""},"tablet":{"background-color":"var(--ast-global-color-5)","background-image":"","background-repeat":"repeat","background-position":"center center","background-size":"auto","background-attachment":"scroll","background-type":"","background-media":"","overlay-type":"","overlay-color":"","overlay-opacity":"","overlay-gradient":""},"mobile":{"background-color":"var(--ast-global-color-5)","background-image":"","background-repeat":"repeat","background-position":"center center","background-size":"auto","background-attachment":"scroll","background-type":"","background-media":"","overlay-type":"","overlay-color":"","overlay-opacity":"","overlay-gradient":""}},"ngg_post_thumbnail":0,"footnotes":""},"class_list":["post-722","page","type-page","status-publish","hentry"],"_links":{"self":[{"href":"https:\/\/www2.unifap.br\/derca\/wp-json\/wp\/v2\/pages\/722","targetHints":{"allow":["GET"]}}],"collection":[{"href":"https:\/\/www2.unifap.br\/derca\/wp-json\/wp\/v2\/pages"}],"about":[{"href":"https:\/\/www2.unifap.br\/derca\/wp-json\/wp\/v2\/types\/page"}],"author":[{"embeddable":true,"href":"https:\/\/www2.unifap.br\/derca\/wp-json\/wp\/v2\/users\/425"}],"replies":[{"embeddable":true,"href":"https:\/\/www2.unifap.br\/derca\/wp-json\/wp\/v2\/comments?post=722"}],"version-history":[{"count":180,"href":"https:\/\/www2.unifap.br\/derca\/wp-json\/wp\/v2\/pages\/722\/revisions"}],"predecessor-version":[{"id":1495,"href":"https:\/\/www2.unifap.br\/derca\/wp-json\/wp\/v2\/pages\/722\/revisions\/1495"}],"up":[{"embeddable":true,"href":"https:\/\/www2.unifap.br\/derca\/wp-json\/wp\/v2\/pages\/718"}],"wp:attachment":[{"href":"https:\/\/www2.unifap.br\/derca\/wp-json\/wp\/v2\/media?parent=722"}],"curies":[{"name":"wp","href":"https:\/\/api.w.org\/{rel}","templated":true}]}}